{"id":12,"date":"2024-12-08T16:11:28","date_gmt":"2024-12-08T16:11:28","guid":{"rendered":"https:\/\/hexchemicals.com\/?page_id=12"},"modified":"2024-12-08T16:19:05","modified_gmt":"2024-12-08T16:19:05","slug":"vilkar-for-brug","status":"publish","type":"page","link":"https:\/\/hexchemicals.com\/da\/vilkar-for-brug\/","title":{"rendered":"Vilk\u00e5r for brug"},"content":{"rendered":"<div id=\"ez-toc-container\" class=\"ez-toc-v2_0_82_2 counter-hierarchy ez-toc-counter ez-toc-grey ez-toc-container-direction\">\n<div class=\"ez-toc-title-container\">\n<p class=\"ez-toc-title\" style=\"cursor:inherit\">Indholdsfortegnelse<\/p>\n<span class=\"ez-toc-title-toggle\"><a href=\"#\" class=\"ez-toc-pull-right ez-toc-btn ez-toc-btn-xs ez-toc-btn-default ez-toc-toggle\" aria-label=\"Skift til indholdsfortegnelse\"><span class=\"ez-toc-js-icon-con\"><span class=\"\"><span class=\"eztoc-hide\" style=\"display:none;\">Toggle<\/span><span class=\"ez-toc-icon-toggle-span\"><svg style=\"fill: #333333;color:#333333\" xmlns=\"http:\/\/www.w3.org\/2000\/svg\" class=\"list-377408\" width=\"20px\" height=\"20px\" viewbox=\"0 0 24 24\" fill=\"none\"><path d=\"M6 6H4v2h2V6zm14 0H8v2h12V6zM4 11h2v2H4v-2zm16 0H8v2h12v-2zM4 16h2v2H4v-2zm16 0H8v2h12v-2z\" fill=\"currentColor\"><\/path><\/svg><svg style=\"fill: #333333;color:#333333\" class=\"arrow-unsorted-368013\" xmlns=\"http:\/\/www.w3.org\/2000\/svg\" width=\"10px\" height=\"10px\" viewbox=\"0 0 24 24\" version=\"1.2\" baseprofile=\"tiny\"><path d=\"M18.2 9.3l-6.2-6.3-6.2 6.3c-.2.2-.3.4-.3.7s.1.5.3.7c.2.2.4.3.7.3h11c.3 0 .5-.1.7-.3.2-.2.3-.5.3-.7s-.1-.5-.3-.7zM5.8 14.7l6.2 6.3 6.2-6.3c.2-.2.3-.5.3-.7s-.1-.5-.3-.7c-.2-.2-.4-.3-.7-.3h-11c-.3 0-.5.1-.7.3-.2.2-.3.5-.3.7s.1.5.3.7z\"\/><\/svg><\/span><\/span><\/span><\/a><\/span><\/div>\n<nav><ul class='ez-toc-list ez-toc-list-level-1' ><li class='ez-toc-page-1 ez-toc-heading-level-3'><a class=\"ez-toc-link ez-toc-heading-1\" href=\"https:\/\/hexchemicals.com\/da\/vilkar-for-brug\/#Terms_of_Use\" >Vilk\u00e5r for brug<\/a><\/li><li class='ez-toc-page-1 ez-toc-heading-level-3'><a class=\"ez-toc-link ez-toc-heading-2\" href=\"https:\/\/hexchemicals.com\/da\/vilkar-for-brug\/#1_General_Terms\" >1. Generelle vilk\u00e5r<\/a><\/li><li class='ez-toc-page-1 ez-toc-heading-level-3'><a class=\"ez-toc-link ez-toc-heading-3\" href=\"https:\/\/hexchemicals.com\/da\/vilkar-for-brug\/#2_Ordering_and_Payment\" >2. Bestilling og betaling<\/a><\/li><li class='ez-toc-page-1 ez-toc-heading-level-3'><a class=\"ez-toc-link ez-toc-heading-4\" href=\"https:\/\/hexchemicals.com\/da\/vilkar-for-brug\/#3_Shipping_and_Delivery\" >3. Forsendelse og levering<\/a><\/li><li class='ez-toc-page-1 ez-toc-heading-level-3'><a class=\"ez-toc-link ez-toc-heading-5\" href=\"https:\/\/hexchemicals.com\/da\/vilkar-for-brug\/#4_Use_of_Website\" >4. Brug af hjemmeside<\/a><\/li><li class='ez-toc-page-1 ez-toc-heading-level-3'><a class=\"ez-toc-link ez-toc-heading-6\" href=\"https:\/\/hexchemicals.com\/da\/vilkar-for-brug\/#5_Limitation_of_Liability\" >5. Begr\u00e6nsning af ansvar<\/a><\/li><li class='ez-toc-page-1 ez-toc-heading-level-3'><a class=\"ez-toc-link ez-toc-heading-7\" href=\"https:\/\/hexchemicals.com\/da\/vilkar-for-brug\/#6_Returns_and_Refunds\" >6. Returneringer og tilbagebetalinger<\/a><\/li><li class='ez-toc-page-1 ez-toc-heading-level-3'><a class=\"ez-toc-link ez-toc-heading-8\" href=\"https:\/\/hexchemicals.com\/da\/vilkar-for-brug\/#7_Intellectual_Property\" >7. Intellektuel ejendom<\/a><\/li><li class='ez-toc-page-1 ez-toc-heading-level-3'><a class=\"ez-toc-link ez-toc-heading-9\" href=\"https:\/\/hexchemicals.com\/da\/vilkar-for-brug\/#8_Privacy_Policy\" >8. Politik for beskyttelse af personlige oplysninger<\/a><\/li><li class='ez-toc-page-1 ez-toc-heading-level-3'><a class=\"ez-toc-link ez-toc-heading-10\" href=\"https:\/\/hexchemicals.com\/da\/vilkar-for-brug\/#9_Modifications_to_Terms\" >9. \u00c6ndringer af vilk\u00e5r<\/a><\/li><li class='ez-toc-page-1 ez-toc-heading-level-3'><a class=\"ez-toc-link ez-toc-heading-11\" href=\"https:\/\/hexchemicals.com\/da\/vilkar-for-brug\/#10_Governing_Law\" >10. G\u00e6ldende lov<\/a><\/li><li class='ez-toc-page-1 ez-toc-heading-level-3'><a class=\"ez-toc-link ez-toc-heading-12\" href=\"https:\/\/hexchemicals.com\/da\/vilkar-for-brug\/#Contact_Us\" >Kontakt os<\/a><\/li><\/ul><\/nav><\/div>\n<h3><span class=\"ez-toc-section\" id=\"Terms_of_Use\"><\/span>Vilk\u00e5r for brug<span class=\"ez-toc-section-end\"><\/span><\/h3>\n<p>Velkommen til <a href=\"https:\/\/hexchemicals.com\/da\/\">Hexkemikalier<\/a>. Ved at f\u00e5 adgang til eller bruge vores websted og tjenester accepterer du at overholde og v\u00e6re bundet af f\u00f8lgende brugsbetingelser. L\u00e6s venligst disse vilk\u00e5r omhyggeligt. Hvis du ikke er enig i nogen del af disse vilk\u00e5r, b\u00f8r du afst\u00e5 fra at bruge vores websted eller tjenester.<\/p>\n<h3><span class=\"ez-toc-section\" id=\"1_General_Terms\"><\/span>1. Generelle vilk\u00e5r<span class=\"ez-toc-section-end\"><\/span><\/h3>\n<p>1.1. Berettigelse: Ved at bruge dette websted bekr\u00e6fter du, at du er mindst 18 \u00e5r gammel og juridisk i stand til at indg\u00e5 bindende aftaler.<br \/>1.2. Brug af produkter: Alle produkter, der tilbydes af Hexchemicals, er kun beregnet til lovlige industrielle, forskningsm\u00e6ssige eller videnskabelige form\u00e5l. Kunderne er ansvarlige for at sikre overholdelse af lokale love og bestemmelser vedr\u00f8rende brug og besiddelse af disse produkter.<\/p>\n<h3><span class=\"ez-toc-section\" id=\"2_Ordering_and_Payment\"><\/span>2. Bestilling og betaling<span class=\"ez-toc-section-end\"><\/span><\/h3>\n<p>2.1. Accept af ordre: Afgivelse af en ordre p\u00e5 vores hjemmeside udg\u00f8r et tilbud om k\u00f8b. Hexchemicals forbeholder sig ret til at acceptere eller afvise enhver ordre efter eget sk\u00f8n.<br \/>2.2. Betalingsbetingelser: Betalinger skal foretages via de sikre metoder, der findes p\u00e5 vores hjemmeside. Ordrer vil ikke blive behandlet, f\u00f8r betalingen er modtaget og verificeret.<br \/>2.3. Priss\u00e6tning: Alle priser er angivet i den g\u00e6ldende valuta og kan \u00e6ndres uden varsel. Skatter, afgifter og forsendelsesomkostninger vil blive tilf\u00f8jet ved kassen, hvor det er relevant.<\/p>\n<h3><span class=\"ez-toc-section\" id=\"3_Shipping_and_Delivery\"><\/span>3. Forsendelse og levering<span class=\"ez-toc-section-end\"><\/span><\/h3>\n<p>3.1. Betjente regioner: Hexchemicals leverer til USA, Canada, Europa og Australien. Leveringstiden kan variere afh\u00e6ngigt af destinationen.<br \/>3.2. Diskret forsendelse: Vi bruger sikker, diskret emballage for at beskytte dit privatliv.<br \/>3.3. Risiko for tab: N\u00e5r ordren er afsendt, er Hexchemicals ikke ansvarlig for forsinkelser eller tab for\u00e5rsaget af told, transport\u00f8rer eller uforudsete omst\u00e6ndigheder.<\/p>\n<h3><span class=\"ez-toc-section\" id=\"4_Use_of_Website\"><\/span>4. Brug af hjemmeside<span class=\"ez-toc-section-end\"><\/span><\/h3>\n<p>4.1. N\u00f8jagtighed af oplysninger: Hexchemicals bestr\u00e6ber sig p\u00e5 at sikre, at alle oplysninger p\u00e5 vores hjemmeside er n\u00f8jagtige og opdaterede. Vi garanterer dog ikke fuldst\u00e6ndigheden, p\u00e5lideligheden eller n\u00f8jagtigheden af nogen oplysninger.<br \/>4.2. Forbudte aktiviteter: Du accepterer ikke at:<\/p>\n<ul>\n<li>Bruge hjemmesiden til noget ulovligt form\u00e5l.<\/li>\n<li>Forstyrre driften af webstedet eller dets tilknyttede systemer.<\/li>\n<li>F\u00e5 adgang til hjemmesiden til konkurrenceform\u00e5l eller dataskrabning.<\/li>\n<\/ul>\n<h3><span class=\"ez-toc-section\" id=\"5_Limitation_of_Liability\"><\/span>5. Begr\u00e6nsning af ansvar<span class=\"ez-toc-section-end\"><\/span><\/h3>\n<p>Hexchemicals er ikke ansvarlig for direkte, indirekte, tilf\u00e6ldige eller f\u00f8lgeskader, der opst\u00e5r som f\u00f8lge af brugen af vores produkter eller hjemmeside. Kunderne er ansvarlige for at sikre overholdelse af g\u00e6ldende love og regler i deres jurisdiktion.<\/p>\n<h3><span class=\"ez-toc-section\" id=\"6_Returns_and_Refunds\"><\/span>6. Returneringer og tilbagebetalinger<span class=\"ez-toc-section-end\"><\/span><\/h3>\n<p>6.1. Politik for returnering: P\u00e5 grund af vores produkters beskaffenhed accepteres returnering kun under s\u00e6rlige omst\u00e6ndigheder, f.eks. hvis vi modtager en defekt eller forkert vare.<br \/>6.2. Proces for tilbagebetaling: Godkendte tilbagebetalinger vil blive behandlet inden for 14 arbejdsdage efter, at den returnerede vare er modtaget og inspiceret.<\/p>\n<h3><span class=\"ez-toc-section\" id=\"7_Intellectual_Property\"><\/span>7. Intellektuel ejendom<span class=\"ez-toc-section-end\"><\/span><\/h3>\n<p>Alt indhold p\u00e5 dette websted, herunder logoer, tekst, billeder og grafik, tilh\u00f8rer Hexchemicals eller dets licensgivere. Uautoriseret brug, reproduktion eller distribution er strengt forbudt.<\/p>\n<h3><span class=\"ez-toc-section\" id=\"8_Privacy_Policy\"><\/span>8. Politik for beskyttelse af personlige oplysninger<span class=\"ez-toc-section-end\"><\/span><\/h3>\n<p>Din brug af vores hjemmeside er ogs\u00e5 underlagt vores <a href=\"https:\/\/hexchemicals.com\/da\/privatlivspolitik\/\">Politik for beskyttelse af personlige oplysninger<\/a>som beskriver, hvordan vi indsamler, bruger og beskytter dine personlige oplysninger.<\/p>\n<h3><span class=\"ez-toc-section\" id=\"9_Modifications_to_Terms\"><\/span>9. \u00c6ndringer af vilk\u00e5r<span class=\"ez-toc-section-end\"><\/span><\/h3>\n<p>Hexchemicals forbeholder sig ret til at \u00e6ndre disse vilk\u00e5r for brug til enhver tid. \u00c6ndringer vil tr\u00e6de i kraft umiddelbart efter offentligg\u00f8relse p\u00e5 hjemmesiden. Fortsat brug af hjemmesiden udg\u00f8r accept af de opdaterede vilk\u00e5r.<\/p>\n<h3><span class=\"ez-toc-section\" id=\"10_Governing_Law\"><\/span>10. G\u00e6ldende lov<span class=\"ez-toc-section-end\"><\/span><\/h3>\n<p>Disse vilk\u00e5r er underlagt og fortolkes i overensstemmelse med lovgivningen i den jurisdiktion, hvor Hexchemicals opererer. Eventuelle tvister skal udelukkende l\u00f8ses ved domstolene i denne jurisdiktion.<\/p>\n<h3><span class=\"ez-toc-section\" id=\"Contact_Us\"><\/span>Kontakt os<span class=\"ez-toc-section-end\"><\/span><\/h3>\n<p>Hvis du har sp\u00f8rgsm\u00e5l eller bekymringer vedr\u00f8rende disse brugsbetingelser, bedes du kontakte Hexchemicals via e-mail p\u00e5 hexchemicals@zohomail.com eller via vores websides <a href=\"https:\/\/hexchemicals.com\/da\/kontakt-os\/\">kontaktformular<\/a>.<\/p>\n<p>Ikrafttr\u00e6delsesdato: 08\/12\/2024<\/p>","protected":false},"excerpt":{"rendered":"<p>Vilk\u00e5r for brug Velkommen til Hexchemicals. Ved at f\u00e5 adgang til eller bruge vores websted og tjenester accepterer du at overholde og<\/p>","protected":false},"author":3,"featured_media":0,"parent":0,"menu_order":0,"comment_status":"closed","ping_status":"closed","template":"","meta":{"footnotes":""},"class_list":["post-12","page","type-page","status-publish","hentry"],"yoast_head":"<!-- This site is optimized with the Yoast SEO plugin v27.3 - https:\/\/yoast.com\/product\/yoast-seo-wordpress\/ -->\n<title>Terms of Use - Hexchemicals<\/title>\n<meta name=\"robots\" content=\"index, follow, max-snippet:-1, max-image-preview:large, max-video-preview:-1\" \/>\n<link rel=\"canonical\" href=\"https:\/\/hexchemicals.com\/da\/vilkar-for-brug\/\" \/>\n<meta property=\"og:locale\" content=\"da_DK\" \/>\n<meta property=\"og:type\" content=\"article\" \/>\n<meta property=\"og:title\" content=\"Terms of Use - Hexchemicals\" \/>\n<meta property=\"og:description\" content=\"Terms of Use Welcome to Hexchemicals. By accessing or using our website and services, you agree to comply with and\" \/>\n<meta property=\"og:url\" content=\"https:\/\/hexchemicals.com\/da\/vilkar-for-brug\/\" \/>\n<meta property=\"og:site_name\" content=\"Hexchemicals\" \/>\n<meta property=\"article:modified_time\" content=\"2024-12-08T16:19:05+00:00\" \/>\n<meta name=\"twitter:card\" content=\"summary_large_image\" \/>\n<meta name=\"twitter:label1\" content=\"Estimeret l\u00e6setid\" \/>\n\t<meta name=\"twitter:data1\" content=\"3 minutter\" \/>\n<script type=\"application\/ld+json\" class=\"yoast-schema-graph\">{\"@context\":\"https:\\\/\\\/schema.org\",\"@graph\":[{\"@type\":\"WebPage\",\"@id\":\"https:\\\/\\\/hexchemicals.com\\\/terms-of-use\\\/\",\"url\":\"https:\\\/\\\/hexchemicals.com\\\/terms-of-use\\\/\",\"name\":\"Terms of Use - Hexchemicals\",\"isPartOf\":{\"@id\":\"https:\\\/\\\/hexchemicals.com\\\/#website\"},\"datePublished\":\"2024-12-08T16:11:28+00:00\",\"dateModified\":\"2024-12-08T16:19:05+00:00\",\"breadcrumb\":{\"@id\":\"https:\\\/\\\/hexchemicals.com\\\/terms-of-use\\\/#breadcrumb\"},\"inLanguage\":\"da-DK\",\"potentialAction\":[{\"@type\":\"ReadAction\",\"target\":[\"https:\\\/\\\/hexchemicals.com\\\/terms-of-use\\\/\"]}]},{\"@type\":\"BreadcrumbList\",\"@id\":\"https:\\\/\\\/hexchemicals.com\\\/terms-of-use\\\/#breadcrumb\",\"itemListElement\":[{\"@type\":\"ListItem\",\"position\":1,\"name\":\"Home\",\"item\":\"https:\\\/\\\/hexchemicals.com\\\/\"},{\"@type\":\"ListItem\",\"position\":2,\"name\":\"Terms of Use\"}]},{\"@type\":\"WebSite\",\"@id\":\"https:\\\/\\\/hexchemicals.com\\\/#website\",\"url\":\"https:\\\/\\\/hexchemicals.com\\\/\",\"name\":\"Hexchemicals\",\"description\":\"Buy GBL, GHB, Amphetamine and Ketamine\",\"potentialAction\":[{\"@type\":\"SearchAction\",\"target\":{\"@type\":\"EntryPoint\",\"urlTemplate\":\"https:\\\/\\\/hexchemicals.com\\\/?s={search_term_string}\"},\"query-input\":{\"@type\":\"PropertyValueSpecification\",\"valueRequired\":true,\"valueName\":\"search_term_string\"}}],\"inLanguage\":\"da-DK\"}]}<\/script>\n<!-- \/ Yoast SEO plugin. -->","yoast_head_json":{"title":"Vilk\u00e5r for brug - Hexchemicals","robots":{"index":"index","follow":"follow","max-snippet":"max-snippet:-1","max-image-preview":"max-image-preview:large","max-video-preview":"max-video-preview:-1"},"canonical":"https:\/\/hexchemicals.com\/da\/vilkar-for-brug\/","og_locale":"da_DK","og_type":"article","og_title":"Terms of Use - Hexchemicals","og_description":"Terms of Use Welcome to Hexchemicals. By accessing or using our website and services, you agree to comply with and","og_url":"https:\/\/hexchemicals.com\/da\/vilkar-for-brug\/","og_site_name":"Hexchemicals","article_modified_time":"2024-12-08T16:19:05+00:00","twitter_card":"summary_large_image","twitter_misc":{"Estimeret l\u00e6setid":"3 minutter"},"schema":{"@context":"https:\/\/schema.org","@graph":[{"@type":"WebPage","@id":"https:\/\/hexchemicals.com\/terms-of-use\/","url":"https:\/\/hexchemicals.com\/terms-of-use\/","name":"Vilk\u00e5r for brug - Hexchemicals","isPartOf":{"@id":"https:\/\/hexchemicals.com\/#website"},"datePublished":"2024-12-08T16:11:28+00:00","dateModified":"2024-12-08T16:19:05+00:00","breadcrumb":{"@id":"https:\/\/hexchemicals.com\/terms-of-use\/#breadcrumb"},"inLanguage":"da-DK","potentialAction":[{"@type":"ReadAction","target":["https:\/\/hexchemicals.com\/terms-of-use\/"]}]},{"@type":"BreadcrumbList","@id":"https:\/\/hexchemicals.com\/terms-of-use\/#breadcrumb","itemListElement":[{"@type":"ListItem","position":1,"name":"Home","item":"https:\/\/hexchemicals.com\/"},{"@type":"ListItem","position":2,"name":"Terms of Use"}]},{"@type":"WebSite","@id":"https:\/\/hexchemicals.com\/#website","url":"https:\/\/hexchemicals.com\/","name":"Hexkemikalier","description":"K\u00f8b GBL, GHB, amfetamin og ketamin","potentialAction":[{"@type":"SearchAction","target":{"@type":"EntryPoint","urlTemplate":"https:\/\/hexchemicals.com\/?s={search_term_string}"},"query-input":{"@type":"PropertyValueSpecification","valueRequired":true,"valueName":"search_term_string"}}],"inLanguage":"da-DK"}]}},"_links":{"self":[{"href":"https:\/\/hexchemicals.com\/da\/wp-json\/wp\/v2\/pages\/12","targetHints":{"allow":["GET"]}}],"collection":[{"href":"https:\/\/hexchemicals.com\/da\/wp-json\/wp\/v2\/pages"}],"about":[{"href":"https:\/\/hexchemicals.com\/da\/wp-json\/wp\/v2\/types\/page"}],"author":[{"embeddable":true,"href":"https:\/\/hexchemicals.com\/da\/wp-json\/wp\/v2\/users\/3"}],"replies":[{"embeddable":true,"href":"https:\/\/hexchemicals.com\/da\/wp-json\/wp\/v2\/comments?post=12"}],"version-history":[{"count":2,"href":"https:\/\/hexchemicals.com\/da\/wp-json\/wp\/v2\/pages\/12\/revisions"}],"predecessor-version":[{"id":9488,"href":"https:\/\/hexchemicals.com\/da\/wp-json\/wp\/v2\/pages\/12\/revisions\/9488"}],"wp:attachment":[{"href":"https:\/\/hexchemicals.com\/da\/wp-json\/wp\/v2\/media?parent=12"}],"curies":[{"name":"wp","href":"https:\/\/api.w.org\/{rel}","templated":true}]}}