{"id":9543,"date":"2024-12-09T06:07:24","date_gmt":"2024-12-09T06:07:24","guid":{"rendered":"https:\/\/hexchemicals.com\/?post_type=product&#038;p=9543"},"modified":"2025-11-27T01:29:41","modified_gmt":"2025-11-27T01:29:41","slug":"kob-ketaminpiller-online","status":"publish","type":"product","link":"https:\/\/hexchemicals.com\/da\/product\/kob-ketaminpiller-online\/","title":{"rendered":"500 mg ketamin-piller"},"content":{"rendered":"<div id=\"ez-toc-container\" class=\"ez-toc-v2_0_82_2 counter-hierarchy ez-toc-counter ez-toc-grey ez-toc-container-direction\">\n<div class=\"ez-toc-title-container\">\n<p class=\"ez-toc-title\" style=\"cursor:inherit\">Indholdsfortegnelse<\/p>\n<span class=\"ez-toc-title-toggle\"><a href=\"#\" class=\"ez-toc-pull-right ez-toc-btn ez-toc-btn-xs ez-toc-btn-default ez-toc-toggle\" aria-label=\"Skift til indholdsfortegnelse\"><span class=\"ez-toc-js-icon-con\"><span class=\"\"><span class=\"eztoc-hide\" style=\"display:none;\">Toggle<\/span><span class=\"ez-toc-icon-toggle-span\"><svg style=\"fill: #333333;color:#333333\" xmlns=\"http:\/\/www.w3.org\/2000\/svg\" class=\"list-377408\" width=\"20px\" height=\"20px\" viewbox=\"0 0 24 24\" fill=\"none\"><path d=\"M6 6H4v2h2V6zm14 0H8v2h12V6zM4 11h2v2H4v-2zm16 0H8v2h12v-2zM4 16h2v2H4v-2zm16 0H8v2h12v-2z\" fill=\"currentColor\"><\/path><\/svg><svg style=\"fill: #333333;color:#333333\" class=\"arrow-unsorted-368013\" xmlns=\"http:\/\/www.w3.org\/2000\/svg\" width=\"10px\" height=\"10px\" viewbox=\"0 0 24 24\" version=\"1.2\" baseprofile=\"tiny\"><path d=\"M18.2 9.3l-6.2-6.3-6.2 6.3c-.2.2-.3.4-.3.7s.1.5.3.7c.2.2.4.3.7.3h11c.3 0 .5-.1.7-.3.2-.2.3-.5.3-.7s-.1-.5-.3-.7zM5.8 14.7l6.2 6.3 6.2-6.3c.2-.2.3-.5.3-.7s-.1-.5-.3-.7c-.2-.2-.4-.3-.7-.3h-11c-.3 0-.5.1-.7.3-.2.2-.3.5-.3.7s.1.5.3.7z\"\/><\/svg><\/span><\/span><\/span><\/a><\/span><\/div>\n<nav><ul class='ez-toc-list ez-toc-list-level-1' ><li class='ez-toc-page-1 ez-toc-heading-level-1'><a class=\"ez-toc-link ez-toc-heading-1\" href=\"https:\/\/hexchemicals.com\/da\/product\/kob-ketaminpiller-online\/#Rediscover_Life_with_Ketamine_The_Solution_Youve_Been_Searching_For\" >Genopdag livet med ketamin: Den l\u00f8sning, du har ledt efter<\/a><ul class='ez-toc-list-level-4' ><li class='ez-toc-heading-level-4'><ul class='ez-toc-list-level-4' ><li class='ez-toc-heading-level-4'><ul class='ez-toc-list-level-4' ><li class='ez-toc-heading-level-4'><a class=\"ez-toc-link ez-toc-heading-2\" href=\"https:\/\/hexchemicals.com\/da\/product\/kob-ketaminpiller-online\/#Benefits_of_Ketamine_Pills\" >Fordele ved ketaminpiller<\/a><\/li><\/ul><\/li><li class='ez-toc-page-1 ez-toc-heading-level-3'><a class=\"ez-toc-link ez-toc-heading-3\" href=\"https:\/\/hexchemicals.com\/da\/product\/kob-ketaminpiller-online\/#Why_Choose_Ketamine_Pills\" >Hvorfor v\u00e6lge ketaminpiller?<\/a><ul class='ez-toc-list-level-4' ><li class='ez-toc-heading-level-4'><a class=\"ez-toc-link ez-toc-heading-4\" href=\"https:\/\/hexchemicals.com\/da\/product\/kob-ketaminpiller-online\/#Common_Customer_Pain_Points_%E2%80%93_Solved\" >Almindelige kundeproblemer - l\u00f8st<\/a><\/li><\/ul><\/li><li class='ez-toc-page-1 ez-toc-heading-level-3'><a class=\"ez-toc-link ez-toc-heading-5\" href=\"https:\/\/hexchemicals.com\/da\/product\/kob-ketaminpiller-online\/#How_Ketamine_Pills_Work_A_Closer_Look\" >Hvordan ketaminpiller virker: Et n\u00e6rmere kig<\/a><\/li><li class='ez-toc-page-1 ez-toc-heading-level-3'><a class=\"ez-toc-link ez-toc-heading-6\" href=\"https:\/\/hexchemicals.com\/da\/product\/kob-ketaminpiller-online\/#How_to_Order_Ketamine_Pills_Online\" >S\u00e5dan bestiller du ketaminpiller online<\/a><\/li><li class='ez-toc-page-1 ez-toc-heading-level-3'><a class=\"ez-toc-link ez-toc-heading-7\" href=\"https:\/\/hexchemicals.com\/da\/product\/kob-ketaminpiller-online\/#FAQs_About_Buying_Ketamine_Pills_Online\" >Ofte stillede sp\u00f8rgsm\u00e5l om at k\u00f8be ketaminpiller online<\/a><\/li><li class='ez-toc-page-1 ez-toc-heading-level-3'><a class=\"ez-toc-link ez-toc-heading-8\" href=\"https:\/\/hexchemicals.com\/da\/product\/kob-ketaminpiller-online\/#Call_to_Action\" >Opfordring til handling<\/a><\/li><\/ul><\/li><\/ul><\/li><\/ul><\/nav><\/div>\n<h1><span class=\"ez-toc-section\" id=\"Rediscover_Life_with_Ketamine_The_Solution_Youve_Been_Searching_For\"><\/span><strong>Genopdag livet med ketamin: Den l\u00f8sning, du har ledt efter<\/strong><span class=\"ez-toc-section-end\"><\/span><\/h1>\n<p><span style=\"font-weight: 400;\">K\u00f8b ketamin 500 mg piller online <\/span>At leve med tilstande som neuropatiske smerter, komplekst regionalt smertesyndrom (CRPS), behandlingsresistent depression (TRD), posttraumatisk stresslidelse (<a href=\"https:\/\/www.mayoclinic.org\/diseases-conditions\/post-traumatic-stress-disorder\/symptoms-causes\/syc-20355967#:~:text=Post%2Dtraumatic%20stress%20disorder%20(PTSD)%20is%20a%20mental%20health,uncontrollable%20thoughts%20about%20the%20event.\">PTSD<\/a>) eller bipolar lidelse kan f\u00f8les som en kamp op ad bakke. Konventionelle behandlinger giver ofte ikke lindring, s\u00e5 man f\u00f8ler sig fastl\u00e5st og h\u00e5bl\u00f8s. Hvis du leder efter en transformerende l\u00f8sning, tilbyder ketaminpiller et fyrt\u00e5rn af h\u00e5b.<\/p>\n<p><strong>Hvad er ketamin, og hvorfor er det s\u00e5 effektivt?<\/strong><br \/>\nKetamin blev oprindeligt udviklet som et bed\u00f8velsesmiddel, men har vist sig at v\u00e6re en banebrydende behandling for personer med alvorlige psykiske lidelser og kroniske smerter. Det virker ved at modulere glutamat, en vigtig neurotransmitter, for at reparere beskadigede neurale forbindelser og reducere smerte. Denne dobbelte virkning lindrer ikke kun fysisk ubehag, men fremmer ogs\u00e5 f\u00f8lelsesm\u00e6ssigt velbefindende.<\/p>\n<h4><span class=\"ez-toc-section\" id=\"Benefits_of_Ketamine_Pills\"><\/span><strong>Fordele ved ketaminpiller<\/strong><span class=\"ez-toc-section-end\"><\/span><\/h4>\n<ol>\n<li><strong>Hurtigtvirkende lindring<\/strong>: Mange brugere rapporterer om betydelige forbedringer inden for f\u00e5 timer efter deres f\u00f8rste dosis.<\/li>\n<li><strong>Langvarige effekter<\/strong>: I mods\u00e6tning til traditionel medicin kan fordelene ved ketamin vare i flere uger efter indtagelse.<\/li>\n<li><strong>Alsidighed<\/strong>: Effektiv ved en r\u00e6kke tilstande, fra kroniske smerter til hum\u00f8rsvingninger.<\/li>\n<li><strong>Ikke-vanedannende<\/strong>: N\u00e5r det tages som foreskrevet, udg\u00f8r ketamin ikke nogen risiko for afh\u00e6ngighed.<\/li>\n<\/ol>\n<h3><span class=\"ez-toc-section\" id=\"Why_Choose_Ketamine_Pills\"><\/span><strong>Hvorfor v\u00e6lge ketaminpiller?<\/strong><span class=\"ez-toc-section-end\"><\/span><\/h3>\n<p>For personer, der k\u00e6mper med intraven\u00f8s behandling eller s\u00f8ger en mere bekvem l\u00f8sning, er ketaminpiller et fremragende alternativ. Hver dosis er omhyggeligt formuleret for at sikre maksimal biotilg\u00e6ngelighed, s\u00e5 du kan h\u00e5ndtere symptomer diskret og effektivt.<\/p>\n<h4><span class=\"ez-toc-section\" id=\"Common_Customer_Pain_Points_%E2%80%93_Solved\"><\/span><strong>Almindelige kundeproblemer - l\u00f8st<\/strong><span class=\"ez-toc-section-end\"><\/span><\/h4>\n<ul>\n<li><strong>Frustration over ineffektive behandlinger<\/strong>: Traditionelle antidepressiva og smertestillende midler kommer ofte til kort ved tilstande som TRD og CRPS. Ketamin virker anderledes og retter sig mod de grundl\u00e6ggende \u00e5rsager til smerte og depression.<\/li>\n<li><strong>Bekymringer om bivirkninger<\/strong>: I mods\u00e6tning til opioider er ketamin ikke sl\u00f8vende og tolereres generelt godt, n\u00e5r det bruges ansvarligt.<\/li>\n<li><strong>Bekvemmelighed<\/strong>: Intet behov for hyppige hospitalsbes\u00f8g - du skal blot tage en pille i dit eget hjem.<\/li>\n<\/ul>\n<h3><span class=\"ez-toc-section\" id=\"How_Ketamine_Pills_Work_A_Closer_Look\"><\/span><strong>Hvordan ketaminpiller virker: Et n\u00e6rmere kig<\/strong><span class=\"ez-toc-section-end\"><\/span><\/h3>\n<ul>\n<li><strong>Lindring af smerter<\/strong>: Ketamin blokerer NMDA-receptorer i hjernen, forstyrrer smertesignaler og reducerer kronisk ubehag.<\/li>\n<li><strong>Forbedring af hum\u00f8ret<\/strong>: Ved at fremme neural regenerering hj\u00e6lper ketamin med at genoprette f\u00f8lelsesm\u00e6ssig balance og forbedre mental klarhed.<\/li>\n<li><strong>Reduktion af PTSD-symptomer<\/strong>: Brugerne rapporterer om f\u00e6rre flashbacks og p\u00e5tr\u00e6ngende tanker, hvilket giver dem mulighed for at genvinde kontrollen over deres liv.<\/li>\n<\/ul>\n<h3><span class=\"ez-toc-section\" id=\"How_to_Order_Ketamine_Pills_Online\"><\/span><strong>S\u00e5dan bestiller du ketaminpiller online<\/strong><span class=\"ez-toc-section-end\"><\/span><\/h3>\n<p>Det er nemt at komme i gang:<\/p>\n<ol>\n<li><strong>Gennemse vores udvalg<\/strong>: Udforsk vores ketaminpiller af h\u00f8j kvalitet til salg, herunder 500 mg-muligheder, der er skr\u00e6ddersyet til dine behov.<\/li>\n<li><strong>Sikker checkout<\/strong>: Vores hjemmeside er designet til en problemfri og sikker bestillingsoplevelse.<\/li>\n<li><strong>Diskret forsendelse<\/strong>: Din ordre leveres hurtigt og diskret til dit d\u00f8rtrin.<\/li>\n<\/ol>\n<h3><span class=\"ez-toc-section\" id=\"FAQs_About_Buying_Ketamine_Pills_Online\"><\/span><strong>Ofte stillede sp\u00f8rgsm\u00e5l om at k\u00f8be ketaminpiller online<\/strong><span class=\"ez-toc-section-end\"><\/span><\/h3>\n<p><strong>1. Er det sikkert at k\u00f8be ketaminpiller online?<\/strong><br \/>\nHelt sikkert! Vi sikrer, at alle produkter lever op til strenge kvalitetsstandarder og tilbyder sikre betalingsmuligheder.<\/p>\n<p><strong>2. Hvordan ved jeg, at ketamin er det rigtige for mig?<\/strong><br \/>\nR\u00e5df\u00f8r dig med din sundhedsudbyder for at diskutere, om ketamin er passende til din specifikke tilstand.<\/p>\n<p><strong>3. Er der bivirkninger?<\/strong><br \/>\nSelvom det er sj\u00e6ldent, kan nogle brugere opleve mild svimmelhed eller kvalme. Disse virkninger aftager typisk hurtigt.<\/p>\n<h3><span class=\"ez-toc-section\" id=\"Call_to_Action\"><\/span><strong>Opfordring til handling<\/strong><span class=\"ez-toc-section-end\"><\/span><\/h3>\n<p>Lad ikke smerter eller psykiske udfordringer diktere dit liv. K\u00f8b ketaminpiller online i dag, og tag det f\u00f8rste skridt mod varig lindring og fornyet h\u00e5b.<\/p>","protected":false},"excerpt":{"rendered":"<p><span style=\"font-weight: 400;\">K\u00f8b ketamin 500 mg piller online<\/span><\/p>","protected":false},"featured_media":9537,"comment_status":"open","ping_status":"closed","template":"","meta":[],"product_brand":[],"product_cat":[72],"product_tag":[],"class_list":{"0":"post-9543","1":"product","2":"type-product","3":"status-publish","4":"has-post-thumbnail","6":"product_cat-ketamine","8":"first","9":"instock","10":"shipping-taxable","11":"purchasable","12":"product-type-variable"},"yoast_head":"<!-- This site is optimized with the Yoast SEO plugin v27.3 - https:\/\/yoast.com\/product\/yoast-seo-wordpress\/ -->\n<title>Buy ketamine pills online - Hexchemicals<\/title>\n<meta name=\"description\" content=\"Discover relief from chronic pain, depression, and PTSD with Ketamine pills. Buy Ketamine 500mg pills online today for transformative treatment solutions.\" \/>\n<meta name=\"robots\" content=\"index, follow, max-snippet:-1, max-image-preview:large, max-video-preview:-1\" \/>\n<link rel=\"canonical\" href=\"https:\/\/hexchemicals.com\/da\/product\/kob-ketaminpiller-online\/\" \/>\n<meta property=\"og:locale\" content=\"da_DK\" \/>\n<meta property=\"og:type\" content=\"article\" \/>\n<meta property=\"og:title\" content=\"Buy ketamine pills online - Hexchemicals\" \/>\n<meta property=\"og:description\" content=\"Discover relief from chronic pain, depression, and PTSD with Ketamine pills. Buy Ketamine 500mg pills online today for transformative treatment solutions.\" \/>\n<meta property=\"og:url\" content=\"https:\/\/hexchemicals.com\/da\/product\/kob-ketaminpiller-online\/\" \/>\n<meta property=\"og:site_name\" content=\"Hexchemicals\" \/>\n<meta property=\"article:modified_time\" content=\"2025-11-27T01:29:41+00:00\" \/>\n<meta property=\"og:image\" content=\"https:\/\/hexchemicals.com\/wp-content\/uploads\/2024\/12\/buy-ketamine-powder-online.jpg\" \/>\n\t<meta property=\"og:image:width\" content=\"1200\" \/>\n\t<meta property=\"og:image:height\" content=\"1105\" \/>\n\t<meta property=\"og:image:type\" content=\"image\/jpeg\" \/>\n<meta name=\"twitter:card\" content=\"summary_large_image\" \/>\n<meta name=\"twitter:label1\" content=\"Estimeret l\u00e6setid\" \/>\n\t<meta name=\"twitter:data1\" content=\"3 minutter\" \/>\n<script type=\"application\/ld+json\" class=\"yoast-schema-graph\">{\"@context\":\"https:\\\/\\\/schema.org\",\"@graph\":[{\"@type\":\"WebPage\",\"@id\":\"https:\\\/\\\/hexchemicals.com\\\/product\\\/buy-ketamine-pills-online\\\/\",\"url\":\"https:\\\/\\\/hexchemicals.com\\\/product\\\/buy-ketamine-pills-online\\\/\",\"name\":\"Buy ketamine pills online - Hexchemicals\",\"isPartOf\":{\"@id\":\"https:\\\/\\\/hexchemicals.com\\\/#website\"},\"primaryImageOfPage\":{\"@id\":\"https:\\\/\\\/hexchemicals.com\\\/product\\\/buy-ketamine-pills-online\\\/#primaryimage\"},\"image\":{\"@id\":\"https:\\\/\\\/hexchemicals.com\\\/product\\\/buy-ketamine-pills-online\\\/#primaryimage\"},\"thumbnailUrl\":\"https:\\\/\\\/hexchemicals.com\\\/wp-content\\\/uploads\\\/2024\\\/12\\\/buy-ketamine-powder-online.jpg\",\"datePublished\":\"2024-12-09T06:07:24+00:00\",\"dateModified\":\"2025-11-27T01:29:41+00:00\",\"description\":\"Discover relief from chronic pain, depression, and PTSD with Ketamine pills. Buy Ketamine 500mg pills online today for transformative treatment solutions.\",\"breadcrumb\":{\"@id\":\"https:\\\/\\\/hexchemicals.com\\\/product\\\/buy-ketamine-pills-online\\\/#breadcrumb\"},\"inLanguage\":\"da-DK\",\"potentialAction\":[{\"@type\":\"ReadAction\",\"target\":[\"https:\\\/\\\/hexchemicals.com\\\/product\\\/buy-ketamine-pills-online\\\/\"]}]},{\"@type\":\"ImageObject\",\"inLanguage\":\"da-DK\",\"@id\":\"https:\\\/\\\/hexchemicals.com\\\/product\\\/buy-ketamine-pills-online\\\/#primaryimage\",\"url\":\"https:\\\/\\\/hexchemicals.com\\\/wp-content\\\/uploads\\\/2024\\\/12\\\/buy-ketamine-powder-online.jpg\",\"contentUrl\":\"https:\\\/\\\/hexchemicals.com\\\/wp-content\\\/uploads\\\/2024\\\/12\\\/buy-ketamine-powder-online.jpg\",\"width\":1200,\"height\":1105,\"caption\":\"Buy Ketamine powder online, buy ketamine hcl crystal powder online, buy ketamine powder\"},{\"@type\":\"BreadcrumbList\",\"@id\":\"https:\\\/\\\/hexchemicals.com\\\/product\\\/buy-ketamine-pills-online\\\/#breadcrumb\",\"itemListElement\":[{\"@type\":\"ListItem\",\"position\":1,\"name\":\"Home\",\"item\":\"https:\\\/\\\/hexchemicals.com\\\/\"},{\"@type\":\"ListItem\",\"position\":2,\"name\":\"Shop\",\"item\":\"https:\\\/\\\/hexchemicals.com\\\/shop\\\/\"},{\"@type\":\"ListItem\",\"position\":3,\"name\":\"500mg Ketamine Pills\"}]},{\"@type\":\"WebSite\",\"@id\":\"https:\\\/\\\/hexchemicals.com\\\/#website\",\"url\":\"https:\\\/\\\/hexchemicals.com\\\/\",\"name\":\"Hexchemicals\",\"description\":\"Buy GBL, GHB, Amphetamine and Ketamine\",\"potentialAction\":[{\"@type\":\"SearchAction\",\"target\":{\"@type\":\"EntryPoint\",\"urlTemplate\":\"https:\\\/\\\/hexchemicals.com\\\/?s={search_term_string}\"},\"query-input\":{\"@type\":\"PropertyValueSpecification\",\"valueRequired\":true,\"valueName\":\"search_term_string\"}}],\"inLanguage\":\"da-DK\"}]}<\/script>\n<!-- \/ Yoast SEO plugin. -->","yoast_head_json":{"title":"K\u00f8b ketaminpiller online - Hexchemicals","description":"Oplev lindring af kroniske smerter, depression og PTSD med ketaminpiller. K\u00f8b Ketamin 500 mg piller online i dag for transformative behandlingsl\u00f8sninger.","robots":{"index":"index","follow":"follow","max-snippet":"max-snippet:-1","max-image-preview":"max-image-preview:large","max-video-preview":"max-video-preview:-1"},"canonical":"https:\/\/hexchemicals.com\/da\/product\/kob-ketaminpiller-online\/","og_locale":"da_DK","og_type":"article","og_title":"Buy ketamine pills online - Hexchemicals","og_description":"Discover relief from chronic pain, depression, and PTSD with Ketamine pills. Buy Ketamine 500mg pills online today for transformative treatment solutions.","og_url":"https:\/\/hexchemicals.com\/da\/product\/kob-ketaminpiller-online\/","og_site_name":"Hexchemicals","article_modified_time":"2025-11-27T01:29:41+00:00","og_image":[{"width":1200,"height":1105,"url":"https:\/\/hexchemicals.com\/wp-content\/uploads\/2024\/12\/buy-ketamine-powder-online.jpg","type":"image\/jpeg"}],"twitter_card":"summary_large_image","twitter_misc":{"Estimeret l\u00e6setid":"3 minutter"},"schema":{"@context":"https:\/\/schema.org","@graph":[{"@type":"WebPage","@id":"https:\/\/hexchemicals.com\/product\/buy-ketamine-pills-online\/","url":"https:\/\/hexchemicals.com\/product\/buy-ketamine-pills-online\/","name":"K\u00f8b ketaminpiller online - Hexchemicals","isPartOf":{"@id":"https:\/\/hexchemicals.com\/#website"},"primaryImageOfPage":{"@id":"https:\/\/hexchemicals.com\/product\/buy-ketamine-pills-online\/#primaryimage"},"image":{"@id":"https:\/\/hexchemicals.com\/product\/buy-ketamine-pills-online\/#primaryimage"},"thumbnailUrl":"https:\/\/hexchemicals.com\/wp-content\/uploads\/2024\/12\/buy-ketamine-powder-online.jpg","datePublished":"2024-12-09T06:07:24+00:00","dateModified":"2025-11-27T01:29:41+00:00","description":"Oplev lindring af kroniske smerter, depression og PTSD med ketaminpiller. K\u00f8b Ketamin 500 mg piller online i dag for transformative behandlingsl\u00f8sninger.","breadcrumb":{"@id":"https:\/\/hexchemicals.com\/product\/buy-ketamine-pills-online\/#breadcrumb"},"inLanguage":"da-DK","potentialAction":[{"@type":"ReadAction","target":["https:\/\/hexchemicals.com\/product\/buy-ketamine-pills-online\/"]}]},{"@type":"ImageObject","inLanguage":"da-DK","@id":"https:\/\/hexchemicals.com\/product\/buy-ketamine-pills-online\/#primaryimage","url":"https:\/\/hexchemicals.com\/wp-content\/uploads\/2024\/12\/buy-ketamine-powder-online.jpg","contentUrl":"https:\/\/hexchemicals.com\/wp-content\/uploads\/2024\/12\/buy-ketamine-powder-online.jpg","width":1200,"height":1105,"caption":"Buy Ketamine powder online, buy ketamine hcl crystal powder online, buy ketamine powder"},{"@type":"BreadcrumbList","@id":"https:\/\/hexchemicals.com\/product\/buy-ketamine-pills-online\/#breadcrumb","itemListElement":[{"@type":"ListItem","position":1,"name":"Home","item":"https:\/\/hexchemicals.com\/"},{"@type":"ListItem","position":2,"name":"Shop","item":"https:\/\/hexchemicals.com\/shop\/"},{"@type":"ListItem","position":3,"name":"500mg Ketamine Pills"}]},{"@type":"WebSite","@id":"https:\/\/hexchemicals.com\/#website","url":"https:\/\/hexchemicals.com\/","name":"Hexkemikalier","description":"K\u00f8b GBL, GHB, amfetamin og ketamin","potentialAction":[{"@type":"SearchAction","target":{"@type":"EntryPoint","urlTemplate":"https:\/\/hexchemicals.com\/?s={search_term_string}"},"query-input":{"@type":"PropertyValueSpecification","valueRequired":true,"valueName":"search_term_string"}}],"inLanguage":"da-DK"}]}},"_links":{"self":[{"href":"https:\/\/hexchemicals.com\/da\/wp-json\/wp\/v2\/product\/9543","targetHints":{"allow":["GET"]}}],"collection":[{"href":"https:\/\/hexchemicals.com\/da\/wp-json\/wp\/v2\/product"}],"about":[{"href":"https:\/\/hexchemicals.com\/da\/wp-json\/wp\/v2\/types\/product"}],"replies":[{"embeddable":true,"href":"https:\/\/hexchemicals.com\/da\/wp-json\/wp\/v2\/comments?post=9543"}],"wp:featuredmedia":[{"embeddable":true,"href":"https:\/\/hexchemicals.com\/da\/wp-json\/wp\/v2\/media\/9537"}],"wp:attachment":[{"href":"https:\/\/hexchemicals.com\/da\/wp-json\/wp\/v2\/media?parent=9543"}],"wp:term":[{"taxonomy":"product_brand","embeddable":true,"href":"https:\/\/hexchemicals.com\/da\/wp-json\/wp\/v2\/product_brand?post=9543"},{"taxonomy":"product_cat","embeddable":true,"href":"https:\/\/hexchemicals.com\/da\/wp-json\/wp\/v2\/product_cat?post=9543"},{"taxonomy":"product_tag","embeddable":true,"href":"https:\/\/hexchemicals.com\/da\/wp-json\/wp\/v2\/product_tag?post=9543"}],"curies":[{"name":"wp","href":"https:\/\/api.w.org\/{rel}","templated":true}]}}