{"id":9543,"date":"2024-12-09T06:07:24","date_gmt":"2024-12-09T06:07:24","guid":{"rendered":"https:\/\/hexchemicals.com\/?post_type=product&#038;p=9543"},"modified":"2025-11-27T01:29:41","modified_gmt":"2025-11-27T01:29:41","slug":"ketaminpillen-online-kaufen","status":"publish","type":"product","link":"https:\/\/hexchemicals.com\/de\/product\/ketaminpillen-online-kaufen\/","title":{"rendered":"500mg Ketamin-Tabletten"},"content":{"rendered":"<div id=\"ez-toc-container\" class=\"ez-toc-v2_0_82_2 counter-hierarchy ez-toc-counter ez-toc-grey ez-toc-container-direction\">\n<div class=\"ez-toc-title-container\">\n<p class=\"ez-toc-title\" style=\"cursor:inherit\">Inhalts\u00fcbersicht<\/p>\n<span class=\"ez-toc-title-toggle\"><a href=\"#\" class=\"ez-toc-pull-right ez-toc-btn ez-toc-btn-xs ez-toc-btn-default ez-toc-toggle\" aria-label=\"Inhaltsverzeichnis umschalten\"><span class=\"ez-toc-js-icon-con\"><span class=\"\"><span class=\"eztoc-hide\" style=\"display:none;\">Umschalten auf<\/span><span class=\"ez-toc-icon-toggle-span\"><svg style=\"fill: #333333;color:#333333\" xmlns=\"http:\/\/www.w3.org\/2000\/svg\" class=\"list-377408\" width=\"20px\" height=\"20px\" viewbox=\"0 0 24 24\" fill=\"none\"><path d=\"M6 6H4v2h2V6zm14 0H8v2h12V6zM4 11h2v2H4v-2zm16 0H8v2h12v-2zM4 16h2v2H4v-2zm16 0H8v2h12v-2z\" fill=\"currentColor\"><\/path><\/svg><svg style=\"fill: #333333;color:#333333\" class=\"arrow-unsorted-368013\" xmlns=\"http:\/\/www.w3.org\/2000\/svg\" width=\"10px\" height=\"10px\" viewbox=\"0 0 24 24\" version=\"1.2\" baseprofile=\"tiny\"><path d=\"M18.2 9.3l-6.2-6.3-6.2 6.3c-.2.2-.3.4-.3.7s.1.5.3.7c.2.2.4.3.7.3h11c.3 0 .5-.1.7-.3.2-.2.3-.5.3-.7s-.1-.5-.3-.7zM5.8 14.7l6.2 6.3 6.2-6.3c.2-.2.3-.5.3-.7s-.1-.5-.3-.7c-.2-.2-.4-.3-.7-.3h-11c-.3 0-.5.1-.7.3-.2.2-.3.5-.3.7s.1.5.3.7z\"\/><\/svg><\/span><\/span><\/span><\/a><\/span><\/div>\n<nav><ul class='ez-toc-list ez-toc-list-level-1' ><li class='ez-toc-page-1 ez-toc-heading-level-1'><a class=\"ez-toc-link ez-toc-heading-1\" href=\"https:\/\/hexchemicals.com\/de\/product\/ketaminpillen-online-kaufen\/#Rediscover_Life_with_Ketamine_The_Solution_Youve_Been_Searching_For\" >Entdecken Sie das Leben mit Ketamin neu: Die L\u00f6sung, nach der Sie gesucht haben<\/a><ul class='ez-toc-list-level-4' ><li class='ez-toc-heading-level-4'><ul class='ez-toc-list-level-4' ><li class='ez-toc-heading-level-4'><ul class='ez-toc-list-level-4' ><li class='ez-toc-heading-level-4'><a class=\"ez-toc-link ez-toc-heading-2\" href=\"https:\/\/hexchemicals.com\/de\/product\/ketaminpillen-online-kaufen\/#Benefits_of_Ketamine_Pills\" >Vorteile von Ketaminpillen<\/a><\/li><\/ul><\/li><li class='ez-toc-page-1 ez-toc-heading-level-3'><a class=\"ez-toc-link ez-toc-heading-3\" href=\"https:\/\/hexchemicals.com\/de\/product\/ketaminpillen-online-kaufen\/#Why_Choose_Ketamine_Pills\" >Warum Ketamintabletten w\u00e4hlen?<\/a><ul class='ez-toc-list-level-4' ><li class='ez-toc-heading-level-4'><a class=\"ez-toc-link ez-toc-heading-4\" href=\"https:\/\/hexchemicals.com\/de\/product\/ketaminpillen-online-kaufen\/#Common_Customer_Pain_Points_%E2%80%93_Solved\" >H\u00e4ufige Kundenschmerzpunkte - behoben<\/a><\/li><\/ul><\/li><li class='ez-toc-page-1 ez-toc-heading-level-3'><a class=\"ez-toc-link ez-toc-heading-5\" href=\"https:\/\/hexchemicals.com\/de\/product\/ketaminpillen-online-kaufen\/#How_Ketamine_Pills_Work_A_Closer_Look\" >Wie Ketaminpillen wirken: Ein genauerer Blick<\/a><\/li><li class='ez-toc-page-1 ez-toc-heading-level-3'><a class=\"ez-toc-link ez-toc-heading-6\" href=\"https:\/\/hexchemicals.com\/de\/product\/ketaminpillen-online-kaufen\/#How_to_Order_Ketamine_Pills_Online\" >Wie man Ketaminpillen online bestellt<\/a><\/li><li class='ez-toc-page-1 ez-toc-heading-level-3'><a class=\"ez-toc-link ez-toc-heading-7\" href=\"https:\/\/hexchemicals.com\/de\/product\/ketaminpillen-online-kaufen\/#FAQs_About_Buying_Ketamine_Pills_Online\" >FAQs zum Online-Kauf von Ketaminpillen<\/a><\/li><li class='ez-toc-page-1 ez-toc-heading-level-3'><a class=\"ez-toc-link ez-toc-heading-8\" href=\"https:\/\/hexchemicals.com\/de\/product\/ketaminpillen-online-kaufen\/#Call_to_Action\" >Aufruf zum Handeln<\/a><\/li><\/ul><\/li><\/ul><\/li><\/ul><\/nav><\/div>\n<h1><span class=\"ez-toc-section\" id=\"Rediscover_Life_with_Ketamine_The_Solution_Youve_Been_Searching_For\"><\/span><strong>Entdecken Sie das Leben mit Ketamin neu: Die L\u00f6sung, nach der Sie gesucht haben<\/strong><span class=\"ez-toc-section-end\"><\/span><\/h1>\n<p><span style=\"font-weight: 400;\">Ketamin 500mg Pillen online kaufen - <\/span>Das Leben mit Krankheiten wie neuropathischen Schmerzen, komplexem regionalen Schmerzsyndrom (CRPS), behandlungsresistenten Depressionen (TRD), posttraumatischen Belastungsst\u00f6rungen (<a href=\"https:\/\/www.mayoclinic.org\/diseases-conditions\/post-traumatic-stress-disorder\/symptoms-causes\/syc-20355967#:~:text=Post%2Dtraumatic%20stress%20disorder%20(PTSD)%20is%20a%20mental%20health,uncontrollable%20thoughts%20about%20the%20event.\">PTSD<\/a>) oder eine bipolare St\u00f6rung kann sich wie ein harter Kampf anf\u00fchlen. Herk\u00f6mmliche Behandlungen bringen oft keine Erleichterung, sodass man sich festgefahren und hoffnungslos f\u00fchlt. Wenn Sie auf der Suche nach einer transformativen L\u00f6sung sind, bieten Ketamin-Tabletten ein Leuchtfeuer der Hoffnung.<\/p>\n<p><strong>Was ist Ketamin, und warum ist es so wirksam?<\/strong><br \/>\nUrspr\u00fcnglich als Narkosemittel entwickelt, hat sich Ketamin zu einer bahnbrechenden Therapie f\u00fcr Menschen mit schweren psychischen Erkrankungen und chronischen Schmerzen entwickelt. Es wirkt durch die Modulation von Glutamat, einem wichtigen Neurotransmitter, um gesch\u00e4digte neuronale Verbindungen zu reparieren und Schmerzen zu lindern. Diese doppelte Wirkung lindert nicht nur k\u00f6rperliche Beschwerden, sondern f\u00f6rdert auch das emotionale Wohlbefinden.<\/p>\n<h4><span class=\"ez-toc-section\" id=\"Benefits_of_Ketamine_Pills\"><\/span><strong>Vorteile von Ketaminpillen<\/strong><span class=\"ez-toc-section-end\"><\/span><\/h4>\n<ol>\n<li><strong>Schnell wirkendes Relief<\/strong>: Viele Anwender berichten von deutlichen Verbesserungen innerhalb weniger Stunden nach der ersten Einnahme.<\/li>\n<li><strong>Langanhaltende Effekte<\/strong>: Im Gegensatz zu herk\u00f6mmlichen Medikamenten kann die Wirkung von Ketamin noch Wochen nach der Verabreichung anhalten.<\/li>\n<li><strong>Vielseitigkeit<\/strong>: Wirksam bei einer Reihe von Erkrankungen, von chronischen Schmerzen bis zu Gem\u00fctsst\u00f6rungen.<\/li>\n<li><strong>Nicht s\u00fcchtig machend<\/strong>: Bei vorschriftsm\u00e4\u00dfiger Einnahme besteht bei Ketamin keine Gefahr der Abh\u00e4ngigkeit.<\/li>\n<\/ol>\n<h3><span class=\"ez-toc-section\" id=\"Why_Choose_Ketamine_Pills\"><\/span><strong>Warum Ketamintabletten w\u00e4hlen?<\/strong><span class=\"ez-toc-section-end\"><\/span><\/h3>\n<p>F\u00fcr Personen, die sich mit einer intraven\u00f6sen (IV) Therapie schwer tun oder eine bequemere Alternative suchen, sind Ketamin-Tabletten eine hervorragende Alternative. Jede Dosis ist sorgf\u00e4ltig formuliert, um eine maximale Bioverf\u00fcgbarkeit zu gew\u00e4hrleisten, so dass Sie Ihre Symptome diskret und effektiv behandeln k\u00f6nnen.<\/p>\n<h4><span class=\"ez-toc-section\" id=\"Common_Customer_Pain_Points_%E2%80%93_Solved\"><\/span><strong>H\u00e4ufige Kundenschmerzpunkte - behoben<\/strong><span class=\"ez-toc-section-end\"><\/span><\/h4>\n<ul>\n<li><strong>Frustration \u00fcber unwirksame Behandlungen<\/strong>: Herk\u00f6mmliche Antidepressiva und Schmerzmittel sind bei Erkrankungen wie TRD und CRPS oft unzureichend. Ketamin wirkt anders und zielt auf die Ursachen von Schmerzen und Depressionen ab.<\/li>\n<li><strong>Besorgnis \u00fcber Nebenwirkungen<\/strong>: Im Gegensatz zu Opioiden wirkt Ketamin nicht sedierend und ist bei verantwortungsvollem Gebrauch im Allgemeinen gut vertr\u00e4glich.<\/li>\n<li><strong>Bequemlichkeit<\/strong>: Keine h\u00e4ufigen Krankenhausbesuche mehr - nehmen Sie einfach eine Tablette bequem zu Hause ein.<\/li>\n<\/ul>\n<h3><span class=\"ez-toc-section\" id=\"How_Ketamine_Pills_Work_A_Closer_Look\"><\/span><strong>Wie Ketaminpillen wirken: Ein genauerer Blick<\/strong><span class=\"ez-toc-section-end\"><\/span><\/h3>\n<ul>\n<li><strong>Schmerzlinderung<\/strong>: Ketamin blockiert die NMDA-Rezeptoren im Gehirn, unterbricht die Schmerzsignale und lindert chronische Beschwerden.<\/li>\n<li><strong>Stimmungsaufhellung<\/strong>: Durch die F\u00f6rderung der neuronalen Regeneration hilft Ketamin, das emotionale Gleichgewicht wiederherzustellen und die geistige Klarheit zu verbessern.<\/li>\n<li><strong>Verringerung der PTSD-Symptome<\/strong>: Die Nutzer berichten, dass sie weniger Flashbacks und aufdringliche Gedanken haben und so ihr Leben wieder in den Griff bekommen.<\/li>\n<\/ul>\n<h3><span class=\"ez-toc-section\" id=\"How_to_Order_Ketamine_Pills_Online\"><\/span><strong>Wie man Ketaminpillen online bestellt<\/strong><span class=\"ez-toc-section-end\"><\/span><\/h3>\n<p>Der Einstieg ist einfach:<\/p>\n<ol>\n<li><strong>Durchsuchen Sie unsere Auswahl<\/strong>: Entdecken Sie unsere hochwertigen Ketamin-Pillen zum Verkauf, einschlie\u00dflich 500mg Optionen, die auf Ihre Bed\u00fcrfnisse zugeschnitten sind.<\/li>\n<li><strong>Sicherer Checkout<\/strong>: Unsere Website ist f\u00fcr ein nahtloses, sicheres Bestellverfahren konzipiert.<\/li>\n<li><strong>Diskreter Versand<\/strong>: Ihre Bestellung wird schnell und diskret zu Ihnen nach Hause geliefert.<\/li>\n<\/ol>\n<h3><span class=\"ez-toc-section\" id=\"FAQs_About_Buying_Ketamine_Pills_Online\"><\/span><strong>FAQs zum Online-Kauf von Ketaminpillen<\/strong><span class=\"ez-toc-section-end\"><\/span><\/h3>\n<p><strong>1. Ist es sicher, Ketaminpillen online zu kaufen?<\/strong><br \/>\nUnbedingt! Wir stellen sicher, dass alle Produkte strenge Qualit\u00e4tsstandards erf\u00fcllen und bieten sichere Zahlungsm\u00f6glichkeiten.<\/p>\n<p><strong>2. Woher wei\u00df ich, dass Ketamin das Richtige f\u00fcr mich ist?<\/strong><br \/>\nSprechen Sie mit Ihrem medizinischen Betreuer, um zu kl\u00e4ren, ob Ketamin f\u00fcr Ihren speziellen Zustand geeignet ist.<\/p>\n<p><strong>3. Gibt es Nebenwirkungen?<\/strong><br \/>\nIn seltenen F\u00e4llen kann es bei einigen Anwendern zu leichtem Schwindel oder \u00dcbelkeit kommen. Diese Wirkungen klingen in der Regel schnell ab.<\/p>\n<h3><span class=\"ez-toc-section\" id=\"Call_to_Action\"><\/span><strong>Aufruf zum Handeln<\/strong><span class=\"ez-toc-section-end\"><\/span><\/h3>\n<p>Lassen Sie nicht zu, dass Schmerzen oder psychische Probleme Ihr Leben bestimmen. Kaufen Sie noch heute Ketaminpillen online und machen Sie den ersten Schritt zu dauerhafter Linderung und neuer Hoffnung.<\/p>","protected":false},"excerpt":{"rendered":"<p><span style=\"font-weight: 400;\">Ketamin 500mg Pillen online kaufen<\/span><\/p>","protected":false},"featured_media":9537,"comment_status":"open","ping_status":"closed","template":"","meta":[],"product_brand":[],"product_cat":[72],"product_tag":[],"class_list":{"0":"post-9543","1":"product","2":"type-product","3":"status-publish","4":"has-post-thumbnail","6":"product_cat-ketamine","8":"first","9":"instock","10":"shipping-taxable","11":"purchasable","12":"product-type-variable"},"yoast_head":"<!-- This site is optimized with the Yoast SEO plugin v27.3 - https:\/\/yoast.com\/product\/yoast-seo-wordpress\/ -->\n<title>Buy ketamine pills online - Hexchemicals<\/title>\n<meta name=\"description\" content=\"Discover relief from chronic pain, depression, and PTSD with Ketamine pills. Buy Ketamine 500mg pills online today for transformative treatment solutions.\" \/>\n<meta name=\"robots\" content=\"index, follow, max-snippet:-1, max-image-preview:large, max-video-preview:-1\" \/>\n<link rel=\"canonical\" href=\"https:\/\/hexchemicals.com\/de\/product\/ketaminpillen-online-kaufen\/\" \/>\n<meta property=\"og:locale\" content=\"de_DE\" \/>\n<meta property=\"og:type\" content=\"article\" \/>\n<meta property=\"og:title\" content=\"Buy ketamine pills online - Hexchemicals\" \/>\n<meta property=\"og:description\" content=\"Discover relief from chronic pain, depression, and PTSD with Ketamine pills. Buy Ketamine 500mg pills online today for transformative treatment solutions.\" \/>\n<meta property=\"og:url\" content=\"https:\/\/hexchemicals.com\/de\/product\/ketaminpillen-online-kaufen\/\" \/>\n<meta property=\"og:site_name\" content=\"Hexchemicals\" \/>\n<meta property=\"article:modified_time\" content=\"2025-11-27T01:29:41+00:00\" \/>\n<meta property=\"og:image\" content=\"https:\/\/hexchemicals.com\/wp-content\/uploads\/2024\/12\/buy-ketamine-powder-online.jpg\" \/>\n\t<meta property=\"og:image:width\" content=\"1200\" \/>\n\t<meta property=\"og:image:height\" content=\"1105\" \/>\n\t<meta property=\"og:image:type\" content=\"image\/jpeg\" \/>\n<meta name=\"twitter:card\" content=\"summary_large_image\" \/>\n<meta name=\"twitter:label1\" content=\"Gesch\u00e4tzte Lesezeit\" \/>\n\t<meta name=\"twitter:data1\" content=\"3\u00a0Minuten\" \/>\n<script type=\"application\/ld+json\" class=\"yoast-schema-graph\">{\"@context\":\"https:\\\/\\\/schema.org\",\"@graph\":[{\"@type\":\"WebPage\",\"@id\":\"https:\\\/\\\/hexchemicals.com\\\/product\\\/buy-ketamine-pills-online\\\/\",\"url\":\"https:\\\/\\\/hexchemicals.com\\\/product\\\/buy-ketamine-pills-online\\\/\",\"name\":\"Buy ketamine pills online - Hexchemicals\",\"isPartOf\":{\"@id\":\"https:\\\/\\\/hexchemicals.com\\\/#website\"},\"primaryImageOfPage\":{\"@id\":\"https:\\\/\\\/hexchemicals.com\\\/product\\\/buy-ketamine-pills-online\\\/#primaryimage\"},\"image\":{\"@id\":\"https:\\\/\\\/hexchemicals.com\\\/product\\\/buy-ketamine-pills-online\\\/#primaryimage\"},\"thumbnailUrl\":\"https:\\\/\\\/hexchemicals.com\\\/wp-content\\\/uploads\\\/2024\\\/12\\\/buy-ketamine-powder-online.jpg\",\"datePublished\":\"2024-12-09T06:07:24+00:00\",\"dateModified\":\"2025-11-27T01:29:41+00:00\",\"description\":\"Discover relief from chronic pain, depression, and PTSD with Ketamine pills. Buy Ketamine 500mg pills online today for transformative treatment solutions.\",\"breadcrumb\":{\"@id\":\"https:\\\/\\\/hexchemicals.com\\\/product\\\/buy-ketamine-pills-online\\\/#breadcrumb\"},\"inLanguage\":\"de\",\"potentialAction\":[{\"@type\":\"ReadAction\",\"target\":[\"https:\\\/\\\/hexchemicals.com\\\/product\\\/buy-ketamine-pills-online\\\/\"]}]},{\"@type\":\"ImageObject\",\"inLanguage\":\"de\",\"@id\":\"https:\\\/\\\/hexchemicals.com\\\/product\\\/buy-ketamine-pills-online\\\/#primaryimage\",\"url\":\"https:\\\/\\\/hexchemicals.com\\\/wp-content\\\/uploads\\\/2024\\\/12\\\/buy-ketamine-powder-online.jpg\",\"contentUrl\":\"https:\\\/\\\/hexchemicals.com\\\/wp-content\\\/uploads\\\/2024\\\/12\\\/buy-ketamine-powder-online.jpg\",\"width\":1200,\"height\":1105,\"caption\":\"Buy Ketamine powder online, buy ketamine hcl crystal powder online, buy ketamine powder\"},{\"@type\":\"BreadcrumbList\",\"@id\":\"https:\\\/\\\/hexchemicals.com\\\/product\\\/buy-ketamine-pills-online\\\/#breadcrumb\",\"itemListElement\":[{\"@type\":\"ListItem\",\"position\":1,\"name\":\"Home\",\"item\":\"https:\\\/\\\/hexchemicals.com\\\/\"},{\"@type\":\"ListItem\",\"position\":2,\"name\":\"Shop\",\"item\":\"https:\\\/\\\/hexchemicals.com\\\/shop\\\/\"},{\"@type\":\"ListItem\",\"position\":3,\"name\":\"500mg Ketamine Pills\"}]},{\"@type\":\"WebSite\",\"@id\":\"https:\\\/\\\/hexchemicals.com\\\/#website\",\"url\":\"https:\\\/\\\/hexchemicals.com\\\/\",\"name\":\"Hexchemicals\",\"description\":\"Buy GBL, GHB, Amphetamine and Ketamine\",\"potentialAction\":[{\"@type\":\"SearchAction\",\"target\":{\"@type\":\"EntryPoint\",\"urlTemplate\":\"https:\\\/\\\/hexchemicals.com\\\/?s={search_term_string}\"},\"query-input\":{\"@type\":\"PropertyValueSpecification\",\"valueRequired\":true,\"valueName\":\"search_term_string\"}}],\"inLanguage\":\"de\"}]}<\/script>\n<!-- \/ Yoast SEO plugin. -->","yoast_head_json":{"title":"Ketaminpillen online kaufen - Hexchemicals","description":"Entdecken Sie Linderung von chronischen Schmerzen, Depressionen und PTSD mit Ketamin-Pillen. Kaufen Sie Ketamin 500mg Pillen online heute f\u00fcr transformative Behandlung L\u00f6sungen.","robots":{"index":"index","follow":"follow","max-snippet":"max-snippet:-1","max-image-preview":"max-image-preview:large","max-video-preview":"max-video-preview:-1"},"canonical":"https:\/\/hexchemicals.com\/de\/product\/ketaminpillen-online-kaufen\/","og_locale":"de_DE","og_type":"article","og_title":"Buy ketamine pills online - Hexchemicals","og_description":"Discover relief from chronic pain, depression, and PTSD with Ketamine pills. Buy Ketamine 500mg pills online today for transformative treatment solutions.","og_url":"https:\/\/hexchemicals.com\/de\/product\/ketaminpillen-online-kaufen\/","og_site_name":"Hexchemicals","article_modified_time":"2025-11-27T01:29:41+00:00","og_image":[{"width":1200,"height":1105,"url":"https:\/\/hexchemicals.com\/wp-content\/uploads\/2024\/12\/buy-ketamine-powder-online.jpg","type":"image\/jpeg"}],"twitter_card":"summary_large_image","twitter_misc":{"Gesch\u00e4tzte Lesezeit":"3\u00a0Minuten"},"schema":{"@context":"https:\/\/schema.org","@graph":[{"@type":"WebPage","@id":"https:\/\/hexchemicals.com\/product\/buy-ketamine-pills-online\/","url":"https:\/\/hexchemicals.com\/product\/buy-ketamine-pills-online\/","name":"Ketaminpillen online kaufen - Hexchemicals","isPartOf":{"@id":"https:\/\/hexchemicals.com\/#website"},"primaryImageOfPage":{"@id":"https:\/\/hexchemicals.com\/product\/buy-ketamine-pills-online\/#primaryimage"},"image":{"@id":"https:\/\/hexchemicals.com\/product\/buy-ketamine-pills-online\/#primaryimage"},"thumbnailUrl":"https:\/\/hexchemicals.com\/wp-content\/uploads\/2024\/12\/buy-ketamine-powder-online.jpg","datePublished":"2024-12-09T06:07:24+00:00","dateModified":"2025-11-27T01:29:41+00:00","description":"Entdecken Sie Linderung von chronischen Schmerzen, Depressionen und PTSD mit Ketamin-Pillen. Kaufen Sie Ketamin 500mg Pillen online heute f\u00fcr transformative Behandlung L\u00f6sungen.","breadcrumb":{"@id":"https:\/\/hexchemicals.com\/product\/buy-ketamine-pills-online\/#breadcrumb"},"inLanguage":"de","potentialAction":[{"@type":"ReadAction","target":["https:\/\/hexchemicals.com\/product\/buy-ketamine-pills-online\/"]}]},{"@type":"ImageObject","inLanguage":"de","@id":"https:\/\/hexchemicals.com\/product\/buy-ketamine-pills-online\/#primaryimage","url":"https:\/\/hexchemicals.com\/wp-content\/uploads\/2024\/12\/buy-ketamine-powder-online.jpg","contentUrl":"https:\/\/hexchemicals.com\/wp-content\/uploads\/2024\/12\/buy-ketamine-powder-online.jpg","width":1200,"height":1105,"caption":"Buy Ketamine powder online, buy ketamine hcl crystal powder online, buy ketamine powder"},{"@type":"BreadcrumbList","@id":"https:\/\/hexchemicals.com\/product\/buy-ketamine-pills-online\/#breadcrumb","itemListElement":[{"@type":"ListItem","position":1,"name":"Home","item":"https:\/\/hexchemicals.com\/"},{"@type":"ListItem","position":2,"name":"Shop","item":"https:\/\/hexchemicals.com\/shop\/"},{"@type":"ListItem","position":3,"name":"500mg Ketamine Pills"}]},{"@type":"WebSite","@id":"https:\/\/hexchemicals.com\/#website","url":"https:\/\/hexchemicals.com\/","name":"Hexchemikalien","description":"GBL, GHB, Amphetamin und Ketamin kaufen","potentialAction":[{"@type":"SearchAction","target":{"@type":"EntryPoint","urlTemplate":"https:\/\/hexchemicals.com\/?s={search_term_string}"},"query-input":{"@type":"PropertyValueSpecification","valueRequired":true,"valueName":"search_term_string"}}],"inLanguage":"de"}]}},"_links":{"self":[{"href":"https:\/\/hexchemicals.com\/de\/wp-json\/wp\/v2\/product\/9543","targetHints":{"allow":["GET"]}}],"collection":[{"href":"https:\/\/hexchemicals.com\/de\/wp-json\/wp\/v2\/product"}],"about":[{"href":"https:\/\/hexchemicals.com\/de\/wp-json\/wp\/v2\/types\/product"}],"replies":[{"embeddable":true,"href":"https:\/\/hexchemicals.com\/de\/wp-json\/wp\/v2\/comments?post=9543"}],"wp:featuredmedia":[{"embeddable":true,"href":"https:\/\/hexchemicals.com\/de\/wp-json\/wp\/v2\/media\/9537"}],"wp:attachment":[{"href":"https:\/\/hexchemicals.com\/de\/wp-json\/wp\/v2\/media?parent=9543"}],"wp:term":[{"taxonomy":"product_brand","embeddable":true,"href":"https:\/\/hexchemicals.com\/de\/wp-json\/wp\/v2\/product_brand?post=9543"},{"taxonomy":"product_cat","embeddable":true,"href":"https:\/\/hexchemicals.com\/de\/wp-json\/wp\/v2\/product_cat?post=9543"},{"taxonomy":"product_tag","embeddable":true,"href":"https:\/\/hexchemicals.com\/de\/wp-json\/wp\/v2\/product_tag?post=9543"}],"curies":[{"name":"wp","href":"https:\/\/api.w.org\/{rel}","templated":true}]}}