{"id":3,"date":"2024-12-08T10:20:47","date_gmt":"2024-12-08T10:20:47","guid":{"rendered":"https:\/\/hexchemicals.com\/?page_id=3"},"modified":"2024-12-08T16:25:52","modified_gmt":"2024-12-08T16:25:52","slug":"politica-de-privacidad","status":"publish","type":"page","link":"https:\/\/hexchemicals.com\/es\/politica-de-privacidad\/","title":{"rendered":"Pol\u00edtica de privacidad"},"content":{"rendered":"<div id=\"ez-toc-container\" class=\"ez-toc-v2_0_82_2 counter-hierarchy ez-toc-counter ez-toc-grey ez-toc-container-direction\">\n<div class=\"ez-toc-title-container\">\n<p class=\"ez-toc-title\" style=\"cursor:inherit\">\u00cdndice<\/p>\n<span class=\"ez-toc-title-toggle\"><a href=\"#\" class=\"ez-toc-pull-right ez-toc-btn ez-toc-btn-xs ez-toc-btn-default ez-toc-toggle\" aria-label=\"Alternar tabla de contenidos\"><span class=\"ez-toc-js-icon-con\"><span class=\"\"><span class=\"eztoc-hide\" style=\"display:none;\">Toggle<\/span><span class=\"ez-toc-icon-toggle-span\"><svg style=\"fill: #333333;color:#333333\" xmlns=\"http:\/\/www.w3.org\/2000\/svg\" class=\"list-377408\" width=\"20px\" height=\"20px\" viewbox=\"0 0 24 24\" fill=\"none\"><path d=\"M6 6H4v2h2V6zm14 0H8v2h12V6zM4 11h2v2H4v-2zm16 0H8v2h12v-2zM4 16h2v2H4v-2zm16 0H8v2h12v-2z\" fill=\"currentColor\"><\/path><\/svg><svg style=\"fill: #333333;color:#333333\" class=\"arrow-unsorted-368013\" xmlns=\"http:\/\/www.w3.org\/2000\/svg\" width=\"10px\" height=\"10px\" viewbox=\"0 0 24 24\" version=\"1.2\" baseprofile=\"tiny\"><path d=\"M18.2 9.3l-6.2-6.3-6.2 6.3c-.2.2-.3.4-.3.7s.1.5.3.7c.2.2.4.3.7.3h11c.3 0 .5-.1.7-.3.2-.2.3-.5.3-.7s-.1-.5-.3-.7zM5.8 14.7l6.2 6.3 6.2-6.3c.2-.2.3-.5.3-.7s-.1-.5-.3-.7c-.2-.2-.4-.3-.7-.3h-11c-.3 0-.5.1-.7.3-.2.2-.3.5-.3.7s.1.5.3.7z\"\/><\/svg><\/span><\/span><\/span><\/a><\/span><\/div>\n<nav><ul class='ez-toc-list ez-toc-list-level-1' ><li class='ez-toc-page-1 ez-toc-heading-level-3'><a class=\"ez-toc-link ez-toc-heading-1\" href=\"https:\/\/hexchemicals.com\/es\/politica-de-privacidad\/#Privacy_Policy\" >Pol\u00edtica de privacidad<\/a><\/li><li class='ez-toc-page-1 ez-toc-heading-level-3'><a class=\"ez-toc-link ez-toc-heading-2\" href=\"https:\/\/hexchemicals.com\/es\/politica-de-privacidad\/#1_Information_We_Collect\" >1. Informaci\u00f3n que recopilamos<\/a><\/li><li class='ez-toc-page-1 ez-toc-heading-level-3'><a class=\"ez-toc-link ez-toc-heading-3\" href=\"https:\/\/hexchemicals.com\/es\/politica-de-privacidad\/#2_How_We_Use_Your_Information\" >2. C\u00f3mo utilizamos su informaci\u00f3n<\/a><\/li><li class='ez-toc-page-1 ez-toc-heading-level-3'><a class=\"ez-toc-link ez-toc-heading-4\" href=\"https:\/\/hexchemicals.com\/es\/politica-de-privacidad\/#3_Sharing_Your_Information\" >3. Compartir su informaci\u00f3n<\/a><\/li><li class='ez-toc-page-1 ez-toc-heading-level-3'><a class=\"ez-toc-link ez-toc-heading-5\" href=\"https:\/\/hexchemicals.com\/es\/politica-de-privacidad\/#4_How_We_Protect_Your_Information\" >4. C\u00f3mo protegemos su informaci\u00f3n<\/a><\/li><li class='ez-toc-page-1 ez-toc-heading-level-3'><a class=\"ez-toc-link ez-toc-heading-6\" href=\"https:\/\/hexchemicals.com\/es\/politica-de-privacidad\/#5_Your_Rights\" >5. Sus derechos<\/a><\/li><li class='ez-toc-page-1 ez-toc-heading-level-3'><a class=\"ez-toc-link ez-toc-heading-7\" href=\"https:\/\/hexchemicals.com\/es\/politica-de-privacidad\/#6_Cookies_and_Tracking\" >6. Cookies y rastreo<\/a><\/li><li class='ez-toc-page-1 ez-toc-heading-level-3'><a class=\"ez-toc-link ez-toc-heading-8\" href=\"https:\/\/hexchemicals.com\/es\/politica-de-privacidad\/#7_Third-Party_Links\" >7. Enlaces de terceros<\/a><\/li><li class='ez-toc-page-1 ez-toc-heading-level-3'><a class=\"ez-toc-link ez-toc-heading-9\" href=\"https:\/\/hexchemicals.com\/es\/politica-de-privacidad\/#8_Updates_to_This_Privacy_Policy\" >8. Actualizaciones de esta pol\u00edtica de privacidad<\/a><\/li><li class='ez-toc-page-1 ez-toc-heading-level-3'><a class=\"ez-toc-link ez-toc-heading-10\" href=\"https:\/\/hexchemicals.com\/es\/politica-de-privacidad\/#9_Contact_Us\" >9. Contacto<\/a><\/li><\/ul><\/nav><\/div>\n<h3><span class=\"ez-toc-section\" id=\"Privacy_Policy\"><\/span>Pol\u00edtica de privacidad<span class=\"ez-toc-section-end\"><\/span><\/h3>\n<p><strong>Fecha de entrada en vigor:<\/strong> 08\/12\/2024<\/p>\n<p>Hexchemicals se compromete a proteger su privacidad y a garantizar la seguridad de su informaci\u00f3n personal. Esta Pol\u00edtica de Privacidad describe c\u00f3mo recogemos, utilizamos y protegemos su informaci\u00f3n cuando visita nuestro sitio web o realiza una compra. Al utilizar nuestro sitio web, usted acepta las pr\u00e1cticas descritas en esta Pol\u00edtica de Privacidad.<\/p>\n<h3><span class=\"ez-toc-section\" id=\"1_Information_We_Collect\"><\/span><strong>1. Informaci\u00f3n que recopilamos<\/strong><span class=\"ez-toc-section-end\"><\/span><\/h3>\n<p>Recopilamos los siguientes tipos de informaci\u00f3n para ofrecerle una experiencia de compra fluida y segura:<\/p>\n<ul>\n<li><strong>Informaci\u00f3n personal:<\/strong> Incluye su nombre, direcci\u00f3n de correo electr\u00f3nico, direcci\u00f3n de env\u00edo, n\u00famero de tel\u00e9fono y datos de pago, que usted facilita durante el proceso de pago.<\/li>\n<li><strong>Informaci\u00f3n no personal:<\/strong> Incluye el tipo de navegador, la direcci\u00f3n IP y otros datos t\u00e9cnicos recopilados autom\u00e1ticamente para mejorar la funcionalidad y la seguridad del sitio web.<\/li>\n<li><strong>Galletas:<\/strong> Peque\u00f1os archivos almacenados en su dispositivo para mejorar su experiencia de navegaci\u00f3n, recordar preferencias y analizar el tr\u00e1fico del sitio.<\/li>\n<\/ul>\n<h3><span class=\"ez-toc-section\" id=\"2_How_We_Use_Your_Information\"><\/span><strong>2. C\u00f3mo utilizamos su informaci\u00f3n<\/strong><span class=\"ez-toc-section-end\"><\/span><\/h3>\n<p>Utilizamos la informaci\u00f3n que recopilamos para los siguientes fines:<\/p>\n<ul>\n<li>Para procesar y satisfacer sus pedidos de forma segura.<\/li>\n<li>Prestar asistencia al cliente y responder a sus consultas.<\/li>\n<li>Para mejorar nuestro sitio web, productos y servicios.<\/li>\n<li>Para enviar actualizaciones de pedidos, ofertas promocionales y avisos importantes (puede darse de baja de las comunicaciones promocionales en cualquier momento).<\/li>\n<li>Garantizar el cumplimiento de los requisitos legales y reglamentarios.<\/li>\n<\/ul>\n<h3><span class=\"ez-toc-section\" id=\"3_Sharing_Your_Information\"><\/span><strong>3. Compartir su informaci\u00f3n<\/strong><span class=\"ez-toc-section-end\"><\/span><\/h3>\n<p>Hexchemicals respeta su privacidad y no vender\u00e1, alquilar\u00e1 ni compartir\u00e1 su informaci\u00f3n personal con terceros, excepto cuando sea necesario para:<\/p>\n<ul>\n<li>Procese los pagos de forma segura a trav\u00e9s de proveedores de pago de confianza.<\/li>\n<li>Env\u00ede y entregue sus pedidos utilizando empresas de log\u00edstica de confianza.<\/li>\n<li>Cumplir con obligaciones legales o responder a solicitudes leg\u00edtimas.<\/li>\n<\/ul>\n<h3><span class=\"ez-toc-section\" id=\"4_How_We_Protect_Your_Information\"><\/span><strong>4. C\u00f3mo protegemos su informaci\u00f3n<\/strong><span class=\"ez-toc-section-end\"><\/span><\/h3>\n<p>Empleamos medidas de seguridad avanzadas para proteger su informaci\u00f3n personal, entre ellas:<\/p>\n<ul>\n<li><strong>Cifrado SSL:<\/strong> La tecnolog\u00eda SSL (Secure Socket Layer) garantiza la transmisi\u00f3n segura de datos confidenciales.<\/li>\n<li><strong>Pasarelas de pago seguras:<\/strong> Todas las transacciones se procesan a trav\u00e9s de proveedores de pago seguros y de confianza.<\/li>\n<li><strong>Controles de acceso a los datos:<\/strong> El acceso restringido a los datos personales garantiza que s\u00f3lo est\u00e9n disponibles para el personal autorizado.<\/li>\n<\/ul>\n<h3><span class=\"ez-toc-section\" id=\"5_Your_Rights\"><\/span><strong>5. Sus derechos<\/strong><span class=\"ez-toc-section-end\"><\/span><\/h3>\n<p>Usted tiene los siguientes derechos en relaci\u00f3n con sus datos personales:<\/p>\n<ul>\n<li><strong>Acceso y correcci\u00f3n:<\/strong> Solicitar una copia de sus datos o actualizar los inexactos.<\/li>\n<li><strong>Supresi\u00f3n:<\/strong> Solicitar la supresi\u00f3n de sus datos personales, en virtud de obligaciones legales o contractuales.<\/li>\n<li><strong>Retirar el consentimiento:<\/strong> No recibir comunicaciones comerciales en cualquier momento.<\/li>\n<\/ul>\n<p>Para ejercer estos derechos, p\u00f3ngase en contacto con nosotros en <strong>[Insertar correo electr\u00f3nico de contacto]<\/strong>.<\/p>\n<h3><span class=\"ez-toc-section\" id=\"6_Cookies_and_Tracking\"><\/span><strong>6. Cookies y rastreo<\/strong><span class=\"ez-toc-section-end\"><\/span><\/h3>\n<p>Hexchemicals utiliza cookies para mejorar el rendimiento del sitio web y su experiencia de navegaci\u00f3n. Al utilizar nuestro sitio web, usted acepta nuestro uso de cookies. Puede gestionar o desactivar las cookies a trav\u00e9s de la configuraci\u00f3n de su navegador, pero algunas funciones de nuestro sitio pueden verse afectadas.<\/p>\n<h3><span class=\"ez-toc-section\" id=\"7_Third-Party_Links\"><\/span><strong>7. Enlaces de terceros<\/strong><span class=\"ez-toc-section-end\"><\/span><\/h3>\n<p>Nuestro sitio web puede incluir enlaces a sitios web de terceros. Hexchemicals no es responsable de las pr\u00e1cticas de privacidad de estos sitios externos, y le recomendamos que revise sus pol\u00edticas de privacidad antes de compartir cualquier informaci\u00f3n personal.<\/p>\n<h3><span class=\"ez-toc-section\" id=\"8_Updates_to_This_Privacy_Policy\"><\/span><strong>8. Actualizaciones de esta pol\u00edtica de privacidad<\/strong><span class=\"ez-toc-section-end\"><\/span><\/h3>\n<p>Podemos actualizar esta Pol\u00edtica de Privacidad de vez en cuando para reflejar cambios en nuestras pr\u00e1cticas o requisitos legales. La pol\u00edtica actualizada se publicar\u00e1 en esta p\u00e1gina con la fecha de entrada en vigor revisada.<\/p>\n<h3><span class=\"ez-toc-section\" id=\"9_Contact_Us\"><\/span><strong>9. Contacto<\/strong><span class=\"ez-toc-section-end\"><\/span><\/h3>\n<p>Si tiene alguna pregunta sobre esta Pol\u00edtica de privacidad o sobre el tratamiento de sus datos, p\u00f3ngase en contacto con nosotros en:<\/p>\n<p><strong>Hexchemicals<\/strong><br \/>Correo electr\u00f3nico: <b>hexchemicals@zohomail.com<\/b><br \/>Direcci\u00f3n: <strong>Frankfurt, Alemania<\/strong><\/p>\n<p><strong>Su privacidad es nuestra prioridad. Gracias por confiar en Hexchemicals.<\/strong><\/p>","protected":false},"excerpt":{"rendered":"<p>Pol\u00edtica de privacidad Fecha de entrada en vigor: 08\/12\/2024 Hexchemicals se compromete a proteger su privacidad y a garantizar la seguridad de su informaci\u00f3n personal.<\/p>","protected":false},"author":3,"featured_media":0,"parent":0,"menu_order":0,"comment_status":"closed","ping_status":"open","template":"","meta":{"footnotes":""},"class_list":["post-3","page","type-page","status-publish","hentry"],"yoast_head":"<!-- This site is optimized with the Yoast SEO plugin v27.3 - https:\/\/yoast.com\/product\/yoast-seo-wordpress\/ -->\n<title>Privacy Policy - Hexchemicals<\/title>\n<meta name=\"robots\" content=\"index, follow, max-snippet:-1, max-image-preview:large, max-video-preview:-1\" \/>\n<link rel=\"canonical\" href=\"https:\/\/hexchemicals.com\/es\/politica-de-privacidad\/\" \/>\n<meta property=\"og:locale\" content=\"es_ES\" \/>\n<meta property=\"og:type\" content=\"article\" \/>\n<meta property=\"og:title\" content=\"Privacy Policy - Hexchemicals\" \/>\n<meta property=\"og:description\" content=\"Privacy Policy Effective Date: 08\/12\/2024 Hexchemicals is committed to protecting your privacy and ensuring the security of your personal information.\" \/>\n<meta property=\"og:url\" content=\"https:\/\/hexchemicals.com\/es\/politica-de-privacidad\/\" \/>\n<meta property=\"og:site_name\" content=\"Hexchemicals\" \/>\n<meta property=\"article:modified_time\" content=\"2024-12-08T16:25:52+00:00\" \/>\n<meta name=\"twitter:card\" content=\"summary_large_image\" \/>\n<meta name=\"twitter:label1\" content=\"Tiempo de lectura\" \/>\n\t<meta name=\"twitter:data1\" content=\"3 minutos\" \/>\n<script type=\"application\/ld+json\" class=\"yoast-schema-graph\">{\"@context\":\"https:\\\/\\\/schema.org\",\"@graph\":[{\"@type\":\"WebPage\",\"@id\":\"https:\\\/\\\/hexchemicals.com\\\/privacy-policy\\\/\",\"url\":\"https:\\\/\\\/hexchemicals.com\\\/privacy-policy\\\/\",\"name\":\"Privacy Policy - Hexchemicals\",\"isPartOf\":{\"@id\":\"https:\\\/\\\/hexchemicals.com\\\/#website\"},\"datePublished\":\"2024-12-08T10:20:47+00:00\",\"dateModified\":\"2024-12-08T16:25:52+00:00\",\"breadcrumb\":{\"@id\":\"https:\\\/\\\/hexchemicals.com\\\/privacy-policy\\\/#breadcrumb\"},\"inLanguage\":\"es\",\"potentialAction\":[{\"@type\":\"ReadAction\",\"target\":[\"https:\\\/\\\/hexchemicals.com\\\/privacy-policy\\\/\"]}]},{\"@type\":\"BreadcrumbList\",\"@id\":\"https:\\\/\\\/hexchemicals.com\\\/privacy-policy\\\/#breadcrumb\",\"itemListElement\":[{\"@type\":\"ListItem\",\"position\":1,\"name\":\"Home\",\"item\":\"https:\\\/\\\/hexchemicals.com\\\/\"},{\"@type\":\"ListItem\",\"position\":2,\"name\":\"Privacy Policy\"}]},{\"@type\":\"WebSite\",\"@id\":\"https:\\\/\\\/hexchemicals.com\\\/#website\",\"url\":\"https:\\\/\\\/hexchemicals.com\\\/\",\"name\":\"Hexchemicals\",\"description\":\"Buy GBL, GHB, Amphetamine and Ketamine\",\"potentialAction\":[{\"@type\":\"SearchAction\",\"target\":{\"@type\":\"EntryPoint\",\"urlTemplate\":\"https:\\\/\\\/hexchemicals.com\\\/?s={search_term_string}\"},\"query-input\":{\"@type\":\"PropertyValueSpecification\",\"valueRequired\":true,\"valueName\":\"search_term_string\"}}],\"inLanguage\":\"es\"}]}<\/script>\n<!-- \/ Yoast SEO plugin. -->","yoast_head_json":{"title":"Pol\u00edtica de privacidad - Hexchemicals","robots":{"index":"index","follow":"follow","max-snippet":"max-snippet:-1","max-image-preview":"max-image-preview:large","max-video-preview":"max-video-preview:-1"},"canonical":"https:\/\/hexchemicals.com\/es\/politica-de-privacidad\/","og_locale":"es_ES","og_type":"article","og_title":"Privacy Policy - Hexchemicals","og_description":"Privacy Policy Effective Date: 08\/12\/2024 Hexchemicals is committed to protecting your privacy and ensuring the security of your personal information.","og_url":"https:\/\/hexchemicals.com\/es\/politica-de-privacidad\/","og_site_name":"Hexchemicals","article_modified_time":"2024-12-08T16:25:52+00:00","twitter_card":"summary_large_image","twitter_misc":{"Tiempo de lectura":"3 minutos"},"schema":{"@context":"https:\/\/schema.org","@graph":[{"@type":"WebPage","@id":"https:\/\/hexchemicals.com\/privacy-policy\/","url":"https:\/\/hexchemicals.com\/privacy-policy\/","name":"Pol\u00edtica de privacidad - Hexchemicals","isPartOf":{"@id":"https:\/\/hexchemicals.com\/#website"},"datePublished":"2024-12-08T10:20:47+00:00","dateModified":"2024-12-08T16:25:52+00:00","breadcrumb":{"@id":"https:\/\/hexchemicals.com\/privacy-policy\/#breadcrumb"},"inLanguage":"es","potentialAction":[{"@type":"ReadAction","target":["https:\/\/hexchemicals.com\/privacy-policy\/"]}]},{"@type":"BreadcrumbList","@id":"https:\/\/hexchemicals.com\/privacy-policy\/#breadcrumb","itemListElement":[{"@type":"ListItem","position":1,"name":"Home","item":"https:\/\/hexchemicals.com\/"},{"@type":"ListItem","position":2,"name":"Privacy Policy"}]},{"@type":"WebSite","@id":"https:\/\/hexchemicals.com\/#website","url":"https:\/\/hexchemicals.com\/","name":"Hexchemicals","description":"Comprar GBL, GHB, Anfetamina y Ketamina","potentialAction":[{"@type":"SearchAction","target":{"@type":"EntryPoint","urlTemplate":"https:\/\/hexchemicals.com\/?s={search_term_string}"},"query-input":{"@type":"PropertyValueSpecification","valueRequired":true,"valueName":"search_term_string"}}],"inLanguage":"es"}]}},"_links":{"self":[{"href":"https:\/\/hexchemicals.com\/es\/wp-json\/wp\/v2\/pages\/3","targetHints":{"allow":["GET"]}}],"collection":[{"href":"https:\/\/hexchemicals.com\/es\/wp-json\/wp\/v2\/pages"}],"about":[{"href":"https:\/\/hexchemicals.com\/es\/wp-json\/wp\/v2\/types\/page"}],"author":[{"embeddable":true,"href":"https:\/\/hexchemicals.com\/es\/wp-json\/wp\/v2\/users\/3"}],"replies":[{"embeddable":true,"href":"https:\/\/hexchemicals.com\/es\/wp-json\/wp\/v2\/comments?post=3"}],"version-history":[{"count":2,"href":"https:\/\/hexchemicals.com\/es\/wp-json\/wp\/v2\/pages\/3\/revisions"}],"predecessor-version":[{"id":9490,"href":"https:\/\/hexchemicals.com\/es\/wp-json\/wp\/v2\/pages\/3\/revisions\/9490"}],"wp:attachment":[{"href":"https:\/\/hexchemicals.com\/es\/wp-json\/wp\/v2\/media?parent=3"}],"curies":[{"name":"wp","href":"https:\/\/api.w.org\/{rel}","templated":true}]}}