{"id":9556,"date":"2024-12-09T09:35:37","date_gmt":"2024-12-09T09:35:37","guid":{"rendered":"https:\/\/hexchemicals.com\/?post_type=product&#038;p=9556"},"modified":"2026-04-28T03:16:20","modified_gmt":"2026-04-28T03:16:20","slug":"pedir-gbl","status":"publish","type":"product","link":"https:\/\/hexchemicals.com\/es\/product\/pedir-gbl\/","title":{"rendered":"Gamma-Butirolactona (GBL)"},"content":{"rendered":"<div id=\"ez-toc-container\" class=\"ez-toc-v2_0_82_2 counter-hierarchy ez-toc-counter ez-toc-grey ez-toc-container-direction\">\n<div class=\"ez-toc-title-container\">\n<p class=\"ez-toc-title\" style=\"cursor:inherit\">\u00cdndice<\/p>\n<span class=\"ez-toc-title-toggle\"><a href=\"#\" class=\"ez-toc-pull-right ez-toc-btn ez-toc-btn-xs ez-toc-btn-default ez-toc-toggle\" aria-label=\"Alternar tabla de contenidos\"><span class=\"ez-toc-js-icon-con\"><span class=\"\"><span class=\"eztoc-hide\" style=\"display:none;\">Toggle<\/span><span class=\"ez-toc-icon-toggle-span\"><svg style=\"fill: #333333;color:#333333\" xmlns=\"http:\/\/www.w3.org\/2000\/svg\" class=\"list-377408\" width=\"20px\" height=\"20px\" viewbox=\"0 0 24 24\" fill=\"none\"><path d=\"M6 6H4v2h2V6zm14 0H8v2h12V6zM4 11h2v2H4v-2zm16 0H8v2h12v-2zM4 16h2v2H4v-2zm16 0H8v2h12v-2z\" fill=\"currentColor\"><\/path><\/svg><svg style=\"fill: #333333;color:#333333\" class=\"arrow-unsorted-368013\" xmlns=\"http:\/\/www.w3.org\/2000\/svg\" width=\"10px\" height=\"10px\" viewbox=\"0 0 24 24\" version=\"1.2\" baseprofile=\"tiny\"><path d=\"M18.2 9.3l-6.2-6.3-6.2 6.3c-.2.2-.3.4-.3.7s.1.5.3.7c.2.2.4.3.7.3h11c.3 0 .5-.1.7-.3.2-.2.3-.5.3-.7s-.1-.5-.3-.7zM5.8 14.7l6.2 6.3 6.2-6.3c.2-.2.3-.5.3-.7s-.1-.5-.3-.7c-.2-.2-.4-.3-.7-.3h-11c-.3 0-.5.1-.7.3-.2.2-.3.5-.3.7s.1.5.3.7z\"\/><\/svg><\/span><\/span><\/span><\/a><\/span><\/div>\n<nav><ul class='ez-toc-list ez-toc-list-level-1' ><li class='ez-toc-page-1 ez-toc-heading-level-1'><a class=\"ez-toc-link ez-toc-heading-1\" href=\"https:\/\/hexchemicals.com\/es\/product\/pedir-gbl\/#Discover_the_Power_of_GBL_for_KO_Drops_%E2%80%93_Order_GBL\" >Descubra el Poder de GBL para Gotas KO - Ordene GBL<\/a><ul class='ez-toc-list-level-4' ><li class='ez-toc-heading-level-4'><ul class='ez-toc-list-level-4' ><li class='ez-toc-heading-level-4'><ul class='ez-toc-list-level-4' ><li class='ez-toc-heading-level-4'><a class=\"ez-toc-link ez-toc-heading-2\" href=\"https:\/\/hexchemicals.com\/es\/product\/pedir-gbl\/#The_Problem_Frustration_with_Low-Quality_Alternatives\" >El problema: la frustraci\u00f3n ante alternativas de baja calidad<\/a><\/li><li class='ez-toc-page-1 ez-toc-heading-level-4'><a class=\"ez-toc-link ez-toc-heading-3\" href=\"https:\/\/hexchemicals.com\/es\/product\/pedir-gbl\/#The_Solution_Premium_GBL_You_Can_Trust\" >La soluci\u00f3n: GBL de primera calidad en la que puede confiar<\/a><\/li><\/ul><\/li><li class='ez-toc-page-1 ez-toc-heading-level-3'><a class=\"ez-toc-link ez-toc-heading-4\" href=\"https:\/\/hexchemicals.com\/es\/product\/pedir-gbl\/#Why_Choose_Our_GBL\" >\u00bfPor qu\u00e9 elegir nuestro GBL?<\/a><\/li><li class='ez-toc-page-1 ez-toc-heading-level-3'><a class=\"ez-toc-link ez-toc-heading-5\" href=\"https:\/\/hexchemicals.com\/es\/product\/pedir-gbl\/#How_GBL_Meets_Your_Needs\" >C\u00f3mo responde GBL a sus necesidades<\/a><\/li><li class='ez-toc-page-1 ez-toc-heading-level-3'><a class=\"ez-toc-link ez-toc-heading-6\" href=\"https:\/\/hexchemicals.com\/es\/product\/pedir-gbl\/#FAQs_About_GBL\" >Preguntas frecuentes sobre GBL<\/a><\/li><li class='ez-toc-page-1 ez-toc-heading-level-3'><a class=\"ez-toc-link ez-toc-heading-7\" href=\"https:\/\/hexchemicals.com\/es\/product\/pedir-gbl\/#Why_Trust_Hexchemicals\" >\u00bfPor qu\u00e9 confiar en Hexchemicals?<\/a><\/li><li class='ez-toc-page-1 ez-toc-heading-level-3'><a class=\"ez-toc-link ez-toc-heading-8\" href=\"https:\/\/hexchemicals.com\/es\/product\/pedir-gbl\/#Take_Action_Now_%E2%80%93_Order_GBL_Today\" >Act\u00fae ahora - \u00a1Pida GBL hoy mismo!<\/a><ul class='ez-toc-list-level-4' ><li class='ez-toc-heading-level-4'><a class=\"ez-toc-link ez-toc-heading-9\" href=\"https:\/\/hexchemicals.com\/es\/product\/pedir-gbl\/#Ready_to_Get_Started\" >\u00bfListo para empezar?<\/a><\/li><\/ul><\/li><\/ul><\/li><\/ul><\/li><\/ul><\/nav><\/div>\n<h1><span class=\"ez-toc-section\" id=\"Discover_the_Power_of_GBL_for_KO_Drops_%E2%80%93_Order_GBL\"><\/span><strong>Descubra el Poder de GBL para Gotas KO - Ordene GBL<\/strong><span class=\"ez-toc-section-end\"><\/span><\/h1>\n<p>Cuando la vida se vuelve abrumadora, necesitas una soluci\u00f3n que funcione sin esfuerzo. La Gamma-Butirolactona (GBL) es tu elecci\u00f3n para las gotas KO, en la que conf\u00edas por su incomparable potencia, versatilidad y fiabilidad. Tanto si buscas un limpiador potente como si quieres explorar aplicaciones recreativas bajo directrices seguras, GBL siempre cumple.<\/p>\n<p>He aqu\u00ed por qu\u00e9 miles de personas optan por encargarnos GBL:<\/p>\n<h4><span class=\"ez-toc-section\" id=\"The_Problem_Frustration_with_Low-Quality_Alternatives\"><\/span><strong>El problema: la frustraci\u00f3n ante alternativas de baja calidad<\/strong><span class=\"ez-toc-section-end\"><\/span><\/h4>\n<p>\u00bfHa pedido alguna vez un producto que no ha estado a la altura de las expectativas? Los malos resultados, los envases sospechosos y los plazos de entrega poco fiables pueden ser un quebradero de cabeza. Te mereces algo mejor.<\/p>\n<p>Imag\u00ednese tener la seguridad de que su compra es aut\u00e9ntica, eficaz y llega puntualmente sin molestias innecesarias. Suena ideal, \u00bfverdad?<\/p>\n<h4><span class=\"ez-toc-section\" id=\"The_Solution_Premium_GBL_You_Can_Trust\"><\/span><strong>La soluci\u00f3n: GBL de primera calidad en la que puede confiar<\/strong><span class=\"ez-toc-section-end\"><\/span><\/h4>\n<p>En Hexchemicals, nos enorgullecemos de ofrecer GBL de primera calidad para satisfacer diversas necesidades. Si usted es un profesional o un entusiasta, lo hacemos simple y seguro Comprar GBL en l\u00ednea.<\/p>\n<h3><span class=\"ez-toc-section\" id=\"Why_Choose_Our_GBL\"><\/span><strong>\u00bfPor qu\u00e9 elegir nuestro GBL?<\/strong><span class=\"ez-toc-section-end\"><\/span><\/h3>\n<p><strong>1. Pureza y potencia incomparables<\/strong><br \/>\nNuestro GBL est\u00e1 fabricado para superar las normas del sector, garantizando la m\u00e1xima eficacia para aplicaciones de ca\u00edda KO.<\/p>\n<ul>\n<li><strong>Garant\u00eda de pureza<\/strong>: Verificado por pruebas independientes.<\/li>\n<li><strong>Rendimiento excepcional<\/strong>: Un poco da para mucho.<\/li>\n<\/ul>\n<p><strong>2. Entrega segura, discreta y r\u00e1pida<\/strong><br \/>\nAl elegirnos, tendr\u00e1 acceso a un env\u00edo rapid\u00edsimo en un embalaje discreto y a prueba de manipulaciones.<\/p>\n<ul>\n<li><strong>Alcance mundial<\/strong>: Entrega de confianza en todo el mundo.<\/li>\n<li><strong>Transacciones seguras<\/strong>: Su privacidad es nuestra prioridad.<\/li>\n<\/ul>\n<p><strong>3. Precios competitivos<\/strong><br \/>\nCreemos en ofrecer valor sin comprometer la calidad.<\/p>\n<ul>\n<li><strong>Opciones asequibles<\/strong>: Varios tama\u00f1os de envases para ajustarse a todos los presupuestos.<\/li>\n<li><strong>Ofertas exclusivas<\/strong>: Descuentos en pedidos al por mayor.<\/li>\n<\/ul>\n<h3><span class=\"ez-toc-section\" id=\"How_GBL_Meets_Your_Needs\"><\/span><strong>C\u00f3mo responde GBL a sus necesidades<\/strong><span class=\"ez-toc-section-end\"><\/span><\/h3>\n<p><strong>1. Potente disolvente para profesionales<\/strong><br \/>\nEl GBL es famoso por su capacidad para descomponer residuos dif\u00edciles sin esfuerzo, lo que lo convierte en un producto b\u00e1sico en laboratorios y entornos industriales.<\/p>\n<p><strong>2. KO Drops: Versatilidad en la que puede confiar<\/strong><br \/>\nPara los usuarios recreativos, las propiedades \u00fanicas de GBL lo han convertido en una opci\u00f3n destacada en la categor\u00eda de gotas KO, ofreciendo resultados consistentes y deseables.<\/p>\n<p><strong>3. Adaptado a su estilo de vida<\/strong><br \/>\nSea cual sea su aplicaci\u00f3n, nos aseguramos de que cada pedido supere sus expectativas. Por eso miles de personas nos hacen pedidos de GBL una y otra vez.<\/p>\n<h3><span class=\"ez-toc-section\" id=\"FAQs_About_GBL\"><\/span><strong>Preguntas frecuentes sobre GBL<\/strong><span class=\"ez-toc-section-end\"><\/span><\/h3>\n<p><strong>1. \u00bfEs seguro comprar GBL por Internet?<\/strong><br \/>\nAbsolutamente. Damos prioridad a su seguridad con transacciones encriptadas, embalaje discreto y cumplimiento de las normativas de env\u00edo.<\/p>\n<p><strong>2. \u00bfC\u00f3mo puedo garantizar un uso adecuado?<\/strong><br \/>\nIncluimos directrices detalladas con cada compra. Adem\u00e1s, nuestro equipo de atenci\u00f3n al cliente est\u00e1 aqu\u00ed para responder a sus preguntas.<\/p>\n<p><strong>3. \u00bfQu\u00e9 hace que su GBL sea mejor que otras?<\/strong><br \/>\nNuestros estrictos controles de calidad y nuestra filosof\u00eda de dar prioridad al cliente garantizan que usted reciba s\u00f3lo el mejor producto disponible.<\/p>\n<h3><span class=\"ez-toc-section\" id=\"Why_Trust_Hexchemicals\"><\/span><strong>\u00bfPor qu\u00e9 confiar en Hexchemicals?<\/strong><span class=\"ez-toc-section-end\"><\/span><\/h3>\n<ul>\n<li><strong>Experiencia en la que puede confiar<\/strong>: A\u00f1os de experiencia en el suministro de productos qu\u00edmicos de investigaci\u00f3n de alta calidad.<\/li>\n<li><strong>Enfoque centrado en el cliente<\/strong>: Desde el pedido hasta la asistencia posterior a la entrega, estamos aqu\u00ed para ayudarle.<\/li>\n<li><strong>Un legado de satisfacci\u00f3n<\/strong>: Miles de clientes satisfechos en todo el mundo.<\/li>\n<\/ul>\n<h3><span class=\"ez-toc-section\" id=\"Take_Action_Now_%E2%80%93_Order_GBL_Today\"><\/span><strong>Act\u00fae ahora - \u00a1Pida GBL hoy mismo!<\/strong><span class=\"ez-toc-section-end\"><\/span><\/h3>\n<p>No se conforme con menos cuando puede tener lo mejor. Experimente la diferencia que marca GBL premium en sus aplicaciones de ca\u00edda KO.<\/p>\n<p>Compre GBL con confianza.<br \/>\nDisfrute de una entrega r\u00e1pida y segura.<br \/>\n\u00a1Transforme su experiencia hoy mismo!<\/p>\n<h4><span class=\"ez-toc-section\" id=\"Ready_to_Get_Started\"><\/span><strong>\u00bfListo para empezar?<\/strong><span class=\"ez-toc-section-end\"><\/span><\/h4>\n<p><strong>Pida GBL ahora<\/strong> y \u00fanase a la creciente comunidad de clientes satisfechos.<\/p>\n<p><em>Descargo de responsabilidad: Aseg\u00farese de hacer un uso responsable y de cumplir toda la normativa aplicable.<\/em><\/p>","protected":false},"excerpt":{"rendered":"<p>Descubra el Poder de GBL para Gotas KO - Ordene GBL Cuando la vida se vuelve abrumadora, usted necesita una soluci\u00f3n que<\/p>","protected":false},"featured_media":9558,"comment_status":"open","ping_status":"closed","template":"","meta":[],"product_brand":[],"product_cat":[70],"product_tag":[],"class_list":{"0":"post-9556","1":"product","2":"type-product","3":"status-publish","4":"has-post-thumbnail","6":"product_cat-ko-drops","8":"first","9":"instock","10":"shipping-taxable","11":"purchasable","12":"product-type-variable"},"yoast_head":"<!-- This site is optimized with the Yoast SEO plugin v27.3 - https:\/\/yoast.com\/product\/yoast-seo-wordpress\/ -->\n<title>Order GBL Online \u2013 Your Trusted Source for KO Drops<\/title>\n<meta name=\"description\" content=\"Order GBL today for premium quality KO drops trusted by professionals and enthusiasts alike. Fast shipping, secure packaging, and top-notch support!\" \/>\n<meta name=\"robots\" content=\"index, follow, max-snippet:-1, max-image-preview:large, max-video-preview:-1\" \/>\n<link rel=\"canonical\" href=\"https:\/\/hexchemicals.com\/es\/product\/pedir-gbl\/\" \/>\n<meta property=\"og:locale\" content=\"es_ES\" \/>\n<meta property=\"og:type\" content=\"article\" \/>\n<meta property=\"og:title\" content=\"Order GBL Online \u2013 Your Trusted Source for KO Drops\" \/>\n<meta property=\"og:description\" content=\"Order GBL today for premium quality KO drops trusted by professionals and enthusiasts alike. Fast shipping, secure packaging, and top-notch support!\" \/>\n<meta property=\"og:url\" content=\"https:\/\/hexchemicals.com\/es\/product\/pedir-gbl\/\" \/>\n<meta property=\"og:site_name\" content=\"Hexchemicals\" \/>\n<meta property=\"article:modified_time\" content=\"2026-04-28T03:16:20+00:00\" \/>\n<meta property=\"og:image\" content=\"https:\/\/hexchemicals.com\/wp-content\/uploads\/2024\/12\/Order-GBL.jpg\" \/>\n\t<meta property=\"og:image:width\" content=\"1200\" \/>\n\t<meta property=\"og:image:height\" content=\"1105\" \/>\n\t<meta property=\"og:image:type\" content=\"image\/jpeg\" \/>\n<meta name=\"twitter:card\" content=\"summary_large_image\" \/>\n<meta name=\"twitter:label1\" content=\"Tiempo de lectura\" \/>\n\t<meta name=\"twitter:data1\" content=\"3 minutos\" \/>\n<script type=\"application\/ld+json\" class=\"yoast-schema-graph\">{\"@context\":\"https:\\\/\\\/schema.org\",\"@graph\":[{\"@type\":\"WebPage\",\"@id\":\"https:\\\/\\\/hexchemicals.com\\\/product\\\/order-gbl\\\/\",\"url\":\"https:\\\/\\\/hexchemicals.com\\\/product\\\/order-gbl\\\/\",\"name\":\"Order GBL Online \u2013 Your Trusted Source for KO Drops\",\"isPartOf\":{\"@id\":\"https:\\\/\\\/hexchemicals.com\\\/#website\"},\"primaryImageOfPage\":{\"@id\":\"https:\\\/\\\/hexchemicals.com\\\/product\\\/order-gbl\\\/#primaryimage\"},\"image\":{\"@id\":\"https:\\\/\\\/hexchemicals.com\\\/product\\\/order-gbl\\\/#primaryimage\"},\"thumbnailUrl\":\"https:\\\/\\\/hexchemicals.com\\\/wp-content\\\/uploads\\\/2024\\\/12\\\/Order-GBL.jpg\",\"datePublished\":\"2024-12-09T09:35:37+00:00\",\"dateModified\":\"2026-04-28T03:16:20+00:00\",\"description\":\"Order GBL today for premium quality KO drops trusted by professionals and enthusiasts alike. Fast shipping, secure packaging, and top-notch support!\",\"breadcrumb\":{\"@id\":\"https:\\\/\\\/hexchemicals.com\\\/product\\\/order-gbl\\\/#breadcrumb\"},\"inLanguage\":\"es\",\"potentialAction\":[{\"@type\":\"ReadAction\",\"target\":[\"https:\\\/\\\/hexchemicals.com\\\/product\\\/order-gbl\\\/\"]}]},{\"@type\":\"ImageObject\",\"inLanguage\":\"es\",\"@id\":\"https:\\\/\\\/hexchemicals.com\\\/product\\\/order-gbl\\\/#primaryimage\",\"url\":\"https:\\\/\\\/hexchemicals.com\\\/wp-content\\\/uploads\\\/2024\\\/12\\\/Order-GBL.jpg\",\"contentUrl\":\"https:\\\/\\\/hexchemicals.com\\\/wp-content\\\/uploads\\\/2024\\\/12\\\/Order-GBL.jpg\",\"width\":1200,\"height\":1105,\"caption\":\"Order GBL, Buy GBL online\"},{\"@type\":\"BreadcrumbList\",\"@id\":\"https:\\\/\\\/hexchemicals.com\\\/product\\\/order-gbl\\\/#breadcrumb\",\"itemListElement\":[{\"@type\":\"ListItem\",\"position\":1,\"name\":\"Home\",\"item\":\"https:\\\/\\\/hexchemicals.com\\\/\"},{\"@type\":\"ListItem\",\"position\":2,\"name\":\"Shop\",\"item\":\"https:\\\/\\\/hexchemicals.com\\\/shop\\\/\"},{\"@type\":\"ListItem\",\"position\":3,\"name\":\"Gamma-Butyrolactone (GBL)\"}]},{\"@type\":\"WebSite\",\"@id\":\"https:\\\/\\\/hexchemicals.com\\\/#website\",\"url\":\"https:\\\/\\\/hexchemicals.com\\\/\",\"name\":\"Hexchemicals\",\"description\":\"Buy GBL, GHB, Amphetamine and Ketamine\",\"potentialAction\":[{\"@type\":\"SearchAction\",\"target\":{\"@type\":\"EntryPoint\",\"urlTemplate\":\"https:\\\/\\\/hexchemicals.com\\\/?s={search_term_string}\"},\"query-input\":{\"@type\":\"PropertyValueSpecification\",\"valueRequired\":true,\"valueName\":\"search_term_string\"}}],\"inLanguage\":\"es\"}]}<\/script>\n<!-- \/ Yoast SEO plugin. -->","yoast_head_json":{"title":"Pida GBL Online - Su Fuente de Confianza para Gotas KO","description":"Pida GBL hoy para obtener gotas KO de calidad superior en las que conf\u00edan profesionales y entusiastas por igual. Env\u00edo r\u00e1pido, embalaje seguro y asistencia de primera.","robots":{"index":"index","follow":"follow","max-snippet":"max-snippet:-1","max-image-preview":"max-image-preview:large","max-video-preview":"max-video-preview:-1"},"canonical":"https:\/\/hexchemicals.com\/es\/product\/pedir-gbl\/","og_locale":"es_ES","og_type":"article","og_title":"Order GBL Online \u2013 Your Trusted Source for KO Drops","og_description":"Order GBL today for premium quality KO drops trusted by professionals and enthusiasts alike. Fast shipping, secure packaging, and top-notch support!","og_url":"https:\/\/hexchemicals.com\/es\/product\/pedir-gbl\/","og_site_name":"Hexchemicals","article_modified_time":"2026-04-28T03:16:20+00:00","og_image":[{"width":1200,"height":1105,"url":"https:\/\/hexchemicals.com\/wp-content\/uploads\/2024\/12\/Order-GBL.jpg","type":"image\/jpeg"}],"twitter_card":"summary_large_image","twitter_misc":{"Tiempo de lectura":"3 minutos"},"schema":{"@context":"https:\/\/schema.org","@graph":[{"@type":"WebPage","@id":"https:\/\/hexchemicals.com\/product\/order-gbl\/","url":"https:\/\/hexchemicals.com\/product\/order-gbl\/","name":"Pida GBL Online - Su Fuente de Confianza para Gotas KO","isPartOf":{"@id":"https:\/\/hexchemicals.com\/#website"},"primaryImageOfPage":{"@id":"https:\/\/hexchemicals.com\/product\/order-gbl\/#primaryimage"},"image":{"@id":"https:\/\/hexchemicals.com\/product\/order-gbl\/#primaryimage"},"thumbnailUrl":"https:\/\/hexchemicals.com\/wp-content\/uploads\/2024\/12\/Order-GBL.jpg","datePublished":"2024-12-09T09:35:37+00:00","dateModified":"2026-04-28T03:16:20+00:00","description":"Pida GBL hoy para obtener gotas KO de calidad superior en las que conf\u00edan profesionales y entusiastas por igual. Env\u00edo r\u00e1pido, embalaje seguro y asistencia de primera.","breadcrumb":{"@id":"https:\/\/hexchemicals.com\/product\/order-gbl\/#breadcrumb"},"inLanguage":"es","potentialAction":[{"@type":"ReadAction","target":["https:\/\/hexchemicals.com\/product\/order-gbl\/"]}]},{"@type":"ImageObject","inLanguage":"es","@id":"https:\/\/hexchemicals.com\/product\/order-gbl\/#primaryimage","url":"https:\/\/hexchemicals.com\/wp-content\/uploads\/2024\/12\/Order-GBL.jpg","contentUrl":"https:\/\/hexchemicals.com\/wp-content\/uploads\/2024\/12\/Order-GBL.jpg","width":1200,"height":1105,"caption":"Order GBL, Buy GBL online"},{"@type":"BreadcrumbList","@id":"https:\/\/hexchemicals.com\/product\/order-gbl\/#breadcrumb","itemListElement":[{"@type":"ListItem","position":1,"name":"Home","item":"https:\/\/hexchemicals.com\/"},{"@type":"ListItem","position":2,"name":"Shop","item":"https:\/\/hexchemicals.com\/shop\/"},{"@type":"ListItem","position":3,"name":"Gamma-Butyrolactone (GBL)"}]},{"@type":"WebSite","@id":"https:\/\/hexchemicals.com\/#website","url":"https:\/\/hexchemicals.com\/","name":"Hexchemicals","description":"Comprar GBL, GHB, Anfetamina y Ketamina","potentialAction":[{"@type":"SearchAction","target":{"@type":"EntryPoint","urlTemplate":"https:\/\/hexchemicals.com\/?s={search_term_string}"},"query-input":{"@type":"PropertyValueSpecification","valueRequired":true,"valueName":"search_term_string"}}],"inLanguage":"es"}]}},"_links":{"self":[{"href":"https:\/\/hexchemicals.com\/es\/wp-json\/wp\/v2\/product\/9556","targetHints":{"allow":["GET"]}}],"collection":[{"href":"https:\/\/hexchemicals.com\/es\/wp-json\/wp\/v2\/product"}],"about":[{"href":"https:\/\/hexchemicals.com\/es\/wp-json\/wp\/v2\/types\/product"}],"replies":[{"embeddable":true,"href":"https:\/\/hexchemicals.com\/es\/wp-json\/wp\/v2\/comments?post=9556"}],"wp:featuredmedia":[{"embeddable":true,"href":"https:\/\/hexchemicals.com\/es\/wp-json\/wp\/v2\/media\/9558"}],"wp:attachment":[{"href":"https:\/\/hexchemicals.com\/es\/wp-json\/wp\/v2\/media?parent=9556"}],"wp:term":[{"taxonomy":"product_brand","embeddable":true,"href":"https:\/\/hexchemicals.com\/es\/wp-json\/wp\/v2\/product_brand?post=9556"},{"taxonomy":"product_cat","embeddable":true,"href":"https:\/\/hexchemicals.com\/es\/wp-json\/wp\/v2\/product_cat?post=9556"},{"taxonomy":"product_tag","embeddable":true,"href":"https:\/\/hexchemicals.com\/es\/wp-json\/wp\/v2\/product_tag?post=9556"}],"curies":[{"name":"wp","href":"https:\/\/api.w.org\/{rel}","templated":true}]}}