{"id":3,"date":"2024-12-08T10:20:47","date_gmt":"2024-12-08T10:20:47","guid":{"rendered":"https:\/\/hexchemicals.com\/?page_id=3"},"modified":"2024-12-08T16:25:52","modified_gmt":"2024-12-08T16:25:52","slug":"tietosuojakaytanto","status":"publish","type":"page","link":"https:\/\/hexchemicals.com\/fi\/tietosuojakaytanto\/","title":{"rendered":"Tietosuojak\u00e4yt\u00e4nt\u00f6"},"content":{"rendered":"<div id=\"ez-toc-container\" class=\"ez-toc-v2_0_82_2 counter-hierarchy ez-toc-counter ez-toc-grey ez-toc-container-direction\">\n<div class=\"ez-toc-title-container\">\n<p class=\"ez-toc-title\" style=\"cursor:inherit\">Sis\u00e4llysluettelo<\/p>\n<span class=\"ez-toc-title-toggle\"><a href=\"#\" class=\"ez-toc-pull-right ez-toc-btn ez-toc-btn-xs ez-toc-btn-default ez-toc-toggle\" aria-label=\"Sis\u00e4llysluettelon vaihtaminen\"><span class=\"ez-toc-js-icon-con\"><span class=\"\"><span class=\"eztoc-hide\" style=\"display:none;\">Toggle<\/span><span class=\"ez-toc-icon-toggle-span\"><svg style=\"fill: #333333;color:#333333\" xmlns=\"http:\/\/www.w3.org\/2000\/svg\" class=\"list-377408\" width=\"20px\" height=\"20px\" viewbox=\"0 0 24 24\" fill=\"none\"><path d=\"M6 6H4v2h2V6zm14 0H8v2h12V6zM4 11h2v2H4v-2zm16 0H8v2h12v-2zM4 16h2v2H4v-2zm16 0H8v2h12v-2z\" fill=\"currentColor\"><\/path><\/svg><svg style=\"fill: #333333;color:#333333\" class=\"arrow-unsorted-368013\" xmlns=\"http:\/\/www.w3.org\/2000\/svg\" width=\"10px\" height=\"10px\" viewbox=\"0 0 24 24\" version=\"1.2\" baseprofile=\"tiny\"><path d=\"M18.2 9.3l-6.2-6.3-6.2 6.3c-.2.2-.3.4-.3.7s.1.5.3.7c.2.2.4.3.7.3h11c.3 0 .5-.1.7-.3.2-.2.3-.5.3-.7s-.1-.5-.3-.7zM5.8 14.7l6.2 6.3 6.2-6.3c.2-.2.3-.5.3-.7s-.1-.5-.3-.7c-.2-.2-.4-.3-.7-.3h-11c-.3 0-.5.1-.7.3-.2.2-.3.5-.3.7s.1.5.3.7z\"\/><\/svg><\/span><\/span><\/span><\/a><\/span><\/div>\n<nav><ul class='ez-toc-list ez-toc-list-level-1' ><li class='ez-toc-page-1 ez-toc-heading-level-3'><a class=\"ez-toc-link ez-toc-heading-1\" href=\"https:\/\/hexchemicals.com\/fi\/tietosuojakaytanto\/#Privacy_Policy\" >Tietosuojak\u00e4yt\u00e4nt\u00f6<\/a><\/li><li class='ez-toc-page-1 ez-toc-heading-level-3'><a class=\"ez-toc-link ez-toc-heading-2\" href=\"https:\/\/hexchemicals.com\/fi\/tietosuojakaytanto\/#1_Information_We_Collect\" >1. Ker\u00e4\u00e4m\u00e4mme tiedot<\/a><\/li><li class='ez-toc-page-1 ez-toc-heading-level-3'><a class=\"ez-toc-link ez-toc-heading-3\" href=\"https:\/\/hexchemicals.com\/fi\/tietosuojakaytanto\/#2_How_We_Use_Your_Information\" >2. Miten k\u00e4yt\u00e4mme tietojasi<\/a><\/li><li class='ez-toc-page-1 ez-toc-heading-level-3'><a class=\"ez-toc-link ez-toc-heading-4\" href=\"https:\/\/hexchemicals.com\/fi\/tietosuojakaytanto\/#3_Sharing_Your_Information\" >3. Tietojesi jakaminen<\/a><\/li><li class='ez-toc-page-1 ez-toc-heading-level-3'><a class=\"ez-toc-link ez-toc-heading-5\" href=\"https:\/\/hexchemicals.com\/fi\/tietosuojakaytanto\/#4_How_We_Protect_Your_Information\" >4. Miten suojaamme tietojasi<\/a><\/li><li class='ez-toc-page-1 ez-toc-heading-level-3'><a class=\"ez-toc-link ez-toc-heading-6\" href=\"https:\/\/hexchemicals.com\/fi\/tietosuojakaytanto\/#5_Your_Rights\" >5. Oikeutesi<\/a><\/li><li class='ez-toc-page-1 ez-toc-heading-level-3'><a class=\"ez-toc-link ez-toc-heading-7\" href=\"https:\/\/hexchemicals.com\/fi\/tietosuojakaytanto\/#6_Cookies_and_Tracking\" >6. Ev\u00e4steet ja seuranta<\/a><\/li><li class='ez-toc-page-1 ez-toc-heading-level-3'><a class=\"ez-toc-link ez-toc-heading-8\" href=\"https:\/\/hexchemicals.com\/fi\/tietosuojakaytanto\/#7_Third-Party_Links\" >7. Kolmannen osapuolen linkit<\/a><\/li><li class='ez-toc-page-1 ez-toc-heading-level-3'><a class=\"ez-toc-link ez-toc-heading-9\" href=\"https:\/\/hexchemicals.com\/fi\/tietosuojakaytanto\/#8_Updates_to_This_Privacy_Policy\" >8. T\u00e4m\u00e4n tietosuojak\u00e4yt\u00e4nn\u00f6n p\u00e4ivitykset<\/a><\/li><li class='ez-toc-page-1 ez-toc-heading-level-3'><a class=\"ez-toc-link ez-toc-heading-10\" href=\"https:\/\/hexchemicals.com\/fi\/tietosuojakaytanto\/#9_Contact_Us\" >9. Ota yhteytt\u00e4<\/a><\/li><\/ul><\/nav><\/div>\n<h3><span class=\"ez-toc-section\" id=\"Privacy_Policy\"><\/span>Tietosuojak\u00e4yt\u00e4nt\u00f6<span class=\"ez-toc-section-end\"><\/span><\/h3>\n<p><strong>Voimaantulop\u00e4iv\u00e4:<\/strong> 08\/12\/2024<\/p>\n<p>Hexchemicals on sitoutunut suojelemaan yksityisyytt\u00e4si ja varmistamaan henkil\u00f6tietojesi turvallisuuden. T\u00e4ss\u00e4 tietosuojak\u00e4yt\u00e4nn\u00f6ss\u00e4 kerrotaan, miten ker\u00e4\u00e4mme, k\u00e4yt\u00e4mme ja suojaamme tietojasi, kun vierailet verkkosivustollamme tai teet ostoksia. K\u00e4ytt\u00e4m\u00e4ll\u00e4 verkkosivustoamme hyv\u00e4ksyt t\u00e4ss\u00e4 tietosuojak\u00e4yt\u00e4nn\u00f6ss\u00e4 kuvatut k\u00e4yt\u00e4nn\u00f6t.<\/p>\n<h3><span class=\"ez-toc-section\" id=\"1_Information_We_Collect\"><\/span><strong>1. Ker\u00e4\u00e4m\u00e4mme tiedot<\/strong><span class=\"ez-toc-section-end\"><\/span><\/h3>\n<p>Ker\u00e4\u00e4mme seuraavanlaisia tietoja, jotta voimme tarjota sinulle saumattoman ja turvallisen ostokokemuksen:<\/p>\n<ul>\n<li><strong>Henkil\u00f6kohtaiset tiedot:<\/strong> Sis\u00e4lt\u00e4\u00e4 nimesi, s\u00e4hk\u00f6postiosoitteesi, toimitusosoitteesi, puhelinnumerosi ja maksutiedot, jotka annat kassaprosessin aikana.<\/li>\n<li><strong>Muut kuin henkil\u00f6kohtaiset tiedot:<\/strong> Sis\u00e4lt\u00e4\u00e4 selaimen tyypin, IP-osoitteen ja muut tekniset tiedot, jotka ker\u00e4t\u00e4\u00e4n automaattisesti verkkosivuston toimivuuden ja turvallisuuden parantamiseksi.<\/li>\n<li><strong>Ev\u00e4steet:<\/strong> Laitteeseesi tallennetut pienet tiedostot, joiden avulla parannetaan selauskokemustasi, muistetaan asetukset ja analysoidaan sivuston liikennett\u00e4.<\/li>\n<\/ul>\n<h3><span class=\"ez-toc-section\" id=\"2_How_We_Use_Your_Information\"><\/span><strong>2. Miten k\u00e4yt\u00e4mme tietojasi<\/strong><span class=\"ez-toc-section-end\"><\/span><\/h3>\n<p>K\u00e4yt\u00e4mme ker\u00e4\u00e4mi\u00e4mme tietoja seuraaviin tarkoituksiin:<\/p>\n<ul>\n<li>Tilausten turvallinen k\u00e4sittely ja t\u00e4ytt\u00e4minen.<\/li>\n<li>Asiakastuen tarjoaminen ja kyselyihin vastaaminen.<\/li>\n<li>Parantaaksemme verkkosivustoamme, tuotteitamme ja palveluitamme.<\/li>\n<li>Tilausp\u00e4ivitysten, kampanjatarjousten ja t\u00e4rkeiden ilmoitusten l\u00e4hett\u00e4minen (voit kielt\u00e4yty\u00e4 kampanjaviestinn\u00e4st\u00e4 milloin tahansa).<\/li>\n<li>varmistaa oikeudellisten ja s\u00e4\u00e4ntelyvaatimusten noudattaminen.<\/li>\n<\/ul>\n<h3><span class=\"ez-toc-section\" id=\"3_Sharing_Your_Information\"><\/span><strong>3. Tietojesi jakaminen<\/strong><span class=\"ez-toc-section-end\"><\/span><\/h3>\n<p>Hexchemicals kunnioittaa yksityisyytt\u00e4si eik\u00e4 myy, vuokraa tai jaa henkil\u00f6kohtaisia tietojasi kolmansille osapuolille, paitsi jos se on tarpeen:<\/p>\n<ul>\n<li>K\u00e4sittele maksut turvallisesti luotettavien maksupalvelujen tarjoajien kautta.<\/li>\n<li>L\u00e4het\u00e4 ja toimita tilauksesi hyv\u00e4maineisten logistiikkayritysten kautta.<\/li>\n<li>lakis\u00e4\u00e4teisten velvoitteiden noudattaminen tai laillisiin pyynt\u00f6ihin vastaaminen.<\/li>\n<\/ul>\n<h3><span class=\"ez-toc-section\" id=\"4_How_We_Protect_Your_Information\"><\/span><strong>4. Miten suojaamme tietojasi<\/strong><span class=\"ez-toc-section-end\"><\/span><\/h3>\n<p>K\u00e4yt\u00e4mme kehittyneit\u00e4 turvatoimia henkil\u00f6tietojesi suojaamiseksi, mukaan lukien:<\/p>\n<ul>\n<li><strong>SSL-salaus:<\/strong> Secure Socket Layer (SSL) -tekniikka takaa arkaluonteisten tietojen turvallisen siirron.<\/li>\n<li><strong>Turvalliset maksuportit:<\/strong> Kaikki maksutapahtumat k\u00e4sitell\u00e4\u00e4n luotettavien ja turvallisten maksupalvelujen tarjoajien kautta.<\/li>\n<li><strong>Tietojen k\u00e4yt\u00f6nvalvonta:<\/strong> Rajoitettu p\u00e4\u00e4sy henkil\u00f6tietoihin varmistaa, ett\u00e4 ne ovat vain valtuutetun henkil\u00f6st\u00f6n saatavilla.<\/li>\n<\/ul>\n<h3><span class=\"ez-toc-section\" id=\"5_Your_Rights\"><\/span><strong>5. Oikeutesi<\/strong><span class=\"ez-toc-section-end\"><\/span><\/h3>\n<p>Sinulla on seuraavat henkil\u00f6tietojasi koskevat oikeudet:<\/p>\n<ul>\n<li><strong>P\u00e4\u00e4sy ja oikaisu:<\/strong> Pyyd\u00e4 kopio tiedoistasi tai p\u00e4ivit\u00e4 ep\u00e4tarkkuudet.<\/li>\n<li><strong>Poistaminen:<\/strong> Pyyd\u00e4 henkil\u00f6tietojesi poistamista oikeudellisten tai sopimusvelvoitteiden mukaisesti.<\/li>\n<li><strong>Peruuta suostumus:<\/strong> Kielt\u00e4ydy markkinointiviestinn\u00e4st\u00e4 milloin tahansa.<\/li>\n<\/ul>\n<p>Jos haluat k\u00e4ytt\u00e4\u00e4 n\u00e4it\u00e4 oikeuksia, ota meihin yhteytt\u00e4 osoitteessa <strong>[Lis\u00e4\u00e4 yhteyshenkil\u00f6n s\u00e4hk\u00f6postiosoite]<\/strong>.<\/p>\n<h3><span class=\"ez-toc-section\" id=\"6_Cookies_and_Tracking\"><\/span><strong>6. Ev\u00e4steet ja seuranta<\/strong><span class=\"ez-toc-section-end\"><\/span><\/h3>\n<p>Hexchemicals k\u00e4ytt\u00e4\u00e4 ev\u00e4steit\u00e4 parantaakseen verkkosivuston suorituskyky\u00e4 ja parantaakseen selailukokemustasi. K\u00e4ytt\u00e4m\u00e4ll\u00e4 verkkosivustoamme hyv\u00e4ksyt ev\u00e4steiden k\u00e4yt\u00f6n. Voit hallita ev\u00e4steit\u00e4 tai poistaa ne k\u00e4yt\u00f6st\u00e4 selaimesi asetusten kautta, mutta se voi vaikuttaa joihinkin sivustomme ominaisuuksiin.<\/p>\n<h3><span class=\"ez-toc-section\" id=\"7_Third-Party_Links\"><\/span><strong>7. Kolmannen osapuolen linkit<\/strong><span class=\"ez-toc-section-end\"><\/span><\/h3>\n<p>Verkkosivustomme voi sis\u00e4lt\u00e4\u00e4 linkkej\u00e4 kolmansien osapuolten verkkosivustoille. Hexchemicals ei ole vastuussa n\u00e4iden ulkopuolisten sivustojen tietosuojak\u00e4yt\u00e4nn\u00f6ist\u00e4, ja kehotamme sinua tutustumaan niiden tietosuojak\u00e4yt\u00e4nt\u00f6ihin ennen henkil\u00f6tietojen jakamista.<\/p>\n<h3><span class=\"ez-toc-section\" id=\"8_Updates_to_This_Privacy_Policy\"><\/span><strong>8. T\u00e4m\u00e4n tietosuojak\u00e4yt\u00e4nn\u00f6n p\u00e4ivitykset<\/strong><span class=\"ez-toc-section-end\"><\/span><\/h3>\n<p>Saatamme ajoittain p\u00e4ivitt\u00e4\u00e4 t\u00e4t\u00e4 tietosuojak\u00e4yt\u00e4nt\u00f6\u00e4 vastaamaan k\u00e4yt\u00e4nt\u00f6jemme tai lakis\u00e4\u00e4teisten vaatimusten muutoksia. P\u00e4ivitetty k\u00e4yt\u00e4nt\u00f6 julkaistaan t\u00e4ll\u00e4 sivulla tarkistetun voimaantulop\u00e4iv\u00e4n kera.<\/p>\n<h3><span class=\"ez-toc-section\" id=\"9_Contact_Us\"><\/span><strong>9. Ota yhteytt\u00e4<\/strong><span class=\"ez-toc-section-end\"><\/span><\/h3>\n<p>Jos sinulla on kysytt\u00e4v\u00e4\u00e4 t\u00e4st\u00e4 tietosuojak\u00e4yt\u00e4nn\u00f6st\u00e4 tai siit\u00e4, miten tietojasi k\u00e4sitell\u00e4\u00e4n, ota meihin yhteytt\u00e4:<\/p>\n<p><strong>Heksakemikaalit<\/strong><br \/>S\u00e4hk\u00f6posti: <b>hexchemicals@zohomail.com<\/b><br \/>Osoite: <strong>Frankfurt, Saksa<\/strong><\/p>\n<p><strong>Yksityisyytesi on etusijalla. Kiitos, ett\u00e4 luotat Hexchemicalsiin.<\/strong><\/p>","protected":false},"excerpt":{"rendered":"<p>Tietosuojak\u00e4yt\u00e4nt\u00f6 Voimaantulop\u00e4iv\u00e4: 08\/12\/2024 Hexchemicals on sitoutunut suojaamaan yksityisyytt\u00e4si ja varmistamaan henkil\u00f6tietojesi turvallisuuden.<\/p>","protected":false},"author":3,"featured_media":0,"parent":0,"menu_order":0,"comment_status":"closed","ping_status":"open","template":"","meta":{"footnotes":""},"class_list":["post-3","page","type-page","status-publish","hentry"],"yoast_head":"<!-- This site is optimized with the Yoast SEO plugin v27.3 - https:\/\/yoast.com\/product\/yoast-seo-wordpress\/ -->\n<title>Privacy Policy - Hexchemicals<\/title>\n<meta name=\"robots\" content=\"index, follow, max-snippet:-1, max-image-preview:large, max-video-preview:-1\" \/>\n<link rel=\"canonical\" href=\"https:\/\/hexchemicals.com\/fi\/tietosuojakaytanto\/\" \/>\n<meta property=\"og:locale\" content=\"fi_FI\" \/>\n<meta property=\"og:type\" content=\"article\" \/>\n<meta property=\"og:title\" content=\"Privacy Policy - Hexchemicals\" \/>\n<meta property=\"og:description\" content=\"Privacy Policy Effective Date: 08\/12\/2024 Hexchemicals is committed to protecting your privacy and ensuring the security of your personal information.\" \/>\n<meta property=\"og:url\" content=\"https:\/\/hexchemicals.com\/fi\/tietosuojakaytanto\/\" \/>\n<meta property=\"og:site_name\" content=\"Hexchemicals\" \/>\n<meta property=\"article:modified_time\" content=\"2024-12-08T16:25:52+00:00\" \/>\n<meta name=\"twitter:card\" content=\"summary_large_image\" \/>\n<meta name=\"twitter:label1\" content=\"Arvioitu lukuaika\" \/>\n\t<meta name=\"twitter:data1\" content=\"3 minuuttia\" \/>\n<script type=\"application\/ld+json\" class=\"yoast-schema-graph\">{\"@context\":\"https:\\\/\\\/schema.org\",\"@graph\":[{\"@type\":\"WebPage\",\"@id\":\"https:\\\/\\\/hexchemicals.com\\\/privacy-policy\\\/\",\"url\":\"https:\\\/\\\/hexchemicals.com\\\/privacy-policy\\\/\",\"name\":\"Privacy Policy - Hexchemicals\",\"isPartOf\":{\"@id\":\"https:\\\/\\\/hexchemicals.com\\\/#website\"},\"datePublished\":\"2024-12-08T10:20:47+00:00\",\"dateModified\":\"2024-12-08T16:25:52+00:00\",\"breadcrumb\":{\"@id\":\"https:\\\/\\\/hexchemicals.com\\\/privacy-policy\\\/#breadcrumb\"},\"inLanguage\":\"fi\",\"potentialAction\":[{\"@type\":\"ReadAction\",\"target\":[\"https:\\\/\\\/hexchemicals.com\\\/privacy-policy\\\/\"]}]},{\"@type\":\"BreadcrumbList\",\"@id\":\"https:\\\/\\\/hexchemicals.com\\\/privacy-policy\\\/#breadcrumb\",\"itemListElement\":[{\"@type\":\"ListItem\",\"position\":1,\"name\":\"Home\",\"item\":\"https:\\\/\\\/hexchemicals.com\\\/\"},{\"@type\":\"ListItem\",\"position\":2,\"name\":\"Privacy Policy\"}]},{\"@type\":\"WebSite\",\"@id\":\"https:\\\/\\\/hexchemicals.com\\\/#website\",\"url\":\"https:\\\/\\\/hexchemicals.com\\\/\",\"name\":\"Hexchemicals\",\"description\":\"Buy GBL, GHB, Amphetamine and Ketamine\",\"potentialAction\":[{\"@type\":\"SearchAction\",\"target\":{\"@type\":\"EntryPoint\",\"urlTemplate\":\"https:\\\/\\\/hexchemicals.com\\\/?s={search_term_string}\"},\"query-input\":{\"@type\":\"PropertyValueSpecification\",\"valueRequired\":true,\"valueName\":\"search_term_string\"}}],\"inLanguage\":\"fi\"}]}<\/script>\n<!-- \/ Yoast SEO plugin. -->","yoast_head_json":{"title":"Tietosuojak\u00e4yt\u00e4nt\u00f6 - Hexchemicals","robots":{"index":"index","follow":"follow","max-snippet":"max-snippet:-1","max-image-preview":"max-image-preview:large","max-video-preview":"max-video-preview:-1"},"canonical":"https:\/\/hexchemicals.com\/fi\/tietosuojakaytanto\/","og_locale":"fi_FI","og_type":"article","og_title":"Privacy Policy - Hexchemicals","og_description":"Privacy Policy Effective Date: 08\/12\/2024 Hexchemicals is committed to protecting your privacy and ensuring the security of your personal information.","og_url":"https:\/\/hexchemicals.com\/fi\/tietosuojakaytanto\/","og_site_name":"Hexchemicals","article_modified_time":"2024-12-08T16:25:52+00:00","twitter_card":"summary_large_image","twitter_misc":{"Arvioitu lukuaika":"3 minuuttia"},"schema":{"@context":"https:\/\/schema.org","@graph":[{"@type":"WebPage","@id":"https:\/\/hexchemicals.com\/privacy-policy\/","url":"https:\/\/hexchemicals.com\/privacy-policy\/","name":"Tietosuojak\u00e4yt\u00e4nt\u00f6 - Hexchemicals","isPartOf":{"@id":"https:\/\/hexchemicals.com\/#website"},"datePublished":"2024-12-08T10:20:47+00:00","dateModified":"2024-12-08T16:25:52+00:00","breadcrumb":{"@id":"https:\/\/hexchemicals.com\/privacy-policy\/#breadcrumb"},"inLanguage":"fi","potentialAction":[{"@type":"ReadAction","target":["https:\/\/hexchemicals.com\/privacy-policy\/"]}]},{"@type":"BreadcrumbList","@id":"https:\/\/hexchemicals.com\/privacy-policy\/#breadcrumb","itemListElement":[{"@type":"ListItem","position":1,"name":"Home","item":"https:\/\/hexchemicals.com\/"},{"@type":"ListItem","position":2,"name":"Privacy Policy"}]},{"@type":"WebSite","@id":"https:\/\/hexchemicals.com\/#website","url":"https:\/\/hexchemicals.com\/","name":"Heksakemikaalit","description":"Osta GBL, GHB, amfetamiini ja ketamiini.","potentialAction":[{"@type":"SearchAction","target":{"@type":"EntryPoint","urlTemplate":"https:\/\/hexchemicals.com\/?s={search_term_string}"},"query-input":{"@type":"PropertyValueSpecification","valueRequired":true,"valueName":"search_term_string"}}],"inLanguage":"fi"}]}},"_links":{"self":[{"href":"https:\/\/hexchemicals.com\/fi\/wp-json\/wp\/v2\/pages\/3","targetHints":{"allow":["GET"]}}],"collection":[{"href":"https:\/\/hexchemicals.com\/fi\/wp-json\/wp\/v2\/pages"}],"about":[{"href":"https:\/\/hexchemicals.com\/fi\/wp-json\/wp\/v2\/types\/page"}],"author":[{"embeddable":true,"href":"https:\/\/hexchemicals.com\/fi\/wp-json\/wp\/v2\/users\/3"}],"replies":[{"embeddable":true,"href":"https:\/\/hexchemicals.com\/fi\/wp-json\/wp\/v2\/comments?post=3"}],"version-history":[{"count":2,"href":"https:\/\/hexchemicals.com\/fi\/wp-json\/wp\/v2\/pages\/3\/revisions"}],"predecessor-version":[{"id":9490,"href":"https:\/\/hexchemicals.com\/fi\/wp-json\/wp\/v2\/pages\/3\/revisions\/9490"}],"wp:attachment":[{"href":"https:\/\/hexchemicals.com\/fi\/wp-json\/wp\/v2\/media?parent=3"}],"curies":[{"name":"wp","href":"https:\/\/api.w.org\/{rel}","templated":true}]}}