{"id":9509,"date":"2024-12-08T18:19:35","date_gmt":"2024-12-08T18:19:35","guid":{"rendered":"https:\/\/hexchemicals.com\/?post_type=product&#038;p=9509"},"modified":"2025-12-19T05:07:34","modified_gmt":"2025-12-19T05:07:34","slug":"ostaa-kristalli-metamfetamiinia-verkossa","status":"publish","type":"product","link":"https:\/\/hexchemicals.com\/fi\/product\/ostaa-kristalli-metamfetamiinia-verkossa\/","title":{"rendered":"Metamfetamiini"},"content":{"rendered":"<div id=\"ez-toc-container\" class=\"ez-toc-v2_0_82_2 counter-hierarchy ez-toc-counter ez-toc-grey ez-toc-container-direction\">\n<div class=\"ez-toc-title-container\">\n<p class=\"ez-toc-title\" style=\"cursor:inherit\">Sis\u00e4llysluettelo<\/p>\n<span class=\"ez-toc-title-toggle\"><a href=\"#\" class=\"ez-toc-pull-right ez-toc-btn ez-toc-btn-xs ez-toc-btn-default ez-toc-toggle\" aria-label=\"Sis\u00e4llysluettelon vaihtaminen\"><span class=\"ez-toc-js-icon-con\"><span class=\"\"><span class=\"eztoc-hide\" style=\"display:none;\">Toggle<\/span><span class=\"ez-toc-icon-toggle-span\"><svg style=\"fill: #333333;color:#333333\" xmlns=\"http:\/\/www.w3.org\/2000\/svg\" class=\"list-377408\" width=\"20px\" height=\"20px\" viewbox=\"0 0 24 24\" fill=\"none\"><path d=\"M6 6H4v2h2V6zm14 0H8v2h12V6zM4 11h2v2H4v-2zm16 0H8v2h12v-2zM4 16h2v2H4v-2zm16 0H8v2h12v-2z\" fill=\"currentColor\"><\/path><\/svg><svg style=\"fill: #333333;color:#333333\" class=\"arrow-unsorted-368013\" xmlns=\"http:\/\/www.w3.org\/2000\/svg\" width=\"10px\" height=\"10px\" viewbox=\"0 0 24 24\" version=\"1.2\" baseprofile=\"tiny\"><path d=\"M18.2 9.3l-6.2-6.3-6.2 6.3c-.2.2-.3.4-.3.7s.1.5.3.7c.2.2.4.3.7.3h11c.3 0 .5-.1.7-.3.2-.2.3-.5.3-.7s-.1-.5-.3-.7zM5.8 14.7l6.2 6.3 6.2-6.3c.2-.2.3-.5.3-.7s-.1-.5-.3-.7c-.2-.2-.4-.3-.7-.3h-11c-.3 0-.5.1-.7.3-.2.2-.3.5-.3.7s.1.5.3.7z\"\/><\/svg><\/span><\/span><\/span><\/a><\/span><\/div>\n<nav><ul class='ez-toc-list ez-toc-list-level-1' ><li class='ez-toc-page-1 ez-toc-heading-level-1'><a class=\"ez-toc-link ez-toc-heading-1\" href=\"https:\/\/hexchemicals.com\/fi\/product\/ostaa-kristalli-metamfetamiinia-verkossa\/#Buy_Methamphetamine_%E2%80%93_Buy_Crystal_Meth\" >Osta metamfetamiinia - Osta Crystal Meth<\/a><ul class='ez-toc-list-level-3' ><li class='ez-toc-heading-level-3'><ul class='ez-toc-list-level-3' ><li class='ez-toc-heading-level-3'><a class=\"ez-toc-link ez-toc-heading-2\" href=\"https:\/\/hexchemicals.com\/fi\/product\/ostaa-kristalli-metamfetamiinia-verkossa\/#Elevate_Your_Experience_with_Premium_Methamphetamine\" >Paranna kokemustasi Premium-metamfetamiinilla<\/a><\/li><li class='ez-toc-page-1 ez-toc-heading-level-3'><a class=\"ez-toc-link ez-toc-heading-3\" href=\"https:\/\/hexchemicals.com\/fi\/product\/ostaa-kristalli-metamfetamiinia-verkossa\/#The_Problem_Challenges_in_Sourcing_High-Quality_Methamphetamine\" >Ongelma: Korkealaatuisen metamfetamiinin hankintaan liittyv\u00e4t haasteet<\/a><\/li><li class='ez-toc-page-1 ez-toc-heading-level-3'><a class=\"ez-toc-link ez-toc-heading-4\" href=\"https:\/\/hexchemicals.com\/fi\/product\/ostaa-kristalli-metamfetamiinia-verkossa\/#The_Solution_Premium-Grade_Methamphetamine\" >Ratkaisu: Ensiluokkainen metamfetamiini<\/a><\/li><li class='ez-toc-page-1 ez-toc-heading-level-3'><a class=\"ez-toc-link ez-toc-heading-5\" href=\"https:\/\/hexchemicals.com\/fi\/product\/ostaa-kristalli-metamfetamiinia-verkossa\/#Key_Features_and_Benefits\" >T\u00e4rkeimm\u00e4t ominaisuudet ja edut<\/a><ul class='ez-toc-list-level-4' ><li class='ez-toc-heading-level-4'><a class=\"ez-toc-link ez-toc-heading-6\" href=\"https:\/\/hexchemicals.com\/fi\/product\/ostaa-kristalli-metamfetamiinia-verkossa\/#1_Exceptional_Quality\" >1. Poikkeuksellinen laatu<\/a><\/li><li class='ez-toc-page-1 ez-toc-heading-level-4'><a class=\"ez-toc-link ez-toc-heading-7\" href=\"https:\/\/hexchemicals.com\/fi\/product\/ostaa-kristalli-metamfetamiinia-verkossa\/#2_Reliable_Supply\" >2. Luotettava toimitus<\/a><\/li><li class='ez-toc-page-1 ez-toc-heading-level-4'><a class=\"ez-toc-link ez-toc-heading-8\" href=\"https:\/\/hexchemicals.com\/fi\/product\/ostaa-kristalli-metamfetamiinia-verkossa\/#3_Easy_and_Private_Ordering\" >3. Helppo ja yksityinen tilaus<\/a><\/li><\/ul><\/li><li class='ez-toc-page-1 ez-toc-heading-level-3'><a class=\"ez-toc-link ez-toc-heading-9\" href=\"https:\/\/hexchemicals.com\/fi\/product\/ostaa-kristalli-metamfetamiinia-verkossa\/#Why_Choose_Our_Methamphetamine\" >Miksi valita metamfetamiinimme?<\/a><\/li><li class='ez-toc-page-1 ez-toc-heading-level-3'><a class=\"ez-toc-link ez-toc-heading-10\" href=\"https:\/\/hexchemicals.com\/fi\/product\/ostaa-kristalli-metamfetamiinia-verkossa\/#How_to_Buy_Crystal_Methamphetamine_Online\" >Miten ostaa kristallimetamfetamiinia verkossa<\/a><\/li><li class='ez-toc-page-1 ez-toc-heading-level-3'><a class=\"ez-toc-link ez-toc-heading-11\" href=\"https:\/\/hexchemicals.com\/fi\/product\/ostaa-kristalli-metamfetamiinia-verkossa\/#FAQs\" >UKK<\/a><\/li><li class='ez-toc-page-1 ez-toc-heading-level-3'><a class=\"ez-toc-link ez-toc-heading-12\" href=\"https:\/\/hexchemicals.com\/fi\/product\/ostaa-kristalli-metamfetamiinia-verkossa\/#Call_to_Action_Enhance_Your_Experience_Today\" >Kehotus toimintaan: Paranna kokemustasi t\u00e4n\u00e4\u00e4n<\/a><ul class='ez-toc-list-level-4' ><li class='ez-toc-heading-level-4'><a class=\"ez-toc-link ez-toc-heading-13\" href=\"https:\/\/hexchemicals.com\/fi\/product\/ostaa-kristalli-metamfetamiinia-verkossa\/#Buy_Crystal_Methamphetamine_Online_Now\" >Osta Crystal Methamphetamine Online nyt<\/a><\/li><\/ul><\/li><\/ul><\/li><\/ul><\/li><\/ul><\/nav><\/div>\n<h1><span class=\"ez-toc-section\" id=\"Buy_Methamphetamine_%E2%80%93_Buy_Crystal_Meth\"><\/span><strong>Osta metamfetamiinia - Osta Crystal Meth<\/strong><span class=\"ez-toc-section-end\"><\/span><\/h1>\n<h3><span class=\"ez-toc-section\" id=\"Elevate_Your_Experience_with_Premium_Methamphetamine\"><\/span><strong>Paranna kokemustasi Premium-metamfetamiinilla<\/strong><span class=\"ez-toc-section-end\"><\/span><\/h3>\n<p>Osta kristallimetamfetamiinia verkossa - Metamfetamiini tarjoaa korkealaatuista virkistyskokemusta etsiville vertaansa vailla olevaa tehoa ja johdonmukaisuutta. Olitpa sitten kokenut k\u00e4ytt\u00e4j\u00e4 tai tutustumassa johonkin uuteen, luotettavan, puhtaan tarjonnan saatavuus on avain nautinnon ja turvallisuuden maksimointiin.<\/p>\n<p>Metamfetamiinimme on suunniteltu niille, jotka pit\u00e4v\u00e4t laatua t\u00e4rkeimp\u00e4n\u00e4, varmistaen poikkeuksellisen kokemuksen joka kerta. Halusitpa sitten kristalli- tai jauhemuodossa, me tarjoamme huomaamattoman ja luotettavan ratkaisun, joka on r\u00e4\u00e4t\u00e4l\u00f6ity mieltymystesi mukaan.<\/p>\n<h3><span class=\"ez-toc-section\" id=\"The_Problem_Challenges_in_Sourcing_High-Quality_Methamphetamine\"><\/span><strong>Ongelma: Korkealaatuisen metamfetamiinin hankintaan liittyv\u00e4t haasteet<\/strong><span class=\"ez-toc-section-end\"><\/span><\/h3>\n<p>Vapaa-ajan k\u00e4ytt\u00e4j\u00e4t kohtaavat usein esteit\u00e4 yritt\u00e4ess\u00e4\u00e4n l\u00f6yt\u00e4\u00e4 metamfetamiinia:<\/p>\n<ul>\n<li><strong>Ep\u00e4johdonmukainen laatu:<\/strong> Ep\u00e4puhtaudet ja heikkolaatuiset tuotteet voivat aiheuttaa ei-toivottuja vaikutuksia.<\/li>\n<li><strong>Ep\u00e4luotettavat toimittajat:<\/strong> Luottamuksen ja l\u00e4pin\u00e4kyvyyden puute hankinnassa voi vaarantaa kokemuksesi.<\/li>\n<li><strong>Huomaamaton p\u00e4\u00e4sy:<\/strong> Monien on vaikea hankkia metamfetamiinia vaarantamatta yksityisyytt\u00e4.<\/li>\n<\/ul>\n<h3><span class=\"ez-toc-section\" id=\"The_Solution_Premium-Grade_Methamphetamine\"><\/span><strong>Ratkaisu: Ensiluokkainen metamfetamiini<\/strong><span class=\"ez-toc-section-end\"><\/span><\/h3>\n<p>Metamfetamiinimme on paras valinta virkistysk\u00e4ytt\u00e4jille, jotka vaativat johdonmukaisuutta, puhtautta ja hienovaraisuutta.<\/p>\n<ul>\n<li><strong>Ylivoimainen puhtaus:<\/strong> 99%-puhtaus ylitt\u00e4\u00e4 99%-puhtauden, mik\u00e4 takaa sujuvan ja luotettavan k\u00e4ytt\u00f6kokemuksen.<\/li>\n<li><strong>Hienovarainen toimitus:<\/strong> Turvallinen, yksityinen pakkaus varmistaa, ett\u00e4 tilauksesi saapuu perille turvallisesti ja luottamuksellisesti.<\/li>\n<li><strong>Kristalli- ja jauhevaihtoehdot:<\/strong> R\u00e4\u00e4t\u00e4l\u00f6ity vastaamaan yksil\u00f6llisi\u00e4 mieltymyksi\u00e4si.<\/li>\n<\/ul>\n<h3><span class=\"ez-toc-section\" id=\"Key_Features_and_Benefits\"><\/span><strong>T\u00e4rkeimm\u00e4t ominaisuudet ja edut<\/strong><span class=\"ez-toc-section-end\"><\/span><\/h3>\n<h4><span class=\"ez-toc-section\" id=\"1_Exceptional_Quality\"><\/span><strong>1. Poikkeuksellinen laatu<\/strong><span class=\"ez-toc-section-end\"><\/span><\/h4>\n<ul>\n<li><strong>Johdonmukainen kokemus:<\/strong> Nauti samasta korkealaatuisesta tuotteesta joka kerta.<\/li>\n<li><strong>Parannetut tehosteet:<\/strong> Puhdas metamfetamiini tarjoaa miellytt\u00e4v\u00e4mm\u00e4n ja tehokkaamman kokemuksen.<\/li>\n<\/ul>\n<h4><span class=\"ez-toc-section\" id=\"2_Reliable_Supply\"><\/span><strong>2. Luotettava toimitus<\/strong><span class=\"ez-toc-section-end\"><\/span><\/h4>\n<ul>\n<li><strong>Turvallinen toimitus:<\/strong> Tilauksesi l\u00e4hetet\u00e4\u00e4n huolellisesti yksityisyyden takaamiseksi.<\/li>\n<li><strong>Saatavuus:<\/strong> Useita vaihtoehtoja tarpeisiisi sopivaksi, halusitpa sitten kide- tai jauhemuodossa.<\/li>\n<\/ul>\n<h4><span class=\"ez-toc-section\" id=\"3_Easy_and_Private_Ordering\"><\/span><strong>3. Helppo ja yksityinen tilaus<\/strong><span class=\"ez-toc-section-end\"><\/span><\/h4>\n<ul>\n<li>Suoraviivainen tilausprosessi ja huomaamaton, nopea toimitus.<\/li>\n<\/ul>\n<h3><span class=\"ez-toc-section\" id=\"Why_Choose_Our_Methamphetamine\"><\/span><strong>Miksi valita metamfetamiinimme?<\/strong><span class=\"ez-toc-section-end\"><\/span><\/h3>\n<ol>\n<li><strong>Verraton puhtaus:<\/strong> Huolellisesti valmistettu korkeimman laadun ja johdonmukaisuuden varmistamiseksi.<\/li>\n<li><strong>Tuhansien luottamus:<\/strong> Asiakkaamme luottavat siihen, ett\u00e4 saamme turvallisen ja huomaamattoman ostokokemuksen.<\/li>\n<li><strong>Asiakaskeskeinen palvelu:<\/strong> Omistautunut tiimi on valmis auttamaan sinua kaikissa vaiheissa.<\/li>\n<\/ol>\n<h3><span class=\"ez-toc-section\" id=\"How_to_Buy_Crystal_Methamphetamine_Online\"><\/span><strong>Miten ostaa kristallimetamfetamiinia verkossa<\/strong><span class=\"ez-toc-section-end\"><\/span><\/h3>\n<ol>\n<li><strong>Selaa vaihtoehtoja:<\/strong> Valitse kristalli- tai jauhemuodoista, joita on saatavilla eri m\u00e4\u00e4ri\u00e4.<\/li>\n<li><strong>Lis\u00e4\u00e4 ostoskoriin:<\/strong> Suorita ostoksesi turvallisesti yksityisen kassaj\u00e4rjestelm\u00e4mme avulla.<\/li>\n<li><strong>Nauti nopeasta toimituksesta:<\/strong> Tilaukset toimitetaan nopeasti ja t\u00e4ysin harkiten.<\/li>\n<\/ol>\n<h3><span class=\"ez-toc-section\" id=\"FAQs\"><\/span><strong>UKK<\/strong><span class=\"ez-toc-section-end\"><\/span><\/h3>\n<p><strong>1. Voinko ostaa kristallimetamfetamiinia verkosta turvallisesti?<\/strong><br \/>\nKyll\u00e4, asetamme etusijalle harkinnanvaraisuuden ja turvalliset maksutapahtumat varmistaaksemme mielenrauhasi.<\/p>\n<p><strong>2. Miten tuote toimitetaan?<\/strong><br \/>\nKaikki tilaukset l\u00e4hetet\u00e4\u00e4n huomaamattomassa, merkitsem\u00e4tt\u00f6m\u00e4ss\u00e4 pakkauksessa, joka takaa maksimaalisen yksityisyyden.<\/p>\n<p><strong>3. Mit\u00e4 metamfetamiinin muotoja on saatavilla?<\/strong><br \/>\nTarjoamme sek\u00e4 kristalli- ett\u00e4 jauhemuotoja henkil\u00f6kohtaisten mieltymystesi mukaan.<\/p>\n<h3><span class=\"ez-toc-section\" id=\"Call_to_Action_Enhance_Your_Experience_Today\"><\/span><strong>Kehotus toimintaan: Paranna kokemustasi t\u00e4n\u00e4\u00e4n<\/strong><span class=\"ez-toc-section-end\"><\/span><\/h3>\n<p>Paranna virkistysk\u00e4ytt\u00f6\u00e4si korkealaatuisella metamfetamiinilla. L\u00f6yd\u00e4 luotettava l\u00e4hde johdonmukaisille, huomaamattomille ja ylivoimaisille tuotteille.<\/p>\n<h4><span class=\"ez-toc-section\" id=\"Buy_Crystal_Methamphetamine_Online_Now\"><\/span><strong>Osta Crystal Methamphetamine Online nyt<\/strong><span class=\"ez-toc-section-end\"><\/span><\/h4>\n<p>Tilaa jo t\u00e4n\u00e4\u00e4n ja koe laadun ja luotettavuuden ero!<\/p>","protected":false},"excerpt":{"rendered":"<p>Osta metamfetamiinia - Osta kristallimetamfetamiinia Nosta kokemuksesi Premium metamfetamiinilla Osta kristallimetamfetamiinia verkossa - Niille, jotka etsiv\u00e4t<\/p>","protected":false},"featured_media":9510,"comment_status":"open","ping_status":"closed","template":"","meta":[],"product_brand":[],"product_cat":[71],"product_tag":[],"class_list":{"0":"post-9509","1":"product","2":"type-product","3":"status-publish","4":"has-post-thumbnail","6":"product_cat-amphetamine","8":"first","9":"instock","10":"shipping-taxable","11":"purchasable","12":"product-type-variable"},"yoast_head":"<!-- This site is optimized with the Yoast SEO plugin v27.3 - https:\/\/yoast.com\/product\/yoast-seo-wordpress\/ -->\n<title>Buy crystal methamphetamine online - Hexchemicals<\/title>\n<meta name=\"description\" content=\"Explore premium-quality Methamphetamine for recreational use. Buy crystal methamphetamine online safely and discreetly. High-purity options available.\" \/>\n<meta name=\"robots\" content=\"index, follow, max-snippet:-1, max-image-preview:large, max-video-preview:-1\" \/>\n<link rel=\"canonical\" href=\"https:\/\/hexchemicals.com\/fi\/product\/ostaa-kristalli-metamfetamiinia-verkossa\/\" \/>\n<meta property=\"og:locale\" content=\"fi_FI\" \/>\n<meta property=\"og:type\" content=\"article\" \/>\n<meta property=\"og:title\" content=\"Buy crystal methamphetamine online - Hexchemicals\" \/>\n<meta property=\"og:description\" content=\"Explore premium-quality Methamphetamine for recreational use. Buy crystal methamphetamine online safely and discreetly. High-purity options available.\" \/>\n<meta property=\"og:url\" content=\"https:\/\/hexchemicals.com\/fi\/product\/ostaa-kristalli-metamfetamiinia-verkossa\/\" \/>\n<meta property=\"og:site_name\" content=\"Hexchemicals\" \/>\n<meta property=\"article:modified_time\" content=\"2025-12-19T05:07:34+00:00\" \/>\n<meta property=\"og:image\" content=\"https:\/\/hexchemicals.com\/wp-content\/uploads\/2024\/12\/Buy-crystal-methamphetamine-online.png\" \/>\n\t<meta property=\"og:image:width\" content=\"1654\" \/>\n\t<meta property=\"og:image:height\" content=\"1523\" \/>\n\t<meta property=\"og:image:type\" content=\"image\/png\" \/>\n<meta name=\"twitter:card\" content=\"summary_large_image\" \/>\n<meta name=\"twitter:label1\" content=\"Arvioitu lukuaika\" \/>\n\t<meta name=\"twitter:data1\" content=\"3 minuuttia\" \/>\n<script type=\"application\/ld+json\" class=\"yoast-schema-graph\">{\"@context\":\"https:\\\/\\\/schema.org\",\"@graph\":[{\"@type\":\"WebPage\",\"@id\":\"https:\\\/\\\/hexchemicals.com\\\/product\\\/buy-crystal-methamphetamine-online\\\/\",\"url\":\"https:\\\/\\\/hexchemicals.com\\\/product\\\/buy-crystal-methamphetamine-online\\\/\",\"name\":\"Buy crystal methamphetamine online - Hexchemicals\",\"isPartOf\":{\"@id\":\"https:\\\/\\\/hexchemicals.com\\\/#website\"},\"primaryImageOfPage\":{\"@id\":\"https:\\\/\\\/hexchemicals.com\\\/product\\\/buy-crystal-methamphetamine-online\\\/#primaryimage\"},\"image\":{\"@id\":\"https:\\\/\\\/hexchemicals.com\\\/product\\\/buy-crystal-methamphetamine-online\\\/#primaryimage\"},\"thumbnailUrl\":\"https:\\\/\\\/hexchemicals.com\\\/wp-content\\\/uploads\\\/2024\\\/12\\\/Buy-crystal-methamphetamine-online.png\",\"datePublished\":\"2024-12-08T18:19:35+00:00\",\"dateModified\":\"2025-12-19T05:07:34+00:00\",\"description\":\"Explore premium-quality Methamphetamine for recreational use. Buy crystal methamphetamine online safely and discreetly. High-purity options available.\",\"breadcrumb\":{\"@id\":\"https:\\\/\\\/hexchemicals.com\\\/product\\\/buy-crystal-methamphetamine-online\\\/#breadcrumb\"},\"inLanguage\":\"fi\",\"potentialAction\":[{\"@type\":\"ReadAction\",\"target\":[\"https:\\\/\\\/hexchemicals.com\\\/product\\\/buy-crystal-methamphetamine-online\\\/\"]}]},{\"@type\":\"ImageObject\",\"inLanguage\":\"fi\",\"@id\":\"https:\\\/\\\/hexchemicals.com\\\/product\\\/buy-crystal-methamphetamine-online\\\/#primaryimage\",\"url\":\"https:\\\/\\\/hexchemicals.com\\\/wp-content\\\/uploads\\\/2024\\\/12\\\/Buy-crystal-methamphetamine-online.png\",\"contentUrl\":\"https:\\\/\\\/hexchemicals.com\\\/wp-content\\\/uploads\\\/2024\\\/12\\\/Buy-crystal-methamphetamine-online.png\",\"width\":1654,\"height\":1523,\"caption\":\"Buy crystal methamphetamine online\"},{\"@type\":\"BreadcrumbList\",\"@id\":\"https:\\\/\\\/hexchemicals.com\\\/product\\\/buy-crystal-methamphetamine-online\\\/#breadcrumb\",\"itemListElement\":[{\"@type\":\"ListItem\",\"position\":1,\"name\":\"Home\",\"item\":\"https:\\\/\\\/hexchemicals.com\\\/\"},{\"@type\":\"ListItem\",\"position\":2,\"name\":\"Shop\",\"item\":\"https:\\\/\\\/hexchemicals.com\\\/shop\\\/\"},{\"@type\":\"ListItem\",\"position\":3,\"name\":\"Methamphetamine\"}]},{\"@type\":\"WebSite\",\"@id\":\"https:\\\/\\\/hexchemicals.com\\\/#website\",\"url\":\"https:\\\/\\\/hexchemicals.com\\\/\",\"name\":\"Hexchemicals\",\"description\":\"Buy GBL, GHB, Amphetamine and Ketamine\",\"potentialAction\":[{\"@type\":\"SearchAction\",\"target\":{\"@type\":\"EntryPoint\",\"urlTemplate\":\"https:\\\/\\\/hexchemicals.com\\\/?s={search_term_string}\"},\"query-input\":{\"@type\":\"PropertyValueSpecification\",\"valueRequired\":true,\"valueName\":\"search_term_string\"}}],\"inLanguage\":\"fi\"}]}<\/script>\n<!-- \/ Yoast SEO plugin. -->","yoast_head_json":{"title":"Osta kristallimetamfetamiinia verkossa - Hexchemicals","description":"Tutustu korkealaatuiseen metamfetamiiniin virkistysk\u00e4ytt\u00f6\u00f6n. Osta kristallimetamfetamiinia verkossa turvallisesti ja huomaamattomasti. Saatavilla on eritt\u00e4in puhtaita vaihtoehtoja.","robots":{"index":"index","follow":"follow","max-snippet":"max-snippet:-1","max-image-preview":"max-image-preview:large","max-video-preview":"max-video-preview:-1"},"canonical":"https:\/\/hexchemicals.com\/fi\/product\/ostaa-kristalli-metamfetamiinia-verkossa\/","og_locale":"fi_FI","og_type":"article","og_title":"Buy crystal methamphetamine online - Hexchemicals","og_description":"Explore premium-quality Methamphetamine for recreational use. Buy crystal methamphetamine online safely and discreetly. High-purity options available.","og_url":"https:\/\/hexchemicals.com\/fi\/product\/ostaa-kristalli-metamfetamiinia-verkossa\/","og_site_name":"Hexchemicals","article_modified_time":"2025-12-19T05:07:34+00:00","og_image":[{"width":1654,"height":1523,"url":"https:\/\/hexchemicals.com\/wp-content\/uploads\/2024\/12\/Buy-crystal-methamphetamine-online.png","type":"image\/png"}],"twitter_card":"summary_large_image","twitter_misc":{"Arvioitu lukuaika":"3 minuuttia"},"schema":{"@context":"https:\/\/schema.org","@graph":[{"@type":"WebPage","@id":"https:\/\/hexchemicals.com\/product\/buy-crystal-methamphetamine-online\/","url":"https:\/\/hexchemicals.com\/product\/buy-crystal-methamphetamine-online\/","name":"Osta kristallimetamfetamiinia verkossa - Hexchemicals","isPartOf":{"@id":"https:\/\/hexchemicals.com\/#website"},"primaryImageOfPage":{"@id":"https:\/\/hexchemicals.com\/product\/buy-crystal-methamphetamine-online\/#primaryimage"},"image":{"@id":"https:\/\/hexchemicals.com\/product\/buy-crystal-methamphetamine-online\/#primaryimage"},"thumbnailUrl":"https:\/\/hexchemicals.com\/wp-content\/uploads\/2024\/12\/Buy-crystal-methamphetamine-online.png","datePublished":"2024-12-08T18:19:35+00:00","dateModified":"2025-12-19T05:07:34+00:00","description":"Tutustu korkealaatuiseen metamfetamiiniin virkistysk\u00e4ytt\u00f6\u00f6n. Osta kristallimetamfetamiinia verkossa turvallisesti ja huomaamattomasti. Saatavilla on eritt\u00e4in puhtaita vaihtoehtoja.","breadcrumb":{"@id":"https:\/\/hexchemicals.com\/product\/buy-crystal-methamphetamine-online\/#breadcrumb"},"inLanguage":"fi","potentialAction":[{"@type":"ReadAction","target":["https:\/\/hexchemicals.com\/product\/buy-crystal-methamphetamine-online\/"]}]},{"@type":"ImageObject","inLanguage":"fi","@id":"https:\/\/hexchemicals.com\/product\/buy-crystal-methamphetamine-online\/#primaryimage","url":"https:\/\/hexchemicals.com\/wp-content\/uploads\/2024\/12\/Buy-crystal-methamphetamine-online.png","contentUrl":"https:\/\/hexchemicals.com\/wp-content\/uploads\/2024\/12\/Buy-crystal-methamphetamine-online.png","width":1654,"height":1523,"caption":"Buy crystal methamphetamine online"},{"@type":"BreadcrumbList","@id":"https:\/\/hexchemicals.com\/product\/buy-crystal-methamphetamine-online\/#breadcrumb","itemListElement":[{"@type":"ListItem","position":1,"name":"Home","item":"https:\/\/hexchemicals.com\/"},{"@type":"ListItem","position":2,"name":"Shop","item":"https:\/\/hexchemicals.com\/shop\/"},{"@type":"ListItem","position":3,"name":"Methamphetamine"}]},{"@type":"WebSite","@id":"https:\/\/hexchemicals.com\/#website","url":"https:\/\/hexchemicals.com\/","name":"Heksakemikaalit","description":"Osta GBL, GHB, amfetamiini ja ketamiini.","potentialAction":[{"@type":"SearchAction","target":{"@type":"EntryPoint","urlTemplate":"https:\/\/hexchemicals.com\/?s={search_term_string}"},"query-input":{"@type":"PropertyValueSpecification","valueRequired":true,"valueName":"search_term_string"}}],"inLanguage":"fi"}]}},"_links":{"self":[{"href":"https:\/\/hexchemicals.com\/fi\/wp-json\/wp\/v2\/product\/9509","targetHints":{"allow":["GET"]}}],"collection":[{"href":"https:\/\/hexchemicals.com\/fi\/wp-json\/wp\/v2\/product"}],"about":[{"href":"https:\/\/hexchemicals.com\/fi\/wp-json\/wp\/v2\/types\/product"}],"replies":[{"embeddable":true,"href":"https:\/\/hexchemicals.com\/fi\/wp-json\/wp\/v2\/comments?post=9509"}],"wp:featuredmedia":[{"embeddable":true,"href":"https:\/\/hexchemicals.com\/fi\/wp-json\/wp\/v2\/media\/9510"}],"wp:attachment":[{"href":"https:\/\/hexchemicals.com\/fi\/wp-json\/wp\/v2\/media?parent=9509"}],"wp:term":[{"taxonomy":"product_brand","embeddable":true,"href":"https:\/\/hexchemicals.com\/fi\/wp-json\/wp\/v2\/product_brand?post=9509"},{"taxonomy":"product_cat","embeddable":true,"href":"https:\/\/hexchemicals.com\/fi\/wp-json\/wp\/v2\/product_cat?post=9509"},{"taxonomy":"product_tag","embeddable":true,"href":"https:\/\/hexchemicals.com\/fi\/wp-json\/wp\/v2\/product_tag?post=9509"}],"curies":[{"name":"wp","href":"https:\/\/api.w.org\/{rel}","templated":true}]}}