{"id":9519,"date":"2024-12-08T19:54:08","date_gmt":"2024-12-08T19:54:08","guid":{"rendered":"https:\/\/hexchemicals.com\/?post_type=product&#038;p=9519"},"modified":"2026-02-18T08:40:23","modified_gmt":"2026-02-18T08:40:23","slug":"ostaa-amfetamiinia-jauhe","status":"publish","type":"product","link":"https:\/\/hexchemicals.com\/fi\/product\/ostaa-amfetamiinia-jauhe\/","title":{"rendered":"Amfetamiinijauhe"},"content":{"rendered":"<div id=\"ez-toc-container\" class=\"ez-toc-v2_0_82_2 counter-hierarchy ez-toc-counter ez-toc-grey ez-toc-container-direction\">\n<div class=\"ez-toc-title-container\">\n<p class=\"ez-toc-title\" style=\"cursor:inherit\">Sis\u00e4llysluettelo<\/p>\n<span class=\"ez-toc-title-toggle\"><a href=\"#\" class=\"ez-toc-pull-right ez-toc-btn ez-toc-btn-xs ez-toc-btn-default ez-toc-toggle\" aria-label=\"Sis\u00e4llysluettelon vaihtaminen\"><span class=\"ez-toc-js-icon-con\"><span class=\"\"><span class=\"eztoc-hide\" style=\"display:none;\">Toggle<\/span><span class=\"ez-toc-icon-toggle-span\"><svg style=\"fill: #333333;color:#333333\" xmlns=\"http:\/\/www.w3.org\/2000\/svg\" class=\"list-377408\" width=\"20px\" height=\"20px\" viewbox=\"0 0 24 24\" fill=\"none\"><path d=\"M6 6H4v2h2V6zm14 0H8v2h12V6zM4 11h2v2H4v-2zm16 0H8v2h12v-2zM4 16h2v2H4v-2zm16 0H8v2h12v-2z\" fill=\"currentColor\"><\/path><\/svg><svg style=\"fill: #333333;color:#333333\" class=\"arrow-unsorted-368013\" xmlns=\"http:\/\/www.w3.org\/2000\/svg\" width=\"10px\" height=\"10px\" viewbox=\"0 0 24 24\" version=\"1.2\" baseprofile=\"tiny\"><path d=\"M18.2 9.3l-6.2-6.3-6.2 6.3c-.2.2-.3.4-.3.7s.1.5.3.7c.2.2.4.3.7.3h11c.3 0 .5-.1.7-.3.2-.2.3-.5.3-.7s-.1-.5-.3-.7zM5.8 14.7l6.2 6.3 6.2-6.3c.2-.2.3-.5.3-.7s-.1-.5-.3-.7c-.2-.2-.4-.3-.7-.3h-11c-.3 0-.5.1-.7.3-.2.2-.3.5-.3.7s.1.5.3.7z\"\/><\/svg><\/span><\/span><\/span><\/a><\/span><\/div>\n<nav><ul class='ez-toc-list ez-toc-list-level-1' ><li class='ez-toc-page-1 ez-toc-heading-level-3'><a class=\"ez-toc-link ez-toc-heading-1\" href=\"https:\/\/hexchemicals.com\/fi\/product\/ostaa-amfetamiinia-jauhe\/#Rediscover_Your_Potential_with_Amphetamine_Powder_%E2%80%93_Buy_Amphetamine_sulfate\" >L\u00f6yd\u00e4 potentiaalisi uudelleen amfetamiinijauheella - Osta amfetamiinisulfaattia<\/a><\/li><li class='ez-toc-page-1 ez-toc-heading-level-3'><a class=\"ez-toc-link ez-toc-heading-2\" href=\"https:\/\/hexchemicals.com\/fi\/product\/ostaa-amfetamiinia-jauhe\/#The_Problem_Challenges_Faced_by_Those_with_ADHD_and_Narcolepsy\" >Ongelma: ADHD:t\u00e4 ja narkolepsiaa sairastavien haasteet.<\/a><\/li><li class='ez-toc-page-1 ez-toc-heading-level-3'><a class=\"ez-toc-link ez-toc-heading-3\" href=\"https:\/\/hexchemicals.com\/fi\/product\/ostaa-amfetamiinia-jauhe\/#The_Solution_High-Quality_Amphetamine_Powder\" >Ratkaisu: Laadukas amfetamiinijauhe<\/a><ul class='ez-toc-list-level-4' ><li class='ez-toc-heading-level-4'><a class=\"ez-toc-link ez-toc-heading-4\" href=\"https:\/\/hexchemicals.com\/fi\/product\/ostaa-amfetamiinia-jauhe\/#Applications_and_Benefits\" >Sovellukset ja hy\u00f6dyt<\/a><\/li><\/ul><\/li><li class='ez-toc-page-1 ez-toc-heading-level-3'><a class=\"ez-toc-link ez-toc-heading-5\" href=\"https:\/\/hexchemicals.com\/fi\/product\/ostaa-amfetamiinia-jauhe\/#How_Amphetamine_Powder_Works\" >Miten amfetamiinijauhe toimii<\/a><\/li><li class='ez-toc-page-1 ez-toc-heading-level-3'><a class=\"ez-toc-link ez-toc-heading-6\" href=\"https:\/\/hexchemicals.com\/fi\/product\/ostaa-amfetamiinia-jauhe\/#Why_Choose_Our_Amphetamine_Powder\" >Miksi valita amfetamiinijauheemme?<\/a><\/li><li class='ez-toc-page-1 ez-toc-heading-level-3'><a class=\"ez-toc-link ez-toc-heading-7\" href=\"https:\/\/hexchemicals.com\/fi\/product\/ostaa-amfetamiinia-jauhe\/#FAQs\" >UKK<\/a><\/li><li class='ez-toc-page-1 ez-toc-heading-level-3'><a class=\"ez-toc-link ez-toc-heading-8\" href=\"https:\/\/hexchemicals.com\/fi\/product\/ostaa-amfetamiinia-jauhe\/#Take_Control_of_Your_Life_Today\" >Ota el\u00e4m\u00e4si hallintaasi t\u00e4n\u00e4\u00e4n<\/a><ul class='ez-toc-list-level-4' ><li class='ez-toc-heading-level-4'><a class=\"ez-toc-link ez-toc-heading-9\" href=\"https:\/\/hexchemicals.com\/fi\/product\/ostaa-amfetamiinia-jauhe\/#Buy_Amphetamine_Powder_Now\" >Osta amfetamiinia jauhe nyt<\/a><\/li><\/ul><\/li><\/ul><\/nav><\/div>\n<h3><span class=\"ez-toc-section\" id=\"Rediscover_Your_Potential_with_Amphetamine_Powder_%E2%80%93_Buy_Amphetamine_sulfate\"><\/span><strong>L\u00f6yd\u00e4 potentiaalisi uudelleen amfetamiinijauheella -\u00a0<\/strong><span class=\"___SText_anxqe-ko_\" data-ui-name=\"Link.Text\">Osta Amfetamiinisulfaatti<\/span><span class=\"ez-toc-section-end\"><\/span><\/h3>\n<p>ADHD:n tai narkolepsian kanssa el\u00e4minen voi olla p\u00e4ivitt\u00e4inen haaste. Keskittymiskyvyn, impulsiivisuuden tai liiallisen p\u00e4iv\u00e4v\u00e4symyksen kanssa kamppaileville henkil\u00f6ille n\u00e4m\u00e4 sairaudet tuntuvat usein vaikealta taistelulta. Oikea ratkaisu voi muuttaa tapasi selviyty\u00e4 el\u00e4m\u00e4n vaatimuksista, auttaa sinua saamaan hallinnan takaisin ja saavuttamaan tavoitteesi.<\/p>\n<p>Amfetamiinijauhe on todistettu liittolainen ADHD:n ja narkolepsian hallinnassa. Se on suunniteltu optimoimaan tarkkaavaisuutta, energiaa ja tuottavuutta, ja se on r\u00e4\u00e4t\u00e4l\u00f6ity niille, jotka haluavat vapauttaa t\u00e4yden potentiaalinsa. Jos etsit luotettavaa ja tehokasta ratkaisua, ensiluokkainen amfetamiinijauheemme on t\u00e4\u00e4ll\u00e4 t\u00e4ytt\u00e4m\u00e4ss\u00e4 tarpeesi.<\/p>\n<h3><span class=\"ez-toc-section\" id=\"The_Problem_Challenges_Faced_by_Those_with_ADHD_and_Narcolepsy\"><\/span><strong>Ongelma: ADHD:t\u00e4 ja narkolepsiaa sairastavien haasteet.<\/strong><span class=\"ez-toc-section-end\"><\/span><\/h3>\n<p>Miljoonat ADHD- ja narkolepsiapotilaat kamppailevat tuottavuuden ja tarkkaavaisuuden yll\u00e4pit\u00e4miseksi:<\/p>\n<ul>\n<li><strong>ADHD:lle:<\/strong> Kyvytt\u00f6myys keskitty\u00e4, impulsiivinen k\u00e4ytt\u00e4ytyminen ja vaikeus pysy\u00e4 j\u00e4rjestyksess\u00e4 voivat h\u00e4irit\u00e4 sek\u00e4 henkil\u00f6kohtaista ett\u00e4 ty\u00f6el\u00e4m\u00e4\u00e4.<\/li>\n<li><strong>Narkolepsiaan:<\/strong> Yliv\u00e4symys ja \u00e4killiset unikohtaukset haittaavat p\u00e4ivitt\u00e4isi\u00e4 toimintoja ja henkil\u00f6kohtaista turvallisuutta.<\/li>\n<li><strong>Rajoitetut ratkaisut:<\/strong> Monet hoidot eiv\u00e4t tuota johdonmukaisia tuloksia tai niill\u00e4 on ei-toivottuja sivuvaikutuksia.<\/li>\n<\/ul>\n<h3><span class=\"ez-toc-section\" id=\"The_Solution_High-Quality_Amphetamine_Powder\"><\/span><strong>Ratkaisu: Laadukas amfetamiinijauhe<\/strong><span class=\"ez-toc-section-end\"><\/span><\/h3>\n<p>Ensiluokkainen amfetamiinijauheemme tarjoaa tieteellisesti perustellun l\u00e4hestymistavan n\u00e4iden oireiden lievitt\u00e4miseen. Riippumatta siit\u00e4, hallitsetko ADHD:t\u00e4 vai taisteletko narkolepsiaa vastaan, se tarjoaa selkeytt\u00e4 ja energiaa, jota tarvitset saadaksesi el\u00e4m\u00e4si takaisin hallintaasi.<\/p>\n<h4><span class=\"ez-toc-section\" id=\"Applications_and_Benefits\"><\/span><strong>Sovellukset ja hy\u00f6dyt<\/strong><span class=\"ez-toc-section-end\"><\/span><\/h4>\n<p><strong>1. Parannettu keskittyminen ja tarkkaavaisuus<\/strong><\/p>\n<ul>\n<li>Kehitetty erityisesti ADHD:hen liittyvien kognitiivisten haasteiden ratkaisemiseksi.<\/li>\n<li>Parantaa teht\u00e4vien hallintaa ja organisointitaitoja.<\/li>\n<li>Auttaa v\u00e4hent\u00e4m\u00e4\u00e4n hyperaktiivisuutta ja impulsiivisuutta.<\/li>\n<\/ul>\n<p><strong>2. Lis\u00e4\u00e4ntynyt energia ja valveillaolo<\/strong><\/p>\n<ul>\n<li>Lievitt\u00e4\u00e4 narkolepsiaa sairastavien henkil\u00f6iden liiallista p\u00e4iv\u00e4aikaista uneliaisuutta.<\/li>\n<li>S\u00e4ilytt\u00e4\u00e4 energiatasot koko p\u00e4iv\u00e4n ilman \u00e4killisi\u00e4 romahduksia.<\/li>\n<\/ul>\n<p><strong>3. Luotettava ja voimakas kaava<\/strong><\/p>\n<ul>\n<li>Myyt\u00e4v\u00e4n\u00e4 korkealaatuisia amfetamiinisuoloja, joiden puhtaus on testattu tarkasti.<\/li>\n<li>Nopeavaikutteinen ja johdonmukainen, joka takaa luotettavat tulokset joka kerta.<\/li>\n<\/ul>\n<h3><span class=\"ez-toc-section\" id=\"How_Amphetamine_Powder_Works\"><\/span><strong>Miten amfetamiinijauhe toimii<\/strong><span class=\"ez-toc-section-end\"><\/span><\/h3>\n<p>Amfetamiinijauhe toimii stimuloimalla aivojen v\u00e4litt\u00e4j\u00e4aineiden, kuten dopamiinin ja noradrenaliinin, vapautumista aivoissa. N\u00e4ill\u00e4 kemikaaleilla on t\u00e4rke\u00e4 rooli keskittymisen, tarkkaavaisuuden ja valveillaolon parantamisessa. ADHD:t\u00e4 sairastaville henkil\u00f6ille t\u00e4m\u00e4 voi tarkoittaa parempaa keskittymist\u00e4 ja v\u00e4hentynytt\u00e4 impulsiivisuutta. Narkolepsiaa sairastaville se merkitsee parempaa valppautta ja p\u00e4iv\u00e4k\u00e4yt\u00f6n tehostumista.<\/p>\n<h3><span class=\"ez-toc-section\" id=\"Why_Choose_Our_Amphetamine_Powder\"><\/span><strong>Miksi valita amfetamiinijauheemme?<\/strong><span class=\"ez-toc-section-end\"><\/span><\/h3>\n<p><strong>1. Ylivoimainen laatu:<\/strong><\/p>\n<ul>\n<li>Huolellisesti valmistettu t\u00e4ytt\u00e4m\u00e4\u00e4n korkeimmat puhtausvaatimukset.<\/li>\n<li>Ei sis\u00e4ll\u00e4 tarpeettomia t\u00e4yteaineita, mik\u00e4 takaa maksimaalisen tehon.<\/li>\n<\/ul>\n<p><strong>2. Tuhansien luottamus:<\/strong><\/p>\n<ul>\n<li>Luotettava ratkaisu, jota tukee positiivinen asiakaspalaute.<\/li>\n<li>K\u00e4ytet\u00e4\u00e4n laajalti sek\u00e4 ADHD:n ett\u00e4 narkolepsian hoitoon.<\/li>\n<\/ul>\n<p><strong>3. Huomaamaton ja luotettava toimitus:<\/strong><\/p>\n<ul>\n<li>Tilaa k\u00e4tev\u00e4sti amfetamiinijauhetta myyt\u00e4v\u00e4ksi verkossa.<\/li>\n<li>Huomaamaton pakkaus takaa yksityisyytesi.<\/li>\n<\/ul>\n<h3><span class=\"ez-toc-section\" id=\"FAQs\"><\/span><strong>UKK<\/strong><span class=\"ez-toc-section-end\"><\/span><\/h3>\n<p><strong>1. Miten voin ostaa amfetamiinijauhetta verkossa?<\/strong><br \/>\nSelaa vain verkkosivustoamme, valitse tarvitsemasi m\u00e4\u00e4r\u00e4 ja suorita turvallinen kassaprosessi.<\/p>\n<p><strong>2. Sopiiko t\u00e4m\u00e4 tuote sek\u00e4 ADHD:hen ett\u00e4 narkolepsiaan?<\/strong><br \/>\nKyll\u00e4, se on suunniteltu puuttumaan molempien tilojen oireisiin tehokkaasti.<\/p>\n<p><strong>3. Mit\u00e4 eroa on amfetamiinijauheella ja amfetamiinisuoloilla?<\/strong><br \/>\nAmfetamiinisuolat ovat amfetamiinin eri isomeerien yhdistelm\u00e4, kun taas amfetamiinijauhe viittaa puhtaaseen muotoon. Molemmat ovat eritt\u00e4in tehokkaita.<\/p>\n<h3><span class=\"ez-toc-section\" id=\"Take_Control_of_Your_Life_Today\"><\/span><strong>Ota el\u00e4m\u00e4si hallintaasi t\u00e4n\u00e4\u00e4n<\/strong><span class=\"ez-toc-section-end\"><\/span><\/h3>\n<p>\u00c4l\u00e4 anna ADHD:n tai narkolepsian pid\u00e4tell\u00e4 sinua. Ensiluokkaisen amfetamiinijauheemme avulla voit saada keskittymisesi, energiasi ja tuottavuutesi takaisin.<\/p>\n<h4><span class=\"ez-toc-section\" id=\"Buy_Amphetamine_Powder_Now\"><\/span><strong>Osta amfetamiinia jauhe nyt<\/strong><span class=\"ez-toc-section-end\"><\/span><\/h4>\n<p>Tilaa jo t\u00e4n\u00e4\u00e4n ja koe tarpeisiisi r\u00e4\u00e4t\u00e4l\u00f6idyn korkealaatuisen ratkaisun ero!<\/p>","protected":false},"excerpt":{"rendered":"<p>L\u00f6yd\u00e4 potentiaalisi uudelleen amfetamiinijauheen avulla - Osta amfetamiinisulfaattia El\u00e4m\u00e4 ADHD:n tai narkolepsian kanssa voi olla p\u00e4ivitt\u00e4inen haaste. Sill\u00e4<\/p>","protected":false},"featured_media":9520,"comment_status":"open","ping_status":"closed","template":"","meta":[],"product_brand":[],"product_cat":[71],"product_tag":[],"class_list":{"0":"post-9519","1":"product","2":"type-product","3":"status-publish","4":"has-post-thumbnail","6":"product_cat-amphetamine","8":"first","9":"instock","10":"shipping-taxable","11":"purchasable","12":"product-type-variable"},"yoast_head":"<!-- This site is optimized with the Yoast SEO plugin v27.3 - https:\/\/yoast.com\/product\/yoast-seo-wordpress\/ -->\n<title>Buy Amphetamine powder - Hexchemicals<\/title>\n<meta name=\"description\" content=\"Buy Amphetamine powder for ADHD and narcolepsy management. High-quality Amphetamine salts for sale. Boost focus, energy, and productivity today.\" \/>\n<meta name=\"robots\" content=\"index, follow, max-snippet:-1, max-image-preview:large, max-video-preview:-1\" \/>\n<link rel=\"canonical\" href=\"https:\/\/hexchemicals.com\/fi\/product\/ostaa-amfetamiinia-jauhe\/\" \/>\n<meta property=\"og:locale\" content=\"fi_FI\" \/>\n<meta property=\"og:type\" content=\"article\" \/>\n<meta property=\"og:title\" content=\"Buy Amphetamine powder - Hexchemicals\" \/>\n<meta property=\"og:description\" content=\"Buy Amphetamine powder for ADHD and narcolepsy management. High-quality Amphetamine salts for sale. Boost focus, energy, and productivity today.\" \/>\n<meta property=\"og:url\" content=\"https:\/\/hexchemicals.com\/fi\/product\/ostaa-amfetamiinia-jauhe\/\" \/>\n<meta property=\"og:site_name\" content=\"Hexchemicals\" \/>\n<meta property=\"article:modified_time\" content=\"2026-02-18T08:40:23+00:00\" \/>\n<meta property=\"og:image\" content=\"https:\/\/hexchemicals.com\/wp-content\/uploads\/2024\/12\/Amphetamine-powder-for-sale.jpg\" \/>\n\t<meta property=\"og:image:width\" content=\"1200\" \/>\n\t<meta property=\"og:image:height\" content=\"1105\" \/>\n\t<meta property=\"og:image:type\" content=\"image\/jpeg\" \/>\n<meta name=\"twitter:card\" content=\"summary_large_image\" \/>\n<meta name=\"twitter:label1\" content=\"Arvioitu lukuaika\" \/>\n\t<meta name=\"twitter:data1\" content=\"3 minuuttia\" \/>\n<script type=\"application\/ld+json\" class=\"yoast-schema-graph\">{\"@context\":\"https:\\\/\\\/schema.org\",\"@graph\":[{\"@type\":\"WebPage\",\"@id\":\"https:\\\/\\\/hexchemicals.com\\\/product\\\/buy-amphetamine-powder\\\/\",\"url\":\"https:\\\/\\\/hexchemicals.com\\\/product\\\/buy-amphetamine-powder\\\/\",\"name\":\"Buy Amphetamine powder - Hexchemicals\",\"isPartOf\":{\"@id\":\"https:\\\/\\\/hexchemicals.com\\\/#website\"},\"primaryImageOfPage\":{\"@id\":\"https:\\\/\\\/hexchemicals.com\\\/product\\\/buy-amphetamine-powder\\\/#primaryimage\"},\"image\":{\"@id\":\"https:\\\/\\\/hexchemicals.com\\\/product\\\/buy-amphetamine-powder\\\/#primaryimage\"},\"thumbnailUrl\":\"https:\\\/\\\/hexchemicals.com\\\/wp-content\\\/uploads\\\/2024\\\/12\\\/Amphetamine-powder-for-sale.jpg\",\"datePublished\":\"2024-12-08T19:54:08+00:00\",\"dateModified\":\"2026-02-18T08:40:23+00:00\",\"description\":\"Buy Amphetamine powder for ADHD and narcolepsy management. High-quality Amphetamine salts for sale. Boost focus, energy, and productivity today.\",\"breadcrumb\":{\"@id\":\"https:\\\/\\\/hexchemicals.com\\\/product\\\/buy-amphetamine-powder\\\/#breadcrumb\"},\"inLanguage\":\"fi\",\"potentialAction\":[{\"@type\":\"ReadAction\",\"target\":[\"https:\\\/\\\/hexchemicals.com\\\/product\\\/buy-amphetamine-powder\\\/\"]}]},{\"@type\":\"ImageObject\",\"inLanguage\":\"fi\",\"@id\":\"https:\\\/\\\/hexchemicals.com\\\/product\\\/buy-amphetamine-powder\\\/#primaryimage\",\"url\":\"https:\\\/\\\/hexchemicals.com\\\/wp-content\\\/uploads\\\/2024\\\/12\\\/Amphetamine-powder-for-sale.jpg\",\"contentUrl\":\"https:\\\/\\\/hexchemicals.com\\\/wp-content\\\/uploads\\\/2024\\\/12\\\/Amphetamine-powder-for-sale.jpg\",\"width\":1200,\"height\":1105,\"caption\":\"Amphetamine powder for sale, Buy Amphetamine powder\"},{\"@type\":\"BreadcrumbList\",\"@id\":\"https:\\\/\\\/hexchemicals.com\\\/product\\\/buy-amphetamine-powder\\\/#breadcrumb\",\"itemListElement\":[{\"@type\":\"ListItem\",\"position\":1,\"name\":\"Home\",\"item\":\"https:\\\/\\\/hexchemicals.com\\\/\"},{\"@type\":\"ListItem\",\"position\":2,\"name\":\"Shop\",\"item\":\"https:\\\/\\\/hexchemicals.com\\\/shop\\\/\"},{\"@type\":\"ListItem\",\"position\":3,\"name\":\"Amphetamine Powder\"}]},{\"@type\":\"WebSite\",\"@id\":\"https:\\\/\\\/hexchemicals.com\\\/#website\",\"url\":\"https:\\\/\\\/hexchemicals.com\\\/\",\"name\":\"Hexchemicals\",\"description\":\"Buy GBL, GHB, Amphetamine and Ketamine\",\"potentialAction\":[{\"@type\":\"SearchAction\",\"target\":{\"@type\":\"EntryPoint\",\"urlTemplate\":\"https:\\\/\\\/hexchemicals.com\\\/?s={search_term_string}\"},\"query-input\":{\"@type\":\"PropertyValueSpecification\",\"valueRequired\":true,\"valueName\":\"search_term_string\"}}],\"inLanguage\":\"fi\"}]}<\/script>\n<!-- \/ Yoast SEO plugin. -->","yoast_head_json":{"title":"Osta amfetamiinijauhe - Hexchemicals","description":"Osta amfetamiinijauhetta ADHD:n ja narkolepsian hoitoon. Laadukkaat amfetamiinisuolat myyt\u00e4v\u00e4n\u00e4. Tehosta keskittymist\u00e4, energiaa ja tuottavuutta jo t\u00e4n\u00e4\u00e4n.","robots":{"index":"index","follow":"follow","max-snippet":"max-snippet:-1","max-image-preview":"max-image-preview:large","max-video-preview":"max-video-preview:-1"},"canonical":"https:\/\/hexchemicals.com\/fi\/product\/ostaa-amfetamiinia-jauhe\/","og_locale":"fi_FI","og_type":"article","og_title":"Buy Amphetamine powder - Hexchemicals","og_description":"Buy Amphetamine powder for ADHD and narcolepsy management. High-quality Amphetamine salts for sale. Boost focus, energy, and productivity today.","og_url":"https:\/\/hexchemicals.com\/fi\/product\/ostaa-amfetamiinia-jauhe\/","og_site_name":"Hexchemicals","article_modified_time":"2026-02-18T08:40:23+00:00","og_image":[{"width":1200,"height":1105,"url":"https:\/\/hexchemicals.com\/wp-content\/uploads\/2024\/12\/Amphetamine-powder-for-sale.jpg","type":"image\/jpeg"}],"twitter_card":"summary_large_image","twitter_misc":{"Arvioitu lukuaika":"3 minuuttia"},"schema":{"@context":"https:\/\/schema.org","@graph":[{"@type":"WebPage","@id":"https:\/\/hexchemicals.com\/product\/buy-amphetamine-powder\/","url":"https:\/\/hexchemicals.com\/product\/buy-amphetamine-powder\/","name":"Osta amfetamiinijauhe - Hexchemicals","isPartOf":{"@id":"https:\/\/hexchemicals.com\/#website"},"primaryImageOfPage":{"@id":"https:\/\/hexchemicals.com\/product\/buy-amphetamine-powder\/#primaryimage"},"image":{"@id":"https:\/\/hexchemicals.com\/product\/buy-amphetamine-powder\/#primaryimage"},"thumbnailUrl":"https:\/\/hexchemicals.com\/wp-content\/uploads\/2024\/12\/Amphetamine-powder-for-sale.jpg","datePublished":"2024-12-08T19:54:08+00:00","dateModified":"2026-02-18T08:40:23+00:00","description":"Osta amfetamiinijauhetta ADHD:n ja narkolepsian hoitoon. Laadukkaat amfetamiinisuolat myyt\u00e4v\u00e4n\u00e4. Tehosta keskittymist\u00e4, energiaa ja tuottavuutta jo t\u00e4n\u00e4\u00e4n.","breadcrumb":{"@id":"https:\/\/hexchemicals.com\/product\/buy-amphetamine-powder\/#breadcrumb"},"inLanguage":"fi","potentialAction":[{"@type":"ReadAction","target":["https:\/\/hexchemicals.com\/product\/buy-amphetamine-powder\/"]}]},{"@type":"ImageObject","inLanguage":"fi","@id":"https:\/\/hexchemicals.com\/product\/buy-amphetamine-powder\/#primaryimage","url":"https:\/\/hexchemicals.com\/wp-content\/uploads\/2024\/12\/Amphetamine-powder-for-sale.jpg","contentUrl":"https:\/\/hexchemicals.com\/wp-content\/uploads\/2024\/12\/Amphetamine-powder-for-sale.jpg","width":1200,"height":1105,"caption":"Amphetamine powder for sale, Buy Amphetamine powder"},{"@type":"BreadcrumbList","@id":"https:\/\/hexchemicals.com\/product\/buy-amphetamine-powder\/#breadcrumb","itemListElement":[{"@type":"ListItem","position":1,"name":"Home","item":"https:\/\/hexchemicals.com\/"},{"@type":"ListItem","position":2,"name":"Shop","item":"https:\/\/hexchemicals.com\/shop\/"},{"@type":"ListItem","position":3,"name":"Amphetamine Powder"}]},{"@type":"WebSite","@id":"https:\/\/hexchemicals.com\/#website","url":"https:\/\/hexchemicals.com\/","name":"Heksakemikaalit","description":"Osta GBL, GHB, amfetamiini ja ketamiini.","potentialAction":[{"@type":"SearchAction","target":{"@type":"EntryPoint","urlTemplate":"https:\/\/hexchemicals.com\/?s={search_term_string}"},"query-input":{"@type":"PropertyValueSpecification","valueRequired":true,"valueName":"search_term_string"}}],"inLanguage":"fi"}]}},"_links":{"self":[{"href":"https:\/\/hexchemicals.com\/fi\/wp-json\/wp\/v2\/product\/9519","targetHints":{"allow":["GET"]}}],"collection":[{"href":"https:\/\/hexchemicals.com\/fi\/wp-json\/wp\/v2\/product"}],"about":[{"href":"https:\/\/hexchemicals.com\/fi\/wp-json\/wp\/v2\/types\/product"}],"replies":[{"embeddable":true,"href":"https:\/\/hexchemicals.com\/fi\/wp-json\/wp\/v2\/comments?post=9519"}],"wp:featuredmedia":[{"embeddable":true,"href":"https:\/\/hexchemicals.com\/fi\/wp-json\/wp\/v2\/media\/9520"}],"wp:attachment":[{"href":"https:\/\/hexchemicals.com\/fi\/wp-json\/wp\/v2\/media?parent=9519"}],"wp:term":[{"taxonomy":"product_brand","embeddable":true,"href":"https:\/\/hexchemicals.com\/fi\/wp-json\/wp\/v2\/product_brand?post=9519"},{"taxonomy":"product_cat","embeddable":true,"href":"https:\/\/hexchemicals.com\/fi\/wp-json\/wp\/v2\/product_cat?post=9519"},{"taxonomy":"product_tag","embeddable":true,"href":"https:\/\/hexchemicals.com\/fi\/wp-json\/wp\/v2\/product_tag?post=9519"}],"curies":[{"name":"wp","href":"https:\/\/api.w.org\/{rel}","templated":true}]}}