{"id":9534,"date":"2024-12-08T23:01:25","date_gmt":"2024-12-08T23:01:25","guid":{"rendered":"https:\/\/hexchemicals.com\/?post_type=product&#038;p=9534"},"modified":"2025-09-19T00:50:03","modified_gmt":"2025-09-19T00:50:03","slug":"ostaa-ketamiini-hcl-kristalli-jauhe-verkossa","status":"publish","type":"product","link":"https:\/\/hexchemicals.com\/fi\/product\/ostaa-ketamiini-hcl-kristalli-jauhe-verkossa\/","title":{"rendered":"Ketamiini jauhe"},"content":{"rendered":"<div id=\"ez-toc-container\" class=\"ez-toc-v2_0_82_2 counter-hierarchy ez-toc-counter ez-toc-grey ez-toc-container-direction\">\n<div class=\"ez-toc-title-container\">\n<p class=\"ez-toc-title\" style=\"cursor:inherit\">Sis\u00e4llysluettelo<\/p>\n<span class=\"ez-toc-title-toggle\"><a href=\"#\" class=\"ez-toc-pull-right ez-toc-btn ez-toc-btn-xs ez-toc-btn-default ez-toc-toggle\" aria-label=\"Sis\u00e4llysluettelon vaihtaminen\"><span class=\"ez-toc-js-icon-con\"><span class=\"\"><span class=\"eztoc-hide\" style=\"display:none;\">Toggle<\/span><span class=\"ez-toc-icon-toggle-span\"><svg style=\"fill: #333333;color:#333333\" xmlns=\"http:\/\/www.w3.org\/2000\/svg\" class=\"list-377408\" width=\"20px\" height=\"20px\" viewbox=\"0 0 24 24\" fill=\"none\"><path d=\"M6 6H4v2h2V6zm14 0H8v2h12V6zM4 11h2v2H4v-2zm16 0H8v2h12v-2zM4 16h2v2H4v-2zm16 0H8v2h12v-2z\" fill=\"currentColor\"><\/path><\/svg><svg style=\"fill: #333333;color:#333333\" class=\"arrow-unsorted-368013\" xmlns=\"http:\/\/www.w3.org\/2000\/svg\" width=\"10px\" height=\"10px\" viewbox=\"0 0 24 24\" version=\"1.2\" baseprofile=\"tiny\"><path d=\"M18.2 9.3l-6.2-6.3-6.2 6.3c-.2.2-.3.4-.3.7s.1.5.3.7c.2.2.4.3.7.3h11c.3 0 .5-.1.7-.3.2-.2.3-.5.3-.7s-.1-.5-.3-.7zM5.8 14.7l6.2 6.3 6.2-6.3c.2-.2.3-.5.3-.7s-.1-.5-.3-.7c-.2-.2-.4-.3-.7-.3h-11c-.3 0-.5.1-.7.3-.2.2-.3.5-.3.7s.1.5.3.7z\"\/><\/svg><\/span><\/span><\/span><\/a><\/span><\/div>\n<nav><ul class='ez-toc-list ez-toc-list-level-1' ><li class='ez-toc-page-1 ez-toc-heading-level-3'><a class=\"ez-toc-link ez-toc-heading-1\" href=\"https:\/\/hexchemicals.com\/fi\/product\/ostaa-ketamiini-hcl-kristalli-jauhe-verkossa\/#Experience_Relief_Like_Never_Before\" >Koe helpotusta kuin koskaan ennen<\/a><\/li><li class='ez-toc-page-1 ez-toc-heading-level-3'><a class=\"ez-toc-link ez-toc-heading-2\" href=\"https:\/\/hexchemicals.com\/fi\/product\/ostaa-ketamiini-hcl-kristalli-jauhe-verkossa\/#What_Makes_Ketamine_So_Effective\" >Mik\u00e4 tekee ketamiinista niin tehokasta?<\/a><\/li><li class='ez-toc-page-1 ez-toc-heading-level-3'><a class=\"ez-toc-link ez-toc-heading-3\" href=\"https:\/\/hexchemicals.com\/fi\/product\/ostaa-ketamiini-hcl-kristalli-jauhe-verkossa\/#Key_Features_of_Ketamine_HCL_Crystal_Powder\" >Ketamiini HCL kristallijauheen t\u00e4rkeimm\u00e4t ominaisuudet<\/a><\/li><li class='ez-toc-page-1 ez-toc-heading-level-3'><a class=\"ez-toc-link ez-toc-heading-4\" href=\"https:\/\/hexchemicals.com\/fi\/product\/ostaa-ketamiini-hcl-kristalli-jauhe-verkossa\/#Who_Can_Benefit\" >Kuka voi hy\u00f6ty\u00e4?<\/a><\/li><li class='ez-toc-page-1 ez-toc-heading-level-3'><a class=\"ez-toc-link ez-toc-heading-5\" href=\"https:\/\/hexchemicals.com\/fi\/product\/ostaa-ketamiini-hcl-kristalli-jauhe-verkossa\/#Customer_Stories\" >Asiakastarinat<\/a><\/li><li class='ez-toc-page-1 ez-toc-heading-level-3'><a class=\"ez-toc-link ez-toc-heading-6\" href=\"https:\/\/hexchemicals.com\/fi\/product\/ostaa-ketamiini-hcl-kristalli-jauhe-verkossa\/#Why_Choose_Us_to_Buy_Ketamine_HCL_Crystal_Powder_Online\" >Miksi valita meid\u00e4t ostamaan Ketamine HCL Crystal Powder Online?<\/a><\/li><li class='ez-toc-page-1 ez-toc-heading-level-3'><a class=\"ez-toc-link ez-toc-heading-7\" href=\"https:\/\/hexchemicals.com\/fi\/product\/ostaa-ketamiini-hcl-kristalli-jauhe-verkossa\/#How_to_Use_Ketamine_Safely\" >Miten ketamiinia k\u00e4ytet\u00e4\u00e4n turvallisesti<\/a><\/li><li class='ez-toc-page-1 ez-toc-heading-level-3'><a class=\"ez-toc-link ez-toc-heading-8\" href=\"https:\/\/hexchemicals.com\/fi\/product\/ostaa-ketamiini-hcl-kristalli-jauhe-verkossa\/#FAQs\" >UKK<\/a><\/li><li class='ez-toc-page-1 ez-toc-heading-level-3'><a class=\"ez-toc-link ez-toc-heading-9\" href=\"https:\/\/hexchemicals.com\/fi\/product\/ostaa-ketamiini-hcl-kristalli-jauhe-verkossa\/#Ready_to_Transform_Your_Life\" >Oletko valmis muuttamaan el\u00e4m\u00e4si?<\/a><\/li><li class='ez-toc-page-1 ez-toc-heading-level-3'><a class=\"ez-toc-link ez-toc-heading-10\" href=\"https:\/\/hexchemicals.com\/fi\/product\/ostaa-ketamiini-hcl-kristalli-jauhe-verkossa\/#Call_to_Action_CTA\" >Toimintakutsu (CTA):<\/a><\/li><\/ul><\/nav><\/div>\n<h3><span class=\"ez-toc-section\" id=\"Experience_Relief_Like_Never_Before\"><\/span><strong>Koe helpotusta kuin koskaan ennen<\/strong><span class=\"ez-toc-section-end\"><\/span><\/h3>\n<p>Osta Ketamiini HCL-kidejauhetta verkossa - Jos olet etsinyt tehokasta hoitoa neuropaattiseen kipuun, kompleksiseen alueelliseen kipuoireyhtym\u00e4\u00e4n (<a href=\"https:\/\/www.mayoclinic.org\/diseases-conditions\/crps-complex-regional-pain-syndrome\/symptoms-causes\/syc-20371151\">CRPS<\/a>), hoitoresistentti masennus (TRD), traumaper\u00e4inen stressih\u00e4iri\u00f6 (<a href=\"https:\/\/www.mayoclinic.org\/diseases-conditions\/post-traumatic-stress-disorder\/symptoms-causes\/syc-20355967#:~:text=Post%2Dtraumatic%20stress%20disorder%20(PTSD)%20is%20a%20mental%20health,uncontrollable%20thoughts%20about%20the%20event.\">PTSD<\/a>) tai kaksisuuntainen mielialah\u00e4iri\u00f6, tied\u00e4t, miten haastavaa voi olla l\u00f6yt\u00e4\u00e4 ratkaisu, joka todella toimii. Perinteiset hoidot j\u00e4\u00e4v\u00e4t usein vajaiksi, jolloin tunnet itsesi jumissa ja toivottomaksi.<\/p>\n<p>Mutta toivoa on. Ketamiini HCL-kidejauhe on uraauurtava vaihtoehto, joka muuttaa lukemattomien yksil\u00f6iden el\u00e4m\u00e4\u00e4. Kamppailitpa sitten fyysisen kivun tai mielenterveyshaasteiden kanssa, t\u00e4m\u00e4 voimakas yhdiste voi olla vastauksesi.<\/p>\n<h3><span class=\"ez-toc-section\" id=\"What_Makes_Ketamine_So_Effective\"><\/span><strong>Mik\u00e4 tekee ketamiinista niin tehokasta?<\/strong><span class=\"ez-toc-section-end\"><\/span><\/h3>\n<p>Ketamiinin ainutlaatuinen toimintamekanismi kohdistuu eri sairauksien perimm\u00e4isiin syihin:<\/p>\n<ul>\n<li><strong>Neuropaattinen kipu ja CRPS:<\/strong> Ketamiini toimii NMDA-reseptoriantagonistina, joka h\u00e4iritsee kroonisesta kivusta johtuvia kipusignaaleja.<\/li>\n<li><strong>TRD JA PTSD:<\/strong> Se nollaa hermoradat nopeasti ja tarjoaa helpotusta silloin, kun perinteiset masennusl\u00e4\u00e4kkeet ep\u00e4onnistuvat.<\/li>\n<li><strong>Kaksisuuntainen mielialah\u00e4iri\u00f6:<\/strong> Ketamiini edist\u00e4\u00e4 neuroplastisuutta, parantaa mielialan vakautta ja emotionaalista joustavuutta.<\/li>\n<\/ul>\n<p>Toisin kuin perinteisill\u00e4 l\u00e4\u00e4kkeill\u00e4, joilla tulosten n\u00e4kyminen voi kest\u00e4\u00e4 viikkoja, ketamiinilla saavutetaan usein tuntuvia parannuksia jo muutamassa tunnissa.<\/p>\n<h3><span class=\"ez-toc-section\" id=\"Key_Features_of_Ketamine_HCL_Crystal_Powder\"><\/span><strong>Ketamiini HCL kristallijauheen t\u00e4rkeimm\u00e4t ominaisuudet<\/strong><span class=\"ez-toc-section-end\"><\/span><\/h3>\n<ol>\n<li><strong>Farmaseuttinen puhtaus:<\/strong>\n<ul>\n<li>Laboratoriotestattu maksimaalisen turvallisuuden ja tehokkuuden varmistamiseksi.<\/li>\n<li>Vapaa ep\u00e4puhtauksista ja ep\u00e4puhtauksista.<\/li>\n<\/ul>\n<\/li>\n<li><strong>Nopea vaikutuksen alkaminen:<\/strong>\n<ul>\n<li>Helpotus alkaa yleens\u00e4 muutamassa tunnissa.<\/li>\n<li>Ihanteellinen kiireellisiin mielenterveys- ja kivunhoitotarpeisiin.<\/li>\n<\/ul>\n<\/li>\n<li><strong>Monipuolinen k\u00e4ytt\u00f6:<\/strong>\n<ul>\n<li>Voidaan antaa useiden eri reittien kautta, kuten suun kautta, intranasaalisesti tai suonensis\u00e4isesti (l\u00e4\u00e4k\u00e4rin valvonnassa).<\/li>\n<\/ul>\n<\/li>\n<li><strong>Kliinisesti todistetut tulokset:<\/strong>\n<ul>\n<li>Lukuisat tutkimukset tukevat sit\u00e4, ja mielenterveyden ja kivunhoidon ammattilaiset ymp\u00e4ri maailmaa tukevat sit\u00e4.<\/li>\n<\/ul>\n<\/li>\n<\/ol>\n<h3><span class=\"ez-toc-section\" id=\"Who_Can_Benefit\"><\/span><strong>Kuka voi hy\u00f6ty\u00e4?<\/strong><span class=\"ez-toc-section-end\"><\/span><\/h3>\n<ul>\n<li><strong>Neuropaattista kipua sairastavat potilaat:<\/strong> Saavutat merkitt\u00e4v\u00e4\u00e4 kivunlievityst\u00e4 ja parannat el\u00e4m\u00e4nlaatuasi.<\/li>\n<li><strong>Henkil\u00f6t, joilla on CRPS:<\/strong> Vapauta itsesi jatkuvasta ep\u00e4mukavuudesta ja hanki liikkuvuus takaisin.<\/li>\n<li><strong>TRD:t\u00e4 ja PTSD:t\u00e4 vastaan taistelevat:<\/strong> Koe nopea mielialan kohoaminen ja valoisampi el\u00e4m\u00e4nkatsomus.<\/li>\n<li><strong>Kaksisuuntaista mielialah\u00e4iri\u00f6t\u00e4 sairastavat:<\/strong> Parempi tunnevakaus ja mielialan vaihteluiden v\u00e4hent\u00e4minen.<\/li>\n<\/ul>\n<h3><span class=\"ez-toc-section\" id=\"Customer_Stories\"><\/span><strong>Asiakastarinat<\/strong><span class=\"ez-toc-section-end\"><\/span><\/h3>\n<p><em>\"Taisteltuani vuosia neuropaattista kipua vastaan tunnen vihdoin taas olevani oma itseni. Ketamiini on antanut minulle toisen mahdollisuuden el\u00e4m\u00e4\u00e4n!\" - Alex, 42.<\/em><br \/>\n<em>\"Mik\u00e4\u00e4n ei auttanut PTSD:hen, ennen kuin kokeilin ketamiinia. Paraneminen oli l\u00e4hes v\u00e4lit\u00f6nt\u00e4, ja tunnen itseni toiveikkaaksi ensimm\u00e4ist\u00e4 kertaa vuosiin.\" - Sarah, 34-vuotias.<\/em><br \/>\n<em>\"El\u00e4m\u00e4 TRD:n kanssa tuntui loputtomalta taistelulta, mutta ketamiini muutti kaiken. Se on pelinvaihtaja!\" - Daniel, 28-vuotias.<\/em><\/p>\n<h3><span class=\"ez-toc-section\" id=\"Why_Choose_Us_to_Buy_Ketamine_HCL_Crystal_Powder_Online\"><\/span><strong>Miksi valita meid\u00e4t ostamaan Ketamine HCL Crystal Powder Online?<\/strong><span class=\"ez-toc-section-end\"><\/span><\/h3>\n<ul>\n<li><strong>Luotettava l\u00e4hde:<\/strong> Hyv\u00e4maineinen palveluntarjoaja, joka on sitoutunut laatuun ja asiakastyytyv\u00e4isyyteen.<\/li>\n<li><strong>Hienovarainen toimitus:<\/strong> Nopea ja luottamuksellinen toimitus yksityisyytesi suojaamiseksi.<\/li>\n<li><strong>Asiantuntijaohjeet:<\/strong> P\u00e4\u00e4set k\u00e4ytt\u00e4m\u00e4\u00e4n ammattilaisten tiimi\u00e4, joka vastaa kysymyksiisi ja opastaa sinua turvallisessa k\u00e4yt\u00f6ss\u00e4.<\/li>\n<\/ul>\n<h3><span class=\"ez-toc-section\" id=\"How_to_Use_Ketamine_Safely\"><\/span><strong>Miten ketamiinia k\u00e4ytet\u00e4\u00e4n turvallisesti<\/strong><span class=\"ez-toc-section-end\"><\/span><\/h3>\n<ul>\n<li>Kysy aina neuvoa p\u00e4tev\u00e4lt\u00e4 terveydenhuollon tarjoajalta ennen k\u00e4ytt\u00f6\u00e4.<\/li>\n<li>Aloita pienell\u00e4 annoksella ja seuraa kehosi reaktiota.<\/li>\n<li>S\u00e4ilyt\u00e4 tuote viile\u00e4ss\u00e4 ja kuivassa paikassa, jotta sen teho s\u00e4ilyy.<\/li>\n<\/ul>\n<h3><span class=\"ez-toc-section\" id=\"FAQs\"><\/span><strong>UKK<\/strong><span class=\"ez-toc-section-end\"><\/span><\/h3>\n<p><strong>K: Kuinka nopeasti ketamiini vaikuttaa?<\/strong><br \/>\nV: Monet k\u00e4ytt\u00e4j\u00e4t raportoivat havaittavista vaikutuksista jo tuntien kuluessa annostelusta, ja kivunlievitys tai mielialan paraneminen jatkuu ajan my\u00f6t\u00e4.<\/p>\n<p><strong>K: Aiheuttaako ketamiini riippuvuutta?<\/strong><br \/>\nV: Kun l\u00e4\u00e4kett\u00e4 k\u00e4ytet\u00e4\u00e4n vastuullisesti ja ammattilaisen ohjauksessa, riippuvuuden riski on pieni.<\/p>\n<p><strong>K: Voinko k\u00e4ytt\u00e4\u00e4 ketamiinia mielenterveyteen ilman resepti\u00e4?<\/strong><br \/>\nV: Vaikka ketamiinista voi olla huomattavia mielenterveyshy\u00f6tyj\u00e4, on t\u00e4rke\u00e4\u00e4 neuvotella terveydenhuollon ammattilaisen kanssa, jotta k\u00e4ytt\u00f6 olisi turvallista ja tehokasta.<\/p>\n<h3><span class=\"ez-toc-section\" id=\"Ready_to_Transform_Your_Life\"><\/span><strong>Oletko valmis muuttamaan el\u00e4m\u00e4si?<\/strong><span class=\"ez-toc-section-end\"><\/span><\/h3>\n<p>\u00c4l\u00e4 anna kivun tai mielenterveyshaasteiden en\u00e4\u00e4 m\u00e4\u00e4r\u00e4t\u00e4 el\u00e4m\u00e4\u00e4si. Koe ansaitsemasi helpotus ja vapaus.<\/p>\n<h3><span class=\"ez-toc-section\" id=\"Call_to_Action_CTA\"><\/span><strong>Toimintakutsu (CTA):<\/strong><span class=\"ez-toc-section-end\"><\/span><\/h3>\n<p><strong>Osta Ketamine HCL Crystal Powder verkossa t\u00e4n\u00e4\u00e4n!<\/strong><br \/>\nKlikkaa alta p\u00e4\u00e4st\u00e4ksesi alkuun. Nauti nopeasta toimituksesta, ensiluokkaisesta laadusta ja vertaansa vailla olevasta asiakastuesta. Ota ensimm\u00e4inen askel kohti el\u00e4m\u00e4si takaisin saamista!<\/p>\n<p><strong>Tilaa nyt<\/strong><\/p>\n<p>&nbsp;<\/p>\n<p>Osta ketamiinijauhetta verkossa, <span class=\"___SText_anxqe-ko_\" data-ui-name=\"Link.Text\">ostaa ketamiini hcl kristallijauhetta verkossa, <\/span>ostaa ketamiinia jauhe<\/p>","protected":false},"excerpt":{"rendered":"<p>Koe helpotusta kuin koskaan ennen Osta Ketamiini HCL kristallijauhe verkossa - Jos olet etsinyt tehokasta hoitoa<\/p>","protected":false},"featured_media":9537,"comment_status":"open","ping_status":"closed","template":"","meta":[],"product_brand":[],"product_cat":[72],"product_tag":[],"class_list":{"0":"post-9534","1":"product","2":"type-product","3":"status-publish","4":"has-post-thumbnail","6":"product_cat-ketamine","8":"first","9":"instock","10":"shipping-taxable","11":"purchasable","12":"product-type-variable"},"yoast_head":"<!-- This site is optimized with the Yoast SEO plugin v27.3 - https:\/\/yoast.com\/product\/yoast-seo-wordpress\/ -->\n<title>Buy ketamine HCL crystal powder online - Hexchemicals<\/title>\n<meta name=\"description\" content=\"Buy Ketamine HCL crystal powder online for neuropathic pain, treatment-resistant depression, PTSD, and bipolar disorder. Fast delivery and trusted quality!\" \/>\n<meta name=\"robots\" content=\"index, follow, max-snippet:-1, max-image-preview:large, max-video-preview:-1\" \/>\n<link rel=\"canonical\" href=\"https:\/\/hexchemicals.com\/fi\/product\/ostaa-ketamiini-hcl-kristalli-jauhe-verkossa\/\" \/>\n<meta property=\"og:locale\" content=\"fi_FI\" \/>\n<meta property=\"og:type\" content=\"article\" \/>\n<meta property=\"og:title\" content=\"Buy ketamine HCL crystal powder online - Hexchemicals\" \/>\n<meta property=\"og:description\" content=\"Buy Ketamine HCL crystal powder online for neuropathic pain, treatment-resistant depression, PTSD, and bipolar disorder. Fast delivery and trusted quality!\" \/>\n<meta property=\"og:url\" content=\"https:\/\/hexchemicals.com\/fi\/product\/ostaa-ketamiini-hcl-kristalli-jauhe-verkossa\/\" \/>\n<meta property=\"og:site_name\" content=\"Hexchemicals\" \/>\n<meta property=\"article:modified_time\" content=\"2025-09-19T00:50:03+00:00\" \/>\n<meta property=\"og:image\" content=\"https:\/\/hexchemicals.com\/wp-content\/uploads\/2024\/12\/buy-ketamine-powder-online.jpg\" \/>\n\t<meta property=\"og:image:width\" content=\"1200\" \/>\n\t<meta property=\"og:image:height\" content=\"1105\" \/>\n\t<meta property=\"og:image:type\" content=\"image\/jpeg\" \/>\n<meta name=\"twitter:card\" content=\"summary_large_image\" \/>\n<meta name=\"twitter:label1\" content=\"Arvioitu lukuaika\" \/>\n\t<meta name=\"twitter:data1\" content=\"3 minuuttia\" \/>\n<script type=\"application\/ld+json\" class=\"yoast-schema-graph\">{\"@context\":\"https:\\\/\\\/schema.org\",\"@graph\":[{\"@type\":\"WebPage\",\"@id\":\"https:\\\/\\\/hexchemicals.com\\\/product\\\/buy-ketamine-hcl-crystal-powder-online\\\/\",\"url\":\"https:\\\/\\\/hexchemicals.com\\\/product\\\/buy-ketamine-hcl-crystal-powder-online\\\/\",\"name\":\"Buy ketamine HCL crystal powder online - Hexchemicals\",\"isPartOf\":{\"@id\":\"https:\\\/\\\/hexchemicals.com\\\/#website\"},\"primaryImageOfPage\":{\"@id\":\"https:\\\/\\\/hexchemicals.com\\\/product\\\/buy-ketamine-hcl-crystal-powder-online\\\/#primaryimage\"},\"image\":{\"@id\":\"https:\\\/\\\/hexchemicals.com\\\/product\\\/buy-ketamine-hcl-crystal-powder-online\\\/#primaryimage\"},\"thumbnailUrl\":\"https:\\\/\\\/hexchemicals.com\\\/wp-content\\\/uploads\\\/2024\\\/12\\\/buy-ketamine-powder-online.jpg\",\"datePublished\":\"2024-12-08T23:01:25+00:00\",\"dateModified\":\"2025-09-19T00:50:03+00:00\",\"description\":\"Buy Ketamine HCL crystal powder online for neuropathic pain, treatment-resistant depression, PTSD, and bipolar disorder. Fast delivery and trusted quality!\",\"breadcrumb\":{\"@id\":\"https:\\\/\\\/hexchemicals.com\\\/product\\\/buy-ketamine-hcl-crystal-powder-online\\\/#breadcrumb\"},\"inLanguage\":\"fi\",\"potentialAction\":[{\"@type\":\"ReadAction\",\"target\":[\"https:\\\/\\\/hexchemicals.com\\\/product\\\/buy-ketamine-hcl-crystal-powder-online\\\/\"]}]},{\"@type\":\"ImageObject\",\"inLanguage\":\"fi\",\"@id\":\"https:\\\/\\\/hexchemicals.com\\\/product\\\/buy-ketamine-hcl-crystal-powder-online\\\/#primaryimage\",\"url\":\"https:\\\/\\\/hexchemicals.com\\\/wp-content\\\/uploads\\\/2024\\\/12\\\/buy-ketamine-powder-online.jpg\",\"contentUrl\":\"https:\\\/\\\/hexchemicals.com\\\/wp-content\\\/uploads\\\/2024\\\/12\\\/buy-ketamine-powder-online.jpg\",\"width\":1200,\"height\":1105,\"caption\":\"Buy Ketamine powder online, buy ketamine hcl crystal powder online, buy ketamine powder\"},{\"@type\":\"BreadcrumbList\",\"@id\":\"https:\\\/\\\/hexchemicals.com\\\/product\\\/buy-ketamine-hcl-crystal-powder-online\\\/#breadcrumb\",\"itemListElement\":[{\"@type\":\"ListItem\",\"position\":1,\"name\":\"Home\",\"item\":\"https:\\\/\\\/hexchemicals.com\\\/\"},{\"@type\":\"ListItem\",\"position\":2,\"name\":\"Shop\",\"item\":\"https:\\\/\\\/hexchemicals.com\\\/shop\\\/\"},{\"@type\":\"ListItem\",\"position\":3,\"name\":\"Ketamine Powder\"}]},{\"@type\":\"WebSite\",\"@id\":\"https:\\\/\\\/hexchemicals.com\\\/#website\",\"url\":\"https:\\\/\\\/hexchemicals.com\\\/\",\"name\":\"Hexchemicals\",\"description\":\"Buy GBL, GHB, Amphetamine and Ketamine\",\"potentialAction\":[{\"@type\":\"SearchAction\",\"target\":{\"@type\":\"EntryPoint\",\"urlTemplate\":\"https:\\\/\\\/hexchemicals.com\\\/?s={search_term_string}\"},\"query-input\":{\"@type\":\"PropertyValueSpecification\",\"valueRequired\":true,\"valueName\":\"search_term_string\"}}],\"inLanguage\":\"fi\"}]}<\/script>\n<!-- \/ Yoast SEO plugin. -->","yoast_head_json":{"title":"Osta ketamiini HCL kristallijauhe verkossa - Hexchemicals","description":"Osta Ketamiini HCL-kidejauhetta verkossa neuropaattiseen kipuun, hoitoresistenttiin masennukseen, PTSD: hen ja kaksisuuntaiseen mielialah\u00e4iri\u00f6\u00f6n. Nopea toimitus ja luotettu laatu!","robots":{"index":"index","follow":"follow","max-snippet":"max-snippet:-1","max-image-preview":"max-image-preview:large","max-video-preview":"max-video-preview:-1"},"canonical":"https:\/\/hexchemicals.com\/fi\/product\/ostaa-ketamiini-hcl-kristalli-jauhe-verkossa\/","og_locale":"fi_FI","og_type":"article","og_title":"Buy ketamine HCL crystal powder online - Hexchemicals","og_description":"Buy Ketamine HCL crystal powder online for neuropathic pain, treatment-resistant depression, PTSD, and bipolar disorder. Fast delivery and trusted quality!","og_url":"https:\/\/hexchemicals.com\/fi\/product\/ostaa-ketamiini-hcl-kristalli-jauhe-verkossa\/","og_site_name":"Hexchemicals","article_modified_time":"2025-09-19T00:50:03+00:00","og_image":[{"width":1200,"height":1105,"url":"https:\/\/hexchemicals.com\/wp-content\/uploads\/2024\/12\/buy-ketamine-powder-online.jpg","type":"image\/jpeg"}],"twitter_card":"summary_large_image","twitter_misc":{"Arvioitu lukuaika":"3 minuuttia"},"schema":{"@context":"https:\/\/schema.org","@graph":[{"@type":"WebPage","@id":"https:\/\/hexchemicals.com\/product\/buy-ketamine-hcl-crystal-powder-online\/","url":"https:\/\/hexchemicals.com\/product\/buy-ketamine-hcl-crystal-powder-online\/","name":"Osta ketamiini HCL kristallijauhe verkossa - Hexchemicals","isPartOf":{"@id":"https:\/\/hexchemicals.com\/#website"},"primaryImageOfPage":{"@id":"https:\/\/hexchemicals.com\/product\/buy-ketamine-hcl-crystal-powder-online\/#primaryimage"},"image":{"@id":"https:\/\/hexchemicals.com\/product\/buy-ketamine-hcl-crystal-powder-online\/#primaryimage"},"thumbnailUrl":"https:\/\/hexchemicals.com\/wp-content\/uploads\/2024\/12\/buy-ketamine-powder-online.jpg","datePublished":"2024-12-08T23:01:25+00:00","dateModified":"2025-09-19T00:50:03+00:00","description":"Osta Ketamiini HCL-kidejauhetta verkossa neuropaattiseen kipuun, hoitoresistenttiin masennukseen, PTSD: hen ja kaksisuuntaiseen mielialah\u00e4iri\u00f6\u00f6n. Nopea toimitus ja luotettu laatu!","breadcrumb":{"@id":"https:\/\/hexchemicals.com\/product\/buy-ketamine-hcl-crystal-powder-online\/#breadcrumb"},"inLanguage":"fi","potentialAction":[{"@type":"ReadAction","target":["https:\/\/hexchemicals.com\/product\/buy-ketamine-hcl-crystal-powder-online\/"]}]},{"@type":"ImageObject","inLanguage":"fi","@id":"https:\/\/hexchemicals.com\/product\/buy-ketamine-hcl-crystal-powder-online\/#primaryimage","url":"https:\/\/hexchemicals.com\/wp-content\/uploads\/2024\/12\/buy-ketamine-powder-online.jpg","contentUrl":"https:\/\/hexchemicals.com\/wp-content\/uploads\/2024\/12\/buy-ketamine-powder-online.jpg","width":1200,"height":1105,"caption":"Buy Ketamine powder online, buy ketamine hcl crystal powder online, buy ketamine powder"},{"@type":"BreadcrumbList","@id":"https:\/\/hexchemicals.com\/product\/buy-ketamine-hcl-crystal-powder-online\/#breadcrumb","itemListElement":[{"@type":"ListItem","position":1,"name":"Home","item":"https:\/\/hexchemicals.com\/"},{"@type":"ListItem","position":2,"name":"Shop","item":"https:\/\/hexchemicals.com\/shop\/"},{"@type":"ListItem","position":3,"name":"Ketamine Powder"}]},{"@type":"WebSite","@id":"https:\/\/hexchemicals.com\/#website","url":"https:\/\/hexchemicals.com\/","name":"Heksakemikaalit","description":"Osta GBL, GHB, amfetamiini ja ketamiini.","potentialAction":[{"@type":"SearchAction","target":{"@type":"EntryPoint","urlTemplate":"https:\/\/hexchemicals.com\/?s={search_term_string}"},"query-input":{"@type":"PropertyValueSpecification","valueRequired":true,"valueName":"search_term_string"}}],"inLanguage":"fi"}]}},"_links":{"self":[{"href":"https:\/\/hexchemicals.com\/fi\/wp-json\/wp\/v2\/product\/9534","targetHints":{"allow":["GET"]}}],"collection":[{"href":"https:\/\/hexchemicals.com\/fi\/wp-json\/wp\/v2\/product"}],"about":[{"href":"https:\/\/hexchemicals.com\/fi\/wp-json\/wp\/v2\/types\/product"}],"replies":[{"embeddable":true,"href":"https:\/\/hexchemicals.com\/fi\/wp-json\/wp\/v2\/comments?post=9534"}],"wp:featuredmedia":[{"embeddable":true,"href":"https:\/\/hexchemicals.com\/fi\/wp-json\/wp\/v2\/media\/9537"}],"wp:attachment":[{"href":"https:\/\/hexchemicals.com\/fi\/wp-json\/wp\/v2\/media?parent=9534"}],"wp:term":[{"taxonomy":"product_brand","embeddable":true,"href":"https:\/\/hexchemicals.com\/fi\/wp-json\/wp\/v2\/product_brand?post=9534"},{"taxonomy":"product_cat","embeddable":true,"href":"https:\/\/hexchemicals.com\/fi\/wp-json\/wp\/v2\/product_cat?post=9534"},{"taxonomy":"product_tag","embeddable":true,"href":"https:\/\/hexchemicals.com\/fi\/wp-json\/wp\/v2\/product_tag?post=9534"}],"curies":[{"name":"wp","href":"https:\/\/api.w.org\/{rel}","templated":true}]}}