{"id":9556,"date":"2024-12-09T09:35:37","date_gmt":"2024-12-09T09:35:37","guid":{"rendered":"https:\/\/hexchemicals.com\/?post_type=product&#038;p=9556"},"modified":"2026-04-11T06:20:54","modified_gmt":"2026-04-11T06:20:54","slug":"tilaa-gbl","status":"publish","type":"product","link":"https:\/\/hexchemicals.com\/fi\/product\/tilaa-gbl\/","title":{"rendered":"Gamma-butyrolaktoni (GBL)"},"content":{"rendered":"<div id=\"ez-toc-container\" class=\"ez-toc-v2_0_82_2 counter-hierarchy ez-toc-counter ez-toc-grey ez-toc-container-direction\">\n<div class=\"ez-toc-title-container\">\n<p class=\"ez-toc-title\" style=\"cursor:inherit\">Sis\u00e4llysluettelo<\/p>\n<span class=\"ez-toc-title-toggle\"><a href=\"#\" class=\"ez-toc-pull-right ez-toc-btn ez-toc-btn-xs ez-toc-btn-default ez-toc-toggle\" aria-label=\"Sis\u00e4llysluettelon vaihtaminen\"><span class=\"ez-toc-js-icon-con\"><span class=\"\"><span class=\"eztoc-hide\" style=\"display:none;\">Toggle<\/span><span class=\"ez-toc-icon-toggle-span\"><svg style=\"fill: #333333;color:#333333\" xmlns=\"http:\/\/www.w3.org\/2000\/svg\" class=\"list-377408\" width=\"20px\" height=\"20px\" viewbox=\"0 0 24 24\" fill=\"none\"><path d=\"M6 6H4v2h2V6zm14 0H8v2h12V6zM4 11h2v2H4v-2zm16 0H8v2h12v-2zM4 16h2v2H4v-2zm16 0H8v2h12v-2z\" fill=\"currentColor\"><\/path><\/svg><svg style=\"fill: #333333;color:#333333\" class=\"arrow-unsorted-368013\" xmlns=\"http:\/\/www.w3.org\/2000\/svg\" width=\"10px\" height=\"10px\" viewbox=\"0 0 24 24\" version=\"1.2\" baseprofile=\"tiny\"><path d=\"M18.2 9.3l-6.2-6.3-6.2 6.3c-.2.2-.3.4-.3.7s.1.5.3.7c.2.2.4.3.7.3h11c.3 0 .5-.1.7-.3.2-.2.3-.5.3-.7s-.1-.5-.3-.7zM5.8 14.7l6.2 6.3 6.2-6.3c.2-.2.3-.5.3-.7s-.1-.5-.3-.7c-.2-.2-.4-.3-.7-.3h-11c-.3 0-.5.1-.7.3-.2.2-.3.5-.3.7s.1.5.3.7z\"\/><\/svg><\/span><\/span><\/span><\/a><\/span><\/div>\n<nav><ul class='ez-toc-list ez-toc-list-level-1' ><li class='ez-toc-page-1 ez-toc-heading-level-1'><a class=\"ez-toc-link ez-toc-heading-1\" href=\"https:\/\/hexchemicals.com\/fi\/product\/tilaa-gbl\/#Discover_the_Power_of_GBL_for_KO_Drops_%E2%80%93_Order_GBL\" >Tutustu GBL:n tehoon KO Drops - Tilaa GBL:\u00e4\u00e4.<\/a><ul class='ez-toc-list-level-4' ><li class='ez-toc-heading-level-4'><ul class='ez-toc-list-level-4' ><li class='ez-toc-heading-level-4'><ul class='ez-toc-list-level-4' ><li class='ez-toc-heading-level-4'><a class=\"ez-toc-link ez-toc-heading-2\" href=\"https:\/\/hexchemicals.com\/fi\/product\/tilaa-gbl\/#The_Problem_Frustration_with_Low-Quality_Alternatives\" >Ongelma: Turhautuminen heikkolaatuisiin vaihtoehtoihin<\/a><\/li><li class='ez-toc-page-1 ez-toc-heading-level-4'><a class=\"ez-toc-link ez-toc-heading-3\" href=\"https:\/\/hexchemicals.com\/fi\/product\/tilaa-gbl\/#The_Solution_Premium_GBL_You_Can_Trust\" >Ratkaisu: Premium GBL, johon voit luottaa<\/a><\/li><\/ul><\/li><li class='ez-toc-page-1 ez-toc-heading-level-3'><a class=\"ez-toc-link ez-toc-heading-4\" href=\"https:\/\/hexchemicals.com\/fi\/product\/tilaa-gbl\/#Why_Choose_Our_GBL\" >Miksi valita GBL?<\/a><\/li><li class='ez-toc-page-1 ez-toc-heading-level-3'><a class=\"ez-toc-link ez-toc-heading-5\" href=\"https:\/\/hexchemicals.com\/fi\/product\/tilaa-gbl\/#How_GBL_Meets_Your_Needs\" >Miten GBL vastaa tarpeitasi<\/a><\/li><li class='ez-toc-page-1 ez-toc-heading-level-3'><a class=\"ez-toc-link ez-toc-heading-6\" href=\"https:\/\/hexchemicals.com\/fi\/product\/tilaa-gbl\/#FAQs_About_GBL\" >Usein kysytyt kysymykset GBL:st\u00e4<\/a><\/li><li class='ez-toc-page-1 ez-toc-heading-level-3'><a class=\"ez-toc-link ez-toc-heading-7\" href=\"https:\/\/hexchemicals.com\/fi\/product\/tilaa-gbl\/#Why_Trust_Hexchemicals\" >Miksi luottaa Hexchemicalsiin?<\/a><\/li><li class='ez-toc-page-1 ez-toc-heading-level-3'><a class=\"ez-toc-link ez-toc-heading-8\" href=\"https:\/\/hexchemicals.com\/fi\/product\/tilaa-gbl\/#Take_Action_Now_%E2%80%93_Order_GBL_Today\" >Toimi nyt - Tilaa GBL t\u00e4n\u00e4\u00e4n!<\/a><ul class='ez-toc-list-level-4' ><li class='ez-toc-heading-level-4'><a class=\"ez-toc-link ez-toc-heading-9\" href=\"https:\/\/hexchemicals.com\/fi\/product\/tilaa-gbl\/#Ready_to_Get_Started\" >Oletko valmis aloittamaan?<\/a><\/li><\/ul><\/li><\/ul><\/li><\/ul><\/li><\/ul><\/nav><\/div>\n<h1><span class=\"ez-toc-section\" id=\"Discover_the_Power_of_GBL_for_KO_Drops_%E2%80%93_Order_GBL\"><\/span><strong>Tutustu GBL:n tehoon KO Drops - Tilaa GBL:\u00e4\u00e4.<\/strong><span class=\"ez-toc-section-end\"><\/span><\/h1>\n<p>Kun el\u00e4m\u00e4 k\u00e4y ylivoimaiseksi, tarvitset ratkaisun, joka toimii vaivattomasti. Gamma-butyrolaktoni (GBL) on paras valinta KO-tippoihin, sill\u00e4 sen tehoon, monipuolisuuteen ja luotettavuuteen luotetaan. Etsitp\u00e4 sitten tehokasta puhdistusainetta tai tutkit vapaa-ajan sovelluksia turvallisten ohjeiden mukaisesti, GBL tuottaa joka kerta.<\/p>\n<p>Siksi tuhannet valitsevat GBL:n tilaamisen meilt\u00e4:<\/p>\n<h4><span class=\"ez-toc-section\" id=\"The_Problem_Frustration_with_Low-Quality_Alternatives\"><\/span><strong>Ongelma: Turhautuminen heikkolaatuisiin vaihtoehtoihin<\/strong><span class=\"ez-toc-section-end\"><\/span><\/h4>\n<p>Oletko koskaan tilannut tuotetta, joka ei ole vastannut hype\u00e4? Huonot tulokset, ep\u00e4ilytt\u00e4v\u00e4 pakkaus ja ep\u00e4luotettavat toimitusajat voivat aiheuttaa p\u00e4\u00e4nvaivaa. Ansaitset parempaa.<\/p>\n<p>Kuvittele, ett\u00e4 voit luottaa siihen, ett\u00e4 ostoksesi on aito, tehokas ja saapuu nopeasti ilman tarpeetonta vaivaa. Kuulostaa ihanteelliselta, eik\u00f6?<\/p>\n<h4><span class=\"ez-toc-section\" id=\"The_Solution_Premium_GBL_You_Can_Trust\"><\/span><strong>Ratkaisu: Premium GBL, johon voit luottaa<\/strong><span class=\"ez-toc-section-end\"><\/span><\/h4>\n<p>Me Hexchemicalsilla olemme ylpeit\u00e4 siit\u00e4, ett\u00e4 pystymme toimittamaan huippuluokan GBL:\u00e4\u00e4 erilaisiin tarpeisiin. Olitpa sitten ammattilainen tai harrastaja, teemme GBL:n ostamisesta verkossa helppoa ja turvallista.<\/p>\n<h3><span class=\"ez-toc-section\" id=\"Why_Choose_Our_GBL\"><\/span><strong>Miksi valita GBL?<\/strong><span class=\"ez-toc-section-end\"><\/span><\/h3>\n<p><strong>1. Verraton puhtaus ja teho<\/strong><br \/>\nGBL on valmistettu ylitt\u00e4m\u00e4\u00e4n alan standardit, mik\u00e4 takaa maksimaalisen tehokkuuden KO-pudotussovelluksissa.<\/p>\n<ul>\n<li><strong>Puhtaustakuu<\/strong>: Varmistettu riippumattomalla testauksella.<\/li>\n<li><strong>Poikkeuksellinen suorituskyky<\/strong>: V\u00e4h\u00e4n riitt\u00e4\u00e4 pitk\u00e4lle.<\/li>\n<\/ul>\n<p><strong>2. Turvallinen, huomaamaton ja nopea toimitus<\/strong><br \/>\nKun valitset meid\u00e4t, saat salamannopean toimituksen huomaamattomassa, v\u00e4\u00e4rent\u00e4missuojatussa pakkauksessa.<\/p>\n<ul>\n<li><strong>Maailmanlaajuinen ulottuvuus<\/strong>: Luotettava toimitus maailmanlaajuisesti.<\/li>\n<li><strong>Turvalliset tapahtumat<\/strong>: Yksityisyytesi on etusijalla.<\/li>\n<\/ul>\n<p><strong>3. Kilpailukykyinen hinnoittelu<\/strong><br \/>\nUskomme, ett\u00e4 tarjoamme arvoa laadusta tinkim\u00e4tt\u00e4.<\/p>\n<ul>\n<li><strong>Edulliset vaihtoehdot<\/strong>: Erilaisia pakettikokoja jokaiseen budjettiin sopivaksi.<\/li>\n<li><strong>Eksklusiiviset tarjoukset<\/strong>: Alennukset irtotilauksista.<\/li>\n<\/ul>\n<h3><span class=\"ez-toc-section\" id=\"How_GBL_Meets_Your_Needs\"><\/span><strong>Miten GBL vastaa tarpeitasi<\/strong><span class=\"ez-toc-section-end\"><\/span><\/h3>\n<p><strong>1. Tehokas liuotin ammattilaisille<\/strong><br \/>\nGBL on tunnettu kyvyst\u00e4\u00e4n hajottaa vaikeat j\u00e4\u00e4m\u00e4t vaivattomasti, mik\u00e4 tekee siit\u00e4 laboratorioiden ja teollisuuslaitosten peruspalvelun.<\/p>\n<p><strong>2. KO-pudotukset: Monipuolisuus, johon voit luottaa<\/strong><br \/>\nVapaa-ajan k\u00e4ytt\u00e4jille GBL:n ainutlaatuiset ominaisuudet ovat tehneet siit\u00e4 erottuvan valinnan KO-tippojen kategoriassa, sill\u00e4 se tuottaa johdonmukaisia ja toivottuja tuloksia.<\/p>\n<p><strong>3. R\u00e4\u00e4t\u00e4l\u00f6ity el\u00e4m\u00e4ntyylisi mukaan<\/strong><br \/>\nSovelluksesta riippumatta varmistamme, ett\u00e4 jokainen tilaus ylitt\u00e4\u00e4 odotukset. Siksi tuhannet valitsevat GBL:n tilaamisen meilt\u00e4 kerta toisensa j\u00e4lkeen.<\/p>\n<h3><span class=\"ez-toc-section\" id=\"FAQs_About_GBL\"><\/span><strong>Usein kysytyt kysymykset GBL:st\u00e4<\/strong><span class=\"ez-toc-section-end\"><\/span><\/h3>\n<p><strong>1. Onko turvallista ostaa GBL:\u00e4\u00e4 verkosta?<\/strong><br \/>\nEhdottomasti. Asetamme turvallisuutesi etusijalle salattujen tapahtumien, huomaamattomien pakkausten ja kuljetusm\u00e4\u00e4r\u00e4ysten noudattamisen avulla.<\/p>\n<p><strong>2. Miten voin varmistaa asianmukaisen k\u00e4yt\u00f6n?<\/strong><br \/>\nToimitamme yksityiskohtaiset ohjeet jokaisen ostoksen mukana. Lis\u00e4ksi asiakastukitiimimme vastaa kysymyksiisi.<\/p>\n<p><strong>3. Mik\u00e4 tekee GBL:st\u00e4nne muita paremman?<\/strong><br \/>\nTiukka laadunvalvontamme ja asiakasl\u00e4ht\u00f6inen filosofiamme takaavat, ett\u00e4 saat vain parasta saatavilla olevaa tuotetta.<\/p>\n<h3><span class=\"ez-toc-section\" id=\"Why_Trust_Hexchemicals\"><\/span><strong>Miksi luottaa Hexchemicalsiin?<\/strong><span class=\"ez-toc-section-end\"><\/span><\/h3>\n<ul>\n<li><strong>Asiantuntemukseen voit luottaa<\/strong>: Vuosien kokemus korkealaatuisten tutkimuskemikaalien toimittamisesta.<\/li>\n<li><strong>Asiakaskeskeinen l\u00e4hestymistapa<\/strong>: Tilauksesta toimituksen j\u00e4lkeiseen tukeen, olemme t\u00e4\u00e4ll\u00e4 auttamassa.<\/li>\n<li><strong>Tyytyv\u00e4isyyden perint\u00f6<\/strong>: Tuhannet tyytyv\u00e4iset asiakkaat maailmanlaajuisesti.<\/li>\n<\/ul>\n<h3><span class=\"ez-toc-section\" id=\"Take_Action_Now_%E2%80%93_Order_GBL_Today\"><\/span><strong>Toimi nyt - Tilaa GBL t\u00e4n\u00e4\u00e4n!<\/strong><span class=\"ez-toc-section-end\"><\/span><\/h3>\n<p>\u00c4l\u00e4 tyydy v\u00e4hemp\u00e4\u00e4n, kun voit saada parhaan. Koe ero, jonka ensiluokkainen GBL tekee KO-pudotussovelluksissasi.<\/p>\n<p>Osta GBL luottavaisin mielin.<br \/>\nNauti nopeasta ja turvallisesta toimituksesta.<br \/>\nMuunna kokemuksesi jo t\u00e4n\u00e4\u00e4n!<\/p>\n<h4><span class=\"ez-toc-section\" id=\"Ready_to_Get_Started\"><\/span><strong>Oletko valmis aloittamaan?<\/strong><span class=\"ez-toc-section-end\"><\/span><\/h4>\n<p><strong>Tilaa GBL nyt<\/strong> ja liity tyytyv\u00e4isten asiakkaiden kasvavaan yhteis\u00f6\u00f6n!<\/p>\n<p><em>Vastuuvapauslauseke: Varmista vastuullinen k\u00e4ytt\u00f6 ja kaikkien sovellettavien s\u00e4\u00e4nn\u00f6sten noudattaminen.<\/em><\/p>","protected":false},"excerpt":{"rendered":"<p>Tutustu GBL:n tehoon KO-tippojen osalta - Tilaa GBL Kun el\u00e4m\u00e4 on ylivoimaista, tarvitset ratkaisun, joka<\/p>","protected":false},"featured_media":9558,"comment_status":"open","ping_status":"closed","template":"","meta":[],"product_brand":[],"product_cat":[70],"product_tag":[],"class_list":{"0":"post-9556","1":"product","2":"type-product","3":"status-publish","4":"has-post-thumbnail","6":"product_cat-ko-drops","8":"first","9":"instock","10":"shipping-taxable","11":"purchasable","12":"product-type-variable"},"yoast_head":"<!-- This site is optimized with the Yoast SEO plugin v27.3 - https:\/\/yoast.com\/product\/yoast-seo-wordpress\/ -->\n<title>Order GBL Online \u2013 Your Trusted Source for KO Drops<\/title>\n<meta name=\"description\" content=\"Order GBL today for premium quality KO drops trusted by professionals and enthusiasts alike. Fast shipping, secure packaging, and top-notch support!\" \/>\n<meta name=\"robots\" content=\"index, follow, max-snippet:-1, max-image-preview:large, max-video-preview:-1\" \/>\n<link rel=\"canonical\" href=\"https:\/\/hexchemicals.com\/fi\/product\/tilaa-gbl\/\" \/>\n<meta property=\"og:locale\" content=\"fi_FI\" \/>\n<meta property=\"og:type\" content=\"article\" \/>\n<meta property=\"og:title\" content=\"Order GBL Online \u2013 Your Trusted Source for KO Drops\" \/>\n<meta property=\"og:description\" content=\"Order GBL today for premium quality KO drops trusted by professionals and enthusiasts alike. Fast shipping, secure packaging, and top-notch support!\" \/>\n<meta property=\"og:url\" content=\"https:\/\/hexchemicals.com\/fi\/product\/tilaa-gbl\/\" \/>\n<meta property=\"og:site_name\" content=\"Hexchemicals\" \/>\n<meta property=\"article:modified_time\" content=\"2026-04-11T06:20:54+00:00\" \/>\n<meta property=\"og:image\" content=\"https:\/\/hexchemicals.com\/wp-content\/uploads\/2024\/12\/Order-GBL.jpg\" \/>\n\t<meta property=\"og:image:width\" content=\"1200\" \/>\n\t<meta property=\"og:image:height\" content=\"1105\" \/>\n\t<meta property=\"og:image:type\" content=\"image\/jpeg\" \/>\n<meta name=\"twitter:card\" content=\"summary_large_image\" \/>\n<meta name=\"twitter:label1\" content=\"Arvioitu lukuaika\" \/>\n\t<meta name=\"twitter:data1\" content=\"3 minuuttia\" \/>\n<script type=\"application\/ld+json\" class=\"yoast-schema-graph\">{\"@context\":\"https:\\\/\\\/schema.org\",\"@graph\":[{\"@type\":\"WebPage\",\"@id\":\"https:\\\/\\\/hexchemicals.com\\\/product\\\/order-gbl\\\/\",\"url\":\"https:\\\/\\\/hexchemicals.com\\\/product\\\/order-gbl\\\/\",\"name\":\"Order GBL Online \u2013 Your Trusted Source for KO Drops\",\"isPartOf\":{\"@id\":\"https:\\\/\\\/hexchemicals.com\\\/#website\"},\"primaryImageOfPage\":{\"@id\":\"https:\\\/\\\/hexchemicals.com\\\/product\\\/order-gbl\\\/#primaryimage\"},\"image\":{\"@id\":\"https:\\\/\\\/hexchemicals.com\\\/product\\\/order-gbl\\\/#primaryimage\"},\"thumbnailUrl\":\"https:\\\/\\\/hexchemicals.com\\\/wp-content\\\/uploads\\\/2024\\\/12\\\/Order-GBL.jpg\",\"datePublished\":\"2024-12-09T09:35:37+00:00\",\"dateModified\":\"2026-04-11T06:20:54+00:00\",\"description\":\"Order GBL today for premium quality KO drops trusted by professionals and enthusiasts alike. Fast shipping, secure packaging, and top-notch support!\",\"breadcrumb\":{\"@id\":\"https:\\\/\\\/hexchemicals.com\\\/product\\\/order-gbl\\\/#breadcrumb\"},\"inLanguage\":\"fi\",\"potentialAction\":[{\"@type\":\"ReadAction\",\"target\":[\"https:\\\/\\\/hexchemicals.com\\\/product\\\/order-gbl\\\/\"]}]},{\"@type\":\"ImageObject\",\"inLanguage\":\"fi\",\"@id\":\"https:\\\/\\\/hexchemicals.com\\\/product\\\/order-gbl\\\/#primaryimage\",\"url\":\"https:\\\/\\\/hexchemicals.com\\\/wp-content\\\/uploads\\\/2024\\\/12\\\/Order-GBL.jpg\",\"contentUrl\":\"https:\\\/\\\/hexchemicals.com\\\/wp-content\\\/uploads\\\/2024\\\/12\\\/Order-GBL.jpg\",\"width\":1200,\"height\":1105,\"caption\":\"Order GBL, Buy GBL online\"},{\"@type\":\"BreadcrumbList\",\"@id\":\"https:\\\/\\\/hexchemicals.com\\\/product\\\/order-gbl\\\/#breadcrumb\",\"itemListElement\":[{\"@type\":\"ListItem\",\"position\":1,\"name\":\"Home\",\"item\":\"https:\\\/\\\/hexchemicals.com\\\/\"},{\"@type\":\"ListItem\",\"position\":2,\"name\":\"Shop\",\"item\":\"https:\\\/\\\/hexchemicals.com\\\/shop\\\/\"},{\"@type\":\"ListItem\",\"position\":3,\"name\":\"Gamma-Butyrolactone (GBL)\"}]},{\"@type\":\"WebSite\",\"@id\":\"https:\\\/\\\/hexchemicals.com\\\/#website\",\"url\":\"https:\\\/\\\/hexchemicals.com\\\/\",\"name\":\"Hexchemicals\",\"description\":\"Buy GBL, GHB, Amphetamine and Ketamine\",\"potentialAction\":[{\"@type\":\"SearchAction\",\"target\":{\"@type\":\"EntryPoint\",\"urlTemplate\":\"https:\\\/\\\/hexchemicals.com\\\/?s={search_term_string}\"},\"query-input\":{\"@type\":\"PropertyValueSpecification\",\"valueRequired\":true,\"valueName\":\"search_term_string\"}}],\"inLanguage\":\"fi\"}]}<\/script>\n<!-- \/ Yoast SEO plugin. -->","yoast_head_json":{"title":"Tilaa GBL verkossa - luotettava l\u00e4hde KO Dropsille","description":"Tilaa GBL jo t\u00e4n\u00e4\u00e4n ja saat korkealaatuisia KO-tippoja, joihin sek\u00e4 ammattilaiset ett\u00e4 harrastajat luottavat. Nopea toimitus, turvallinen pakkaus ja huippuluokan tuki!","robots":{"index":"index","follow":"follow","max-snippet":"max-snippet:-1","max-image-preview":"max-image-preview:large","max-video-preview":"max-video-preview:-1"},"canonical":"https:\/\/hexchemicals.com\/fi\/product\/tilaa-gbl\/","og_locale":"fi_FI","og_type":"article","og_title":"Order GBL Online \u2013 Your Trusted Source for KO Drops","og_description":"Order GBL today for premium quality KO drops trusted by professionals and enthusiasts alike. Fast shipping, secure packaging, and top-notch support!","og_url":"https:\/\/hexchemicals.com\/fi\/product\/tilaa-gbl\/","og_site_name":"Hexchemicals","article_modified_time":"2026-04-11T06:20:54+00:00","og_image":[{"width":1200,"height":1105,"url":"https:\/\/hexchemicals.com\/wp-content\/uploads\/2024\/12\/Order-GBL.jpg","type":"image\/jpeg"}],"twitter_card":"summary_large_image","twitter_misc":{"Arvioitu lukuaika":"3 minuuttia"},"schema":{"@context":"https:\/\/schema.org","@graph":[{"@type":"WebPage","@id":"https:\/\/hexchemicals.com\/product\/order-gbl\/","url":"https:\/\/hexchemicals.com\/product\/order-gbl\/","name":"Tilaa GBL verkossa - luotettava l\u00e4hde KO Dropsille","isPartOf":{"@id":"https:\/\/hexchemicals.com\/#website"},"primaryImageOfPage":{"@id":"https:\/\/hexchemicals.com\/product\/order-gbl\/#primaryimage"},"image":{"@id":"https:\/\/hexchemicals.com\/product\/order-gbl\/#primaryimage"},"thumbnailUrl":"https:\/\/hexchemicals.com\/wp-content\/uploads\/2024\/12\/Order-GBL.jpg","datePublished":"2024-12-09T09:35:37+00:00","dateModified":"2026-04-11T06:20:54+00:00","description":"Tilaa GBL jo t\u00e4n\u00e4\u00e4n ja saat korkealaatuisia KO-tippoja, joihin sek\u00e4 ammattilaiset ett\u00e4 harrastajat luottavat. Nopea toimitus, turvallinen pakkaus ja huippuluokan tuki!","breadcrumb":{"@id":"https:\/\/hexchemicals.com\/product\/order-gbl\/#breadcrumb"},"inLanguage":"fi","potentialAction":[{"@type":"ReadAction","target":["https:\/\/hexchemicals.com\/product\/order-gbl\/"]}]},{"@type":"ImageObject","inLanguage":"fi","@id":"https:\/\/hexchemicals.com\/product\/order-gbl\/#primaryimage","url":"https:\/\/hexchemicals.com\/wp-content\/uploads\/2024\/12\/Order-GBL.jpg","contentUrl":"https:\/\/hexchemicals.com\/wp-content\/uploads\/2024\/12\/Order-GBL.jpg","width":1200,"height":1105,"caption":"Order GBL, Buy GBL online"},{"@type":"BreadcrumbList","@id":"https:\/\/hexchemicals.com\/product\/order-gbl\/#breadcrumb","itemListElement":[{"@type":"ListItem","position":1,"name":"Home","item":"https:\/\/hexchemicals.com\/"},{"@type":"ListItem","position":2,"name":"Shop","item":"https:\/\/hexchemicals.com\/shop\/"},{"@type":"ListItem","position":3,"name":"Gamma-Butyrolactone (GBL)"}]},{"@type":"WebSite","@id":"https:\/\/hexchemicals.com\/#website","url":"https:\/\/hexchemicals.com\/","name":"Heksakemikaalit","description":"Osta GBL, GHB, amfetamiini ja ketamiini.","potentialAction":[{"@type":"SearchAction","target":{"@type":"EntryPoint","urlTemplate":"https:\/\/hexchemicals.com\/?s={search_term_string}"},"query-input":{"@type":"PropertyValueSpecification","valueRequired":true,"valueName":"search_term_string"}}],"inLanguage":"fi"}]}},"_links":{"self":[{"href":"https:\/\/hexchemicals.com\/fi\/wp-json\/wp\/v2\/product\/9556","targetHints":{"allow":["GET"]}}],"collection":[{"href":"https:\/\/hexchemicals.com\/fi\/wp-json\/wp\/v2\/product"}],"about":[{"href":"https:\/\/hexchemicals.com\/fi\/wp-json\/wp\/v2\/types\/product"}],"replies":[{"embeddable":true,"href":"https:\/\/hexchemicals.com\/fi\/wp-json\/wp\/v2\/comments?post=9556"}],"wp:featuredmedia":[{"embeddable":true,"href":"https:\/\/hexchemicals.com\/fi\/wp-json\/wp\/v2\/media\/9558"}],"wp:attachment":[{"href":"https:\/\/hexchemicals.com\/fi\/wp-json\/wp\/v2\/media?parent=9556"}],"wp:term":[{"taxonomy":"product_brand","embeddable":true,"href":"https:\/\/hexchemicals.com\/fi\/wp-json\/wp\/v2\/product_brand?post=9556"},{"taxonomy":"product_cat","embeddable":true,"href":"https:\/\/hexchemicals.com\/fi\/wp-json\/wp\/v2\/product_cat?post=9556"},{"taxonomy":"product_tag","embeddable":true,"href":"https:\/\/hexchemicals.com\/fi\/wp-json\/wp\/v2\/product_tag?post=9556"}],"curies":[{"name":"wp","href":"https:\/\/api.w.org\/{rel}","templated":true}]}}