{"id":9563,"date":"2024-12-09T10:27:25","date_gmt":"2024-12-09T10:27:25","guid":{"rendered":"https:\/\/hexchemicals.com\/?post_type=product&#038;p=9563"},"modified":"2026-04-28T03:12:50","modified_gmt":"2026-04-28T03:12:50","slug":"tilaa-ghb","status":"publish","type":"product","link":"https:\/\/hexchemicals.com\/fi\/product\/tilaa-ghb\/","title":{"rendered":"Gamma-hydroksibutyraatti (GHB)"},"content":{"rendered":"<div id=\"ez-toc-container\" class=\"ez-toc-v2_0_82_2 counter-hierarchy ez-toc-counter ez-toc-grey ez-toc-container-direction\">\n<div class=\"ez-toc-title-container\">\n<p class=\"ez-toc-title\" style=\"cursor:inherit\">Sis\u00e4llysluettelo<\/p>\n<span class=\"ez-toc-title-toggle\"><a href=\"#\" class=\"ez-toc-pull-right ez-toc-btn ez-toc-btn-xs ez-toc-btn-default ez-toc-toggle\" aria-label=\"Sis\u00e4llysluettelon vaihtaminen\"><span class=\"ez-toc-js-icon-con\"><span class=\"\"><span class=\"eztoc-hide\" style=\"display:none;\">Toggle<\/span><span class=\"ez-toc-icon-toggle-span\"><svg style=\"fill: #333333;color:#333333\" xmlns=\"http:\/\/www.w3.org\/2000\/svg\" class=\"list-377408\" width=\"20px\" height=\"20px\" viewbox=\"0 0 24 24\" fill=\"none\"><path d=\"M6 6H4v2h2V6zm14 0H8v2h12V6zM4 11h2v2H4v-2zm16 0H8v2h12v-2zM4 16h2v2H4v-2zm16 0H8v2h12v-2z\" fill=\"currentColor\"><\/path><\/svg><svg style=\"fill: #333333;color:#333333\" class=\"arrow-unsorted-368013\" xmlns=\"http:\/\/www.w3.org\/2000\/svg\" width=\"10px\" height=\"10px\" viewbox=\"0 0 24 24\" version=\"1.2\" baseprofile=\"tiny\"><path d=\"M18.2 9.3l-6.2-6.3-6.2 6.3c-.2.2-.3.4-.3.7s.1.5.3.7c.2.2.4.3.7.3h11c.3 0 .5-.1.7-.3.2-.2.3-.5.3-.7s-.1-.5-.3-.7zM5.8 14.7l6.2 6.3 6.2-6.3c.2-.2.3-.5.3-.7s-.1-.5-.3-.7c-.2-.2-.4-.3-.7-.3h-11c-.3 0-.5.1-.7.3-.2.2-.3.5-.3.7s.1.5.3.7z\"\/><\/svg><\/span><\/span><\/span><\/a><\/span><\/div>\n<nav><ul class='ez-toc-list ez-toc-list-level-1' ><li class='ez-toc-page-1 ez-toc-heading-level-3'><a class=\"ez-toc-link ez-toc-heading-1\" href=\"https:\/\/hexchemicals.com\/fi\/product\/tilaa-ghb\/#The_Ultimate_Solution_for_Relaxation_and_Social_Ease_%E2%80%93_Order_GHB\" >Lopullinen ratkaisu rentoutumiseen ja sosiaaliseen helppouteen - Tilaa GHB:t\u00e4<\/a><\/li><li class='ez-toc-page-1 ez-toc-heading-level-3'><a class=\"ez-toc-link ez-toc-heading-2\" href=\"https:\/\/hexchemicals.com\/fi\/product\/tilaa-ghb\/#The_Problem_Stress_Social_Anxiety_and_Disconnection\" >Ongelma: stressi, sosiaalinen ahdistus ja yhteyden katkeaminen.<\/a><\/li><li class='ez-toc-page-1 ez-toc-heading-level-3'><a class=\"ez-toc-link ez-toc-heading-3\" href=\"https:\/\/hexchemicals.com\/fi\/product\/tilaa-ghb\/#What_is_GHB_and_Why_Choose_It\" >Mik\u00e4 on GHB ja miksi valita se?<\/a><\/li><li class='ez-toc-page-1 ez-toc-heading-level-3'><a class=\"ez-toc-link ez-toc-heading-4\" href=\"https:\/\/hexchemicals.com\/fi\/product\/tilaa-ghb\/#Why_Choose_Our_GHB\" >Miksi valita meid\u00e4n GHB?<\/a><\/li><li class='ez-toc-page-1 ez-toc-heading-level-3'><a class=\"ez-toc-link ez-toc-heading-5\" href=\"https:\/\/hexchemicals.com\/fi\/product\/tilaa-ghb\/#How_Does_GHB_Work\" >Miten GHB toimii?<\/a><\/li><li class='ez-toc-page-1 ez-toc-heading-level-3'><a class=\"ez-toc-link ez-toc-heading-6\" href=\"https:\/\/hexchemicals.com\/fi\/product\/tilaa-ghb\/#Customer_Testimonials_Social_Proof_You_Can_Trust\" >Asiakkaiden suosittelut: Social Proof You Can Trust<\/a><\/li><li class='ez-toc-page-1 ez-toc-heading-level-3'><a class=\"ez-toc-link ez-toc-heading-7\" href=\"https:\/\/hexchemicals.com\/fi\/product\/tilaa-ghb\/#Safe_Usage_Our_Commitment_to_Responsible_Enjoyment\" >Turvallinen k\u00e4ytt\u00f6: Vastuullinen nautinto: Sitoumuksemme vastuulliseen nauttimiseen<\/a><\/li><li class='ez-toc-page-1 ez-toc-heading-level-3'><a class=\"ez-toc-link ez-toc-heading-8\" href=\"https:\/\/hexchemicals.com\/fi\/product\/tilaa-ghb\/#How_to_Order_GHB_Online_%E2%80%93_Simple_and_Secure\" >Kuinka tilata GHB verkossa - Yksinkertainen ja turvallinen<\/a><\/li><li class='ez-toc-page-1 ez-toc-heading-level-3'><a class=\"ez-toc-link ez-toc-heading-9\" href=\"https:\/\/hexchemicals.com\/fi\/product\/tilaa-ghb\/#Why_Wait_Experience_the_Benefits_Today\" >Miksi odottaa? Koe edut t\u00e4n\u00e4\u00e4n!<\/a><\/li><li class='ez-toc-page-1 ez-toc-heading-level-3'><a class=\"ez-toc-link ez-toc-heading-10\" href=\"https:\/\/hexchemicals.com\/fi\/product\/tilaa-ghb\/#Ready_to_Relax_Order_GHB_Now\" >Oletko valmis rentoutumaan? Tilaa GHB nyt!<\/a><\/li><\/ul><\/nav><\/div>\n<h3><span class=\"ez-toc-section\" id=\"The_Ultimate_Solution_for_Relaxation_and_Social_Ease_%E2%80%93_Order_GHB\"><\/span><strong>Lopullinen ratkaisu rentoutumiseen ja sosiaaliseen helppouteen - Tilaa GHB:t\u00e4<\/strong><span class=\"ez-toc-section-end\"><\/span><\/h3>\n<p>El\u00e4m\u00e4 voi olla hektist\u00e4, stressaavaa ja ylivoimaista. Oikean tasapainon l\u00f6yt\u00e4minen on avainasemassa, halusitpa sitten rentoutua pitk\u00e4n p\u00e4iv\u00e4n j\u00e4lkeen tai etsi\u00e4 t\u00e4ydellist\u00e4 lis\u00e4yst\u00e4 sosiaalisiin rutiineihisi. Niille, jotka arvostavat rentoutumista, yhteytt\u00e4 ja kohonneita kokemuksia, GHB (gamma-hydroksibutyraatti) tarjoaa luotettavan polun.<\/p>\n<h3><span class=\"ez-toc-section\" id=\"The_Problem_Stress_Social_Anxiety_and_Disconnection\"><\/span><strong>Ongelma: stressi, sosiaalinen ahdistus ja yhteyden katkeaminen.<\/strong><span class=\"ez-toc-section-end\"><\/span><\/h3>\n<p>Nykyaikainen el\u00e4m\u00e4 tuo mukanaan lukuisia haasteita - stressaavat ty\u00f6p\u00e4iv\u00e4t, vaikeudet rentoutua tai yksinkertaisesti tunne, ett\u00e4 sosiaalisissa tilanteissa ei ole yhteytt\u00e4. Saatat mietti\u00e4:<\/p>\n<ul>\n<li><em>\"Miten voin rentoutua vaarantamatta turvallisuuttani?\"<\/em><\/li>\n<li><em>\"Voiko sosiaalista vuorovaikutusta parantaa luonnollisesti?\" \"Onko olemassa keino parantaa sosiaalista vuorovaikutusta luonnollisesti?\"<\/em><\/li>\n<li><em>\"Mist\u00e4 l\u00f6yd\u00e4n korkealaatuista GHB:t\u00e4 myyt\u00e4v\u00e4ksi huomaamattomalla toimituksella?\"<\/em><\/li>\n<\/ul>\n<p>GHB on tunnettu ratkaisu henkil\u00f6ille, jotka etsiv\u00e4t hallittua ja nautinnollista tapaa rentoutua tai parantaa sosiaalisia kokemuksia.<\/p>\n<h3><span class=\"ez-toc-section\" id=\"What_is_GHB_and_Why_Choose_It\"><\/span><strong>Mik\u00e4 on GHB ja miksi valita se?<\/strong><span class=\"ez-toc-section-end\"><\/span><\/h3>\n<p>GHB (gammahydroksibutyraatti) on ihmiskehossa luonnostaan esiintyv\u00e4 aine, joka tunnetaan sen rauhoittavista vaikutuksista keskushermostoon. Vastuullisesti k\u00e4ytettyn\u00e4 se voi:<\/p>\n<ul>\n<li><strong>Edist\u00e4\u00e4 rentoutumista<\/strong>: Sulata pois stressi ja j\u00e4nnitys kiireisen p\u00e4iv\u00e4n j\u00e4lkeen.<\/li>\n<li><strong>Parantaa sosiaalista vuorovaikutusta<\/strong>: Tunne olosi mukavammaksi ryhm\u00e4ss\u00e4 tai intiimeiss\u00e4 hetkiss\u00e4.<\/li>\n<li><strong>Tukea syv\u00e4\u00e4 unta<\/strong>: Her\u00e4\u00e4 virke\u00e4n\u00e4 ja latautuneena.<\/li>\n<\/ul>\n<p>Oikean l\u00e4hteen avulla GHB voi kohottaa el\u00e4m\u00e4ntyyli\u00e4si turvallisesti ja tehokkaasti.<\/p>\n<h3><span class=\"ez-toc-section\" id=\"Why_Choose_Our_GHB\"><\/span><strong>Miksi valita meid\u00e4n GHB?<\/strong><span class=\"ez-toc-section-end\"><\/span><\/h3>\n<p>Ymm\u00e4rr\u00e4mme, ett\u00e4 laatu ja luottamus ovat t\u00e4rkeimpi\u00e4 prioriteetteja, kun ostat tuotteita, kuten GHB:t\u00e4. Siksi meid\u00e4n KO Drops erottuu edukseen:<\/p>\n<ul>\n<li><strong>Farmaseuttinen puhtaus<\/strong>: Jokainen er\u00e4 testataan tiukasti turvallisuuden ja tehon osalta.<\/li>\n<li><strong>Huomaamaton pakkaus ja toimitus<\/strong>: Yksityisyytesi on etusijalla, jotta voimme varmistaa saumattoman ja luottamuksellisen ostokokemuksen.<\/li>\n<li><strong>Kilpailukykyinen hinnoittelu<\/strong>: Ensiluokkaisen laadun ei tarvitse rikkoa pankkia.<\/li>\n<li><strong>Nopea toimitus<\/strong>: Saat tilauksesi toimitettua nopeasti riippumatta siit\u00e4, miss\u00e4 olet.<\/li>\n<\/ul>\n<h3><span class=\"ez-toc-section\" id=\"How_Does_GHB_Work\"><\/span><strong>Miten GHB toimii?<\/strong><span class=\"ez-toc-section-end\"><\/span><\/h3>\n<p>GHB on vuorovaikutuksessa aivojen erityisten reseptorien kanssa, mik\u00e4 luo rauhallisuuden ja euforian tunnetta ja edist\u00e4\u00e4 samalla luonnollista hyvinvoinnin tunnetta. T\u00e4m\u00e4 ainutlaatuinen mekanismi tekee siit\u00e4 ihanteellisen valinnan:<\/p>\n<ul>\n<li>Rentoutuminen stressaavan p\u00e4iv\u00e4n j\u00e4lkeen.<\/li>\n<li>Yhteyksien parantaminen sosiaalisissa tilaisuuksissa.<\/li>\n<li>L\u00e4heisyyden ja itseluottamuksen lis\u00e4\u00e4minen.<\/li>\n<\/ul>\n<h3><span class=\"ez-toc-section\" id=\"Customer_Testimonials_Social_Proof_You_Can_Trust\"><\/span><strong>Asiakkaiden suosittelut: Social Proof You Can Trust<\/strong><span class=\"ez-toc-section-end\"><\/span><\/h3>\n<p><strong>Sophia R.<\/strong> - <em>\"Olin aluksi skeptinen, mutta GHB:n tilaaminen t\u00e4m\u00e4n sivuston kautta oli paras p\u00e4\u00e4t\u00f6s. Kaikki saapui huomaamattomasti, ja laatu ylitti odotukseni!\"<\/em><\/p>\n<p><strong>Mark D.<\/strong> - <em>\"T\u00e4ydellinen rentoutumiseen pitk\u00e4n viikon j\u00e4lkeen. N\u00e4m\u00e4 KO-tipat ovat nyt viikonloppujeni peruskamaa!\"<\/em><\/p>\n<p><strong>Anna K.<\/strong> - <em>\"Nopea toimitus, erinomainen laatu, eik\u00e4 vaivaa. Suosittelen l\u00e4mpim\u00e4sti!\"<\/em><\/p>\n<h3><span class=\"ez-toc-section\" id=\"Safe_Usage_Our_Commitment_to_Responsible_Enjoyment\"><\/span><strong>Turvallinen k\u00e4ytt\u00f6: Vastuullinen nautinto: Sitoumuksemme vastuulliseen nauttimiseen<\/strong><span class=\"ez-toc-section-end\"><\/span><\/h3>\n<p>Turvallisuutesi on etusijalla. Noudata n\u00e4it\u00e4 yksinkertaisia ohjeita varmistaaksesi my\u00f6nteisen kokemuksen:<\/p>\n<ul>\n<li>K\u00e4yt\u00e4 GHB:t\u00e4 aina vastuullisesti ja kohtuudella.<\/li>\n<li>V\u00e4lt\u00e4 sekoittamista alkoholin tai muiden aineiden kanssa.<\/li>\n<li>S\u00e4ilyt\u00e4 viile\u00e4ss\u00e4, turvallisessa paikassa poissa lasten ulottuvilta.<\/li>\n<\/ul>\n<p>Noudattamalla n\u00e4it\u00e4 parhaita k\u00e4yt\u00e4nt\u00f6j\u00e4 voit nauttia kaikista eduista huoletta.<\/p>\n<h3><span class=\"ez-toc-section\" id=\"How_to_Order_GHB_Online_%E2%80%93_Simple_and_Secure\"><\/span><strong>Kuinka tilata GHB verkossa - Yksinkertainen ja turvallinen<\/strong><span class=\"ez-toc-section-end\"><\/span><\/h3>\n<p>GHB:n tilaaminen ei ole koskaan ollut helpompaa. Seuraa n\u00e4it\u00e4 ohjeita p\u00e4\u00e4st\u00e4ksesi alkuun:<\/p>\n<ol>\n<li><strong>Selaa valikoimaamme<\/strong>: Tutustu tarpeisiisi r\u00e4\u00e4t\u00e4l\u00f6ityihin premium KO Drops -valmisteisiin.<\/li>\n<li><strong>Lis\u00e4\u00e4 ostoskoriin<\/strong>: Vain yhdell\u00e4 klikkauksella valitsemasi tuote on valmis kassalle.<\/li>\n<li><strong>Hienovarainen toimitus<\/strong>: Nauti nopeasta ja turvallisesta toimituksesta kotiovellesi.<\/li>\n<\/ol>\n<p>Asiakastukitiimimme on aina valmiina auttamaan kaikissa kysymyksiss\u00e4 ja huolenaiheissa.<\/p>\n<h3><span class=\"ez-toc-section\" id=\"Why_Wait_Experience_the_Benefits_Today\"><\/span><strong>Miksi odottaa? Koe edut t\u00e4n\u00e4\u00e4n!<\/strong><span class=\"ez-toc-section-end\"><\/span><\/h3>\n<p>\u00c4l\u00e4 anna stressin tai sosiaalisen ahdistuksen pid\u00e4tell\u00e4 sinua. Laadukkaan GHB:n avulla voit:<\/p>\n<ul>\n<li>Muuta rentoutumisrutiinisi.<\/li>\n<li>Tunne itsevarmuutta miss\u00e4 tahansa sosiaalisessa ymp\u00e4rist\u00f6ss\u00e4.<\/li>\n<li>Paranna el\u00e4m\u00e4ntyyli\u00e4si luotettavalla ratkaisulla.<\/li>\n<\/ul>\n<h3><span class=\"ez-toc-section\" id=\"Ready_to_Relax_Order_GHB_Now\"><\/span><strong>Oletko valmis rentoutumaan? Tilaa GHB nyt!<\/strong><span class=\"ez-toc-section-end\"><\/span><\/h3>\n<p>Klikkaa alta ja aloita matkasi kohti rentoutumista ja nautintoa. Turvallisen ja huomaamattoman palvelumme ansiosta ei ole parempaa aikaa kokea GHB:n transformatiiviset hy\u00f6dyt.<\/p>\n<p><strong>Tilaa GHB nyt<\/strong> ja l\u00f6yd\u00e4 rentoutumisen taito uudelleen!<\/p>","protected":false},"excerpt":{"rendered":"<p>Ultimate Solution for Relaxation and Social Ease - Tilaa GHB El\u00e4m\u00e4 voi olla hektist\u00e4, stressaavaa ja ylivoimaista. Olitpa sitten<\/p>","protected":false},"featured_media":9565,"comment_status":"open","ping_status":"closed","template":"","meta":[],"product_brand":[],"product_cat":[70],"product_tag":[],"class_list":{"0":"post-9563","1":"product","2":"type-product","3":"status-publish","4":"has-post-thumbnail","6":"product_cat-ko-drops","8":"first","9":"instock","10":"shipping-taxable","11":"purchasable","12":"product-type-variable"},"yoast_head":"<!-- This site is optimized with the Yoast SEO plugin v27.3 - https:\/\/yoast.com\/product\/yoast-seo-wordpress\/ -->\n<title>Order GHB Online - Your Premium KO Drops<\/title>\n<meta name=\"description\" content=\"Order GHB online from trusted suppliers. Discover premium-quality KO Drops for a safe, relaxing, and enjoyable experience. Discreet shipping available!\" \/>\n<meta name=\"robots\" content=\"index, follow, max-snippet:-1, max-image-preview:large, max-video-preview:-1\" \/>\n<link rel=\"canonical\" href=\"https:\/\/hexchemicals.com\/fi\/product\/tilaa-ghb\/\" \/>\n<meta property=\"og:locale\" content=\"fi_FI\" \/>\n<meta property=\"og:type\" content=\"article\" \/>\n<meta property=\"og:title\" content=\"Order GHB Online - Your Premium KO Drops\" \/>\n<meta property=\"og:description\" content=\"Order GHB online from trusted suppliers. Discover premium-quality KO Drops for a safe, relaxing, and enjoyable experience. Discreet shipping available!\" \/>\n<meta property=\"og:url\" content=\"https:\/\/hexchemicals.com\/fi\/product\/tilaa-ghb\/\" \/>\n<meta property=\"og:site_name\" content=\"Hexchemicals\" \/>\n<meta property=\"article:modified_time\" content=\"2026-04-28T03:12:50+00:00\" \/>\n<meta property=\"og:image\" content=\"https:\/\/hexchemicals.com\/wp-content\/uploads\/2024\/12\/Order-GHB.jpg\" \/>\n\t<meta property=\"og:image:width\" content=\"1200\" \/>\n\t<meta property=\"og:image:height\" content=\"1105\" \/>\n\t<meta property=\"og:image:type\" content=\"image\/jpeg\" \/>\n<meta name=\"twitter:card\" content=\"summary_large_image\" \/>\n<meta name=\"twitter:label1\" content=\"Arvioitu lukuaika\" \/>\n\t<meta name=\"twitter:data1\" content=\"3 minuuttia\" \/>\n<script type=\"application\/ld+json\" class=\"yoast-schema-graph\">{\"@context\":\"https:\\\/\\\/schema.org\",\"@graph\":[{\"@type\":\"WebPage\",\"@id\":\"https:\\\/\\\/hexchemicals.com\\\/product\\\/order-ghb\\\/\",\"url\":\"https:\\\/\\\/hexchemicals.com\\\/product\\\/order-ghb\\\/\",\"name\":\"Order GHB Online - Your Premium KO Drops\",\"isPartOf\":{\"@id\":\"https:\\\/\\\/hexchemicals.com\\\/#website\"},\"primaryImageOfPage\":{\"@id\":\"https:\\\/\\\/hexchemicals.com\\\/product\\\/order-ghb\\\/#primaryimage\"},\"image\":{\"@id\":\"https:\\\/\\\/hexchemicals.com\\\/product\\\/order-ghb\\\/#primaryimage\"},\"thumbnailUrl\":\"https:\\\/\\\/hexchemicals.com\\\/wp-content\\\/uploads\\\/2024\\\/12\\\/Order-GHB.jpg\",\"datePublished\":\"2024-12-09T10:27:25+00:00\",\"dateModified\":\"2026-04-28T03:12:50+00:00\",\"description\":\"Order GHB online from trusted suppliers. Discover premium-quality KO Drops for a safe, relaxing, and enjoyable experience. Discreet shipping available!\",\"breadcrumb\":{\"@id\":\"https:\\\/\\\/hexchemicals.com\\\/product\\\/order-ghb\\\/#breadcrumb\"},\"inLanguage\":\"fi\",\"potentialAction\":[{\"@type\":\"ReadAction\",\"target\":[\"https:\\\/\\\/hexchemicals.com\\\/product\\\/order-ghb\\\/\"]}]},{\"@type\":\"ImageObject\",\"inLanguage\":\"fi\",\"@id\":\"https:\\\/\\\/hexchemicals.com\\\/product\\\/order-ghb\\\/#primaryimage\",\"url\":\"https:\\\/\\\/hexchemicals.com\\\/wp-content\\\/uploads\\\/2024\\\/12\\\/Order-GHB.jpg\",\"contentUrl\":\"https:\\\/\\\/hexchemicals.com\\\/wp-content\\\/uploads\\\/2024\\\/12\\\/Order-GHB.jpg\",\"width\":1200,\"height\":1105,\"caption\":\"Order GHB, Buy GHB online\"},{\"@type\":\"BreadcrumbList\",\"@id\":\"https:\\\/\\\/hexchemicals.com\\\/product\\\/order-ghb\\\/#breadcrumb\",\"itemListElement\":[{\"@type\":\"ListItem\",\"position\":1,\"name\":\"Home\",\"item\":\"https:\\\/\\\/hexchemicals.com\\\/\"},{\"@type\":\"ListItem\",\"position\":2,\"name\":\"Shop\",\"item\":\"https:\\\/\\\/hexchemicals.com\\\/shop\\\/\"},{\"@type\":\"ListItem\",\"position\":3,\"name\":\"Gamma-Hydroxybutyrate (GHB)\"}]},{\"@type\":\"WebSite\",\"@id\":\"https:\\\/\\\/hexchemicals.com\\\/#website\",\"url\":\"https:\\\/\\\/hexchemicals.com\\\/\",\"name\":\"Hexchemicals\",\"description\":\"Buy GBL, GHB, Amphetamine and Ketamine\",\"potentialAction\":[{\"@type\":\"SearchAction\",\"target\":{\"@type\":\"EntryPoint\",\"urlTemplate\":\"https:\\\/\\\/hexchemicals.com\\\/?s={search_term_string}\"},\"query-input\":{\"@type\":\"PropertyValueSpecification\",\"valueRequired\":true,\"valueName\":\"search_term_string\"}}],\"inLanguage\":\"fi\"}]}<\/script>\n<!-- \/ Yoast SEO plugin. -->","yoast_head_json":{"title":"Tilaa GHB verkossa - sinun Premium KO Drops -tilaus","description":"Tilaa GHB verkossa luotettavilta toimittajilta. Tutustu korkealaatuisiin KO Drops -tuotteisiin turvallista, rentouttavaa ja nautinnollista kokemusta varten. Hienovarainen toimitus saatavilla!","robots":{"index":"index","follow":"follow","max-snippet":"max-snippet:-1","max-image-preview":"max-image-preview:large","max-video-preview":"max-video-preview:-1"},"canonical":"https:\/\/hexchemicals.com\/fi\/product\/tilaa-ghb\/","og_locale":"fi_FI","og_type":"article","og_title":"Order GHB Online - Your Premium KO Drops","og_description":"Order GHB online from trusted suppliers. Discover premium-quality KO Drops for a safe, relaxing, and enjoyable experience. Discreet shipping available!","og_url":"https:\/\/hexchemicals.com\/fi\/product\/tilaa-ghb\/","og_site_name":"Hexchemicals","article_modified_time":"2026-04-28T03:12:50+00:00","og_image":[{"width":1200,"height":1105,"url":"https:\/\/hexchemicals.com\/wp-content\/uploads\/2024\/12\/Order-GHB.jpg","type":"image\/jpeg"}],"twitter_card":"summary_large_image","twitter_misc":{"Arvioitu lukuaika":"3 minuuttia"},"schema":{"@context":"https:\/\/schema.org","@graph":[{"@type":"WebPage","@id":"https:\/\/hexchemicals.com\/product\/order-ghb\/","url":"https:\/\/hexchemicals.com\/product\/order-ghb\/","name":"Tilaa GHB verkossa - sinun Premium KO Drops -tilaus","isPartOf":{"@id":"https:\/\/hexchemicals.com\/#website"},"primaryImageOfPage":{"@id":"https:\/\/hexchemicals.com\/product\/order-ghb\/#primaryimage"},"image":{"@id":"https:\/\/hexchemicals.com\/product\/order-ghb\/#primaryimage"},"thumbnailUrl":"https:\/\/hexchemicals.com\/wp-content\/uploads\/2024\/12\/Order-GHB.jpg","datePublished":"2024-12-09T10:27:25+00:00","dateModified":"2026-04-28T03:12:50+00:00","description":"Tilaa GHB verkossa luotettavilta toimittajilta. Tutustu korkealaatuisiin KO Drops -tuotteisiin turvallista, rentouttavaa ja nautinnollista kokemusta varten. Hienovarainen toimitus saatavilla!","breadcrumb":{"@id":"https:\/\/hexchemicals.com\/product\/order-ghb\/#breadcrumb"},"inLanguage":"fi","potentialAction":[{"@type":"ReadAction","target":["https:\/\/hexchemicals.com\/product\/order-ghb\/"]}]},{"@type":"ImageObject","inLanguage":"fi","@id":"https:\/\/hexchemicals.com\/product\/order-ghb\/#primaryimage","url":"https:\/\/hexchemicals.com\/wp-content\/uploads\/2024\/12\/Order-GHB.jpg","contentUrl":"https:\/\/hexchemicals.com\/wp-content\/uploads\/2024\/12\/Order-GHB.jpg","width":1200,"height":1105,"caption":"Order GHB, Buy GHB online"},{"@type":"BreadcrumbList","@id":"https:\/\/hexchemicals.com\/product\/order-ghb\/#breadcrumb","itemListElement":[{"@type":"ListItem","position":1,"name":"Home","item":"https:\/\/hexchemicals.com\/"},{"@type":"ListItem","position":2,"name":"Shop","item":"https:\/\/hexchemicals.com\/shop\/"},{"@type":"ListItem","position":3,"name":"Gamma-Hydroxybutyrate (GHB)"}]},{"@type":"WebSite","@id":"https:\/\/hexchemicals.com\/#website","url":"https:\/\/hexchemicals.com\/","name":"Heksakemikaalit","description":"Osta GBL, GHB, amfetamiini ja ketamiini.","potentialAction":[{"@type":"SearchAction","target":{"@type":"EntryPoint","urlTemplate":"https:\/\/hexchemicals.com\/?s={search_term_string}"},"query-input":{"@type":"PropertyValueSpecification","valueRequired":true,"valueName":"search_term_string"}}],"inLanguage":"fi"}]}},"_links":{"self":[{"href":"https:\/\/hexchemicals.com\/fi\/wp-json\/wp\/v2\/product\/9563","targetHints":{"allow":["GET"]}}],"collection":[{"href":"https:\/\/hexchemicals.com\/fi\/wp-json\/wp\/v2\/product"}],"about":[{"href":"https:\/\/hexchemicals.com\/fi\/wp-json\/wp\/v2\/types\/product"}],"replies":[{"embeddable":true,"href":"https:\/\/hexchemicals.com\/fi\/wp-json\/wp\/v2\/comments?post=9563"}],"wp:featuredmedia":[{"embeddable":true,"href":"https:\/\/hexchemicals.com\/fi\/wp-json\/wp\/v2\/media\/9565"}],"wp:attachment":[{"href":"https:\/\/hexchemicals.com\/fi\/wp-json\/wp\/v2\/media?parent=9563"}],"wp:term":[{"taxonomy":"product_brand","embeddable":true,"href":"https:\/\/hexchemicals.com\/fi\/wp-json\/wp\/v2\/product_brand?post=9563"},{"taxonomy":"product_cat","embeddable":true,"href":"https:\/\/hexchemicals.com\/fi\/wp-json\/wp\/v2\/product_cat?post=9563"},{"taxonomy":"product_tag","embeddable":true,"href":"https:\/\/hexchemicals.com\/fi\/wp-json\/wp\/v2\/product_tag?post=9563"}],"curies":[{"name":"wp","href":"https:\/\/api.w.org\/{rel}","templated":true}]}}