{"id":3,"date":"2024-12-08T10:20:47","date_gmt":"2024-12-08T10:20:47","guid":{"rendered":"https:\/\/hexchemicals.com\/?page_id=3"},"modified":"2024-12-08T16:25:52","modified_gmt":"2024-12-08T16:25:52","slug":"politique-de-confidentialite","status":"publish","type":"page","link":"https:\/\/hexchemicals.com\/fr\/politique-de-confidentialite\/","title":{"rendered":"Politique de confidentialit\u00e9"},"content":{"rendered":"<div id=\"ez-toc-container\" class=\"ez-toc-v2_0_82_2 counter-hierarchy ez-toc-counter ez-toc-grey ez-toc-container-direction\">\n<div class=\"ez-toc-title-container\">\n<p class=\"ez-toc-title\" style=\"cursor:inherit\">Table des mati\u00e8res<\/p>\n<span class=\"ez-toc-title-toggle\"><a href=\"#\" class=\"ez-toc-pull-right ez-toc-btn ez-toc-btn-xs ez-toc-btn-default ez-toc-toggle\" aria-label=\"Toggle Table des mati\u00e8res\"><span class=\"ez-toc-js-icon-con\"><span class=\"\"><span class=\"eztoc-hide\" style=\"display:none;\">Toggle<\/span><span class=\"ez-toc-icon-toggle-span\"><svg style=\"fill: #333333;color:#333333\" xmlns=\"http:\/\/www.w3.org\/2000\/svg\" class=\"list-377408\" width=\"20px\" height=\"20px\" viewbox=\"0 0 24 24\" fill=\"none\"><path d=\"M6 6H4v2h2V6zm14 0H8v2h12V6zM4 11h2v2H4v-2zm16 0H8v2h12v-2zM4 16h2v2H4v-2zm16 0H8v2h12v-2z\" fill=\"currentColor\"><\/path><\/svg><svg style=\"fill: #333333;color:#333333\" class=\"arrow-unsorted-368013\" xmlns=\"http:\/\/www.w3.org\/2000\/svg\" width=\"10px\" height=\"10px\" viewbox=\"0 0 24 24\" version=\"1.2\" baseprofile=\"tiny\"><path d=\"M18.2 9.3l-6.2-6.3-6.2 6.3c-.2.2-.3.4-.3.7s.1.5.3.7c.2.2.4.3.7.3h11c.3 0 .5-.1.7-.3.2-.2.3-.5.3-.7s-.1-.5-.3-.7zM5.8 14.7l6.2 6.3 6.2-6.3c.2-.2.3-.5.3-.7s-.1-.5-.3-.7c-.2-.2-.4-.3-.7-.3h-11c-.3 0-.5.1-.7.3-.2.2-.3.5-.3.7s.1.5.3.7z\"\/><\/svg><\/span><\/span><\/span><\/a><\/span><\/div>\n<nav><ul class='ez-toc-list ez-toc-list-level-1' ><li class='ez-toc-page-1 ez-toc-heading-level-3'><a class=\"ez-toc-link ez-toc-heading-1\" href=\"https:\/\/hexchemicals.com\/fr\/politique-de-confidentialite\/#Privacy_Policy\" >Politique de confidentialit\u00e9<\/a><\/li><li class='ez-toc-page-1 ez-toc-heading-level-3'><a class=\"ez-toc-link ez-toc-heading-2\" href=\"https:\/\/hexchemicals.com\/fr\/politique-de-confidentialite\/#1_Information_We_Collect\" >1. Les informations que nous collectons<\/a><\/li><li class='ez-toc-page-1 ez-toc-heading-level-3'><a class=\"ez-toc-link ez-toc-heading-3\" href=\"https:\/\/hexchemicals.com\/fr\/politique-de-confidentialite\/#2_How_We_Use_Your_Information\" >2. Comment nous utilisons vos informations<\/a><\/li><li class='ez-toc-page-1 ez-toc-heading-level-3'><a class=\"ez-toc-link ez-toc-heading-4\" href=\"https:\/\/hexchemicals.com\/fr\/politique-de-confidentialite\/#3_Sharing_Your_Information\" >3. Partage des informations<\/a><\/li><li class='ez-toc-page-1 ez-toc-heading-level-3'><a class=\"ez-toc-link ez-toc-heading-5\" href=\"https:\/\/hexchemicals.com\/fr\/politique-de-confidentialite\/#4_How_We_Protect_Your_Information\" >4. Comment nous prot\u00e9geons vos informations<\/a><\/li><li class='ez-toc-page-1 ez-toc-heading-level-3'><a class=\"ez-toc-link ez-toc-heading-6\" href=\"https:\/\/hexchemicals.com\/fr\/politique-de-confidentialite\/#5_Your_Rights\" >5. Vos droits<\/a><\/li><li class='ez-toc-page-1 ez-toc-heading-level-3'><a class=\"ez-toc-link ez-toc-heading-7\" href=\"https:\/\/hexchemicals.com\/fr\/politique-de-confidentialite\/#6_Cookies_and_Tracking\" >6. Cookies et tra\u00e7age<\/a><\/li><li class='ez-toc-page-1 ez-toc-heading-level-3'><a class=\"ez-toc-link ez-toc-heading-8\" href=\"https:\/\/hexchemicals.com\/fr\/politique-de-confidentialite\/#7_Third-Party_Links\" >7. Liens avec des tiers<\/a><\/li><li class='ez-toc-page-1 ez-toc-heading-level-3'><a class=\"ez-toc-link ez-toc-heading-9\" href=\"https:\/\/hexchemicals.com\/fr\/politique-de-confidentialite\/#8_Updates_to_This_Privacy_Policy\" >8. Mises \u00e0 jour de la pr\u00e9sente politique de confidentialit\u00e9<\/a><\/li><li class='ez-toc-page-1 ez-toc-heading-level-3'><a class=\"ez-toc-link ez-toc-heading-10\" href=\"https:\/\/hexchemicals.com\/fr\/politique-de-confidentialite\/#9_Contact_Us\" >9. Nous contacter<\/a><\/li><\/ul><\/nav><\/div>\n<h3><span class=\"ez-toc-section\" id=\"Privacy_Policy\"><\/span>Politique de confidentialit\u00e9<span class=\"ez-toc-section-end\"><\/span><\/h3>\n<p><strong>Date d'entr\u00e9e en vigueur :<\/strong> 08\/12\/2024<\/p>\n<p>Hexchemicals s'engage \u00e0 prot\u00e9ger votre vie priv\u00e9e et \u00e0 assurer la s\u00e9curit\u00e9 de vos informations personnelles. La pr\u00e9sente politique de confidentialit\u00e9 d\u00e9crit la mani\u00e8re dont nous recueillons, utilisons et prot\u00e9geons vos informations lorsque vous visitez notre site web ou effectuez un achat. En utilisant notre site web, vous acceptez les pratiques d\u00e9crites dans cette politique de confidentialit\u00e9.<\/p>\n<h3><span class=\"ez-toc-section\" id=\"1_Information_We_Collect\"><\/span><strong>1. Les informations que nous collectons<\/strong><span class=\"ez-toc-section-end\"><\/span><\/h3>\n<p>Nous recueillons les types d'informations suivants afin de vous offrir une exp\u00e9rience d'achat transparente et s\u00e9curis\u00e9e :<\/p>\n<ul>\n<li><strong>Informations personnelles :<\/strong> Il s'agit de votre nom, de votre adresse \u00e9lectronique, de votre adresse de livraison, de votre num\u00e9ro de t\u00e9l\u00e9phone et de vos donn\u00e9es de paiement, que vous fournissez au cours de la proc\u00e9dure de paiement.<\/li>\n<li><strong>Informations non personnelles :<\/strong> Inclut le type de navigateur, l'adresse IP et d'autres d\u00e9tails techniques collect\u00e9s automatiquement pour am\u00e9liorer la fonctionnalit\u00e9 et la s\u00e9curit\u00e9 du site web.<\/li>\n<li><strong>Cookies :<\/strong> Petits fichiers stock\u00e9s sur votre appareil pour am\u00e9liorer votre exp\u00e9rience de navigation, m\u00e9moriser vos pr\u00e9f\u00e9rences et analyser le trafic sur le site.<\/li>\n<\/ul>\n<h3><span class=\"ez-toc-section\" id=\"2_How_We_Use_Your_Information\"><\/span><strong>2. Comment nous utilisons vos informations<\/strong><span class=\"ez-toc-section-end\"><\/span><\/h3>\n<p>Nous utilisons les informations que nous recueillons aux fins suivantes :<\/p>\n<ul>\n<li>Pour traiter et ex\u00e9cuter vos commandes en toute s\u00e9curit\u00e9.<\/li>\n<li>Fournir une assistance \u00e0 la client\u00e8le et r\u00e9pondre aux demandes de renseignements.<\/li>\n<li>Am\u00e9liorer notre site web, nos produits et nos services.<\/li>\n<li>Pour envoyer des mises \u00e0 jour de commandes, des offres promotionnelles et des avis importants (vous pouvez vous d\u00e9sabonner des communications promotionnelles \u00e0 tout moment).<\/li>\n<li>Assurer le respect des exigences l\u00e9gales et r\u00e9glementaires.<\/li>\n<\/ul>\n<h3><span class=\"ez-toc-section\" id=\"3_Sharing_Your_Information\"><\/span><strong>3. Partage des informations<\/strong><span class=\"ez-toc-section-end\"><\/span><\/h3>\n<p>Hexchemicals respecte votre vie priv\u00e9e et ne vendra pas, ne louera pas et ne partagera pas vos informations personnelles avec des tiers, sauf si cela est n\u00e9cessaire pour :<\/p>\n<ul>\n<li>Traiter les paiements en toute s\u00e9curit\u00e9 par l'interm\u00e9diaire de fournisseurs de paiement de confiance.<\/li>\n<li>Exp\u00e9diez et livrez vos commandes en faisant appel \u00e0 des soci\u00e9t\u00e9s de logistique r\u00e9put\u00e9es.<\/li>\n<li>se conformer \u00e0 des obligations l\u00e9gales ou r\u00e9pondre \u00e0 des demandes l\u00e9gitimes.<\/li>\n<\/ul>\n<h3><span class=\"ez-toc-section\" id=\"4_How_We_Protect_Your_Information\"><\/span><strong>4. Comment nous prot\u00e9geons vos informations<\/strong><span class=\"ez-toc-section-end\"><\/span><\/h3>\n<p>Nous utilisons des mesures de s\u00e9curit\u00e9 avanc\u00e9es pour prot\u00e9ger vos informations personnelles, notamment :<\/p>\n<ul>\n<li><strong>Cryptage SSL :<\/strong> La technologie Secure Socket Layer (SSL) garantit une transmission s\u00fbre des donn\u00e9es sensibles.<\/li>\n<li><strong>Passerelles de paiement s\u00e9curis\u00e9es :<\/strong> Toutes les transactions sont trait\u00e9es par des fournisseurs de paiement fiables et s\u00e9curis\u00e9s.<\/li>\n<li><strong>Contr\u00f4les d'acc\u00e8s aux donn\u00e9es :<\/strong> L'acc\u00e8s restreint aux donn\u00e9es personnelles garantit qu'elles ne sont disponibles que pour le personnel autoris\u00e9.<\/li>\n<\/ul>\n<h3><span class=\"ez-toc-section\" id=\"5_Your_Rights\"><\/span><strong>5. Vos droits<\/strong><span class=\"ez-toc-section-end\"><\/span><\/h3>\n<p>Vous disposez des droits suivants concernant vos donn\u00e9es personnelles :<\/p>\n<ul>\n<li><strong>Acc\u00e8s et correction :<\/strong> Demander une copie de vos informations ou mettre \u00e0 jour les inexactitudes.<\/li>\n<li><strong>Suppression :<\/strong> demander la suppression de vos informations personnelles, sous r\u00e9serve d'obligations l\u00e9gales ou contractuelles.<\/li>\n<li><strong>Retirer le consentement :<\/strong> Refuser les communications marketing \u00e0 tout moment.<\/li>\n<\/ul>\n<p>Pour exercer ces droits, contactez-nous \u00e0 l'adresse suivante <strong>[Ins\u00e9rer l'adresse \u00e9lectronique du contact]<\/strong>.<\/p>\n<h3><span class=\"ez-toc-section\" id=\"6_Cookies_and_Tracking\"><\/span><strong>6. Cookies et tra\u00e7age<\/strong><span class=\"ez-toc-section-end\"><\/span><\/h3>\n<p>Hexchemicals utilise des cookies pour am\u00e9liorer la performance de son site et votre exp\u00e9rience de navigation. En utilisant notre site web, vous consentez \u00e0 ce que nous utilisions des cookies. Vous pouvez g\u00e9rer ou d\u00e9sactiver les cookies par le biais des param\u00e8tres de votre navigateur, mais certaines fonctionnalit\u00e9s de notre site peuvent en \u00eatre affect\u00e9es.<\/p>\n<h3><span class=\"ez-toc-section\" id=\"7_Third-Party_Links\"><\/span><strong>7. Liens avec des tiers<\/strong><span class=\"ez-toc-section-end\"><\/span><\/h3>\n<p>Notre site web peut inclure des liens vers des sites web de tiers. Hexchemicals n'est pas responsable des pratiques de confidentialit\u00e9 de ces sites externes, et nous vous encourageons \u00e0 consulter leurs politiques de confidentialit\u00e9 avant de partager toute information personnelle.<\/p>\n<h3><span class=\"ez-toc-section\" id=\"8_Updates_to_This_Privacy_Policy\"><\/span><strong>8. Mises \u00e0 jour de la pr\u00e9sente politique de confidentialit\u00e9<\/strong><span class=\"ez-toc-section-end\"><\/span><\/h3>\n<p>Nous pouvons mettre \u00e0 jour cette politique de confidentialit\u00e9 de temps \u00e0 autre pour refl\u00e9ter les changements dans nos pratiques ou les exigences l\u00e9gales. La politique mise \u00e0 jour sera publi\u00e9e sur cette page avec la date d'entr\u00e9e en vigueur r\u00e9vis\u00e9e.<\/p>\n<h3><span class=\"ez-toc-section\" id=\"9_Contact_Us\"><\/span><strong>9. Nous contacter<\/strong><span class=\"ez-toc-section-end\"><\/span><\/h3>\n<p>Si vous avez des questions sur la pr\u00e9sente politique de confidentialit\u00e9 ou sur la mani\u00e8re dont vos informations sont trait\u00e9es, veuillez nous contacter \u00e0 l'adresse suivante<\/p>\n<p><strong>Produits chimiques hexagonaux<\/strong><br \/>Courriel : <b>hexchemicals@zohomail.com<\/b><br \/>Adresse : <strong>Francfort, Allemagne<\/strong><\/p>\n<p><strong>La protection de votre vie priv\u00e9e est notre priorit\u00e9. Merci de faire confiance \u00e0 Hexchemicals.<\/strong><\/p>","protected":false},"excerpt":{"rendered":"<p>Politique de confidentialit\u00e9 Date d'entr\u00e9e en vigueur : 08\/12\/2024 Hexchemicals s'engage \u00e0 prot\u00e9ger votre vie priv\u00e9e et \u00e0 assurer la s\u00e9curit\u00e9 de vos informations personnelles.<\/p>","protected":false},"author":3,"featured_media":0,"parent":0,"menu_order":0,"comment_status":"closed","ping_status":"open","template":"","meta":{"footnotes":""},"class_list":["post-3","page","type-page","status-publish","hentry"],"yoast_head":"<!-- This site is optimized with the Yoast SEO plugin v27.3 - https:\/\/yoast.com\/product\/yoast-seo-wordpress\/ -->\n<title>Privacy Policy - Hexchemicals<\/title>\n<meta name=\"robots\" content=\"index, follow, max-snippet:-1, max-image-preview:large, max-video-preview:-1\" \/>\n<link rel=\"canonical\" href=\"https:\/\/hexchemicals.com\/fr\/politique-de-confidentialite\/\" \/>\n<meta property=\"og:locale\" content=\"fr_FR\" \/>\n<meta property=\"og:type\" content=\"article\" \/>\n<meta property=\"og:title\" content=\"Privacy Policy - Hexchemicals\" \/>\n<meta property=\"og:description\" content=\"Privacy Policy Effective Date: 08\/12\/2024 Hexchemicals is committed to protecting your privacy and ensuring the security of your personal information.\" \/>\n<meta property=\"og:url\" content=\"https:\/\/hexchemicals.com\/fr\/politique-de-confidentialite\/\" \/>\n<meta property=\"og:site_name\" content=\"Hexchemicals\" \/>\n<meta property=\"article:modified_time\" content=\"2024-12-08T16:25:52+00:00\" \/>\n<meta name=\"twitter:card\" content=\"summary_large_image\" \/>\n<meta name=\"twitter:label1\" content=\"Dur\u00e9e de lecture estim\u00e9e\" \/>\n\t<meta name=\"twitter:data1\" content=\"3 minutes\" \/>\n<script type=\"application\/ld+json\" class=\"yoast-schema-graph\">{\"@context\":\"https:\\\/\\\/schema.org\",\"@graph\":[{\"@type\":\"WebPage\",\"@id\":\"https:\\\/\\\/hexchemicals.com\\\/privacy-policy\\\/\",\"url\":\"https:\\\/\\\/hexchemicals.com\\\/privacy-policy\\\/\",\"name\":\"Privacy Policy - Hexchemicals\",\"isPartOf\":{\"@id\":\"https:\\\/\\\/hexchemicals.com\\\/#website\"},\"datePublished\":\"2024-12-08T10:20:47+00:00\",\"dateModified\":\"2024-12-08T16:25:52+00:00\",\"breadcrumb\":{\"@id\":\"https:\\\/\\\/hexchemicals.com\\\/privacy-policy\\\/#breadcrumb\"},\"inLanguage\":\"fr-FR\",\"potentialAction\":[{\"@type\":\"ReadAction\",\"target\":[\"https:\\\/\\\/hexchemicals.com\\\/privacy-policy\\\/\"]}]},{\"@type\":\"BreadcrumbList\",\"@id\":\"https:\\\/\\\/hexchemicals.com\\\/privacy-policy\\\/#breadcrumb\",\"itemListElement\":[{\"@type\":\"ListItem\",\"position\":1,\"name\":\"Home\",\"item\":\"https:\\\/\\\/hexchemicals.com\\\/\"},{\"@type\":\"ListItem\",\"position\":2,\"name\":\"Privacy Policy\"}]},{\"@type\":\"WebSite\",\"@id\":\"https:\\\/\\\/hexchemicals.com\\\/#website\",\"url\":\"https:\\\/\\\/hexchemicals.com\\\/\",\"name\":\"Hexchemicals\",\"description\":\"Buy GBL, GHB, Amphetamine and Ketamine\",\"potentialAction\":[{\"@type\":\"SearchAction\",\"target\":{\"@type\":\"EntryPoint\",\"urlTemplate\":\"https:\\\/\\\/hexchemicals.com\\\/?s={search_term_string}\"},\"query-input\":{\"@type\":\"PropertyValueSpecification\",\"valueRequired\":true,\"valueName\":\"search_term_string\"}}],\"inLanguage\":\"fr-FR\"}]}<\/script>\n<!-- \/ Yoast SEO plugin. -->","yoast_head_json":{"title":"Politique de confidentialit\u00e9 - Hexchemicals","robots":{"index":"index","follow":"follow","max-snippet":"max-snippet:-1","max-image-preview":"max-image-preview:large","max-video-preview":"max-video-preview:-1"},"canonical":"https:\/\/hexchemicals.com\/fr\/politique-de-confidentialite\/","og_locale":"fr_FR","og_type":"article","og_title":"Privacy Policy - Hexchemicals","og_description":"Privacy Policy Effective Date: 08\/12\/2024 Hexchemicals is committed to protecting your privacy and ensuring the security of your personal information.","og_url":"https:\/\/hexchemicals.com\/fr\/politique-de-confidentialite\/","og_site_name":"Hexchemicals","article_modified_time":"2024-12-08T16:25:52+00:00","twitter_card":"summary_large_image","twitter_misc":{"Dur\u00e9e de lecture estim\u00e9e":"3 minutes"},"schema":{"@context":"https:\/\/schema.org","@graph":[{"@type":"WebPage","@id":"https:\/\/hexchemicals.com\/privacy-policy\/","url":"https:\/\/hexchemicals.com\/privacy-policy\/","name":"Politique de confidentialit\u00e9 - Hexchemicals","isPartOf":{"@id":"https:\/\/hexchemicals.com\/#website"},"datePublished":"2024-12-08T10:20:47+00:00","dateModified":"2024-12-08T16:25:52+00:00","breadcrumb":{"@id":"https:\/\/hexchemicals.com\/privacy-policy\/#breadcrumb"},"inLanguage":"fr-FR","potentialAction":[{"@type":"ReadAction","target":["https:\/\/hexchemicals.com\/privacy-policy\/"]}]},{"@type":"BreadcrumbList","@id":"https:\/\/hexchemicals.com\/privacy-policy\/#breadcrumb","itemListElement":[{"@type":"ListItem","position":1,"name":"Home","item":"https:\/\/hexchemicals.com\/"},{"@type":"ListItem","position":2,"name":"Privacy Policy"}]},{"@type":"WebSite","@id":"https:\/\/hexchemicals.com\/#website","url":"https:\/\/hexchemicals.com\/","name":"Produits chimiques hexagonaux","description":"Acheter du GBL, du GHB, de l'amph\u00e9tamine et de la k\u00e9tamine","potentialAction":[{"@type":"SearchAction","target":{"@type":"EntryPoint","urlTemplate":"https:\/\/hexchemicals.com\/?s={search_term_string}"},"query-input":{"@type":"PropertyValueSpecification","valueRequired":true,"valueName":"search_term_string"}}],"inLanguage":"fr-FR"}]}},"_links":{"self":[{"href":"https:\/\/hexchemicals.com\/fr\/wp-json\/wp\/v2\/pages\/3","targetHints":{"allow":["GET"]}}],"collection":[{"href":"https:\/\/hexchemicals.com\/fr\/wp-json\/wp\/v2\/pages"}],"about":[{"href":"https:\/\/hexchemicals.com\/fr\/wp-json\/wp\/v2\/types\/page"}],"author":[{"embeddable":true,"href":"https:\/\/hexchemicals.com\/fr\/wp-json\/wp\/v2\/users\/3"}],"replies":[{"embeddable":true,"href":"https:\/\/hexchemicals.com\/fr\/wp-json\/wp\/v2\/comments?post=3"}],"version-history":[{"count":2,"href":"https:\/\/hexchemicals.com\/fr\/wp-json\/wp\/v2\/pages\/3\/revisions"}],"predecessor-version":[{"id":9490,"href":"https:\/\/hexchemicals.com\/fr\/wp-json\/wp\/v2\/pages\/3\/revisions\/9490"}],"wp:attachment":[{"href":"https:\/\/hexchemicals.com\/fr\/wp-json\/wp\/v2\/media?parent=3"}],"curies":[{"name":"wp","href":"https:\/\/api.w.org\/{rel}","templated":true}]}}