{"id":5212,"date":"2021-08-25T07:26:28","date_gmt":"2021-08-25T07:26:28","guid":{"rendered":"http:\/\/dummy.xtemos.com\/woodmart2\/?page_id=5212"},"modified":"2024-12-08T15:52:37","modified_gmt":"2024-12-08T15:52:37","slug":"a-propos-de","status":"publish","type":"page","link":"https:\/\/hexchemicals.com\/fr\/a-propos-de\/","title":{"rendered":"A propos de"},"content":{"rendered":"<div class=\"wpb-content-wrapper\"><div data-vc-full-width=\"true\" data-vc-full-width-temp=\"true\" data-vc-full-width-init=\"false\" class=\"vc_row wpb_row vc_row-fluid vc_custom_1629876973406 vc_row-has-fill vc_row-o-content-middle vc_row-flex wd-rs-6125f2d9a9f9b\"><div class=\"wpb_column vc_column_container vc_col-sm-12 vc_col-lg-4 vc_col-md-4 vc_col-xs-12 wd-rs-6125f2fa74bd9\"><div class=\"vc_column-inner vc_custom_1629876989711\"><div class=\"wpb_wrapper\">\n\t\t<div id=\"wd-6755bd549611a\" class=\"title-wrapper wd-wpb wd-set-mb reset-last-child  wd-rs-6755bd549611a wd-title-color-primary wd-title-style-default text-left vc_custom_1733672286889 wd-width-enabled wd-underline-colored\" style=\"--wd-max-width: 90%;\">\n\t\t\t\t\t\t\t\n\t\t\t\t<div class=\"title-subtitle  subtitle-color-primary font-default subtitle-style-default wd-font-weight-600 wd-fontsize-xs\">\u00c0 PROPOS DE HEXCHEMICALS<\/div>\n\t\t\t\n\t\t\t<div class=\"liner-continer\">\n\t\t\t\t<div id=\"ez-toc-container\" class=\"ez-toc-v2_0_82_2 counter-hierarchy ez-toc-counter ez-toc-grey ez-toc-container-direction\">\n<div class=\"ez-toc-title-container\">\n<p class=\"ez-toc-title\" style=\"cursor:inherit\">Table des mati\u00e8res<\/p>\n<span class=\"ez-toc-title-toggle\"><a href=\"#\" class=\"ez-toc-pull-right ez-toc-btn ez-toc-btn-xs ez-toc-btn-default ez-toc-toggle\" aria-label=\"Toggle Table des mati\u00e8res\"><span class=\"ez-toc-js-icon-con\"><span class=\"\"><span class=\"eztoc-hide\" style=\"display:none;\">Toggle<\/span><span class=\"ez-toc-icon-toggle-span\"><svg style=\"fill: #333333;color:#333333\" xmlns=\"http:\/\/www.w3.org\/2000\/svg\" class=\"list-377408\" width=\"20px\" height=\"20px\" viewbox=\"0 0 24 24\" fill=\"none\"><path d=\"M6 6H4v2h2V6zm14 0H8v2h12V6zM4 11h2v2H4v-2zm16 0H8v2h12v-2zM4 16h2v2H4v-2zm16 0H8v2h12v-2z\" fill=\"currentColor\"><\/path><\/svg><svg style=\"fill: #333333;color:#333333\" class=\"arrow-unsorted-368013\" xmlns=\"http:\/\/www.w3.org\/2000\/svg\" width=\"10px\" height=\"10px\" viewbox=\"0 0 24 24\" version=\"1.2\" baseprofile=\"tiny\"><path d=\"M18.2 9.3l-6.2-6.3-6.2 6.3c-.2.2-.3.4-.3.7s.1.5.3.7c.2.2.4.3.7.3h11c.3 0 .5-.1.7-.3.2-.2.3-.5.3-.7s-.1-.5-.3-.7zM5.8 14.7l6.2 6.3 6.2-6.3c.2-.2.3-.5.3-.7s-.1-.5-.3-.7c-.2-.2-.4-.3-.7-.3h-11c-.3 0-.5.1-.7.3-.2.2-.3.5-.3.7s.1.5.3.7z\"\/><\/svg><\/span><\/span><\/span><\/a><\/span><\/div>\n<nav><ul class='ez-toc-list ez-toc-list-level-1' ><li class='ez-toc-page-1 ez-toc-heading-level-4'><a class=\"ez-toc-link ez-toc-heading-1\" href=\"https:\/\/hexchemicals.com\/fr\/a-propos-de\/#Buy_KO_Drops_and_other_chemicals_like_Amphetamine\" >Acheter des gouttes KO et d'autres produits chimiques comme l'amph\u00e9tamine<\/a><\/li><li class='ez-toc-page-1 ez-toc-heading-level-4'><a class=\"ez-toc-link ez-toc-heading-2\" href=\"https:\/\/hexchemicals.com\/fr\/a-propos-de\/#What_We_Stand_For\" >Ce que nous d\u00e9fendons<\/a><\/li><li class='ez-toc-page-1 ez-toc-heading-level-4'><a class=\"ez-toc-link ez-toc-heading-3\" href=\"https:\/\/hexchemicals.com\/fr\/a-propos-de\/#1_Unwavering_Quality\" >1. Une qualit\u00e9 in\u00e9branlable<\/a><\/li><li class='ez-toc-page-1 ez-toc-heading-level-4'><a class=\"ez-toc-link ez-toc-heading-4\" href=\"https:\/\/hexchemicals.com\/fr\/a-propos-de\/#2_Compliance_and_Certifications\" >2. Conformit\u00e9 et certifications<\/a><\/li><li class='ez-toc-page-1 ez-toc-heading-level-4'><a class=\"ez-toc-link ez-toc-heading-5\" href=\"https:\/\/hexchemicals.com\/fr\/a-propos-de\/#3_Customer-Centric_Approach\" >3. Approche centr\u00e9e sur le client<\/a><\/li><li class='ez-toc-page-1 ez-toc-heading-level-4'><a class=\"ez-toc-link ez-toc-heading-6\" href=\"https:\/\/hexchemicals.com\/fr\/a-propos-de\/#Why_Choose_Hexchemicals\" >Pourquoi choisir Hexchemicals ?<\/a><\/li><li class='ez-toc-page-1 ez-toc-heading-level-4'><a class=\"ez-toc-link ez-toc-heading-7\" href=\"https:\/\/hexchemicals.com\/fr\/a-propos-de\/#Our_Commitment_to_You\" >Notre engagement envers vous<\/a><\/li><\/ul><\/nav><\/div>\n<h4 class=\"woodmart-title-container title  wd-font-weight- wd-fontsize-xxl\" ><span class=\"ez-toc-section\" id=\"Buy_KO_Drops_and_other_chemicals_like_Amphetamine\"><\/span>Acheter des gouttes KO et d'autres produits chimiques comme l'amph\u00e9tamine <span class=\"ez-toc-section-end\"><\/span><\/h4>\n\t\t\t\t\t\t\t<\/div>\n\t\t\t\n\t\t\t\n\t\t\t\n\t\t<\/div>\n\t\t\n\t\t<\/div><\/div><\/div><div class=\"wpb_column vc_column_container vc_col-sm-6 vc_col-lg-offset-1 vc_col-lg-3 vc_col-md-4 wd-rs-6125f2f5a2779\"><div class=\"vc_column-inner vc_custom_1629876984854\"><div class=\"wpb_wrapper\">\t\t\t<div class=\"info-box-wrapper\">\n\t\t\t\t<div id=\"wd-6755bca41023d\" class=\"wd-rs-6755bca41023d wd-info-box wd-wpb text-left box-icon-align-left box-style- color-scheme- wd-bg-none wd-items-top vc_custom_1733672108864\">\n\t\t\t\t\t\t\t\t\t\t<div class=\"info-box-content\">\n\t\t\t\t\t\t\t\t\t\t\t\t<div class=\"info-box-inner reset-last-child\"><p>Bienvenue chez Hexchemicals, votre partenaire de confiance pour le GBL, le GHB et les amph\u00e9tamines de premi\u00e8re qualit\u00e9. Forts de nos ann\u00e9es d'exp\u00e9rience et de notre engagement ind\u00e9fectible en faveur de l'excellence, nous nous sommes impos\u00e9s comme un fournisseur de premier plan, au service de nos clients aux \u00c9tats-Unis, au Canada, en Europe et en Australie.<\/p>\n<\/div>\n\n\t\t\t\t\t\t\t\t\t\t\t<\/div>\n\n\t\t\t\t\t\t\t\t\t\t\t<a class=\"wd-info-box-link wd-fill\" aria-label=\"Lien infobox\" href=\"#\" title=\"\"><\/a>\n\t\t\t\t\t\n\t\t\t\t\t\t\t\t\t<\/div>\n\t\t\t<\/div>\n\t\t<\/div><\/div><\/div><div class=\"wpb_column vc_column_container vc_col-sm-6 vc_col-lg-offset-1 vc_col-lg-3 vc_col-md-4 wd-rs-6125f2efc6c08\"><div class=\"vc_column-inner vc_custom_1629876980184\"><div class=\"wpb_wrapper\">\t\t\t<div class=\"info-box-wrapper\">\n\t\t\t\t<div id=\"wd-6755bcb32f0e1\" class=\"wd-rs-6755bcb32f0e1 wd-info-box wd-wpb text-left box-icon-align-left box-style- color-scheme- wd-bg-none wd-items-top vc_custom_1733672169131\">\n\t\t\t\t\t\t\t\t\t\t<div class=\"info-box-content\">\n\t\t\t\t\t\t\t\t\t\t\t\t<div class=\"info-box-inner reset-last-child\"><p>Chez Hexchemicals, notre mission est simple : fournir des produits de haute qualit\u00e9 avec une fiabilit\u00e9 in\u00e9gal\u00e9e, des processus de commande s\u00e9curis\u00e9s et un support client exceptionnel.<\/p>\n<\/div>\n\n\t\t\t\t\t\t\t\t\t\t\t<\/div>\n\n\t\t\t\t\t\t\t\t\t\t\t<a class=\"wd-info-box-link wd-fill\" aria-label=\"Lien infobox\" href=\"#\" title=\"\"><\/a>\n\t\t\t\t\t\n\t\t\t\t\t\t\t\t\t<\/div>\n\t\t\t<\/div>\n\t\t<\/div><\/div><\/div><\/div><div class=\"vc_row-full-width vc_clearfix\"><\/div><div class=\"vc_row wpb_row vc_row-fluid vc_custom_1629877038080 row-reverse-mobile row-reverse-tablet wd-rs-6125f32826e3d\"><div class=\"wpb_column vc_column_container vc_col-sm-12 vc_col-lg-6 vc_col-md-6 wd-rs-6125f30edad72\"><div class=\"vc_column-inner vc_custom_1629877010833\"><div class=\"wpb_wrapper\">\t\t<div id=\"wd-6755c09792366\" class=\"wd-image wd-wpb wd-rs-6755c09792366 text-left vc_custom_1733673126034\">\n\t\t\t\n\t\t\t<img loading=\"lazy\" decoding=\"async\" width=\"1200\" height=\"1105\" src=\"https:\/\/hexchemicals.com\/wp-content\/uploads\/2024\/12\/hexchemicals-order-gbl-ghb-amphethamine.png\" class=\"attachment-full size-full\" alt=\"hexachimie commande gbl ghb amph\u00e9thamine\" srcset=\"https:\/\/hexchemicals.com\/wp-content\/uploads\/2024\/12\/hexchemicals-order-gbl-ghb-amphethamine.png 1200w, https:\/\/hexchemicals.com\/wp-content\/uploads\/2024\/12\/hexchemicals-order-gbl-ghb-amphethamine-430x396.png 430w, https:\/\/hexchemicals.com\/wp-content\/uploads\/2024\/12\/hexchemicals-order-gbl-ghb-amphethamine-150x138.png 150w, https:\/\/hexchemicals.com\/wp-content\/uploads\/2024\/12\/hexchemicals-order-gbl-ghb-amphethamine-700x645.png 700w, https:\/\/hexchemicals.com\/wp-content\/uploads\/2024\/12\/hexchemicals-order-gbl-ghb-amphethamine-326x300.png 326w, https:\/\/hexchemicals.com\/wp-content\/uploads\/2024\/12\/hexchemicals-order-gbl-ghb-amphethamine-869x800.png 869w, https:\/\/hexchemicals.com\/wp-content\/uploads\/2024\/12\/hexchemicals-order-gbl-ghb-amphethamine-768x707.png 768w\" sizes=\"auto, (max-width: 1200px) 100vw, 1200px\" \/>\n\t\t\t\t\t<\/div>\n\t\t<\/div><\/div><\/div><div class=\"wpb_column vc_column_container vc_col-sm-12 vc_col-lg-offset-1 vc_col-lg-5 vc_col-md-6 vc_col-xs-12 wd-rs-6125f320eb687\"><div class=\"vc_column-inner vc_custom_1629877027060\"><div class=\"wpb_wrapper\">\n\t\t<div id=\"wd-6755bdd8e1c25\" class=\"title-wrapper wd-wpb wd-set-mb reset-last-child  wd-rs-6755bdd8e1c25 wd-title-color-primary wd-title-style-default text-left vc_custom_1733672448099 wd-underline-colored\">\n\t\t\t\t\t\t\t\n\t\t\t\t<div class=\"title-subtitle  subtitle-color-primary font-default subtitle-style-default wd-font-weight-600 wd-fontsize-xs\">FOURNISSEUR DE PRODUITS CHIMIQUES DE CONFIANCE<\/div>\n\t\t\t\n\t\t\t<div class=\"liner-continer\">\n\t\t\t\t<h4 class=\"woodmart-title-container title  wd-font-weight- wd-fontsize-xxl\" ><span class=\"ez-toc-section\" id=\"What_We_Stand_For\"><\/span>Ce que nous d\u00e9fendons<span class=\"ez-toc-section-end\"><\/span><\/h4>\n\t\t\t\t\t\t\t<\/div>\n\t\t\t\n\t\t\t\n\t\t\t\n\t\t<\/div>\n\t\t\n\t\t\t\t<div id=\"wd-6755bd75740ab\" class=\"wd-text-block wd-wpb reset-last-child wd-rs-6755bd75740ab text-left wd-fontsize-custom vc_custom_1733672403244\">\n\t\t\t<h4><span class=\"ez-toc-section\" id=\"1_Unwavering_Quality\"><\/span><strong>1. Une qualit\u00e9 in\u00e9branlable<\/strong><span class=\"ez-toc-section-end\"><\/span><\/h4>\n<p>Chaque produit de notre catalogue est soumis \u00e0 des tests rigoureux afin de garantir les plus hauts niveaux de puret\u00e9 et de conformit\u00e9 avec les normes industrielles mondiales. Que ce soit pour des applications industrielles, de recherche ou sp\u00e9cialis\u00e9es, vous pouvez compter sur Hexchemicals pour des solutions coh\u00e9rentes et de qualit\u00e9 sup\u00e9rieure.<\/p>\n<h4><span class=\"ez-toc-section\" id=\"2_Compliance_and_Certifications\"><\/span><strong>2. Conformit\u00e9 et certifications<\/strong><span class=\"ez-toc-section-end\"><\/span><\/h4>\n<p>Nos activit\u00e9s respectent des r\u00e9glementations l\u00e9gales et industrielles strictes, y compris les normes de conformit\u00e9 de l'UE, ce qui vous permet de faire confiance \u00e0 chaque achat. Des certifications et des pratiques transparentes \u00e9tayent notre r\u00e9putation de fournisseur digne de confiance.<\/p>\n<h4><span class=\"ez-toc-section\" id=\"3_Customer-Centric_Approach\"><\/span><strong>3. Approche centr\u00e9e sur le client<\/strong><span class=\"ez-toc-section-end\"><\/span><\/h4>\n<p>Chez Hexchemicals, votre satisfaction est notre priorit\u00e9. De la navigation sur notre site web \u00e0 la r\u00e9ception de votre commande, nous vous offrons une exp\u00e9rience transparente soutenue par un support client expert. Qu'il s'agisse de r\u00e9pondre \u00e0 des questions ou de r\u00e9soudre des probl\u00e8mes, nous sommes l\u00e0 pour vous aider \u00e0 chaque \u00e9tape.<\/p>\n\t\t<\/div>\n\t\t<\/div><\/div><\/div><\/div><section data-vc-full-width=\"true\" data-vc-full-width-temp=\"true\" data-vc-full-width-init=\"false\" class=\"vc_section vc_custom_1733673076916 vc_section-has-fill wd-rs-6755c059c665c\"><div class=\"vc_row wpb_row vc_row-fluid vc_custom_1615814278162 vc_row-o-equal-height vc_row-o-content-middle vc_row-flex\"><div class=\"wpb_column vc_column_container vc_col-sm-6 color-scheme-light wd-rs-6125f35912e56\"><div class=\"vc_column-inner vc_custom_1629877084287\"><div class=\"wpb_wrapper\">\n\t\t<div id=\"wd-6755be52bd92f\" class=\"title-wrapper wd-wpb wd-set-mb reset-last-child  wd-rs-6755be52bd92f wd-title-color-primary wd-title-style-default text-left vc_custom_1733672858251 wd-width-enabled wd-underline-colored\" style=\"--wd-max-width: 90%;\">\n\t\t\t\t\t\t\t\n\t\t\t\t<div class=\"title-subtitle  subtitle-color-primary font-default subtitle-style-default wd-font-weight-600 wd-fontsize-xs\">COMMANDER DES PRODUITS CHIMIQUES DE QUALIT\u00c9 ET DES GOUTTES KO<\/div>\n\t\t\t\n\t\t\t<div class=\"liner-continer\">\n\t\t\t\t<h4 class=\"woodmart-title-container title  wd-font-weight- wd-fontsize-xxl\" ><span class=\"ez-toc-section\" id=\"Why_Choose_Hexchemicals\"><\/span>Pourquoi choisir Hexchemicals ?<span class=\"ez-toc-section-end\"><\/span><\/h4>\n\t\t\t\t\t\t\t<\/div>\n\t\t\t\n\t\t\t\n\t\t\t\n\t\t<\/div>\n\t\t\n\t\t\n\t<div class=\"wpb_text_column wpb_content_element\" >\n\t\t<div class=\"wpb_wrapper\">\n\t\t\t<ul>\n<li>Port\u00e9e mondiale : Livraison rapide et discr\u00e8te aux \u00c9tats-Unis, au Canada, en Europe et en Australie.<\/li>\n<li>Des prix comp\u00e9titifs : Tarifs abordables pour le GBL, le GHB et les amph\u00e9tamines, sans compromis sur la qualit\u00e9.<\/li>\n<li>Transactions s\u00e9curis\u00e9es : Des options de paiement s\u00fbres et un processus de commande simple pour une exp\u00e9rience sans tracas.<\/li>\n<li>Fiabilit\u00e9 \u00e9prouv\u00e9e : Des milliers de clients satisfaits nous font confiance pour la qualit\u00e9 constante de nos produits et le respect des d\u00e9lais de livraison.<\/li>\n<\/ul>\n\n\t\t<\/div>\n\t<\/div>\n<\/div><\/div><\/div><div class=\"wpb_column vc_column_container vc_col-sm-6 wd-rs-6125f353ede07\"><div class=\"vc_column-inner vc_custom_1629877079783\"><div class=\"wpb_wrapper\">\n\t\t<div id=\"wd-6755bff0447e2\" class=\"title-wrapper wd-wpb wd-set-mb reset-last-child  wd-rs-6755bff0447e2 wd-title-color-primary wd-title-style-default text-left vc_custom_1733672994047 wd-width-enabled wd-underline-colored\" style=\"--wd-max-width: 90%;\">\n\t\t\t\n\t\t\t<div class=\"liner-continer\">\n\t\t\t\t<h4 class=\"woodmart-title-container title  wd-font-weight- wd-fontsize-xxl\" ><span class=\"ez-toc-section\" id=\"Our_Commitment_to_You\"><\/span>Notre engagement envers vous<span class=\"ez-toc-section-end\"><\/span><\/h4>\n\t\t\t\t\t\t\t<\/div>\n\t\t\t\n\t\t\t\n\t\t\t\n\t\t<\/div>\n\t\t\n\t\t\n\t<div class=\"wpb_text_column wpb_content_element color-scheme-light\" >\n\t\t<div class=\"wpb_wrapper\">\n\t\t\t<p>Hexchemicals est plus qu'un fournisseur - nous sommes votre partenaire fiable en mati\u00e8re de qualit\u00e9, de conformit\u00e9 et de service exceptionnel. Nous nous effor\u00e7ons en permanence de d\u00e9passer les attentes et d'\u00e9tablir de nouvelles normes dans l'industrie. Que vous souhaitiez commander du GBL, acheter du GBL en ligne ou acheter du GHB et des amph\u00e9tamines, Hexchemicals est le nom auquel vous pouvez faire confiance.<\/p>\n<p>D\u00e9couvrez d\u00e8s aujourd'hui la diff\u00e9rence Hexchemicals.<\/p>\n\n\t\t<\/div>\n\t<\/div>\n<\/div><\/div><\/div><\/div><\/section><div class=\"vc_row-full-width vc_clearfix\"><\/div>\n<\/div>","protected":false},"excerpt":{"rendered":"ABOUT HEXCHEMICALS Buy KO Drops and other chemicals like Amphetamine Welcome to Hexchemicals, your trusted partner for premium-quality GBL, GHB,","protected":false},"author":3,"featured_media":0,"parent":0,"menu_order":0,"comment_status":"closed","ping_status":"closed","template":"","meta":{"footnotes":""},"class_list":["post-5212","page","type-page","status-publish","hentry"],"yoast_head":"<!-- This site is optimized with the Yoast SEO plugin v27.3 - https:\/\/yoast.com\/product\/yoast-seo-wordpress\/ -->\n<title>About - Hexchemicals<\/title>\n<meta name=\"robots\" content=\"index, follow, max-snippet:-1, max-image-preview:large, max-video-preview:-1\" \/>\n<link rel=\"canonical\" href=\"https:\/\/hexchemicals.com\/fr\/a-propos-de\/\" \/>\n<meta property=\"og:locale\" content=\"fr_FR\" \/>\n<meta property=\"og:type\" content=\"article\" \/>\n<meta property=\"og:title\" content=\"About - Hexchemicals\" \/>\n<meta property=\"og:url\" content=\"https:\/\/hexchemicals.com\/fr\/a-propos-de\/\" \/>\n<meta property=\"og:site_name\" content=\"Hexchemicals\" \/>\n<meta property=\"article:modified_time\" content=\"2024-12-08T15:52:37+00:00\" \/>\n<meta name=\"twitter:card\" content=\"summary_large_image\" \/>\n<meta name=\"twitter:label1\" content=\"Dur\u00e9e de lecture estim\u00e9e\" \/>\n\t<meta name=\"twitter:data1\" content=\"10 minutes\" \/>\n<script type=\"application\/ld+json\" class=\"yoast-schema-graph\">{\"@context\":\"https:\\\/\\\/schema.org\",\"@graph\":[{\"@type\":\"WebPage\",\"@id\":\"https:\\\/\\\/hexchemicals.com\\\/about\\\/\",\"url\":\"https:\\\/\\\/hexchemicals.com\\\/about\\\/\",\"name\":\"About - Hexchemicals\",\"isPartOf\":{\"@id\":\"https:\\\/\\\/hexchemicals.com\\\/#website\"},\"datePublished\":\"2021-08-25T07:26:28+00:00\",\"dateModified\":\"2024-12-08T15:52:37+00:00\",\"breadcrumb\":{\"@id\":\"https:\\\/\\\/hexchemicals.com\\\/about\\\/#breadcrumb\"},\"inLanguage\":\"fr-FR\",\"potentialAction\":[{\"@type\":\"ReadAction\",\"target\":[\"https:\\\/\\\/hexchemicals.com\\\/about\\\/\"]}]},{\"@type\":\"BreadcrumbList\",\"@id\":\"https:\\\/\\\/hexchemicals.com\\\/about\\\/#breadcrumb\",\"itemListElement\":[{\"@type\":\"ListItem\",\"position\":1,\"name\":\"Home\",\"item\":\"https:\\\/\\\/hexchemicals.com\\\/\"},{\"@type\":\"ListItem\",\"position\":2,\"name\":\"About\"}]},{\"@type\":\"WebSite\",\"@id\":\"https:\\\/\\\/hexchemicals.com\\\/#website\",\"url\":\"https:\\\/\\\/hexchemicals.com\\\/\",\"name\":\"Hexchemicals\",\"description\":\"Buy GBL, GHB, Amphetamine and Ketamine\",\"potentialAction\":[{\"@type\":\"SearchAction\",\"target\":{\"@type\":\"EntryPoint\",\"urlTemplate\":\"https:\\\/\\\/hexchemicals.com\\\/?s={search_term_string}\"},\"query-input\":{\"@type\":\"PropertyValueSpecification\",\"valueRequired\":true,\"valueName\":\"search_term_string\"}}],\"inLanguage\":\"fr-FR\"}]}<\/script>\n<!-- \/ Yoast SEO plugin. -->","yoast_head_json":{"title":"A propos - Hexchemicals","robots":{"index":"index","follow":"follow","max-snippet":"max-snippet:-1","max-image-preview":"max-image-preview:large","max-video-preview":"max-video-preview:-1"},"canonical":"https:\/\/hexchemicals.com\/fr\/a-propos-de\/","og_locale":"fr_FR","og_type":"article","og_title":"About - Hexchemicals","og_url":"https:\/\/hexchemicals.com\/fr\/a-propos-de\/","og_site_name":"Hexchemicals","article_modified_time":"2024-12-08T15:52:37+00:00","twitter_card":"summary_large_image","twitter_misc":{"Dur\u00e9e de lecture estim\u00e9e":"10 minutes"},"schema":{"@context":"https:\/\/schema.org","@graph":[{"@type":"WebPage","@id":"https:\/\/hexchemicals.com\/about\/","url":"https:\/\/hexchemicals.com\/about\/","name":"A propos - Hexchemicals","isPartOf":{"@id":"https:\/\/hexchemicals.com\/#website"},"datePublished":"2021-08-25T07:26:28+00:00","dateModified":"2024-12-08T15:52:37+00:00","breadcrumb":{"@id":"https:\/\/hexchemicals.com\/about\/#breadcrumb"},"inLanguage":"fr-FR","potentialAction":[{"@type":"ReadAction","target":["https:\/\/hexchemicals.com\/about\/"]}]},{"@type":"BreadcrumbList","@id":"https:\/\/hexchemicals.com\/about\/#breadcrumb","itemListElement":[{"@type":"ListItem","position":1,"name":"Home","item":"https:\/\/hexchemicals.com\/"},{"@type":"ListItem","position":2,"name":"About"}]},{"@type":"WebSite","@id":"https:\/\/hexchemicals.com\/#website","url":"https:\/\/hexchemicals.com\/","name":"Produits chimiques hexagonaux","description":"Acheter du GBL, du GHB, de l'amph\u00e9tamine et de la k\u00e9tamine","potentialAction":[{"@type":"SearchAction","target":{"@type":"EntryPoint","urlTemplate":"https:\/\/hexchemicals.com\/?s={search_term_string}"},"query-input":{"@type":"PropertyValueSpecification","valueRequired":true,"valueName":"search_term_string"}}],"inLanguage":"fr-FR"}]}},"_links":{"self":[{"href":"https:\/\/hexchemicals.com\/fr\/wp-json\/wp\/v2\/pages\/5212","targetHints":{"allow":["GET"]}}],"collection":[{"href":"https:\/\/hexchemicals.com\/fr\/wp-json\/wp\/v2\/pages"}],"about":[{"href":"https:\/\/hexchemicals.com\/fr\/wp-json\/wp\/v2\/types\/page"}],"author":[{"embeddable":true,"href":"https:\/\/hexchemicals.com\/fr\/wp-json\/wp\/v2\/users\/3"}],"replies":[{"embeddable":true,"href":"https:\/\/hexchemicals.com\/fr\/wp-json\/wp\/v2\/comments?post=5212"}],"version-history":[{"count":3,"href":"https:\/\/hexchemicals.com\/fr\/wp-json\/wp\/v2\/pages\/5212\/revisions"}],"predecessor-version":[{"id":9480,"href":"https:\/\/hexchemicals.com\/fr\/wp-json\/wp\/v2\/pages\/5212\/revisions\/9480"}],"wp:attachment":[{"href":"https:\/\/hexchemicals.com\/fr\/wp-json\/wp\/v2\/media?parent=5212"}],"curies":[{"name":"wp","href":"https:\/\/api.w.org\/{rel}","templated":true}]}}