{"id":9543,"date":"2024-12-09T06:07:24","date_gmt":"2024-12-09T06:07:24","guid":{"rendered":"https:\/\/hexchemicals.com\/?post_type=product&#038;p=9543"},"modified":"2025-11-27T01:29:41","modified_gmt":"2025-11-27T01:29:41","slug":"acheter-des-pilules-de-ketamine-en-ligne","status":"publish","type":"product","link":"https:\/\/hexchemicals.com\/fr\/product\/acheter-des-pilules-de-ketamine-en-ligne\/","title":{"rendered":"Pilules de K\u00e9tamine 500mg"},"content":{"rendered":"<div id=\"ez-toc-container\" class=\"ez-toc-v2_0_82_2 counter-hierarchy ez-toc-counter ez-toc-grey ez-toc-container-direction\">\n<div class=\"ez-toc-title-container\">\n<p class=\"ez-toc-title\" style=\"cursor:inherit\">Table des mati\u00e8res<\/p>\n<span class=\"ez-toc-title-toggle\"><a href=\"#\" class=\"ez-toc-pull-right ez-toc-btn ez-toc-btn-xs ez-toc-btn-default ez-toc-toggle\" aria-label=\"Toggle Table des mati\u00e8res\"><span class=\"ez-toc-js-icon-con\"><span class=\"\"><span class=\"eztoc-hide\" style=\"display:none;\">Toggle<\/span><span class=\"ez-toc-icon-toggle-span\"><svg style=\"fill: #333333;color:#333333\" xmlns=\"http:\/\/www.w3.org\/2000\/svg\" class=\"list-377408\" width=\"20px\" height=\"20px\" viewbox=\"0 0 24 24\" fill=\"none\"><path d=\"M6 6H4v2h2V6zm14 0H8v2h12V6zM4 11h2v2H4v-2zm16 0H8v2h12v-2zM4 16h2v2H4v-2zm16 0H8v2h12v-2z\" fill=\"currentColor\"><\/path><\/svg><svg style=\"fill: #333333;color:#333333\" class=\"arrow-unsorted-368013\" xmlns=\"http:\/\/www.w3.org\/2000\/svg\" width=\"10px\" height=\"10px\" viewbox=\"0 0 24 24\" version=\"1.2\" baseprofile=\"tiny\"><path d=\"M18.2 9.3l-6.2-6.3-6.2 6.3c-.2.2-.3.4-.3.7s.1.5.3.7c.2.2.4.3.7.3h11c.3 0 .5-.1.7-.3.2-.2.3-.5.3-.7s-.1-.5-.3-.7zM5.8 14.7l6.2 6.3 6.2-6.3c.2-.2.3-.5.3-.7s-.1-.5-.3-.7c-.2-.2-.4-.3-.7-.3h-11c-.3 0-.5.1-.7.3-.2.2-.3.5-.3.7s.1.5.3.7z\"\/><\/svg><\/span><\/span><\/span><\/a><\/span><\/div>\n<nav><ul class='ez-toc-list ez-toc-list-level-1' ><li class='ez-toc-page-1 ez-toc-heading-level-1'><a class=\"ez-toc-link ez-toc-heading-1\" href=\"https:\/\/hexchemicals.com\/fr\/product\/acheter-des-pilules-de-ketamine-en-ligne\/#Rediscover_Life_with_Ketamine_The_Solution_Youve_Been_Searching_For\" >Red\u00e9couvrez la vie avec la k\u00e9tamine : La solution que vous recherchez<\/a><ul class='ez-toc-list-level-4' ><li class='ez-toc-heading-level-4'><ul class='ez-toc-list-level-4' ><li class='ez-toc-heading-level-4'><ul class='ez-toc-list-level-4' ><li class='ez-toc-heading-level-4'><a class=\"ez-toc-link ez-toc-heading-2\" href=\"https:\/\/hexchemicals.com\/fr\/product\/acheter-des-pilules-de-ketamine-en-ligne\/#Benefits_of_Ketamine_Pills\" >Avantages des pilules de k\u00e9tamine<\/a><\/li><\/ul><\/li><li class='ez-toc-page-1 ez-toc-heading-level-3'><a class=\"ez-toc-link ez-toc-heading-3\" href=\"https:\/\/hexchemicals.com\/fr\/product\/acheter-des-pilules-de-ketamine-en-ligne\/#Why_Choose_Ketamine_Pills\" >Pourquoi choisir les pilules de k\u00e9tamine ?<\/a><ul class='ez-toc-list-level-4' ><li class='ez-toc-heading-level-4'><a class=\"ez-toc-link ez-toc-heading-4\" href=\"https:\/\/hexchemicals.com\/fr\/product\/acheter-des-pilules-de-ketamine-en-ligne\/#Common_Customer_Pain_Points_%E2%80%93_Solved\" >Les points de douleur les plus courants des clients - r\u00e9solus<\/a><\/li><\/ul><\/li><li class='ez-toc-page-1 ez-toc-heading-level-3'><a class=\"ez-toc-link ez-toc-heading-5\" href=\"https:\/\/hexchemicals.com\/fr\/product\/acheter-des-pilules-de-ketamine-en-ligne\/#How_Ketamine_Pills_Work_A_Closer_Look\" >Comment fonctionnent les pilules de k\u00e9tamine : Un examen plus approfondi<\/a><\/li><li class='ez-toc-page-1 ez-toc-heading-level-3'><a class=\"ez-toc-link ez-toc-heading-6\" href=\"https:\/\/hexchemicals.com\/fr\/product\/acheter-des-pilules-de-ketamine-en-ligne\/#How_to_Order_Ketamine_Pills_Online\" >Comment commander des pilules de k\u00e9tamine en ligne<\/a><\/li><li class='ez-toc-page-1 ez-toc-heading-level-3'><a class=\"ez-toc-link ez-toc-heading-7\" href=\"https:\/\/hexchemicals.com\/fr\/product\/acheter-des-pilules-de-ketamine-en-ligne\/#FAQs_About_Buying_Ketamine_Pills_Online\" >FAQ sur l'achat de pilules de k\u00e9tamine en ligne<\/a><\/li><li class='ez-toc-page-1 ez-toc-heading-level-3'><a class=\"ez-toc-link ez-toc-heading-8\" href=\"https:\/\/hexchemicals.com\/fr\/product\/acheter-des-pilules-de-ketamine-en-ligne\/#Call_to_Action\" >Appel \u00e0 l'action<\/a><\/li><\/ul><\/li><\/ul><\/li><\/ul><\/nav><\/div>\n<h1><span class=\"ez-toc-section\" id=\"Rediscover_Life_with_Ketamine_The_Solution_Youve_Been_Searching_For\"><\/span><strong>Red\u00e9couvrez la vie avec la k\u00e9tamine : La solution que vous recherchez<\/strong><span class=\"ez-toc-section-end\"><\/span><\/h1>\n<p><span style=\"font-weight: 400;\">Acheter des pilules de k\u00e9tamine 500mg en ligne - <\/span>Vivre avec des pathologies telles que la douleur neuropathique, le syndrome douloureux r\u00e9gional complexe (SDRC), la d\u00e9pression r\u00e9sistante au traitement (DRT), le syndrome de stress post-traumatique (<a href=\"https:\/\/www.mayoclinic.org\/diseases-conditions\/post-traumatic-stress-disorder\/symptoms-causes\/syc-20355967#:~:text=Post%2Dtraumatic%20stress%20disorder%20(PTSD)%20is%20a%20mental%20health,uncontrollable%20thoughts%20about%20the%20event.\">SSPT<\/a>) ou le trouble bipolaire peut ressembler \u00e0 un combat difficile. Les traitements conventionnels ne parviennent souvent pas \u00e0 vous soulager, vous laissant avec un sentiment d'impuissance et de d\u00e9sespoir. Si vous \u00eates \u00e0 la recherche d'une solution transformatrice, les pilules de k\u00e9tamine vous offrent une lueur d'espoir.<\/p>\n<p><strong>Qu'est-ce que la k\u00e9tamine et pourquoi est-elle si efficace ?<\/strong><br \/>\nD\u00e9velopp\u00e9e \u00e0 l'origine comme anesth\u00e9sique, la k\u00e9tamine s'est impos\u00e9e comme une th\u00e9rapie r\u00e9volutionnaire pour les personnes souffrant de troubles mentaux graves et de douleurs chroniques. Elle agit en modulant le glutamate, un neurotransmetteur cl\u00e9, pour r\u00e9parer les connexions neuronales endommag\u00e9es et r\u00e9duire la douleur. Cette double action permet non seulement de soulager l'inconfort physique, mais aussi de favoriser le bien-\u00eatre \u00e9motionnel.<\/p>\n<h4><span class=\"ez-toc-section\" id=\"Benefits_of_Ketamine_Pills\"><\/span><strong>Avantages des pilules de k\u00e9tamine<\/strong><span class=\"ez-toc-section-end\"><\/span><\/h4>\n<ol>\n<li><strong>Soulagement \u00e0 action rapide<\/strong>: De nombreux utilisateurs signalent des am\u00e9liorations significatives dans les heures qui suivent la premi\u00e8re prise.<\/li>\n<li><strong>Effets durables<\/strong>: Contrairement aux m\u00e9dicaments traditionnels, les effets de la k\u00e9tamine peuvent durer des semaines apr\u00e8s son administration.<\/li>\n<li><strong>Polyvalence<\/strong>: Efficace pour toute une s\u00e9rie d'affections, de la douleur chronique aux troubles de l'humeur.<\/li>\n<li><strong>Sans accoutumance<\/strong>: Lorsqu'elle est prise conform\u00e9ment \u00e0 la prescription, la k\u00e9tamine ne pr\u00e9sente pas de risque de d\u00e9pendance.<\/li>\n<\/ol>\n<h3><span class=\"ez-toc-section\" id=\"Why_Choose_Ketamine_Pills\"><\/span><strong>Pourquoi choisir les pilules de k\u00e9tamine ?<\/strong><span class=\"ez-toc-section-end\"><\/span><\/h3>\n<p>Les comprim\u00e9s de k\u00e9tamine constituent une excellente alternative pour les personnes qui ont des difficult\u00e9s \u00e0 suivre un traitement par voie intraveineuse (IV) ou qui recherchent une solution plus pratique. Chaque dose est soigneusement formul\u00e9e pour assurer une biodisponibilit\u00e9 maximale, ce qui vous permet de g\u00e9rer les sympt\u00f4mes discr\u00e8tement et efficacement.<\/p>\n<h4><span class=\"ez-toc-section\" id=\"Common_Customer_Pain_Points_%E2%80%93_Solved\"><\/span><strong>Les points de douleur les plus courants des clients - r\u00e9solus<\/strong><span class=\"ez-toc-section-end\"><\/span><\/h4>\n<ul>\n<li><strong>Frustration face \u00e0 des traitements inefficaces<\/strong>: Les antid\u00e9presseurs et les analg\u00e9siques traditionnels sont souvent insuffisants pour traiter des maladies telles que la TRD et le CRPS. La k\u00e9tamine agit diff\u00e9remment, en ciblant les causes profondes de la douleur et de la d\u00e9pression.<\/li>\n<li><strong>Inqui\u00e9tudes concernant les effets secondaires<\/strong>: Contrairement aux opio\u00efdes, la k\u00e9tamine n'est pas s\u00e9dative et est g\u00e9n\u00e9ralement bien tol\u00e9r\u00e9e lorsqu'elle est utilis\u00e9e de mani\u00e8re responsable.<\/li>\n<li><strong>Commodit\u00e9<\/strong>: Plus besoin de visites fr\u00e9quentes \u00e0 l'h\u00f4pital, il suffit de prendre un comprim\u00e9 dans le confort de votre maison.<\/li>\n<\/ul>\n<h3><span class=\"ez-toc-section\" id=\"How_Ketamine_Pills_Work_A_Closer_Look\"><\/span><strong>Comment fonctionnent les pilules de k\u00e9tamine : Un examen plus approfondi<\/strong><span class=\"ez-toc-section-end\"><\/span><\/h3>\n<ul>\n<li><strong>Soulagement de la douleur<\/strong>: La k\u00e9tamine bloque les r\u00e9cepteurs NMDA dans le cerveau, perturbant les signaux de la douleur et r\u00e9duisant l'inconfort chronique.<\/li>\n<li><strong>Am\u00e9lioration de l'humeur<\/strong>: En favorisant la r\u00e9g\u00e9n\u00e9ration neuronale, la k\u00e9tamine contribue \u00e0 r\u00e9tablir l'\u00e9quilibre \u00e9motionnel et \u00e0 am\u00e9liorer la clart\u00e9 mentale.<\/li>\n<li><strong>R\u00e9duction des sympt\u00f4mes du syndrome de stress post-traumatique<\/strong>: Les utilisateurs signalent une diminution des flashbacks et des pens\u00e9es intrusives, ce qui leur permet de reprendre le contr\u00f4le de leur vie.<\/li>\n<\/ul>\n<h3><span class=\"ez-toc-section\" id=\"How_to_Order_Ketamine_Pills_Online\"><\/span><strong>Comment commander des pilules de k\u00e9tamine en ligne<\/strong><span class=\"ez-toc-section-end\"><\/span><\/h3>\n<p>Pour commencer, rien de plus simple :<\/p>\n<ol>\n<li><strong>Parcourir notre s\u00e9lection<\/strong>: D\u00e9couvrez nos pilules de K\u00e9tamine de haute qualit\u00e9 \u00e0 vendre, y compris des options de 500 mg adapt\u00e9es \u00e0 vos besoins.<\/li>\n<li><strong>Paiement s\u00e9curis\u00e9<\/strong>: Notre site web est con\u00e7u pour offrir une exp\u00e9rience de commande transparente et s\u00e9curis\u00e9e.<\/li>\n<li><strong>Exp\u00e9dition discr\u00e8te<\/strong>: Votre commande est livr\u00e9e rapidement et discr\u00e8tement \u00e0 votre porte.<\/li>\n<\/ol>\n<h3><span class=\"ez-toc-section\" id=\"FAQs_About_Buying_Ketamine_Pills_Online\"><\/span><strong>FAQ sur l'achat de pilules de k\u00e9tamine en ligne<\/strong><span class=\"ez-toc-section-end\"><\/span><\/h3>\n<p><strong>1. Est-il s\u00fbr d'acheter des pilules de k\u00e9tamine en ligne ?<\/strong><br \/>\nAbsolument ! Nous veillons \u00e0 ce que tous les produits r\u00e9pondent \u00e0 des normes de qualit\u00e9 rigoureuses et proposons des options de paiement s\u00e9curis\u00e9es.<\/p>\n<p><strong>2. Comment savoir si la k\u00e9tamine est adapt\u00e9e \u00e0 mon cas ?<\/strong><br \/>\nConsultez votre fournisseur de soins de sant\u00e9 pour savoir si la k\u00e9tamine est appropri\u00e9e pour votre condition sp\u00e9cifique.<\/p>\n<p><strong>3. Y a-t-il des effets secondaires ?<\/strong><br \/>\nBien que cela soit rare, certains utilisateurs peuvent ressentir de l\u00e9gers vertiges ou des naus\u00e9es. Ces effets disparaissent g\u00e9n\u00e9ralement rapidement.<\/p>\n<h3><span class=\"ez-toc-section\" id=\"Call_to_Action\"><\/span><strong>Appel \u00e0 l'action<\/strong><span class=\"ez-toc-section-end\"><\/span><\/h3>\n<p>Ne laissez pas la douleur ou les probl\u00e8mes de sant\u00e9 mentale dicter votre vie. Achetez des pilules de K\u00e9tamine en ligne aujourd'hui et faites le premier pas vers un soulagement durable et un espoir renouvel\u00e9.<\/p>","protected":false},"excerpt":{"rendered":"<p><span style=\"font-weight: 400;\">Acheter des pilules de k\u00e9tamine 500mg en ligne<\/span><\/p>","protected":false},"featured_media":9537,"comment_status":"open","ping_status":"closed","template":"","meta":[],"product_brand":[],"product_cat":[72],"product_tag":[],"class_list":{"0":"post-9543","1":"product","2":"type-product","3":"status-publish","4":"has-post-thumbnail","6":"product_cat-ketamine","8":"first","9":"instock","10":"shipping-taxable","11":"purchasable","12":"product-type-variable"},"yoast_head":"<!-- This site is optimized with the Yoast SEO plugin v27.3 - https:\/\/yoast.com\/product\/yoast-seo-wordpress\/ -->\n<title>Buy ketamine pills online - Hexchemicals<\/title>\n<meta name=\"description\" content=\"Discover relief from chronic pain, depression, and PTSD with Ketamine pills. Buy Ketamine 500mg pills online today for transformative treatment solutions.\" \/>\n<meta name=\"robots\" content=\"index, follow, max-snippet:-1, max-image-preview:large, max-video-preview:-1\" \/>\n<link rel=\"canonical\" href=\"https:\/\/hexchemicals.com\/fr\/product\/acheter-des-pilules-de-ketamine-en-ligne\/\" \/>\n<meta property=\"og:locale\" content=\"fr_FR\" \/>\n<meta property=\"og:type\" content=\"article\" \/>\n<meta property=\"og:title\" content=\"Buy ketamine pills online - Hexchemicals\" \/>\n<meta property=\"og:description\" content=\"Discover relief from chronic pain, depression, and PTSD with Ketamine pills. Buy Ketamine 500mg pills online today for transformative treatment solutions.\" \/>\n<meta property=\"og:url\" content=\"https:\/\/hexchemicals.com\/fr\/product\/acheter-des-pilules-de-ketamine-en-ligne\/\" \/>\n<meta property=\"og:site_name\" content=\"Hexchemicals\" \/>\n<meta property=\"article:modified_time\" content=\"2025-11-27T01:29:41+00:00\" \/>\n<meta property=\"og:image\" content=\"https:\/\/hexchemicals.com\/wp-content\/uploads\/2024\/12\/buy-ketamine-powder-online.jpg\" \/>\n\t<meta property=\"og:image:width\" content=\"1200\" \/>\n\t<meta property=\"og:image:height\" content=\"1105\" \/>\n\t<meta property=\"og:image:type\" content=\"image\/jpeg\" \/>\n<meta name=\"twitter:card\" content=\"summary_large_image\" \/>\n<meta name=\"twitter:label1\" content=\"Dur\u00e9e de lecture estim\u00e9e\" \/>\n\t<meta name=\"twitter:data1\" content=\"3 minutes\" \/>\n<script type=\"application\/ld+json\" class=\"yoast-schema-graph\">{\"@context\":\"https:\\\/\\\/schema.org\",\"@graph\":[{\"@type\":\"WebPage\",\"@id\":\"https:\\\/\\\/hexchemicals.com\\\/product\\\/buy-ketamine-pills-online\\\/\",\"url\":\"https:\\\/\\\/hexchemicals.com\\\/product\\\/buy-ketamine-pills-online\\\/\",\"name\":\"Buy ketamine pills online - Hexchemicals\",\"isPartOf\":{\"@id\":\"https:\\\/\\\/hexchemicals.com\\\/#website\"},\"primaryImageOfPage\":{\"@id\":\"https:\\\/\\\/hexchemicals.com\\\/product\\\/buy-ketamine-pills-online\\\/#primaryimage\"},\"image\":{\"@id\":\"https:\\\/\\\/hexchemicals.com\\\/product\\\/buy-ketamine-pills-online\\\/#primaryimage\"},\"thumbnailUrl\":\"https:\\\/\\\/hexchemicals.com\\\/wp-content\\\/uploads\\\/2024\\\/12\\\/buy-ketamine-powder-online.jpg\",\"datePublished\":\"2024-12-09T06:07:24+00:00\",\"dateModified\":\"2025-11-27T01:29:41+00:00\",\"description\":\"Discover relief from chronic pain, depression, and PTSD with Ketamine pills. Buy Ketamine 500mg pills online today for transformative treatment solutions.\",\"breadcrumb\":{\"@id\":\"https:\\\/\\\/hexchemicals.com\\\/product\\\/buy-ketamine-pills-online\\\/#breadcrumb\"},\"inLanguage\":\"fr-FR\",\"potentialAction\":[{\"@type\":\"ReadAction\",\"target\":[\"https:\\\/\\\/hexchemicals.com\\\/product\\\/buy-ketamine-pills-online\\\/\"]}]},{\"@type\":\"ImageObject\",\"inLanguage\":\"fr-FR\",\"@id\":\"https:\\\/\\\/hexchemicals.com\\\/product\\\/buy-ketamine-pills-online\\\/#primaryimage\",\"url\":\"https:\\\/\\\/hexchemicals.com\\\/wp-content\\\/uploads\\\/2024\\\/12\\\/buy-ketamine-powder-online.jpg\",\"contentUrl\":\"https:\\\/\\\/hexchemicals.com\\\/wp-content\\\/uploads\\\/2024\\\/12\\\/buy-ketamine-powder-online.jpg\",\"width\":1200,\"height\":1105,\"caption\":\"Buy Ketamine powder online, buy ketamine hcl crystal powder online, buy ketamine powder\"},{\"@type\":\"BreadcrumbList\",\"@id\":\"https:\\\/\\\/hexchemicals.com\\\/product\\\/buy-ketamine-pills-online\\\/#breadcrumb\",\"itemListElement\":[{\"@type\":\"ListItem\",\"position\":1,\"name\":\"Home\",\"item\":\"https:\\\/\\\/hexchemicals.com\\\/\"},{\"@type\":\"ListItem\",\"position\":2,\"name\":\"Shop\",\"item\":\"https:\\\/\\\/hexchemicals.com\\\/shop\\\/\"},{\"@type\":\"ListItem\",\"position\":3,\"name\":\"500mg Ketamine Pills\"}]},{\"@type\":\"WebSite\",\"@id\":\"https:\\\/\\\/hexchemicals.com\\\/#website\",\"url\":\"https:\\\/\\\/hexchemicals.com\\\/\",\"name\":\"Hexchemicals\",\"description\":\"Buy GBL, GHB, Amphetamine and Ketamine\",\"potentialAction\":[{\"@type\":\"SearchAction\",\"target\":{\"@type\":\"EntryPoint\",\"urlTemplate\":\"https:\\\/\\\/hexchemicals.com\\\/?s={search_term_string}\"},\"query-input\":{\"@type\":\"PropertyValueSpecification\",\"valueRequired\":true,\"valueName\":\"search_term_string\"}}],\"inLanguage\":\"fr-FR\"}]}<\/script>\n<!-- \/ Yoast SEO plugin. -->","yoast_head_json":{"title":"Acheter des pilules de k\u00e9tamine en ligne - Hexchemicals","description":"D\u00e9couvrez le soulagement de la douleur chronique, de la d\u00e9pression et du syndrome de stress post-traumatique avec les pilules de k\u00e9tamine. Achetez des pilules de K\u00e9tamine 500mg en ligne aujourd'hui pour des solutions de traitement transformatrices.","robots":{"index":"index","follow":"follow","max-snippet":"max-snippet:-1","max-image-preview":"max-image-preview:large","max-video-preview":"max-video-preview:-1"},"canonical":"https:\/\/hexchemicals.com\/fr\/product\/acheter-des-pilules-de-ketamine-en-ligne\/","og_locale":"fr_FR","og_type":"article","og_title":"Buy ketamine pills online - Hexchemicals","og_description":"Discover relief from chronic pain, depression, and PTSD with Ketamine pills. Buy Ketamine 500mg pills online today for transformative treatment solutions.","og_url":"https:\/\/hexchemicals.com\/fr\/product\/acheter-des-pilules-de-ketamine-en-ligne\/","og_site_name":"Hexchemicals","article_modified_time":"2025-11-27T01:29:41+00:00","og_image":[{"width":1200,"height":1105,"url":"https:\/\/hexchemicals.com\/wp-content\/uploads\/2024\/12\/buy-ketamine-powder-online.jpg","type":"image\/jpeg"}],"twitter_card":"summary_large_image","twitter_misc":{"Dur\u00e9e de lecture estim\u00e9e":"3 minutes"},"schema":{"@context":"https:\/\/schema.org","@graph":[{"@type":"WebPage","@id":"https:\/\/hexchemicals.com\/product\/buy-ketamine-pills-online\/","url":"https:\/\/hexchemicals.com\/product\/buy-ketamine-pills-online\/","name":"Acheter des pilules de k\u00e9tamine en ligne - Hexchemicals","isPartOf":{"@id":"https:\/\/hexchemicals.com\/#website"},"primaryImageOfPage":{"@id":"https:\/\/hexchemicals.com\/product\/buy-ketamine-pills-online\/#primaryimage"},"image":{"@id":"https:\/\/hexchemicals.com\/product\/buy-ketamine-pills-online\/#primaryimage"},"thumbnailUrl":"https:\/\/hexchemicals.com\/wp-content\/uploads\/2024\/12\/buy-ketamine-powder-online.jpg","datePublished":"2024-12-09T06:07:24+00:00","dateModified":"2025-11-27T01:29:41+00:00","description":"D\u00e9couvrez le soulagement de la douleur chronique, de la d\u00e9pression et du syndrome de stress post-traumatique avec les pilules de k\u00e9tamine. Achetez des pilules de K\u00e9tamine 500mg en ligne aujourd'hui pour des solutions de traitement transformatrices.","breadcrumb":{"@id":"https:\/\/hexchemicals.com\/product\/buy-ketamine-pills-online\/#breadcrumb"},"inLanguage":"fr-FR","potentialAction":[{"@type":"ReadAction","target":["https:\/\/hexchemicals.com\/product\/buy-ketamine-pills-online\/"]}]},{"@type":"ImageObject","inLanguage":"fr-FR","@id":"https:\/\/hexchemicals.com\/product\/buy-ketamine-pills-online\/#primaryimage","url":"https:\/\/hexchemicals.com\/wp-content\/uploads\/2024\/12\/buy-ketamine-powder-online.jpg","contentUrl":"https:\/\/hexchemicals.com\/wp-content\/uploads\/2024\/12\/buy-ketamine-powder-online.jpg","width":1200,"height":1105,"caption":"Buy Ketamine powder online, buy ketamine hcl crystal powder online, buy ketamine powder"},{"@type":"BreadcrumbList","@id":"https:\/\/hexchemicals.com\/product\/buy-ketamine-pills-online\/#breadcrumb","itemListElement":[{"@type":"ListItem","position":1,"name":"Home","item":"https:\/\/hexchemicals.com\/"},{"@type":"ListItem","position":2,"name":"Shop","item":"https:\/\/hexchemicals.com\/shop\/"},{"@type":"ListItem","position":3,"name":"500mg Ketamine Pills"}]},{"@type":"WebSite","@id":"https:\/\/hexchemicals.com\/#website","url":"https:\/\/hexchemicals.com\/","name":"Produits chimiques hexagonaux","description":"Acheter du GBL, du GHB, de l'amph\u00e9tamine et de la k\u00e9tamine","potentialAction":[{"@type":"SearchAction","target":{"@type":"EntryPoint","urlTemplate":"https:\/\/hexchemicals.com\/?s={search_term_string}"},"query-input":{"@type":"PropertyValueSpecification","valueRequired":true,"valueName":"search_term_string"}}],"inLanguage":"fr-FR"}]}},"_links":{"self":[{"href":"https:\/\/hexchemicals.com\/fr\/wp-json\/wp\/v2\/product\/9543","targetHints":{"allow":["GET"]}}],"collection":[{"href":"https:\/\/hexchemicals.com\/fr\/wp-json\/wp\/v2\/product"}],"about":[{"href":"https:\/\/hexchemicals.com\/fr\/wp-json\/wp\/v2\/types\/product"}],"replies":[{"embeddable":true,"href":"https:\/\/hexchemicals.com\/fr\/wp-json\/wp\/v2\/comments?post=9543"}],"wp:featuredmedia":[{"embeddable":true,"href":"https:\/\/hexchemicals.com\/fr\/wp-json\/wp\/v2\/media\/9537"}],"wp:attachment":[{"href":"https:\/\/hexchemicals.com\/fr\/wp-json\/wp\/v2\/media?parent=9543"}],"wp:term":[{"taxonomy":"product_brand","embeddable":true,"href":"https:\/\/hexchemicals.com\/fr\/wp-json\/wp\/v2\/product_brand?post=9543"},{"taxonomy":"product_cat","embeddable":true,"href":"https:\/\/hexchemicals.com\/fr\/wp-json\/wp\/v2\/product_cat?post=9543"},{"taxonomy":"product_tag","embeddable":true,"href":"https:\/\/hexchemicals.com\/fr\/wp-json\/wp\/v2\/product_tag?post=9543"}],"curies":[{"name":"wp","href":"https:\/\/api.w.org\/{rel}","templated":true}]}}