{"id":5212,"date":"2021-08-25T07:26:28","date_gmt":"2021-08-25T07:26:28","guid":{"rendered":"http:\/\/dummy.xtemos.com\/woodmart2\/?page_id=5212"},"modified":"2024-12-08T15:52:37","modified_gmt":"2024-12-08T15:52:37","slug":"circa","status":"publish","type":"page","link":"https:\/\/hexchemicals.com\/it\/circa\/","title":{"rendered":"Circa"},"content":{"rendered":"<div class=\"wpb-content-wrapper\"><div data-vc-full-width=\"true\" data-vc-full-width-temp=\"true\" data-vc-full-width-init=\"false\" class=\"vc_row wpb_row vc_row-fluid vc_custom_1629876973406 vc_row-has-fill vc_row-o-content-middle vc_row-flex wd-rs-6125f2d9a9f9b\"><div class=\"wpb_column vc_column_container vc_col-sm-12 vc_col-lg-4 vc_col-md-4 vc_col-xs-12 wd-rs-6125f2fa74bd9\"><div class=\"vc_column-inner vc_custom_1629876989711\"><div class=\"wpb_wrapper\">\n\t\t<div id=\"wd-6755bd549611a\" class=\"title-wrapper wd-wpb wd-set-mb reset-last-child  wd-rs-6755bd549611a wd-title-color-primary wd-title-style-default text-left vc_custom_1733672286889 wd-width-enabled wd-underline-colored\" style=\"--wd-max-width: 90%;\">\n\t\t\t\t\t\t\t\n\t\t\t\t<div class=\"title-subtitle  subtitle-color-primary font-default subtitle-style-default wd-font-weight-600 wd-fontsize-xs\">INFORMAZIONI SU HEXCHEMICALS<\/div>\n\t\t\t\n\t\t\t<div class=\"liner-continer\">\n\t\t\t\t<div id=\"ez-toc-container\" class=\"ez-toc-v2_0_82_2 counter-hierarchy ez-toc-counter ez-toc-grey ez-toc-container-direction\">\n<div class=\"ez-toc-title-container\">\n<p class=\"ez-toc-title\" style=\"cursor:inherit\">Indice dei contenuti<\/p>\n<span class=\"ez-toc-title-toggle\"><a href=\"#\" class=\"ez-toc-pull-right ez-toc-btn ez-toc-btn-xs ez-toc-btn-default ez-toc-toggle\" aria-label=\"Allinea la tabella dei contenuti\"><span class=\"ez-toc-js-icon-con\"><span class=\"\"><span class=\"eztoc-hide\" style=\"display:none;\">Toggle<\/span><span class=\"ez-toc-icon-toggle-span\"><svg style=\"fill: #333333;color:#333333\" xmlns=\"http:\/\/www.w3.org\/2000\/svg\" class=\"list-377408\" width=\"20px\" height=\"20px\" viewbox=\"0 0 24 24\" fill=\"none\"><path d=\"M6 6H4v2h2V6zm14 0H8v2h12V6zM4 11h2v2H4v-2zm16 0H8v2h12v-2zM4 16h2v2H4v-2zm16 0H8v2h12v-2z\" fill=\"currentColor\"><\/path><\/svg><svg style=\"fill: #333333;color:#333333\" class=\"arrow-unsorted-368013\" xmlns=\"http:\/\/www.w3.org\/2000\/svg\" width=\"10px\" height=\"10px\" viewbox=\"0 0 24 24\" version=\"1.2\" baseprofile=\"tiny\"><path d=\"M18.2 9.3l-6.2-6.3-6.2 6.3c-.2.2-.3.4-.3.7s.1.5.3.7c.2.2.4.3.7.3h11c.3 0 .5-.1.7-.3.2-.2.3-.5.3-.7s-.1-.5-.3-.7zM5.8 14.7l6.2 6.3 6.2-6.3c.2-.2.3-.5.3-.7s-.1-.5-.3-.7c-.2-.2-.4-.3-.7-.3h-11c-.3 0-.5.1-.7.3-.2.2-.3.5-.3.7s.1.5.3.7z\"\/><\/svg><\/span><\/span><\/span><\/a><\/span><\/div>\n<nav><ul class='ez-toc-list ez-toc-list-level-1' ><li class='ez-toc-page-1 ez-toc-heading-level-4'><a class=\"ez-toc-link ez-toc-heading-1\" href=\"https:\/\/hexchemicals.com\/it\/circa\/#Buy_KO_Drops_and_other_chemicals_like_Amphetamine\" >Acquistare KO Drops e altre sostanze chimiche come l'anfetamina<\/a><\/li><li class='ez-toc-page-1 ez-toc-heading-level-4'><a class=\"ez-toc-link ez-toc-heading-2\" href=\"https:\/\/hexchemicals.com\/it\/circa\/#What_We_Stand_For\" >Cosa rappresentiamo<\/a><\/li><li class='ez-toc-page-1 ez-toc-heading-level-4'><a class=\"ez-toc-link ez-toc-heading-3\" href=\"https:\/\/hexchemicals.com\/it\/circa\/#1_Unwavering_Quality\" >1. Qualit\u00e0 incrollabile<\/a><\/li><li class='ez-toc-page-1 ez-toc-heading-level-4'><a class=\"ez-toc-link ez-toc-heading-4\" href=\"https:\/\/hexchemicals.com\/it\/circa\/#2_Compliance_and_Certifications\" >2. Conformit\u00e0 e certificazioni<\/a><\/li><li class='ez-toc-page-1 ez-toc-heading-level-4'><a class=\"ez-toc-link ez-toc-heading-5\" href=\"https:\/\/hexchemicals.com\/it\/circa\/#3_Customer-Centric_Approach\" >3. Approccio centrato sul cliente<\/a><\/li><li class='ez-toc-page-1 ez-toc-heading-level-4'><a class=\"ez-toc-link ez-toc-heading-6\" href=\"https:\/\/hexchemicals.com\/it\/circa\/#Why_Choose_Hexchemicals\" >Perch\u00e9 scegliere Hexchemicals?<\/a><\/li><li class='ez-toc-page-1 ez-toc-heading-level-4'><a class=\"ez-toc-link ez-toc-heading-7\" href=\"https:\/\/hexchemicals.com\/it\/circa\/#Our_Commitment_to_You\" >Il nostro impegno nei vostri confronti<\/a><\/li><\/ul><\/nav><\/div>\n<h4 class=\"woodmart-title-container title  wd-font-weight- wd-fontsize-xxl\" ><span class=\"ez-toc-section\" id=\"Buy_KO_Drops_and_other_chemicals_like_Amphetamine\"><\/span>Acquistare KO Drops e altre sostanze chimiche come l'anfetamina <span class=\"ez-toc-section-end\"><\/span><\/h4>\n\t\t\t\t\t\t\t<\/div>\n\t\t\t\n\t\t\t\n\t\t\t\n\t\t<\/div>\n\t\t\n\t\t<\/div><\/div><\/div><div class=\"wpb_column vc_column_container vc_col-sm-6 vc_col-lg-offset-1 vc_col-lg-3 vc_col-md-4 wd-rs-6125f2f5a2779\"><div class=\"vc_column-inner vc_custom_1629876984854\"><div class=\"wpb_wrapper\">\t\t\t<div class=\"info-box-wrapper\">\n\t\t\t\t<div id=\"wd-6755bca41023d\" class=\"wd-rs-6755bca41023d wd-info-box wd-wpb text-left box-icon-align-left box-style- color-scheme- wd-bg-none wd-items-top vc_custom_1733672108864\">\n\t\t\t\t\t\t\t\t\t\t<div class=\"info-box-content\">\n\t\t\t\t\t\t\t\t\t\t\t\t<div class=\"info-box-inner reset-last-child\"><p>Benvenuti in Hexchemicals, il vostro partner di fiducia per GBL, GHB e anfetamine di qualit\u00e0 superiore. Con anni di esperienza e un impegno costante verso l'eccellenza, ci siamo affermati come fornitore leader, servendo clienti in tutti gli Stati Uniti, Canada, Europa e Australia.<\/p>\n<\/div>\n\n\t\t\t\t\t\t\t\t\t\t\t<\/div>\n\n\t\t\t\t\t\t\t\t\t\t\t<a class=\"wd-info-box-link wd-fill\" aria-label=\"Link all&#039;infobox\" href=\"#\" title=\"\"><\/a>\n\t\t\t\t\t\n\t\t\t\t\t\t\t\t\t<\/div>\n\t\t\t<\/div>\n\t\t<\/div><\/div><\/div><div class=\"wpb_column vc_column_container vc_col-sm-6 vc_col-lg-offset-1 vc_col-lg-3 vc_col-md-4 wd-rs-6125f2efc6c08\"><div class=\"vc_column-inner vc_custom_1629876980184\"><div class=\"wpb_wrapper\">\t\t\t<div class=\"info-box-wrapper\">\n\t\t\t\t<div id=\"wd-6755bcb32f0e1\" class=\"wd-rs-6755bcb32f0e1 wd-info-box wd-wpb text-left box-icon-align-left box-style- color-scheme- wd-bg-none wd-items-top vc_custom_1733672169131\">\n\t\t\t\t\t\t\t\t\t\t<div class=\"info-box-content\">\n\t\t\t\t\t\t\t\t\t\t\t\t<div class=\"info-box-inner reset-last-child\"><p>La missione di Hexchemicals \u00e8 semplice: fornire prodotti di alta qualit\u00e0 con un'affidabilit\u00e0 senza pari, processi di ordinazione sicuri e un'assistenza clienti eccezionale.<\/p>\n<\/div>\n\n\t\t\t\t\t\t\t\t\t\t\t<\/div>\n\n\t\t\t\t\t\t\t\t\t\t\t<a class=\"wd-info-box-link wd-fill\" aria-label=\"Link all&#039;infobox\" href=\"#\" title=\"\"><\/a>\n\t\t\t\t\t\n\t\t\t\t\t\t\t\t\t<\/div>\n\t\t\t<\/div>\n\t\t<\/div><\/div><\/div><\/div><div class=\"vc_row-full-width vc_clearfix\"><\/div><div class=\"vc_row wpb_row vc_row-fluid vc_custom_1629877038080 row-reverse-mobile row-reverse-tablet wd-rs-6125f32826e3d\"><div class=\"wpb_column vc_column_container vc_col-sm-12 vc_col-lg-6 vc_col-md-6 wd-rs-6125f30edad72\"><div class=\"vc_column-inner vc_custom_1629877010833\"><div class=\"wpb_wrapper\">\t\t<div id=\"wd-6755c09792366\" class=\"wd-image wd-wpb wd-rs-6755c09792366 text-left vc_custom_1733673126034\">\n\t\t\t\n\t\t\t<img loading=\"lazy\" decoding=\"async\" width=\"1200\" height=\"1105\" src=\"https:\/\/hexchemicals.com\/wp-content\/uploads\/2024\/12\/hexchemicals-order-gbl-ghb-amphethamine.png\" class=\"attachment-full size-full\" alt=\"prodotti eschimici ordine gbl ghb anfetamina\" srcset=\"https:\/\/hexchemicals.com\/wp-content\/uploads\/2024\/12\/hexchemicals-order-gbl-ghb-amphethamine.png 1200w, https:\/\/hexchemicals.com\/wp-content\/uploads\/2024\/12\/hexchemicals-order-gbl-ghb-amphethamine-430x396.png 430w, https:\/\/hexchemicals.com\/wp-content\/uploads\/2024\/12\/hexchemicals-order-gbl-ghb-amphethamine-150x138.png 150w, https:\/\/hexchemicals.com\/wp-content\/uploads\/2024\/12\/hexchemicals-order-gbl-ghb-amphethamine-700x645.png 700w, https:\/\/hexchemicals.com\/wp-content\/uploads\/2024\/12\/hexchemicals-order-gbl-ghb-amphethamine-326x300.png 326w, https:\/\/hexchemicals.com\/wp-content\/uploads\/2024\/12\/hexchemicals-order-gbl-ghb-amphethamine-869x800.png 869w, https:\/\/hexchemicals.com\/wp-content\/uploads\/2024\/12\/hexchemicals-order-gbl-ghb-amphethamine-768x707.png 768w\" sizes=\"auto, (max-width: 1200px) 100vw, 1200px\" \/>\n\t\t\t\t\t<\/div>\n\t\t<\/div><\/div><\/div><div class=\"wpb_column vc_column_container vc_col-sm-12 vc_col-lg-offset-1 vc_col-lg-5 vc_col-md-6 vc_col-xs-12 wd-rs-6125f320eb687\"><div class=\"vc_column-inner vc_custom_1629877027060\"><div class=\"wpb_wrapper\">\n\t\t<div id=\"wd-6755bdd8e1c25\" class=\"title-wrapper wd-wpb wd-set-mb reset-last-child  wd-rs-6755bdd8e1c25 wd-title-color-primary wd-title-style-default text-left vc_custom_1733672448099 wd-underline-colored\">\n\t\t\t\t\t\t\t\n\t\t\t\t<div class=\"title-subtitle  subtitle-color-primary font-default subtitle-style-default wd-font-weight-600 wd-fontsize-xs\">FORNITORE CHIMICO DI FIDUCIA<\/div>\n\t\t\t\n\t\t\t<div class=\"liner-continer\">\n\t\t\t\t<h4 class=\"woodmart-title-container title  wd-font-weight- wd-fontsize-xxl\" ><span class=\"ez-toc-section\" id=\"What_We_Stand_For\"><\/span>Cosa rappresentiamo<span class=\"ez-toc-section-end\"><\/span><\/h4>\n\t\t\t\t\t\t\t<\/div>\n\t\t\t\n\t\t\t\n\t\t\t\n\t\t<\/div>\n\t\t\n\t\t\t\t<div id=\"wd-6755bd75740ab\" class=\"wd-text-block wd-wpb reset-last-child wd-rs-6755bd75740ab text-left wd-fontsize-custom vc_custom_1733672403244\">\n\t\t\t<h4><span class=\"ez-toc-section\" id=\"1_Unwavering_Quality\"><\/span><strong>1. Qualit\u00e0 incrollabile<\/strong><span class=\"ez-toc-section-end\"><\/span><\/h4>\n<p>Ogni prodotto del nostro catalogo \u00e8 sottoposto a test rigorosi per garantire i massimi livelli di purezza e la conformit\u00e0 agli standard industriali globali. Che si tratti di applicazioni industriali, di ricerca o specializzate, potete affidarvi a Hexchemicals per soluzioni coerenti e di qualit\u00e0 superiore.<\/p>\n<h4><span class=\"ez-toc-section\" id=\"2_Compliance_and_Certifications\"><\/span><strong>2. Conformit\u00e0 e certificazioni<\/strong><span class=\"ez-toc-section-end\"><\/span><\/h4>\n<p>Le nostre operazioni sono conformi a rigorosi regolamenti legali e di settore, compresi gli standard di conformit\u00e0 dell'UE, per darvi fiducia in ogni acquisto. Le certificazioni e le pratiche trasparenti rafforzano la nostra reputazione di fornitore affidabile.<\/p>\n<h4><span class=\"ez-toc-section\" id=\"3_Customer-Centric_Approach\"><\/span><strong>3. Approccio centrato sul cliente<\/strong><span class=\"ez-toc-section-end\"><\/span><\/h4>\n<p>Per Hexchemicals la vostra soddisfazione \u00e8 la nostra priorit\u00e0. Dalla navigazione nel nostro sito web alla ricezione dell'ordine, offriamo un'esperienza senza soluzione di continuit\u00e0, supportata da un'assistenza clienti esperta. Sia che si tratti di rispondere a domande o di risolvere problemi, siamo qui per aiutarvi in ogni fase.<\/p>\n\t\t<\/div>\n\t\t<\/div><\/div><\/div><\/div><section data-vc-full-width=\"true\" data-vc-full-width-temp=\"true\" data-vc-full-width-init=\"false\" class=\"vc_section vc_custom_1733673076916 vc_section-has-fill wd-rs-6755c059c665c\"><div class=\"vc_row wpb_row vc_row-fluid vc_custom_1615814278162 vc_row-o-equal-height vc_row-o-content-middle vc_row-flex\"><div class=\"wpb_column vc_column_container vc_col-sm-6 color-scheme-light wd-rs-6125f35912e56\"><div class=\"vc_column-inner vc_custom_1629877084287\"><div class=\"wpb_wrapper\">\n\t\t<div id=\"wd-6755be52bd92f\" class=\"title-wrapper wd-wpb wd-set-mb reset-last-child  wd-rs-6755be52bd92f wd-title-color-primary wd-title-style-default text-left vc_custom_1733672858251 wd-width-enabled wd-underline-colored\" style=\"--wd-max-width: 90%;\">\n\t\t\t\t\t\t\t\n\t\t\t\t<div class=\"title-subtitle  subtitle-color-primary font-default subtitle-style-default wd-font-weight-600 wd-fontsize-xs\">ORDINARE PRODOTTI CHIMICI DI QUALIT\u00c0 E GOCCE KO<\/div>\n\t\t\t\n\t\t\t<div class=\"liner-continer\">\n\t\t\t\t<h4 class=\"woodmart-title-container title  wd-font-weight- wd-fontsize-xxl\" ><span class=\"ez-toc-section\" id=\"Why_Choose_Hexchemicals\"><\/span>Perch\u00e9 scegliere Hexchemicals?<span class=\"ez-toc-section-end\"><\/span><\/h4>\n\t\t\t\t\t\t\t<\/div>\n\t\t\t\n\t\t\t\n\t\t\t\n\t\t<\/div>\n\t\t\n\t\t\n\t<div class=\"wpb_text_column wpb_content_element\" >\n\t\t<div class=\"wpb_wrapper\">\n\t\t\t<ul>\n<li>Raggiungere il mondo: Spedizione rapida e discreta negli Stati Uniti, in Canada, Europa e Australia.<\/li>\n<li>Prezzi competitivi: Tariffe convenienti per GBL, GHB e anfetamine senza compromettere la qualit\u00e0.<\/li>\n<li>Transazioni sicure: Opzioni di pagamento sicure e un processo di ordinazione semplice per un'esperienza senza problemi.<\/li>\n<li>Affidabilit\u00e0 comprovata: Migliaia di clienti soddisfatti si fidano di noi per la qualit\u00e0 costante dei prodotti e la puntualit\u00e0 delle consegne.<\/li>\n<\/ul>\n\n\t\t<\/div>\n\t<\/div>\n<\/div><\/div><\/div><div class=\"wpb_column vc_column_container vc_col-sm-6 wd-rs-6125f353ede07\"><div class=\"vc_column-inner vc_custom_1629877079783\"><div class=\"wpb_wrapper\">\n\t\t<div id=\"wd-6755bff0447e2\" class=\"title-wrapper wd-wpb wd-set-mb reset-last-child  wd-rs-6755bff0447e2 wd-title-color-primary wd-title-style-default text-left vc_custom_1733672994047 wd-width-enabled wd-underline-colored\" style=\"--wd-max-width: 90%;\">\n\t\t\t\n\t\t\t<div class=\"liner-continer\">\n\t\t\t\t<h4 class=\"woodmart-title-container title  wd-font-weight- wd-fontsize-xxl\" ><span class=\"ez-toc-section\" id=\"Our_Commitment_to_You\"><\/span>Il nostro impegno nei vostri confronti<span class=\"ez-toc-section-end\"><\/span><\/h4>\n\t\t\t\t\t\t\t<\/div>\n\t\t\t\n\t\t\t\n\t\t\t\n\t\t<\/div>\n\t\t\n\t\t\n\t<div class=\"wpb_text_column wpb_content_element color-scheme-light\" >\n\t\t<div class=\"wpb_wrapper\">\n\t\t\t<p>Hexchemicals \u00e8 pi\u00f9 di un fornitore: siamo il vostro partner affidabile per qualit\u00e0, conformit\u00e0 e servizio eccezionale. Ci sforziamo continuamente di superare le aspettative e di stabilire nuovi standard nel settore. Se state cercando di ordinare GBL, acquistare GBL online o acquistare GHB e anfetamine, Hexchemicals \u00e8 il nome di cui vi potete fidare.<\/p>\n<p>Scoprite oggi la differenza di Hexchemicals.<\/p>\n\n\t\t<\/div>\n\t<\/div>\n<\/div><\/div><\/div><\/div><\/section><div class=\"vc_row-full-width vc_clearfix\"><\/div>\n<\/div>","protected":false},"excerpt":{"rendered":"SU HEXCHEMICALS Acquistate le gocce KO e altre sostanze chimiche come l'anfetamina Benvenuti a Hexchemicals, il vostro partner di fiducia per GBL e GHB di qualit\u00e0 superiore,","protected":false},"author":3,"featured_media":0,"parent":0,"menu_order":0,"comment_status":"closed","ping_status":"closed","template":"","meta":{"footnotes":""},"class_list":["post-5212","page","type-page","status-publish","hentry"],"yoast_head":"<!-- This site is optimized with the Yoast SEO plugin v27.3 - https:\/\/yoast.com\/product\/yoast-seo-wordpress\/ -->\n<title>About - Hexchemicals<\/title>\n<meta name=\"robots\" content=\"index, follow, max-snippet:-1, max-image-preview:large, max-video-preview:-1\" \/>\n<link rel=\"canonical\" href=\"https:\/\/hexchemicals.com\/it\/circa\/\" \/>\n<meta property=\"og:locale\" content=\"it_IT\" \/>\n<meta property=\"og:type\" content=\"article\" \/>\n<meta property=\"og:title\" content=\"About - Hexchemicals\" \/>\n<meta property=\"og:url\" content=\"https:\/\/hexchemicals.com\/it\/circa\/\" \/>\n<meta property=\"og:site_name\" content=\"Hexchemicals\" \/>\n<meta property=\"article:modified_time\" content=\"2024-12-08T15:52:37+00:00\" \/>\n<meta name=\"twitter:card\" content=\"summary_large_image\" \/>\n<meta name=\"twitter:label1\" content=\"Tempo di lettura stimato\" \/>\n\t<meta name=\"twitter:data1\" content=\"10 minuti\" \/>\n<script type=\"application\/ld+json\" class=\"yoast-schema-graph\">{\"@context\":\"https:\\\/\\\/schema.org\",\"@graph\":[{\"@type\":\"WebPage\",\"@id\":\"https:\\\/\\\/hexchemicals.com\\\/about\\\/\",\"url\":\"https:\\\/\\\/hexchemicals.com\\\/about\\\/\",\"name\":\"About - Hexchemicals\",\"isPartOf\":{\"@id\":\"https:\\\/\\\/hexchemicals.com\\\/#website\"},\"datePublished\":\"2021-08-25T07:26:28+00:00\",\"dateModified\":\"2024-12-08T15:52:37+00:00\",\"breadcrumb\":{\"@id\":\"https:\\\/\\\/hexchemicals.com\\\/about\\\/#breadcrumb\"},\"inLanguage\":\"it-IT\",\"potentialAction\":[{\"@type\":\"ReadAction\",\"target\":[\"https:\\\/\\\/hexchemicals.com\\\/about\\\/\"]}]},{\"@type\":\"BreadcrumbList\",\"@id\":\"https:\\\/\\\/hexchemicals.com\\\/about\\\/#breadcrumb\",\"itemListElement\":[{\"@type\":\"ListItem\",\"position\":1,\"name\":\"Home\",\"item\":\"https:\\\/\\\/hexchemicals.com\\\/\"},{\"@type\":\"ListItem\",\"position\":2,\"name\":\"About\"}]},{\"@type\":\"WebSite\",\"@id\":\"https:\\\/\\\/hexchemicals.com\\\/#website\",\"url\":\"https:\\\/\\\/hexchemicals.com\\\/\",\"name\":\"Hexchemicals\",\"description\":\"Buy GBL, GHB, Amphetamine and Ketamine\",\"potentialAction\":[{\"@type\":\"SearchAction\",\"target\":{\"@type\":\"EntryPoint\",\"urlTemplate\":\"https:\\\/\\\/hexchemicals.com\\\/?s={search_term_string}\"},\"query-input\":{\"@type\":\"PropertyValueSpecification\",\"valueRequired\":true,\"valueName\":\"search_term_string\"}}],\"inLanguage\":\"it-IT\"}]}<\/script>\n<!-- \/ Yoast SEO plugin. -->","yoast_head_json":{"title":"Informazioni su - Hexchemicals","robots":{"index":"index","follow":"follow","max-snippet":"max-snippet:-1","max-image-preview":"max-image-preview:large","max-video-preview":"max-video-preview:-1"},"canonical":"https:\/\/hexchemicals.com\/it\/circa\/","og_locale":"it_IT","og_type":"article","og_title":"About - Hexchemicals","og_url":"https:\/\/hexchemicals.com\/it\/circa\/","og_site_name":"Hexchemicals","article_modified_time":"2024-12-08T15:52:37+00:00","twitter_card":"summary_large_image","twitter_misc":{"Tempo di lettura stimato":"10 minuti"},"schema":{"@context":"https:\/\/schema.org","@graph":[{"@type":"WebPage","@id":"https:\/\/hexchemicals.com\/about\/","url":"https:\/\/hexchemicals.com\/about\/","name":"Informazioni su - Hexchemicals","isPartOf":{"@id":"https:\/\/hexchemicals.com\/#website"},"datePublished":"2021-08-25T07:26:28+00:00","dateModified":"2024-12-08T15:52:37+00:00","breadcrumb":{"@id":"https:\/\/hexchemicals.com\/about\/#breadcrumb"},"inLanguage":"it-IT","potentialAction":[{"@type":"ReadAction","target":["https:\/\/hexchemicals.com\/about\/"]}]},{"@type":"BreadcrumbList","@id":"https:\/\/hexchemicals.com\/about\/#breadcrumb","itemListElement":[{"@type":"ListItem","position":1,"name":"Home","item":"https:\/\/hexchemicals.com\/"},{"@type":"ListItem","position":2,"name":"About"}]},{"@type":"WebSite","@id":"https:\/\/hexchemicals.com\/#website","url":"https:\/\/hexchemicals.com\/","name":"Prodotti eschimesi","description":"Acquistare GBL, GHB, anfetamina e ketamina","potentialAction":[{"@type":"SearchAction","target":{"@type":"EntryPoint","urlTemplate":"https:\/\/hexchemicals.com\/?s={search_term_string}"},"query-input":{"@type":"PropertyValueSpecification","valueRequired":true,"valueName":"search_term_string"}}],"inLanguage":"it-IT"}]}},"_links":{"self":[{"href":"https:\/\/hexchemicals.com\/it\/wp-json\/wp\/v2\/pages\/5212","targetHints":{"allow":["GET"]}}],"collection":[{"href":"https:\/\/hexchemicals.com\/it\/wp-json\/wp\/v2\/pages"}],"about":[{"href":"https:\/\/hexchemicals.com\/it\/wp-json\/wp\/v2\/types\/page"}],"author":[{"embeddable":true,"href":"https:\/\/hexchemicals.com\/it\/wp-json\/wp\/v2\/users\/3"}],"replies":[{"embeddable":true,"href":"https:\/\/hexchemicals.com\/it\/wp-json\/wp\/v2\/comments?post=5212"}],"version-history":[{"count":3,"href":"https:\/\/hexchemicals.com\/it\/wp-json\/wp\/v2\/pages\/5212\/revisions"}],"predecessor-version":[{"id":9480,"href":"https:\/\/hexchemicals.com\/it\/wp-json\/wp\/v2\/pages\/5212\/revisions\/9480"}],"wp:attachment":[{"href":"https:\/\/hexchemicals.com\/it\/wp-json\/wp\/v2\/media?parent=5212"}],"curies":[{"name":"wp","href":"https:\/\/api.w.org\/{rel}","templated":true}]}}