{"id":12,"date":"2024-12-08T16:11:28","date_gmt":"2024-12-08T16:11:28","guid":{"rendered":"https:\/\/hexchemicals.com\/?page_id=12"},"modified":"2024-12-08T16:19:05","modified_gmt":"2024-12-08T16:19:05","slug":"vilkar-for-bruk","status":"publish","type":"page","link":"https:\/\/hexchemicals.com\/nb\/vilkar-for-bruk\/","title":{"rendered":"Vilk\u00e5r for bruk"},"content":{"rendered":"<div id=\"ez-toc-container\" class=\"ez-toc-v2_0_82_2 counter-hierarchy ez-toc-counter ez-toc-grey ez-toc-container-direction\">\n<div class=\"ez-toc-title-container\">\n<p class=\"ez-toc-title\" style=\"cursor:inherit\">Innholdsfortegnelse<\/p>\n<span class=\"ez-toc-title-toggle\"><a href=\"#\" class=\"ez-toc-pull-right ez-toc-btn ez-toc-btn-xs ez-toc-btn-default ez-toc-toggle\" aria-label=\"Veksle mellom innholdsfortegnelsen\"><span class=\"ez-toc-js-icon-con\"><span class=\"\"><span class=\"eztoc-hide\" style=\"display:none;\">Toggle<\/span><span class=\"ez-toc-icon-toggle-span\"><svg style=\"fill: #333333;color:#333333\" xmlns=\"http:\/\/www.w3.org\/2000\/svg\" class=\"list-377408\" width=\"20px\" height=\"20px\" viewbox=\"0 0 24 24\" fill=\"none\"><path d=\"M6 6H4v2h2V6zm14 0H8v2h12V6zM4 11h2v2H4v-2zm16 0H8v2h12v-2zM4 16h2v2H4v-2zm16 0H8v2h12v-2z\" fill=\"currentColor\"><\/path><\/svg><svg style=\"fill: #333333;color:#333333\" class=\"arrow-unsorted-368013\" xmlns=\"http:\/\/www.w3.org\/2000\/svg\" width=\"10px\" height=\"10px\" viewbox=\"0 0 24 24\" version=\"1.2\" baseprofile=\"tiny\"><path d=\"M18.2 9.3l-6.2-6.3-6.2 6.3c-.2.2-.3.4-.3.7s.1.5.3.7c.2.2.4.3.7.3h11c.3 0 .5-.1.7-.3.2-.2.3-.5.3-.7s-.1-.5-.3-.7zM5.8 14.7l6.2 6.3 6.2-6.3c.2-.2.3-.5.3-.7s-.1-.5-.3-.7c-.2-.2-.4-.3-.7-.3h-11c-.3 0-.5.1-.7.3-.2.2-.3.5-.3.7s.1.5.3.7z\"\/><\/svg><\/span><\/span><\/span><\/a><\/span><\/div>\n<nav><ul class='ez-toc-list ez-toc-list-level-1' ><li class='ez-toc-page-1 ez-toc-heading-level-3'><a class=\"ez-toc-link ez-toc-heading-1\" href=\"https:\/\/hexchemicals.com\/nb\/vilkar-for-bruk\/#Terms_of_Use\" >Vilk\u00e5r for bruk<\/a><\/li><li class='ez-toc-page-1 ez-toc-heading-level-3'><a class=\"ez-toc-link ez-toc-heading-2\" href=\"https:\/\/hexchemicals.com\/nb\/vilkar-for-bruk\/#1_General_Terms\" >1. Generelle vilk\u00e5r<\/a><\/li><li class='ez-toc-page-1 ez-toc-heading-level-3'><a class=\"ez-toc-link ez-toc-heading-3\" href=\"https:\/\/hexchemicals.com\/nb\/vilkar-for-bruk\/#2_Ordering_and_Payment\" >2. Bestilling og betaling<\/a><\/li><li class='ez-toc-page-1 ez-toc-heading-level-3'><a class=\"ez-toc-link ez-toc-heading-4\" href=\"https:\/\/hexchemicals.com\/nb\/vilkar-for-bruk\/#3_Shipping_and_Delivery\" >3. Frakt og levering<\/a><\/li><li class='ez-toc-page-1 ez-toc-heading-level-3'><a class=\"ez-toc-link ez-toc-heading-5\" href=\"https:\/\/hexchemicals.com\/nb\/vilkar-for-bruk\/#4_Use_of_Website\" >4. Bruk av nettstedet<\/a><\/li><li class='ez-toc-page-1 ez-toc-heading-level-3'><a class=\"ez-toc-link ez-toc-heading-6\" href=\"https:\/\/hexchemicals.com\/nb\/vilkar-for-bruk\/#5_Limitation_of_Liability\" >5. Begrensning av erstatningsansvar<\/a><\/li><li class='ez-toc-page-1 ez-toc-heading-level-3'><a class=\"ez-toc-link ez-toc-heading-7\" href=\"https:\/\/hexchemicals.com\/nb\/vilkar-for-bruk\/#6_Returns_and_Refunds\" >6. Returer og refusjoner<\/a><\/li><li class='ez-toc-page-1 ez-toc-heading-level-3'><a class=\"ez-toc-link ez-toc-heading-8\" href=\"https:\/\/hexchemicals.com\/nb\/vilkar-for-bruk\/#7_Intellectual_Property\" >7. Intellektuell eiendom<\/a><\/li><li class='ez-toc-page-1 ez-toc-heading-level-3'><a class=\"ez-toc-link ez-toc-heading-9\" href=\"https:\/\/hexchemicals.com\/nb\/vilkar-for-bruk\/#8_Privacy_Policy\" >8. Retningslinjer for personvern<\/a><\/li><li class='ez-toc-page-1 ez-toc-heading-level-3'><a class=\"ez-toc-link ez-toc-heading-10\" href=\"https:\/\/hexchemicals.com\/nb\/vilkar-for-bruk\/#9_Modifications_to_Terms\" >9. Endringer i vilk\u00e5rene<\/a><\/li><li class='ez-toc-page-1 ez-toc-heading-level-3'><a class=\"ez-toc-link ez-toc-heading-11\" href=\"https:\/\/hexchemicals.com\/nb\/vilkar-for-bruk\/#10_Governing_Law\" >10. Gjeldende lov<\/a><\/li><li class='ez-toc-page-1 ez-toc-heading-level-3'><a class=\"ez-toc-link ez-toc-heading-12\" href=\"https:\/\/hexchemicals.com\/nb\/vilkar-for-bruk\/#Contact_Us\" >Kontakt oss<\/a><\/li><\/ul><\/nav><\/div>\n<h3><span class=\"ez-toc-section\" id=\"Terms_of_Use\"><\/span>Vilk\u00e5r for bruk<span class=\"ez-toc-section-end\"><\/span><\/h3>\n<p>Velkommen til <a href=\"https:\/\/hexchemicals.com\/nb\/\">Hexchemicals<\/a>. Ved \u00e5 g\u00e5 inn p\u00e5 eller bruke nettstedet og tjenestene v\u00e5re samtykker du i \u00e5 overholde og v\u00e6re bundet av f\u00f8lgende vilk\u00e5r for bruk. Vennligst les disse vilk\u00e5rene n\u00f8ye. Hvis du ikke er enig i noen del av disse vilk\u00e5rene, b\u00f8r du avst\u00e5 fra \u00e5 bruke nettstedet eller tjenestene v\u00e5re.<\/p>\n<h3><span class=\"ez-toc-section\" id=\"1_General_Terms\"><\/span>1. Generelle vilk\u00e5r<span class=\"ez-toc-section-end\"><\/span><\/h3>\n<p>1.1. Kvalifisering: Ved \u00e5 bruke dette nettstedet bekrefter du at du er minst 18 \u00e5r gammel og juridisk i stand til \u00e5 inng\u00e5 bindende avtaler.<br \/>1.2. Bruk av produkter: Alle produkter som tilbys av Hexchemicals er kun ment for lovlig industriell, forskningsmessig eller vitenskapelig bruk. Kundene er ansvarlige for \u00e5 sikre at lokale lover og forskrifter overholdes n\u00e5r det gjelder bruk og besittelse av disse produktene.<\/p>\n<h3><span class=\"ez-toc-section\" id=\"2_Ordering_and_Payment\"><\/span>2. Bestilling og betaling<span class=\"ez-toc-section-end\"><\/span><\/h3>\n<p>2.1. Aksept av ordre: \u00c5 legge inn en bestilling p\u00e5 v\u00e5r nettside utgj\u00f8r et tilbud om kj\u00f8p. Hexchemicals forbeholder seg retten til \u00e5 akseptere eller avvise enhver bestilling etter eget skj\u00f8nn.<br \/>2.2. Betalingsbetingelser: Betalinger m\u00e5 gj\u00f8res via de sikre metodene som er oppgitt p\u00e5 nettstedet v\u00e5rt. Bestillinger vil ikke bli behandlet f\u00f8r betalingen er mottatt og bekreftet.<br \/>2.3. Priser: Alle priser er oppgitt i gjeldende valuta og kan endres uten varsel. Skatter, avgifter og fraktkostnader vil bli lagt til i kassen der det er aktuelt.<\/p>\n<h3><span class=\"ez-toc-section\" id=\"3_Shipping_and_Delivery\"><\/span>3. Frakt og levering<span class=\"ez-toc-section-end\"><\/span><\/h3>\n<p>3.1. Regioner som betjenes: Hexchemicals tilbyr frakt til USA, Canada, Europa og Australia. Leveringstiden kan variere avhengig av destinasjon.<br \/>3.2. Diskret frakt: Vi bruker sikker, diskret emballasje for \u00e5 beskytte personvernet ditt.<br \/>3.3. Risiko for tap: N\u00e5r bestillingen er sendt, er Hexchemicals ikke ansvarlig for forsinkelser eller tap for\u00e5rsaket av toll, transport\u00f8rer eller uforutsette omstendigheter.<\/p>\n<h3><span class=\"ez-toc-section\" id=\"4_Use_of_Website\"><\/span>4. Bruk av nettstedet<span class=\"ez-toc-section-end\"><\/span><\/h3>\n<p>4.1. N\u00f8yaktighet av informasjon: Hexchemicals bestreber seg p\u00e5 \u00e5 sikre at all informasjon p\u00e5 nettstedet v\u00e5rt er n\u00f8yaktig og oppdatert. Vi kan imidlertid ikke garantere at informasjonen er fullstendig, p\u00e5litelig eller n\u00f8yaktig.<br \/>4.2. Forbudte aktiviteter: Du samtykker i \u00e5 ikke:<\/p>\n<ul>\n<li>bruke nettstedet til ulovlige form\u00e5l.<\/li>\n<li>forstyrre driften av nettstedet eller dets tilknyttede systemer.<\/li>\n<li>F\u00e5 tilgang til nettstedet for konkurranseform\u00e5l eller dataskraping.<\/li>\n<\/ul>\n<h3><span class=\"ez-toc-section\" id=\"5_Limitation_of_Liability\"><\/span>5. Begrensning av erstatningsansvar<span class=\"ez-toc-section-end\"><\/span><\/h3>\n<p>Hexchemicals er ikke ansvarlig for direkte, indirekte, tilfeldige eller f\u00f8lgeskader som oppst\u00e5r som f\u00f8lge av bruk av v\u00e5re produkter eller v\u00e5rt nettsted. Kundene er ansvarlige for \u00e5 sikre samsvar med gjeldende lover og forskrifter i sin jurisdiksjon.<\/p>\n<h3><span class=\"ez-toc-section\" id=\"6_Returns_and_Refunds\"><\/span>6. Returer og refusjoner<span class=\"ez-toc-section-end\"><\/span><\/h3>\n<p>6.1. Retningslinjer for retur: P\u00e5 grunn av produktenes art aksepteres returer kun under spesifikke betingelser, for eksempel ved mottak av en defekt eller feil vare.<br \/>6.2. Refusjonsprosess: Godkjente refusjoner vil bli behandlet innen 14 virkedager etter at den returnerte varen er mottatt og inspisert.<\/p>\n<h3><span class=\"ez-toc-section\" id=\"7_Intellectual_Property\"><\/span>7. Intellektuell eiendom<span class=\"ez-toc-section-end\"><\/span><\/h3>\n<p>Alt innhold p\u00e5 dette nettstedet, inkludert logoer, tekst, bilder og grafikk, tilh\u00f8rer Hexchemicals eller dets lisensgivere. Uautorisert bruk, reproduksjon eller distribusjon er strengt forbudt.<\/p>\n<h3><span class=\"ez-toc-section\" id=\"8_Privacy_Policy\"><\/span>8. Retningslinjer for personvern<span class=\"ez-toc-section-end\"><\/span><\/h3>\n<p>Din bruk av nettstedet v\u00e5rt er ogs\u00e5 underlagt v\u00e5r <a href=\"https:\/\/hexchemicals.com\/nb\/personvernerklaering\/\">Retningslinjer for personvern<\/a>som beskriver hvordan vi samler inn, bruker og beskytter personopplysningene dine.<\/p>\n<h3><span class=\"ez-toc-section\" id=\"9_Modifications_to_Terms\"><\/span>9. Endringer i vilk\u00e5rene<span class=\"ez-toc-section-end\"><\/span><\/h3>\n<p>Hexchemicals forbeholder seg retten til n\u00e5r som helst \u00e5 endre disse vilk\u00e5rene for bruk. Endringer vil tre i kraft umiddelbart etter at de er lagt ut p\u00e5 nettstedet. Fortsatt bruk av nettstedet utgj\u00f8r aksept av de oppdaterte vilk\u00e5rene.<\/p>\n<h3><span class=\"ez-toc-section\" id=\"10_Governing_Law\"><\/span>10. Gjeldende lov<span class=\"ez-toc-section-end\"><\/span><\/h3>\n<p>Disse vilk\u00e5rene er underlagt og tolkes i samsvar med lovene i den jurisdiksjonen der Hexchemicals opererer. Eventuelle tvister skal utelukkende l\u00f8ses i domstolene i denne jurisdiksjonen.<\/p>\n<h3><span class=\"ez-toc-section\" id=\"Contact_Us\"><\/span>Kontakt oss<span class=\"ez-toc-section-end\"><\/span><\/h3>\n<p>For sp\u00f8rsm\u00e5l eller bekymringer ang\u00e5ende disse bruksvilk\u00e5rene, vennligst kontakt Hexchemicals via e-post p\u00e5 hexchemicals@zohomail.com eller via nettstedet v\u00e5rt <a href=\"https:\/\/hexchemicals.com\/nb\/kontakt-oss\/\">kontaktskjema<\/a>.<\/p>\n<p>Ikrafttredelsesdato: 08\/12\/2024<\/p>","protected":false},"excerpt":{"rendered":"<p>Vilk\u00e5r for bruk Velkommen til Hexchemicals. Ved \u00e5 g\u00e5 inn p\u00e5 eller bruke nettstedet og tjenestene v\u00e5re, samtykker du i \u00e5 overholde og<\/p>","protected":false},"author":3,"featured_media":0,"parent":0,"menu_order":0,"comment_status":"closed","ping_status":"closed","template":"","meta":{"footnotes":""},"class_list":["post-12","page","type-page","status-publish","hentry"],"yoast_head":"<!-- This site is optimized with the Yoast SEO plugin v27.3 - https:\/\/yoast.com\/product\/yoast-seo-wordpress\/ -->\n<title>Terms of Use - Hexchemicals<\/title>\n<meta name=\"robots\" content=\"index, follow, max-snippet:-1, max-image-preview:large, max-video-preview:-1\" \/>\n<link rel=\"canonical\" href=\"https:\/\/hexchemicals.com\/nb\/vilkar-for-bruk\/\" \/>\n<meta property=\"og:locale\" content=\"nb_NO\" \/>\n<meta property=\"og:type\" content=\"article\" \/>\n<meta property=\"og:title\" content=\"Terms of Use - Hexchemicals\" \/>\n<meta property=\"og:description\" content=\"Terms of Use Welcome to Hexchemicals. By accessing or using our website and services, you agree to comply with and\" \/>\n<meta property=\"og:url\" content=\"https:\/\/hexchemicals.com\/nb\/vilkar-for-bruk\/\" \/>\n<meta property=\"og:site_name\" content=\"Hexchemicals\" \/>\n<meta property=\"article:modified_time\" content=\"2024-12-08T16:19:05+00:00\" \/>\n<meta name=\"twitter:card\" content=\"summary_large_image\" \/>\n<meta name=\"twitter:label1\" content=\"Ansl. lesetid\" \/>\n\t<meta name=\"twitter:data1\" content=\"3 minutter\" \/>\n<script type=\"application\/ld+json\" class=\"yoast-schema-graph\">{\"@context\":\"https:\\\/\\\/schema.org\",\"@graph\":[{\"@type\":\"WebPage\",\"@id\":\"https:\\\/\\\/hexchemicals.com\\\/terms-of-use\\\/\",\"url\":\"https:\\\/\\\/hexchemicals.com\\\/terms-of-use\\\/\",\"name\":\"Terms of Use - Hexchemicals\",\"isPartOf\":{\"@id\":\"https:\\\/\\\/hexchemicals.com\\\/#website\"},\"datePublished\":\"2024-12-08T16:11:28+00:00\",\"dateModified\":\"2024-12-08T16:19:05+00:00\",\"breadcrumb\":{\"@id\":\"https:\\\/\\\/hexchemicals.com\\\/terms-of-use\\\/#breadcrumb\"},\"inLanguage\":\"nb-NO\",\"potentialAction\":[{\"@type\":\"ReadAction\",\"target\":[\"https:\\\/\\\/hexchemicals.com\\\/terms-of-use\\\/\"]}]},{\"@type\":\"BreadcrumbList\",\"@id\":\"https:\\\/\\\/hexchemicals.com\\\/terms-of-use\\\/#breadcrumb\",\"itemListElement\":[{\"@type\":\"ListItem\",\"position\":1,\"name\":\"Home\",\"item\":\"https:\\\/\\\/hexchemicals.com\\\/\"},{\"@type\":\"ListItem\",\"position\":2,\"name\":\"Terms of Use\"}]},{\"@type\":\"WebSite\",\"@id\":\"https:\\\/\\\/hexchemicals.com\\\/#website\",\"url\":\"https:\\\/\\\/hexchemicals.com\\\/\",\"name\":\"Hexchemicals\",\"description\":\"Buy GBL, GHB, Amphetamine and Ketamine\",\"potentialAction\":[{\"@type\":\"SearchAction\",\"target\":{\"@type\":\"EntryPoint\",\"urlTemplate\":\"https:\\\/\\\/hexchemicals.com\\\/?s={search_term_string}\"},\"query-input\":{\"@type\":\"PropertyValueSpecification\",\"valueRequired\":true,\"valueName\":\"search_term_string\"}}],\"inLanguage\":\"nb-NO\"}]}<\/script>\n<!-- \/ Yoast SEO plugin. -->","yoast_head_json":{"title":"Vilk\u00e5r for bruk - Hexchemicals","robots":{"index":"index","follow":"follow","max-snippet":"max-snippet:-1","max-image-preview":"max-image-preview:large","max-video-preview":"max-video-preview:-1"},"canonical":"https:\/\/hexchemicals.com\/nb\/vilkar-for-bruk\/","og_locale":"nb_NO","og_type":"article","og_title":"Terms of Use - Hexchemicals","og_description":"Terms of Use Welcome to Hexchemicals. By accessing or using our website and services, you agree to comply with and","og_url":"https:\/\/hexchemicals.com\/nb\/vilkar-for-bruk\/","og_site_name":"Hexchemicals","article_modified_time":"2024-12-08T16:19:05+00:00","twitter_card":"summary_large_image","twitter_misc":{"Ansl. lesetid":"3 minutter"},"schema":{"@context":"https:\/\/schema.org","@graph":[{"@type":"WebPage","@id":"https:\/\/hexchemicals.com\/terms-of-use\/","url":"https:\/\/hexchemicals.com\/terms-of-use\/","name":"Vilk\u00e5r for bruk - Hexchemicals","isPartOf":{"@id":"https:\/\/hexchemicals.com\/#website"},"datePublished":"2024-12-08T16:11:28+00:00","dateModified":"2024-12-08T16:19:05+00:00","breadcrumb":{"@id":"https:\/\/hexchemicals.com\/terms-of-use\/#breadcrumb"},"inLanguage":"nb-NO","potentialAction":[{"@type":"ReadAction","target":["https:\/\/hexchemicals.com\/terms-of-use\/"]}]},{"@type":"BreadcrumbList","@id":"https:\/\/hexchemicals.com\/terms-of-use\/#breadcrumb","itemListElement":[{"@type":"ListItem","position":1,"name":"Home","item":"https:\/\/hexchemicals.com\/"},{"@type":"ListItem","position":2,"name":"Terms of Use"}]},{"@type":"WebSite","@id":"https:\/\/hexchemicals.com\/#website","url":"https:\/\/hexchemicals.com\/","name":"Hexchemicals","description":"Kj\u00f8p GBL, GHB, amfetamin og ketamin","potentialAction":[{"@type":"SearchAction","target":{"@type":"EntryPoint","urlTemplate":"https:\/\/hexchemicals.com\/?s={search_term_string}"},"query-input":{"@type":"PropertyValueSpecification","valueRequired":true,"valueName":"search_term_string"}}],"inLanguage":"nb-NO"}]}},"_links":{"self":[{"href":"https:\/\/hexchemicals.com\/nb\/wp-json\/wp\/v2\/pages\/12","targetHints":{"allow":["GET"]}}],"collection":[{"href":"https:\/\/hexchemicals.com\/nb\/wp-json\/wp\/v2\/pages"}],"about":[{"href":"https:\/\/hexchemicals.com\/nb\/wp-json\/wp\/v2\/types\/page"}],"author":[{"embeddable":true,"href":"https:\/\/hexchemicals.com\/nb\/wp-json\/wp\/v2\/users\/3"}],"replies":[{"embeddable":true,"href":"https:\/\/hexchemicals.com\/nb\/wp-json\/wp\/v2\/comments?post=12"}],"version-history":[{"count":2,"href":"https:\/\/hexchemicals.com\/nb\/wp-json\/wp\/v2\/pages\/12\/revisions"}],"predecessor-version":[{"id":9488,"href":"https:\/\/hexchemicals.com\/nb\/wp-json\/wp\/v2\/pages\/12\/revisions\/9488"}],"wp:attachment":[{"href":"https:\/\/hexchemicals.com\/nb\/wp-json\/wp\/v2\/media?parent=12"}],"curies":[{"name":"wp","href":"https:\/\/api.w.org\/{rel}","templated":true}]}}