{"id":5212,"date":"2021-08-25T07:26:28","date_gmt":"2021-08-25T07:26:28","guid":{"rendered":"http:\/\/dummy.xtemos.com\/woodmart2\/?page_id=5212"},"modified":"2024-12-08T15:52:37","modified_gmt":"2024-12-08T15:52:37","slug":"om","status":"publish","type":"page","link":"https:\/\/hexchemicals.com\/nb\/om\/","title":{"rendered":"Om"},"content":{"rendered":"<div class=\"wpb-content-wrapper\"><div data-vc-full-width=\"true\" data-vc-full-width-temp=\"true\" data-vc-full-width-init=\"false\" class=\"vc_row wpb_row vc_row-fluid vc_custom_1629876973406 vc_row-has-fill vc_row-o-content-middle vc_row-flex wd-rs-6125f2d9a9f9b\"><div class=\"wpb_column vc_column_container vc_col-sm-12 vc_col-lg-4 vc_col-md-4 vc_col-xs-12 wd-rs-6125f2fa74bd9\"><div class=\"vc_column-inner vc_custom_1629876989711\"><div class=\"wpb_wrapper\">\n\t\t<div id=\"wd-6755bd549611a\" class=\"title-wrapper wd-wpb wd-set-mb reset-last-child  wd-rs-6755bd549611a wd-title-color-primary wd-title-style-default text-left vc_custom_1733672286889 wd-width-enabled wd-underline-colored\" style=\"--wd-max-width: 90%;\">\n\t\t\t\t\t\t\t\n\t\t\t\t<div class=\"title-subtitle  subtitle-color-primary font-default subtitle-style-default wd-font-weight-600 wd-fontsize-xs\">OM HEXCHEMICALS<\/div>\n\t\t\t\n\t\t\t<div class=\"liner-continer\">\n\t\t\t\t<div id=\"ez-toc-container\" class=\"ez-toc-v2_0_82_2 counter-hierarchy ez-toc-counter ez-toc-grey ez-toc-container-direction\">\n<div class=\"ez-toc-title-container\">\n<p class=\"ez-toc-title\" style=\"cursor:inherit\">Innholdsfortegnelse<\/p>\n<span class=\"ez-toc-title-toggle\"><a href=\"#\" class=\"ez-toc-pull-right ez-toc-btn ez-toc-btn-xs ez-toc-btn-default ez-toc-toggle\" aria-label=\"Veksle mellom innholdsfortegnelsen\"><span class=\"ez-toc-js-icon-con\"><span class=\"\"><span class=\"eztoc-hide\" style=\"display:none;\">Toggle<\/span><span class=\"ez-toc-icon-toggle-span\"><svg style=\"fill: #333333;color:#333333\" xmlns=\"http:\/\/www.w3.org\/2000\/svg\" class=\"list-377408\" width=\"20px\" height=\"20px\" viewbox=\"0 0 24 24\" fill=\"none\"><path d=\"M6 6H4v2h2V6zm14 0H8v2h12V6zM4 11h2v2H4v-2zm16 0H8v2h12v-2zM4 16h2v2H4v-2zm16 0H8v2h12v-2z\" fill=\"currentColor\"><\/path><\/svg><svg style=\"fill: #333333;color:#333333\" class=\"arrow-unsorted-368013\" xmlns=\"http:\/\/www.w3.org\/2000\/svg\" width=\"10px\" height=\"10px\" viewbox=\"0 0 24 24\" version=\"1.2\" baseprofile=\"tiny\"><path d=\"M18.2 9.3l-6.2-6.3-6.2 6.3c-.2.2-.3.4-.3.7s.1.5.3.7c.2.2.4.3.7.3h11c.3 0 .5-.1.7-.3.2-.2.3-.5.3-.7s-.1-.5-.3-.7zM5.8 14.7l6.2 6.3 6.2-6.3c.2-.2.3-.5.3-.7s-.1-.5-.3-.7c-.2-.2-.4-.3-.7-.3h-11c-.3 0-.5.1-.7.3-.2.2-.3.5-.3.7s.1.5.3.7z\"\/><\/svg><\/span><\/span><\/span><\/a><\/span><\/div>\n<nav><ul class='ez-toc-list ez-toc-list-level-1' ><li class='ez-toc-page-1 ez-toc-heading-level-4'><a class=\"ez-toc-link ez-toc-heading-1\" href=\"https:\/\/hexchemicals.com\/nb\/om\/#Buy_KO_Drops_and_other_chemicals_like_Amphetamine\" >Kj\u00f8p KO Drops og andre kjemikalier som Amfetamin<\/a><\/li><li class='ez-toc-page-1 ez-toc-heading-level-4'><a class=\"ez-toc-link ez-toc-heading-2\" href=\"https:\/\/hexchemicals.com\/nb\/om\/#What_We_Stand_For\" >Hva vi st\u00e5r for<\/a><\/li><li class='ez-toc-page-1 ez-toc-heading-level-4'><a class=\"ez-toc-link ez-toc-heading-3\" href=\"https:\/\/hexchemicals.com\/nb\/om\/#1_Unwavering_Quality\" >1. Urokkelig kvalitet<\/a><\/li><li class='ez-toc-page-1 ez-toc-heading-level-4'><a class=\"ez-toc-link ez-toc-heading-4\" href=\"https:\/\/hexchemicals.com\/nb\/om\/#2_Compliance_and_Certifications\" >2. Samsvar og sertifiseringer<\/a><\/li><li class='ez-toc-page-1 ez-toc-heading-level-4'><a class=\"ez-toc-link ez-toc-heading-5\" href=\"https:\/\/hexchemicals.com\/nb\/om\/#3_Customer-Centric_Approach\" >3. Kundesentrert tiln\u00e6rming<\/a><\/li><li class='ez-toc-page-1 ez-toc-heading-level-4'><a class=\"ez-toc-link ez-toc-heading-6\" href=\"https:\/\/hexchemicals.com\/nb\/om\/#Why_Choose_Hexchemicals\" >Hvorfor velge Hexchemicals?<\/a><\/li><li class='ez-toc-page-1 ez-toc-heading-level-4'><a class=\"ez-toc-link ez-toc-heading-7\" href=\"https:\/\/hexchemicals.com\/nb\/om\/#Our_Commitment_to_You\" >V\u00e5r forpliktelse overfor deg<\/a><\/li><\/ul><\/nav><\/div>\n<h4 class=\"woodmart-title-container title  wd-font-weight- wd-fontsize-xxl\" ><span class=\"ez-toc-section\" id=\"Buy_KO_Drops_and_other_chemicals_like_Amphetamine\"><\/span>Kj\u00f8p KO Drops og andre kjemikalier som Amfetamin <span class=\"ez-toc-section-end\"><\/span><\/h4>\n\t\t\t\t\t\t\t<\/div>\n\t\t\t\n\t\t\t\n\t\t\t\n\t\t<\/div>\n\t\t\n\t\t<\/div><\/div><\/div><div class=\"wpb_column vc_column_container vc_col-sm-6 vc_col-lg-offset-1 vc_col-lg-3 vc_col-md-4 wd-rs-6125f2f5a2779\"><div class=\"vc_column-inner vc_custom_1629876984854\"><div class=\"wpb_wrapper\">\t\t\t<div class=\"info-box-wrapper\">\n\t\t\t\t<div id=\"wd-6755bca41023d\" class=\"wd-rs-6755bca41023d wd-info-box wd-wpb text-left box-icon-align-left box-style- color-scheme- wd-bg-none wd-items-top vc_custom_1733672108864\">\n\t\t\t\t\t\t\t\t\t\t<div class=\"info-box-content\">\n\t\t\t\t\t\t\t\t\t\t\t\t<div class=\"info-box-inner reset-last-child\"><p>Velkommen til Hexchemicals, din p\u00e5litelige partner for GBL, GHB og amfetamin av f\u00f8rsteklasses kvalitet. Med mange \u00e5rs erfaring og en ufravikelig forpliktelse til \u00e5 levere det beste, har vi etablert oss som en ledende leverand\u00f8r som betjener kunder over hele USA, Canada, Europa og Australia.<\/p>\n<\/div>\n\n\t\t\t\t\t\t\t\t\t\t\t<\/div>\n\n\t\t\t\t\t\t\t\t\t\t\t<a class=\"wd-info-box-link wd-fill\" aria-label=\"Infobox link\" href=\"#\" title=\"\"><\/a>\n\t\t\t\t\t\n\t\t\t\t\t\t\t\t\t<\/div>\n\t\t\t<\/div>\n\t\t<\/div><\/div><\/div><div class=\"wpb_column vc_column_container vc_col-sm-6 vc_col-lg-offset-1 vc_col-lg-3 vc_col-md-4 wd-rs-6125f2efc6c08\"><div class=\"vc_column-inner vc_custom_1629876980184\"><div class=\"wpb_wrapper\">\t\t\t<div class=\"info-box-wrapper\">\n\t\t\t\t<div id=\"wd-6755bcb32f0e1\" class=\"wd-rs-6755bcb32f0e1 wd-info-box wd-wpb text-left box-icon-align-left box-style- color-scheme- wd-bg-none wd-items-top vc_custom_1733672169131\">\n\t\t\t\t\t\t\t\t\t\t<div class=\"info-box-content\">\n\t\t\t\t\t\t\t\t\t\t\t\t<div class=\"info-box-inner reset-last-child\"><p>Hos Hexchemicals er oppdraget v\u00e5rt enkelt: \u00e5 levere produkter av h\u00f8y kvalitet med uovertruffen p\u00e5litelighet, sikre bestillingsprosesser og enest\u00e5ende kundest\u00f8tte.<\/p>\n<\/div>\n\n\t\t\t\t\t\t\t\t\t\t\t<\/div>\n\n\t\t\t\t\t\t\t\t\t\t\t<a class=\"wd-info-box-link wd-fill\" aria-label=\"Infobox link\" href=\"#\" title=\"\"><\/a>\n\t\t\t\t\t\n\t\t\t\t\t\t\t\t\t<\/div>\n\t\t\t<\/div>\n\t\t<\/div><\/div><\/div><\/div><div class=\"vc_row-full-width vc_clearfix\"><\/div><div class=\"vc_row wpb_row vc_row-fluid vc_custom_1629877038080 row-reverse-mobile row-reverse-tablet wd-rs-6125f32826e3d\"><div class=\"wpb_column vc_column_container vc_col-sm-12 vc_col-lg-6 vc_col-md-6 wd-rs-6125f30edad72\"><div class=\"vc_column-inner vc_custom_1629877010833\"><div class=\"wpb_wrapper\">\t\t<div id=\"wd-6755c09792366\" class=\"wd-image wd-wpb wd-rs-6755c09792366 text-left vc_custom_1733673126034\">\n\t\t\t\n\t\t\t<img loading=\"lazy\" decoding=\"async\" width=\"1200\" height=\"1105\" src=\"https:\/\/hexchemicals.com\/wp-content\/uploads\/2024\/12\/hexchemicals-order-gbl-ghb-amphethamine.png\" class=\"attachment-full size-full\" alt=\"hexchemicals ordre gbl ghb amfetamin\" srcset=\"https:\/\/hexchemicals.com\/wp-content\/uploads\/2024\/12\/hexchemicals-order-gbl-ghb-amphethamine.png 1200w, https:\/\/hexchemicals.com\/wp-content\/uploads\/2024\/12\/hexchemicals-order-gbl-ghb-amphethamine-430x396.png 430w, https:\/\/hexchemicals.com\/wp-content\/uploads\/2024\/12\/hexchemicals-order-gbl-ghb-amphethamine-150x138.png 150w, https:\/\/hexchemicals.com\/wp-content\/uploads\/2024\/12\/hexchemicals-order-gbl-ghb-amphethamine-700x645.png 700w, https:\/\/hexchemicals.com\/wp-content\/uploads\/2024\/12\/hexchemicals-order-gbl-ghb-amphethamine-326x300.png 326w, https:\/\/hexchemicals.com\/wp-content\/uploads\/2024\/12\/hexchemicals-order-gbl-ghb-amphethamine-869x800.png 869w, https:\/\/hexchemicals.com\/wp-content\/uploads\/2024\/12\/hexchemicals-order-gbl-ghb-amphethamine-768x707.png 768w\" sizes=\"auto, (max-width: 1200px) 100vw, 1200px\" \/>\n\t\t\t\t\t<\/div>\n\t\t<\/div><\/div><\/div><div class=\"wpb_column vc_column_container vc_col-sm-12 vc_col-lg-offset-1 vc_col-lg-5 vc_col-md-6 vc_col-xs-12 wd-rs-6125f320eb687\"><div class=\"vc_column-inner vc_custom_1629877027060\"><div class=\"wpb_wrapper\">\n\t\t<div id=\"wd-6755bdd8e1c25\" class=\"title-wrapper wd-wpb wd-set-mb reset-last-child  wd-rs-6755bdd8e1c25 wd-title-color-primary wd-title-style-default text-left vc_custom_1733672448099 wd-underline-colored\">\n\t\t\t\t\t\t\t\n\t\t\t\t<div class=\"title-subtitle  subtitle-color-primary font-default subtitle-style-default wd-font-weight-600 wd-fontsize-xs\">P\u00c5LITELIG LEVERAND\u00d8R AV KJEMIKALIER<\/div>\n\t\t\t\n\t\t\t<div class=\"liner-continer\">\n\t\t\t\t<h4 class=\"woodmart-title-container title  wd-font-weight- wd-fontsize-xxl\" ><span class=\"ez-toc-section\" id=\"What_We_Stand_For\"><\/span>Hva vi st\u00e5r for<span class=\"ez-toc-section-end\"><\/span><\/h4>\n\t\t\t\t\t\t\t<\/div>\n\t\t\t\n\t\t\t\n\t\t\t\n\t\t<\/div>\n\t\t\n\t\t\t\t<div id=\"wd-6755bd75740ab\" class=\"wd-text-block wd-wpb reset-last-child wd-rs-6755bd75740ab text-left wd-fontsize-custom vc_custom_1733672403244\">\n\t\t\t<h4><span class=\"ez-toc-section\" id=\"1_Unwavering_Quality\"><\/span><strong>1. Urokkelig kvalitet<\/strong><span class=\"ez-toc-section-end\"><\/span><\/h4>\n<p>Alle produktene i katalogen v\u00e5r gjennomg\u00e5r strenge tester for \u00e5 sikre h\u00f8yeste renhetsniv\u00e5 og samsvar med globale bransjestandarder. Enten det gjelder industri, forskning eller spesialiserte bruksomr\u00e5der, kan du stole p\u00e5 at Hexchemicals leverer konsistente l\u00f8sninger av f\u00f8rsteklasses kvalitet.<\/p>\n<h4><span class=\"ez-toc-section\" id=\"2_Compliance_and_Certifications\"><\/span><strong>2. Samsvar og sertifiseringer<\/strong><span class=\"ez-toc-section-end\"><\/span><\/h4>\n<p>Virksomheten v\u00e5r f\u00f8lger strenge lovbestemmelser og bransjeregler, inkludert EU-standarder, slik at du kan stole p\u00e5 hvert eneste kj\u00f8p. Sertifiseringer og transparent praksis underbygger v\u00e5rt omd\u00f8mme som en p\u00e5litelig leverand\u00f8r.<\/p>\n<h4><span class=\"ez-toc-section\" id=\"3_Customer-Centric_Approach\"><\/span><strong>3. Kundesentrert tiln\u00e6rming<\/strong><span class=\"ez-toc-section-end\"><\/span><\/h4>\n<p>Hos Hexchemicals er din tilfredshet v\u00e5r prioritet. Fra du surfer p\u00e5 nettstedet v\u00e5rt til du mottar bestillingen din, tilbyr vi en s\u00f8ml\u00f8s opplevelse st\u00f8ttet av kyndig kundest\u00f8tte. Enten det gjelder \u00e5 svare p\u00e5 sp\u00f8rsm\u00e5l eller l\u00f8se problemer, er vi her for \u00e5 hjelpe deg i hvert eneste trinn.<\/p>\n\t\t<\/div>\n\t\t<\/div><\/div><\/div><\/div><section data-vc-full-width=\"true\" data-vc-full-width-temp=\"true\" data-vc-full-width-init=\"false\" class=\"vc_section vc_custom_1733673076916 vc_section-has-fill wd-rs-6755c059c665c\"><div class=\"vc_row wpb_row vc_row-fluid vc_custom_1615814278162 vc_row-o-equal-height vc_row-o-content-middle vc_row-flex\"><div class=\"wpb_column vc_column_container vc_col-sm-6 color-scheme-light wd-rs-6125f35912e56\"><div class=\"vc_column-inner vc_custom_1629877084287\"><div class=\"wpb_wrapper\">\n\t\t<div id=\"wd-6755be52bd92f\" class=\"title-wrapper wd-wpb wd-set-mb reset-last-child  wd-rs-6755be52bd92f wd-title-color-primary wd-title-style-default text-left vc_custom_1733672858251 wd-width-enabled wd-underline-colored\" style=\"--wd-max-width: 90%;\">\n\t\t\t\t\t\t\t\n\t\t\t\t<div class=\"title-subtitle  subtitle-color-primary font-default subtitle-style-default wd-font-weight-600 wd-fontsize-xs\">BESTILL KVALITETSKJEMIKALIER OG KO-DR\u00c5PER<\/div>\n\t\t\t\n\t\t\t<div class=\"liner-continer\">\n\t\t\t\t<h4 class=\"woodmart-title-container title  wd-font-weight- wd-fontsize-xxl\" ><span class=\"ez-toc-section\" id=\"Why_Choose_Hexchemicals\"><\/span>Hvorfor velge Hexchemicals?<span class=\"ez-toc-section-end\"><\/span><\/h4>\n\t\t\t\t\t\t\t<\/div>\n\t\t\t\n\t\t\t\n\t\t\t\n\t\t<\/div>\n\t\t\n\t\t\n\t<div class=\"wpb_text_column wpb_content_element\" >\n\t\t<div class=\"wpb_wrapper\">\n\t\t\t<ul>\n<li>Global rekkevidde: Rask og diskret frakt til USA, Canada, Europa og Australia.<\/li>\n<li>Konkurransedyktige priser: Rimelige priser for GBL, GHB og amfetamin uten at det g\u00e5r p\u00e5 bekostning av kvaliteten.<\/li>\n<li>Sikre transaksjoner: Trygge betalingsalternativer og en enkel bestillingsprosess for en problemfri opplevelse.<\/li>\n<li>Bevist p\u00e5litelighet: Tusenvis av forn\u00f8yde kunder stoler p\u00e5 at vi leverer produkter av jevn kvalitet og til rett tid.<\/li>\n<\/ul>\n\n\t\t<\/div>\n\t<\/div>\n<\/div><\/div><\/div><div class=\"wpb_column vc_column_container vc_col-sm-6 wd-rs-6125f353ede07\"><div class=\"vc_column-inner vc_custom_1629877079783\"><div class=\"wpb_wrapper\">\n\t\t<div id=\"wd-6755bff0447e2\" class=\"title-wrapper wd-wpb wd-set-mb reset-last-child  wd-rs-6755bff0447e2 wd-title-color-primary wd-title-style-default text-left vc_custom_1733672994047 wd-width-enabled wd-underline-colored\" style=\"--wd-max-width: 90%;\">\n\t\t\t\n\t\t\t<div class=\"liner-continer\">\n\t\t\t\t<h4 class=\"woodmart-title-container title  wd-font-weight- wd-fontsize-xxl\" ><span class=\"ez-toc-section\" id=\"Our_Commitment_to_You\"><\/span>V\u00e5r forpliktelse overfor deg<span class=\"ez-toc-section-end\"><\/span><\/h4>\n\t\t\t\t\t\t\t<\/div>\n\t\t\t\n\t\t\t\n\t\t\t\n\t\t<\/div>\n\t\t\n\t\t\n\t<div class=\"wpb_text_column wpb_content_element color-scheme-light\" >\n\t\t<div class=\"wpb_wrapper\">\n\t\t\t<p>Hexchemicals er mer enn en leverand\u00f8r - vi er din p\u00e5litelige partner n\u00e5r det gjelder kvalitet, samsvar og eksepsjonell service. Vi streber kontinuerlig etter \u00e5 overg\u00e5 forventningene og sette nye standarder i bransjen. Enten du \u00f8nsker \u00e5 bestille GBL, kj\u00f8pe GBL p\u00e5 nettet eller kj\u00f8pe GHB og amfetamin, er Hexchemicals navnet du kan stole p\u00e5.<\/p>\n<p>Oppdag forskjellen med Hexchemicals i dag.<\/p>\n\n\t\t<\/div>\n\t<\/div>\n<\/div><\/div><\/div><\/div><\/section><div class=\"vc_row-full-width vc_clearfix\"><\/div>\n<\/div>","protected":false},"excerpt":{"rendered":"ABOUT HEXCHEMICALS Buy KO Drops and other chemicals like Amphetamine Welcome to Hexchemicals, your trusted partner for premium-quality GBL, GHB,","protected":false},"author":3,"featured_media":0,"parent":0,"menu_order":0,"comment_status":"closed","ping_status":"closed","template":"","meta":{"footnotes":""},"class_list":["post-5212","page","type-page","status-publish","hentry"],"yoast_head":"<!-- This site is optimized with the Yoast SEO plugin v27.3 - https:\/\/yoast.com\/product\/yoast-seo-wordpress\/ -->\n<title>About - Hexchemicals<\/title>\n<meta name=\"robots\" content=\"index, follow, max-snippet:-1, max-image-preview:large, max-video-preview:-1\" \/>\n<link rel=\"canonical\" href=\"https:\/\/hexchemicals.com\/nb\/om\/\" \/>\n<meta property=\"og:locale\" content=\"nb_NO\" \/>\n<meta property=\"og:type\" content=\"article\" \/>\n<meta property=\"og:title\" content=\"About - Hexchemicals\" \/>\n<meta property=\"og:url\" content=\"https:\/\/hexchemicals.com\/nb\/om\/\" \/>\n<meta property=\"og:site_name\" content=\"Hexchemicals\" \/>\n<meta property=\"article:modified_time\" content=\"2024-12-08T15:52:37+00:00\" \/>\n<meta name=\"twitter:card\" content=\"summary_large_image\" \/>\n<meta name=\"twitter:label1\" content=\"Ansl. lesetid\" \/>\n\t<meta name=\"twitter:data1\" content=\"10 minutter\" \/>\n<script type=\"application\/ld+json\" class=\"yoast-schema-graph\">{\"@context\":\"https:\\\/\\\/schema.org\",\"@graph\":[{\"@type\":\"WebPage\",\"@id\":\"https:\\\/\\\/hexchemicals.com\\\/about\\\/\",\"url\":\"https:\\\/\\\/hexchemicals.com\\\/about\\\/\",\"name\":\"About - Hexchemicals\",\"isPartOf\":{\"@id\":\"https:\\\/\\\/hexchemicals.com\\\/#website\"},\"datePublished\":\"2021-08-25T07:26:28+00:00\",\"dateModified\":\"2024-12-08T15:52:37+00:00\",\"breadcrumb\":{\"@id\":\"https:\\\/\\\/hexchemicals.com\\\/about\\\/#breadcrumb\"},\"inLanguage\":\"nb-NO\",\"potentialAction\":[{\"@type\":\"ReadAction\",\"target\":[\"https:\\\/\\\/hexchemicals.com\\\/about\\\/\"]}]},{\"@type\":\"BreadcrumbList\",\"@id\":\"https:\\\/\\\/hexchemicals.com\\\/about\\\/#breadcrumb\",\"itemListElement\":[{\"@type\":\"ListItem\",\"position\":1,\"name\":\"Home\",\"item\":\"https:\\\/\\\/hexchemicals.com\\\/\"},{\"@type\":\"ListItem\",\"position\":2,\"name\":\"About\"}]},{\"@type\":\"WebSite\",\"@id\":\"https:\\\/\\\/hexchemicals.com\\\/#website\",\"url\":\"https:\\\/\\\/hexchemicals.com\\\/\",\"name\":\"Hexchemicals\",\"description\":\"Buy GBL, GHB, Amphetamine and Ketamine\",\"potentialAction\":[{\"@type\":\"SearchAction\",\"target\":{\"@type\":\"EntryPoint\",\"urlTemplate\":\"https:\\\/\\\/hexchemicals.com\\\/?s={search_term_string}\"},\"query-input\":{\"@type\":\"PropertyValueSpecification\",\"valueRequired\":true,\"valueName\":\"search_term_string\"}}],\"inLanguage\":\"nb-NO\"}]}<\/script>\n<!-- \/ Yoast SEO plugin. -->","yoast_head_json":{"title":"Om - Hexchemicals","robots":{"index":"index","follow":"follow","max-snippet":"max-snippet:-1","max-image-preview":"max-image-preview:large","max-video-preview":"max-video-preview:-1"},"canonical":"https:\/\/hexchemicals.com\/nb\/om\/","og_locale":"nb_NO","og_type":"article","og_title":"About - Hexchemicals","og_url":"https:\/\/hexchemicals.com\/nb\/om\/","og_site_name":"Hexchemicals","article_modified_time":"2024-12-08T15:52:37+00:00","twitter_card":"summary_large_image","twitter_misc":{"Ansl. lesetid":"10 minutter"},"schema":{"@context":"https:\/\/schema.org","@graph":[{"@type":"WebPage","@id":"https:\/\/hexchemicals.com\/about\/","url":"https:\/\/hexchemicals.com\/about\/","name":"Om - Hexchemicals","isPartOf":{"@id":"https:\/\/hexchemicals.com\/#website"},"datePublished":"2021-08-25T07:26:28+00:00","dateModified":"2024-12-08T15:52:37+00:00","breadcrumb":{"@id":"https:\/\/hexchemicals.com\/about\/#breadcrumb"},"inLanguage":"nb-NO","potentialAction":[{"@type":"ReadAction","target":["https:\/\/hexchemicals.com\/about\/"]}]},{"@type":"BreadcrumbList","@id":"https:\/\/hexchemicals.com\/about\/#breadcrumb","itemListElement":[{"@type":"ListItem","position":1,"name":"Home","item":"https:\/\/hexchemicals.com\/"},{"@type":"ListItem","position":2,"name":"About"}]},{"@type":"WebSite","@id":"https:\/\/hexchemicals.com\/#website","url":"https:\/\/hexchemicals.com\/","name":"Hexchemicals","description":"Kj\u00f8p GBL, GHB, amfetamin og ketamin","potentialAction":[{"@type":"SearchAction","target":{"@type":"EntryPoint","urlTemplate":"https:\/\/hexchemicals.com\/?s={search_term_string}"},"query-input":{"@type":"PropertyValueSpecification","valueRequired":true,"valueName":"search_term_string"}}],"inLanguage":"nb-NO"}]}},"_links":{"self":[{"href":"https:\/\/hexchemicals.com\/nb\/wp-json\/wp\/v2\/pages\/5212","targetHints":{"allow":["GET"]}}],"collection":[{"href":"https:\/\/hexchemicals.com\/nb\/wp-json\/wp\/v2\/pages"}],"about":[{"href":"https:\/\/hexchemicals.com\/nb\/wp-json\/wp\/v2\/types\/page"}],"author":[{"embeddable":true,"href":"https:\/\/hexchemicals.com\/nb\/wp-json\/wp\/v2\/users\/3"}],"replies":[{"embeddable":true,"href":"https:\/\/hexchemicals.com\/nb\/wp-json\/wp\/v2\/comments?post=5212"}],"version-history":[{"count":3,"href":"https:\/\/hexchemicals.com\/nb\/wp-json\/wp\/v2\/pages\/5212\/revisions"}],"predecessor-version":[{"id":9480,"href":"https:\/\/hexchemicals.com\/nb\/wp-json\/wp\/v2\/pages\/5212\/revisions\/9480"}],"wp:attachment":[{"href":"https:\/\/hexchemicals.com\/nb\/wp-json\/wp\/v2\/media?parent=5212"}],"curies":[{"name":"wp","href":"https:\/\/api.w.org\/{rel}","templated":true}]}}