{"id":9543,"date":"2024-12-09T06:07:24","date_gmt":"2024-12-09T06:07:24","guid":{"rendered":"https:\/\/hexchemicals.com\/?post_type=product&#038;p=9543"},"modified":"2025-11-27T01:29:41","modified_gmt":"2025-11-27T01:29:41","slug":"kjop-ketaminpiller-online","status":"publish","type":"product","link":"https:\/\/hexchemicals.com\/nb\/product\/kjop-ketaminpiller-online\/","title":{"rendered":"500 mg ketaminpiller"},"content":{"rendered":"<div id=\"ez-toc-container\" class=\"ez-toc-v2_0_82_2 counter-hierarchy ez-toc-counter ez-toc-grey ez-toc-container-direction\">\n<div class=\"ez-toc-title-container\">\n<p class=\"ez-toc-title\" style=\"cursor:inherit\">Innholdsfortegnelse<\/p>\n<span class=\"ez-toc-title-toggle\"><a href=\"#\" class=\"ez-toc-pull-right ez-toc-btn ez-toc-btn-xs ez-toc-btn-default ez-toc-toggle\" aria-label=\"Veksle mellom innholdsfortegnelsen\"><span class=\"ez-toc-js-icon-con\"><span class=\"\"><span class=\"eztoc-hide\" style=\"display:none;\">Toggle<\/span><span class=\"ez-toc-icon-toggle-span\"><svg style=\"fill: #333333;color:#333333\" xmlns=\"http:\/\/www.w3.org\/2000\/svg\" class=\"list-377408\" width=\"20px\" height=\"20px\" viewbox=\"0 0 24 24\" fill=\"none\"><path d=\"M6 6H4v2h2V6zm14 0H8v2h12V6zM4 11h2v2H4v-2zm16 0H8v2h12v-2zM4 16h2v2H4v-2zm16 0H8v2h12v-2z\" fill=\"currentColor\"><\/path><\/svg><svg style=\"fill: #333333;color:#333333\" class=\"arrow-unsorted-368013\" xmlns=\"http:\/\/www.w3.org\/2000\/svg\" width=\"10px\" height=\"10px\" viewbox=\"0 0 24 24\" version=\"1.2\" baseprofile=\"tiny\"><path d=\"M18.2 9.3l-6.2-6.3-6.2 6.3c-.2.2-.3.4-.3.7s.1.5.3.7c.2.2.4.3.7.3h11c.3 0 .5-.1.7-.3.2-.2.3-.5.3-.7s-.1-.5-.3-.7zM5.8 14.7l6.2 6.3 6.2-6.3c.2-.2.3-.5.3-.7s-.1-.5-.3-.7c-.2-.2-.4-.3-.7-.3h-11c-.3 0-.5.1-.7.3-.2.2-.3.5-.3.7s.1.5.3.7z\"\/><\/svg><\/span><\/span><\/span><\/a><\/span><\/div>\n<nav><ul class='ez-toc-list ez-toc-list-level-1' ><li class='ez-toc-page-1 ez-toc-heading-level-1'><a class=\"ez-toc-link ez-toc-heading-1\" href=\"https:\/\/hexchemicals.com\/nb\/product\/kjop-ketaminpiller-online\/#Rediscover_Life_with_Ketamine_The_Solution_Youve_Been_Searching_For\" >Gjenoppdag livet med ketamin: L\u00f8sningen du har lett etter<\/a><ul class='ez-toc-list-level-4' ><li class='ez-toc-heading-level-4'><ul class='ez-toc-list-level-4' ><li class='ez-toc-heading-level-4'><ul class='ez-toc-list-level-4' ><li class='ez-toc-heading-level-4'><a class=\"ez-toc-link ez-toc-heading-2\" href=\"https:\/\/hexchemicals.com\/nb\/product\/kjop-ketaminpiller-online\/#Benefits_of_Ketamine_Pills\" >Fordeler med ketaminpiller<\/a><\/li><\/ul><\/li><li class='ez-toc-page-1 ez-toc-heading-level-3'><a class=\"ez-toc-link ez-toc-heading-3\" href=\"https:\/\/hexchemicals.com\/nb\/product\/kjop-ketaminpiller-online\/#Why_Choose_Ketamine_Pills\" >Hvorfor velge ketaminpiller?<\/a><ul class='ez-toc-list-level-4' ><li class='ez-toc-heading-level-4'><a class=\"ez-toc-link ez-toc-heading-4\" href=\"https:\/\/hexchemicals.com\/nb\/product\/kjop-ketaminpiller-online\/#Common_Customer_Pain_Points_%E2%80%93_Solved\" >Vanlige kundeplager - l\u00f8st<\/a><\/li><\/ul><\/li><li class='ez-toc-page-1 ez-toc-heading-level-3'><a class=\"ez-toc-link ez-toc-heading-5\" href=\"https:\/\/hexchemicals.com\/nb\/product\/kjop-ketaminpiller-online\/#How_Ketamine_Pills_Work_A_Closer_Look\" >Hvordan ketaminpiller fungerer: En n\u00e6rmere titt<\/a><\/li><li class='ez-toc-page-1 ez-toc-heading-level-3'><a class=\"ez-toc-link ez-toc-heading-6\" href=\"https:\/\/hexchemicals.com\/nb\/product\/kjop-ketaminpiller-online\/#How_to_Order_Ketamine_Pills_Online\" >Hvordan bestille ketaminpiller online<\/a><\/li><li class='ez-toc-page-1 ez-toc-heading-level-3'><a class=\"ez-toc-link ez-toc-heading-7\" href=\"https:\/\/hexchemicals.com\/nb\/product\/kjop-ketaminpiller-online\/#FAQs_About_Buying_Ketamine_Pills_Online\" >Vanlige sp\u00f8rsm\u00e5l om \u00e5 kj\u00f8pe ketaminpiller online<\/a><\/li><li class='ez-toc-page-1 ez-toc-heading-level-3'><a class=\"ez-toc-link ez-toc-heading-8\" href=\"https:\/\/hexchemicals.com\/nb\/product\/kjop-ketaminpiller-online\/#Call_to_Action\" >Oppfordring til handling<\/a><\/li><\/ul><\/li><\/ul><\/li><\/ul><\/nav><\/div>\n<h1><span class=\"ez-toc-section\" id=\"Rediscover_Life_with_Ketamine_The_Solution_Youve_Been_Searching_For\"><\/span><strong>Gjenoppdag livet med ketamin: L\u00f8sningen du har lett etter<\/strong><span class=\"ez-toc-section-end\"><\/span><\/h1>\n<p><span style=\"font-weight: 400;\">Kj\u00f8p ketamin 500 mg piller online - <\/span>\u00c5 leve med tilstander som nevropatiske smerter, komplekst regionalt smertesyndrom (CRPS), behandlingsresistent depresjon (TRD), posttraumatisk stresslidelse (<a href=\"https:\/\/www.mayoclinic.org\/diseases-conditions\/post-traumatic-stress-disorder\/symptoms-causes\/syc-20355967#:~:text=Post%2Dtraumatic%20stress%20disorder%20(PTSD)%20is%20a%20mental%20health,uncontrollable%20thoughts%20about%20the%20event.\">PTSD<\/a>), eller bipolar lidelse, kan f\u00f8les som en kamp i motbakke. Konvensjonelle behandlinger gir ofte ikke lindring, slik at du f\u00f8ler deg fast og h\u00e5pl\u00f8s. Hvis du leter etter en transformativ l\u00f8sning, tilbyr Ketamin-piller et fyrt\u00e5rn av h\u00e5p.<\/p>\n<p><strong>Hva er ketamin, og hvorfor er det s\u00e5 effektivt?<\/strong><br \/>\nKetamin ble opprinnelig utviklet som et bed\u00f8velsesmiddel, men har utviklet seg til \u00e5 bli en banebrytende behandling for personer med alvorlige psykiske lidelser og kroniske smertetilstander. Det virker ved \u00e5 modulere glutamat, en viktig nevrotransmitter, for \u00e5 reparere skadede nerveforbindelser og redusere smerte. Denne doble virkningen lindrer ikke bare fysisk ubehag, men fremmer ogs\u00e5 f\u00f8lelsesmessig velv\u00e6re.<\/p>\n<h4><span class=\"ez-toc-section\" id=\"Benefits_of_Ketamine_Pills\"><\/span><strong>Fordeler med ketaminpiller<\/strong><span class=\"ez-toc-section-end\"><\/span><\/h4>\n<ol>\n<li><strong>Hurtigvirkende lindring<\/strong>: Mange brukere rapporterer om betydelige forbedringer i l\u00f8pet av timer etter den f\u00f8rste dosen.<\/li>\n<li><strong>Langvarige effekter<\/strong>: I motsetning til tradisjonelle medisiner, kan Ketamins fordeler vare i flere uker etter administrering.<\/li>\n<li><strong>Allsidighet<\/strong>: Effektiv ved en rekke tilstander, fra kroniske smerter til stemningslidelser.<\/li>\n<li><strong>Ikke vanedannende<\/strong>: N\u00e5r det tas som foreskrevet, utgj\u00f8r ikke Ketamin noen risiko for avhengighet.<\/li>\n<\/ol>\n<h3><span class=\"ez-toc-section\" id=\"Why_Choose_Ketamine_Pills\"><\/span><strong>Hvorfor velge ketaminpiller?<\/strong><span class=\"ez-toc-section-end\"><\/span><\/h3>\n<p>For personer som sliter med intraven\u00f8s (IV) terapi eller s\u00f8ker et mer praktisk alternativ, er ketaminpiller et utmerket alternativ. Hver dose er n\u00f8ye formulert for \u00e5 sikre maksimal biotilgjengelighet, slik at du kan h\u00e5ndtere symptomer diskret og effektivt.<\/p>\n<h4><span class=\"ez-toc-section\" id=\"Common_Customer_Pain_Points_%E2%80%93_Solved\"><\/span><strong>Vanlige kundeplager - l\u00f8st<\/strong><span class=\"ez-toc-section-end\"><\/span><\/h4>\n<ul>\n<li><strong>Frustrasjon over ineffektiv behandling<\/strong>: Tradisjonelle antidepressiva og smertestillende midler kommer ofte til kort ved tilstander som TRD og CRPS. Ketamin fungerer annerledes og retter seg mot de grunnleggende \u00e5rsakene til smerte og depresjon.<\/li>\n<li><strong>Bekymringer for bivirkninger<\/strong>: I motsetning til opioider er ketamin ikke-sedativ og tolereres generelt godt n\u00e5r det brukes ansvarlig.<\/li>\n<li><strong>Bekvemmelighet<\/strong>: Ingen behov for hyppige sykehusbes\u00f8k - bare ta en pille hjemme hos deg selv.<\/li>\n<\/ul>\n<h3><span class=\"ez-toc-section\" id=\"How_Ketamine_Pills_Work_A_Closer_Look\"><\/span><strong>Hvordan ketaminpiller fungerer: En n\u00e6rmere titt<\/strong><span class=\"ez-toc-section-end\"><\/span><\/h3>\n<ul>\n<li><strong>Smertelindring<\/strong>: Ketamin blokkerer NMDA-reseptorer i hjernen, forstyrrer smertesignaler og reduserer kronisk ubehag.<\/li>\n<li><strong>Forbedring av hum\u00f8ret<\/strong>: Ved \u00e5 fremme nevral regenerering hjelper Ketamin med \u00e5 gjenopprette f\u00f8lelsesmessig balanse og forbedre mental klarhet.<\/li>\n<li><strong>Reduksjon av PTSD-symptomer<\/strong>: Brukerne rapporterer om f\u00e6rre flashbacks og p\u00e5trengende tanker, noe som gj\u00f8r at de kan gjenvinne kontrollen over livet sitt.<\/li>\n<\/ul>\n<h3><span class=\"ez-toc-section\" id=\"How_to_Order_Ketamine_Pills_Online\"><\/span><strong>Hvordan bestille ketaminpiller online<\/strong><span class=\"ez-toc-section-end\"><\/span><\/h3>\n<p>Det er enkelt \u00e5 komme i gang:<\/p>\n<ol>\n<li><strong>Bla gjennom utvalget v\u00e5rt<\/strong>: Utforsk v\u00e5re h\u00f8ykvalitets ketaminpiller til salgs, inkludert 500 mg-alternativer skreddersydd til dine behov.<\/li>\n<li><strong>Sikker utsjekking<\/strong>: Nettstedet v\u00e5rt er designet for en s\u00f8ml\u00f8s og sikker bestillingsopplevelse.<\/li>\n<li><strong>Diskret frakt<\/strong>: Bestillingen din leveres raskt og diskret til d\u00f8ren din.<\/li>\n<\/ol>\n<h3><span class=\"ez-toc-section\" id=\"FAQs_About_Buying_Ketamine_Pills_Online\"><\/span><strong>Vanlige sp\u00f8rsm\u00e5l om \u00e5 kj\u00f8pe ketaminpiller online<\/strong><span class=\"ez-toc-section-end\"><\/span><\/h3>\n<p><strong>1. Er det trygt \u00e5 kj\u00f8pe Ketamin piller online?<\/strong><br \/>\nAbsolutt! Vi s\u00f8rger for at alle produkter oppfyller strenge kvalitetsstandarder og tilbyr sikre betalingsalternativer.<\/p>\n<p><strong>2. Hvordan vet jeg at Ketamin er riktig for meg?<\/strong><br \/>\nR\u00e5df\u00f8r deg med helsepersonell for \u00e5 diskutere om ketamin er egnet for din spesifikke tilstand.<\/p>\n<p><strong>3. Er det noen bivirkninger?<\/strong><br \/>\nSelv om det er sjeldent, kan noen brukere oppleve mild svimmelhet eller kvalme. Disse effektene avtar vanligvis raskt.<\/p>\n<h3><span class=\"ez-toc-section\" id=\"Call_to_Action\"><\/span><strong>Oppfordring til handling<\/strong><span class=\"ez-toc-section-end\"><\/span><\/h3>\n<p>Ikke la smerter eller psykiske helseutfordringer diktere livet ditt. Kj\u00f8p Ketaminpiller online i dag og ta det f\u00f8rste skrittet mot varig lindring og fornyet h\u00e5p.<\/p>","protected":false},"excerpt":{"rendered":"<p><span style=\"font-weight: 400;\">Kj\u00f8p ketamin 500 mg piller online<\/span><\/p>","protected":false},"featured_media":9537,"comment_status":"open","ping_status":"closed","template":"","meta":[],"product_brand":[],"product_cat":[72],"product_tag":[],"class_list":{"0":"post-9543","1":"product","2":"type-product","3":"status-publish","4":"has-post-thumbnail","6":"product_cat-ketamine","8":"first","9":"instock","10":"shipping-taxable","11":"purchasable","12":"product-type-variable"},"yoast_head":"<!-- This site is optimized with the Yoast SEO plugin v27.3 - https:\/\/yoast.com\/product\/yoast-seo-wordpress\/ -->\n<title>Buy ketamine pills online - Hexchemicals<\/title>\n<meta name=\"description\" content=\"Discover relief from chronic pain, depression, and PTSD with Ketamine pills. Buy Ketamine 500mg pills online today for transformative treatment solutions.\" \/>\n<meta name=\"robots\" content=\"index, follow, max-snippet:-1, max-image-preview:large, max-video-preview:-1\" \/>\n<link rel=\"canonical\" href=\"https:\/\/hexchemicals.com\/nb\/product\/kjop-ketaminpiller-online\/\" \/>\n<meta property=\"og:locale\" content=\"nb_NO\" \/>\n<meta property=\"og:type\" content=\"article\" \/>\n<meta property=\"og:title\" content=\"Buy ketamine pills online - Hexchemicals\" \/>\n<meta property=\"og:description\" content=\"Discover relief from chronic pain, depression, and PTSD with Ketamine pills. Buy Ketamine 500mg pills online today for transformative treatment solutions.\" \/>\n<meta property=\"og:url\" content=\"https:\/\/hexchemicals.com\/nb\/product\/kjop-ketaminpiller-online\/\" \/>\n<meta property=\"og:site_name\" content=\"Hexchemicals\" \/>\n<meta property=\"article:modified_time\" content=\"2025-11-27T01:29:41+00:00\" \/>\n<meta property=\"og:image\" content=\"https:\/\/hexchemicals.com\/wp-content\/uploads\/2024\/12\/buy-ketamine-powder-online.jpg\" \/>\n\t<meta property=\"og:image:width\" content=\"1200\" \/>\n\t<meta property=\"og:image:height\" content=\"1105\" \/>\n\t<meta property=\"og:image:type\" content=\"image\/jpeg\" \/>\n<meta name=\"twitter:card\" content=\"summary_large_image\" \/>\n<meta name=\"twitter:label1\" content=\"Ansl. lesetid\" \/>\n\t<meta name=\"twitter:data1\" content=\"3 minutter\" \/>\n<script type=\"application\/ld+json\" class=\"yoast-schema-graph\">{\"@context\":\"https:\\\/\\\/schema.org\",\"@graph\":[{\"@type\":\"WebPage\",\"@id\":\"https:\\\/\\\/hexchemicals.com\\\/product\\\/buy-ketamine-pills-online\\\/\",\"url\":\"https:\\\/\\\/hexchemicals.com\\\/product\\\/buy-ketamine-pills-online\\\/\",\"name\":\"Buy ketamine pills online - Hexchemicals\",\"isPartOf\":{\"@id\":\"https:\\\/\\\/hexchemicals.com\\\/#website\"},\"primaryImageOfPage\":{\"@id\":\"https:\\\/\\\/hexchemicals.com\\\/product\\\/buy-ketamine-pills-online\\\/#primaryimage\"},\"image\":{\"@id\":\"https:\\\/\\\/hexchemicals.com\\\/product\\\/buy-ketamine-pills-online\\\/#primaryimage\"},\"thumbnailUrl\":\"https:\\\/\\\/hexchemicals.com\\\/wp-content\\\/uploads\\\/2024\\\/12\\\/buy-ketamine-powder-online.jpg\",\"datePublished\":\"2024-12-09T06:07:24+00:00\",\"dateModified\":\"2025-11-27T01:29:41+00:00\",\"description\":\"Discover relief from chronic pain, depression, and PTSD with Ketamine pills. Buy Ketamine 500mg pills online today for transformative treatment solutions.\",\"breadcrumb\":{\"@id\":\"https:\\\/\\\/hexchemicals.com\\\/product\\\/buy-ketamine-pills-online\\\/#breadcrumb\"},\"inLanguage\":\"nb-NO\",\"potentialAction\":[{\"@type\":\"ReadAction\",\"target\":[\"https:\\\/\\\/hexchemicals.com\\\/product\\\/buy-ketamine-pills-online\\\/\"]}]},{\"@type\":\"ImageObject\",\"inLanguage\":\"nb-NO\",\"@id\":\"https:\\\/\\\/hexchemicals.com\\\/product\\\/buy-ketamine-pills-online\\\/#primaryimage\",\"url\":\"https:\\\/\\\/hexchemicals.com\\\/wp-content\\\/uploads\\\/2024\\\/12\\\/buy-ketamine-powder-online.jpg\",\"contentUrl\":\"https:\\\/\\\/hexchemicals.com\\\/wp-content\\\/uploads\\\/2024\\\/12\\\/buy-ketamine-powder-online.jpg\",\"width\":1200,\"height\":1105,\"caption\":\"Buy Ketamine powder online, buy ketamine hcl crystal powder online, buy ketamine powder\"},{\"@type\":\"BreadcrumbList\",\"@id\":\"https:\\\/\\\/hexchemicals.com\\\/product\\\/buy-ketamine-pills-online\\\/#breadcrumb\",\"itemListElement\":[{\"@type\":\"ListItem\",\"position\":1,\"name\":\"Home\",\"item\":\"https:\\\/\\\/hexchemicals.com\\\/\"},{\"@type\":\"ListItem\",\"position\":2,\"name\":\"Shop\",\"item\":\"https:\\\/\\\/hexchemicals.com\\\/shop\\\/\"},{\"@type\":\"ListItem\",\"position\":3,\"name\":\"500mg Ketamine Pills\"}]},{\"@type\":\"WebSite\",\"@id\":\"https:\\\/\\\/hexchemicals.com\\\/#website\",\"url\":\"https:\\\/\\\/hexchemicals.com\\\/\",\"name\":\"Hexchemicals\",\"description\":\"Buy GBL, GHB, Amphetamine and Ketamine\",\"potentialAction\":[{\"@type\":\"SearchAction\",\"target\":{\"@type\":\"EntryPoint\",\"urlTemplate\":\"https:\\\/\\\/hexchemicals.com\\\/?s={search_term_string}\"},\"query-input\":{\"@type\":\"PropertyValueSpecification\",\"valueRequired\":true,\"valueName\":\"search_term_string\"}}],\"inLanguage\":\"nb-NO\"}]}<\/script>\n<!-- \/ Yoast SEO plugin. -->","yoast_head_json":{"title":"Kj\u00f8p ketaminpiller online - Hexchemicals","description":"Oppdag lindring fra kronisk smerte, depresjon og PTSD med Ketamin piller. Kj\u00f8p Ketamin 500 mg piller online i dag for transformative behandlingsl\u00f8sninger.","robots":{"index":"index","follow":"follow","max-snippet":"max-snippet:-1","max-image-preview":"max-image-preview:large","max-video-preview":"max-video-preview:-1"},"canonical":"https:\/\/hexchemicals.com\/nb\/product\/kjop-ketaminpiller-online\/","og_locale":"nb_NO","og_type":"article","og_title":"Buy ketamine pills online - Hexchemicals","og_description":"Discover relief from chronic pain, depression, and PTSD with Ketamine pills. Buy Ketamine 500mg pills online today for transformative treatment solutions.","og_url":"https:\/\/hexchemicals.com\/nb\/product\/kjop-ketaminpiller-online\/","og_site_name":"Hexchemicals","article_modified_time":"2025-11-27T01:29:41+00:00","og_image":[{"width":1200,"height":1105,"url":"https:\/\/hexchemicals.com\/wp-content\/uploads\/2024\/12\/buy-ketamine-powder-online.jpg","type":"image\/jpeg"}],"twitter_card":"summary_large_image","twitter_misc":{"Ansl. lesetid":"3 minutter"},"schema":{"@context":"https:\/\/schema.org","@graph":[{"@type":"WebPage","@id":"https:\/\/hexchemicals.com\/product\/buy-ketamine-pills-online\/","url":"https:\/\/hexchemicals.com\/product\/buy-ketamine-pills-online\/","name":"Kj\u00f8p ketaminpiller online - Hexchemicals","isPartOf":{"@id":"https:\/\/hexchemicals.com\/#website"},"primaryImageOfPage":{"@id":"https:\/\/hexchemicals.com\/product\/buy-ketamine-pills-online\/#primaryimage"},"image":{"@id":"https:\/\/hexchemicals.com\/product\/buy-ketamine-pills-online\/#primaryimage"},"thumbnailUrl":"https:\/\/hexchemicals.com\/wp-content\/uploads\/2024\/12\/buy-ketamine-powder-online.jpg","datePublished":"2024-12-09T06:07:24+00:00","dateModified":"2025-11-27T01:29:41+00:00","description":"Oppdag lindring fra kronisk smerte, depresjon og PTSD med Ketamin piller. Kj\u00f8p Ketamin 500 mg piller online i dag for transformative behandlingsl\u00f8sninger.","breadcrumb":{"@id":"https:\/\/hexchemicals.com\/product\/buy-ketamine-pills-online\/#breadcrumb"},"inLanguage":"nb-NO","potentialAction":[{"@type":"ReadAction","target":["https:\/\/hexchemicals.com\/product\/buy-ketamine-pills-online\/"]}]},{"@type":"ImageObject","inLanguage":"nb-NO","@id":"https:\/\/hexchemicals.com\/product\/buy-ketamine-pills-online\/#primaryimage","url":"https:\/\/hexchemicals.com\/wp-content\/uploads\/2024\/12\/buy-ketamine-powder-online.jpg","contentUrl":"https:\/\/hexchemicals.com\/wp-content\/uploads\/2024\/12\/buy-ketamine-powder-online.jpg","width":1200,"height":1105,"caption":"Buy Ketamine powder online, buy ketamine hcl crystal powder online, buy ketamine powder"},{"@type":"BreadcrumbList","@id":"https:\/\/hexchemicals.com\/product\/buy-ketamine-pills-online\/#breadcrumb","itemListElement":[{"@type":"ListItem","position":1,"name":"Home","item":"https:\/\/hexchemicals.com\/"},{"@type":"ListItem","position":2,"name":"Shop","item":"https:\/\/hexchemicals.com\/shop\/"},{"@type":"ListItem","position":3,"name":"500mg Ketamine Pills"}]},{"@type":"WebSite","@id":"https:\/\/hexchemicals.com\/#website","url":"https:\/\/hexchemicals.com\/","name":"Hexchemicals","description":"Kj\u00f8p GBL, GHB, amfetamin og ketamin","potentialAction":[{"@type":"SearchAction","target":{"@type":"EntryPoint","urlTemplate":"https:\/\/hexchemicals.com\/?s={search_term_string}"},"query-input":{"@type":"PropertyValueSpecification","valueRequired":true,"valueName":"search_term_string"}}],"inLanguage":"nb-NO"}]}},"_links":{"self":[{"href":"https:\/\/hexchemicals.com\/nb\/wp-json\/wp\/v2\/product\/9543","targetHints":{"allow":["GET"]}}],"collection":[{"href":"https:\/\/hexchemicals.com\/nb\/wp-json\/wp\/v2\/product"}],"about":[{"href":"https:\/\/hexchemicals.com\/nb\/wp-json\/wp\/v2\/types\/product"}],"replies":[{"embeddable":true,"href":"https:\/\/hexchemicals.com\/nb\/wp-json\/wp\/v2\/comments?post=9543"}],"wp:featuredmedia":[{"embeddable":true,"href":"https:\/\/hexchemicals.com\/nb\/wp-json\/wp\/v2\/media\/9537"}],"wp:attachment":[{"href":"https:\/\/hexchemicals.com\/nb\/wp-json\/wp\/v2\/media?parent=9543"}],"wp:term":[{"taxonomy":"product_brand","embeddable":true,"href":"https:\/\/hexchemicals.com\/nb\/wp-json\/wp\/v2\/product_brand?post=9543"},{"taxonomy":"product_cat","embeddable":true,"href":"https:\/\/hexchemicals.com\/nb\/wp-json\/wp\/v2\/product_cat?post=9543"},{"taxonomy":"product_tag","embeddable":true,"href":"https:\/\/hexchemicals.com\/nb\/wp-json\/wp\/v2\/product_tag?post=9543"}],"curies":[{"name":"wp","href":"https:\/\/api.w.org\/{rel}","templated":true}]}}