{"id":3,"date":"2024-12-08T10:20:47","date_gmt":"2024-12-08T10:20:47","guid":{"rendered":"https:\/\/hexchemicals.com\/?page_id=3"},"modified":"2024-12-08T16:25:52","modified_gmt":"2024-12-08T16:25:52","slug":"politica-de-privacidade","status":"publish","type":"page","link":"https:\/\/hexchemicals.com\/pt\/politica-de-privacidade\/","title":{"rendered":"Pol\u00edtica de privacidade"},"content":{"rendered":"<div id=\"ez-toc-container\" class=\"ez-toc-v2_0_82_2 counter-hierarchy ez-toc-counter ez-toc-grey ez-toc-container-direction\">\n<div class=\"ez-toc-title-container\">\n<p class=\"ez-toc-title\" style=\"cursor:inherit\">\u00cdndice<\/p>\n<span class=\"ez-toc-title-toggle\"><a href=\"#\" class=\"ez-toc-pull-right ez-toc-btn ez-toc-btn-xs ez-toc-btn-default ez-toc-toggle\" aria-label=\"Alternar o \u00edndice\"><span class=\"ez-toc-js-icon-con\"><span class=\"\"><span class=\"eztoc-hide\" style=\"display:none;\">Alternar<\/span><span class=\"ez-toc-icon-toggle-span\"><svg style=\"fill: #333333;color:#333333\" xmlns=\"http:\/\/www.w3.org\/2000\/svg\" class=\"list-377408\" width=\"20px\" height=\"20px\" viewbox=\"0 0 24 24\" fill=\"none\"><path d=\"M6 6H4v2h2V6zm14 0H8v2h12V6zM4 11h2v2H4v-2zm16 0H8v2h12v-2zM4 16h2v2H4v-2zm16 0H8v2h12v-2z\" fill=\"currentColor\"><\/path><\/svg><svg style=\"fill: #333333;color:#333333\" class=\"arrow-unsorted-368013\" xmlns=\"http:\/\/www.w3.org\/2000\/svg\" width=\"10px\" height=\"10px\" viewbox=\"0 0 24 24\" version=\"1.2\" baseprofile=\"tiny\"><path d=\"M18.2 9.3l-6.2-6.3-6.2 6.3c-.2.2-.3.4-.3.7s.1.5.3.7c.2.2.4.3.7.3h11c.3 0 .5-.1.7-.3.2-.2.3-.5.3-.7s-.1-.5-.3-.7zM5.8 14.7l6.2 6.3 6.2-6.3c.2-.2.3-.5.3-.7s-.1-.5-.3-.7c-.2-.2-.4-.3-.7-.3h-11c-.3 0-.5.1-.7.3-.2.2-.3.5-.3.7s.1.5.3.7z\"\/><\/svg><\/span><\/span><\/span><\/a><\/span><\/div>\n<nav><ul class='ez-toc-list ez-toc-list-level-1' ><li class='ez-toc-page-1 ez-toc-heading-level-3'><a class=\"ez-toc-link ez-toc-heading-1\" href=\"https:\/\/hexchemicals.com\/pt\/politica-de-privacidade\/#Privacy_Policy\" >Pol\u00edtica de privacidade<\/a><\/li><li class='ez-toc-page-1 ez-toc-heading-level-3'><a class=\"ez-toc-link ez-toc-heading-2\" href=\"https:\/\/hexchemicals.com\/pt\/politica-de-privacidade\/#1_Information_We_Collect\" >1. Informa\u00e7\u00f5es que recolhemos<\/a><\/li><li class='ez-toc-page-1 ez-toc-heading-level-3'><a class=\"ez-toc-link ez-toc-heading-3\" href=\"https:\/\/hexchemicals.com\/pt\/politica-de-privacidade\/#2_How_We_Use_Your_Information\" >2. Como utilizamos as suas informa\u00e7\u00f5es<\/a><\/li><li class='ez-toc-page-1 ez-toc-heading-level-3'><a class=\"ez-toc-link ez-toc-heading-4\" href=\"https:\/\/hexchemicals.com\/pt\/politica-de-privacidade\/#3_Sharing_Your_Information\" >3. Partilhar as suas informa\u00e7\u00f5es<\/a><\/li><li class='ez-toc-page-1 ez-toc-heading-level-3'><a class=\"ez-toc-link ez-toc-heading-5\" href=\"https:\/\/hexchemicals.com\/pt\/politica-de-privacidade\/#4_How_We_Protect_Your_Information\" >4. Como protegemos as suas informa\u00e7\u00f5es<\/a><\/li><li class='ez-toc-page-1 ez-toc-heading-level-3'><a class=\"ez-toc-link ez-toc-heading-6\" href=\"https:\/\/hexchemicals.com\/pt\/politica-de-privacidade\/#5_Your_Rights\" >5. Os seus direitos<\/a><\/li><li class='ez-toc-page-1 ez-toc-heading-level-3'><a class=\"ez-toc-link ez-toc-heading-7\" href=\"https:\/\/hexchemicals.com\/pt\/politica-de-privacidade\/#6_Cookies_and_Tracking\" >6. Cookies e rastreio<\/a><\/li><li class='ez-toc-page-1 ez-toc-heading-level-3'><a class=\"ez-toc-link ez-toc-heading-8\" href=\"https:\/\/hexchemicals.com\/pt\/politica-de-privacidade\/#7_Third-Party_Links\" >7. Liga\u00e7\u00f5es de terceiros<\/a><\/li><li class='ez-toc-page-1 ez-toc-heading-level-3'><a class=\"ez-toc-link ez-toc-heading-9\" href=\"https:\/\/hexchemicals.com\/pt\/politica-de-privacidade\/#8_Updates_to_This_Privacy_Policy\" >8. Actualiza\u00e7\u00f5es da presente pol\u00edtica de privacidade<\/a><\/li><li class='ez-toc-page-1 ez-toc-heading-level-3'><a class=\"ez-toc-link ez-toc-heading-10\" href=\"https:\/\/hexchemicals.com\/pt\/politica-de-privacidade\/#9_Contact_Us\" >9. Contactar-nos<\/a><\/li><\/ul><\/nav><\/div>\n<h3><span class=\"ez-toc-section\" id=\"Privacy_Policy\"><\/span>Pol\u00edtica de privacidade<span class=\"ez-toc-section-end\"><\/span><\/h3>\n<p><strong>Data efectiva:<\/strong> 08\/12\/2024<\/p>\n<p>A Hexchemicals est\u00e1 empenhada em proteger a sua privacidade e garantir a seguran\u00e7a da sua informa\u00e7\u00e3o pessoal. Esta Pol\u00edtica de Privacidade descreve como coletamos, usamos e protegemos suas informa\u00e7\u00f5es quando voc\u00ea visita nosso site ou faz uma compra. Ao usar nosso site, voc\u00ea concorda com as pr\u00e1ticas descritas nesta Pol\u00edtica de Privacidade.<\/p>\n<h3><span class=\"ez-toc-section\" id=\"1_Information_We_Collect\"><\/span><strong>1. Informa\u00e7\u00f5es que recolhemos<\/strong><span class=\"ez-toc-section-end\"><\/span><\/h3>\n<p>Recolhemos os seguintes tipos de informa\u00e7\u00e3o para lhe proporcionar uma experi\u00eancia de compra segura e sem problemas:<\/p>\n<ul>\n<li><strong>Informa\u00e7\u00f5es pessoais:<\/strong> Inclui o seu nome, endere\u00e7o de correio eletr\u00f3nico, endere\u00e7o de entrega, n\u00famero de telefone e detalhes de pagamento, que fornece durante o processo de finaliza\u00e7\u00e3o da compra.<\/li>\n<li><strong>Informa\u00e7\u00f5es n\u00e3o pessoais:<\/strong> Inclui o tipo de browser, o endere\u00e7o IP e outros detalhes t\u00e9cnicos recolhidos automaticamente para melhorar a funcionalidade e a seguran\u00e7a do s\u00edtio Web.<\/li>\n<li><strong>Cookies:<\/strong> Pequenos ficheiros armazenados no seu dispositivo para melhorar a sua experi\u00eancia de navega\u00e7\u00e3o, recordar prefer\u00eancias e analisar o tr\u00e1fego do site.<\/li>\n<\/ul>\n<h3><span class=\"ez-toc-section\" id=\"2_How_We_Use_Your_Information\"><\/span><strong>2. Como utilizamos as suas informa\u00e7\u00f5es<\/strong><span class=\"ez-toc-section-end\"><\/span><\/h3>\n<p>Utilizamos as informa\u00e7\u00f5es que recolhemos para os seguintes fins:<\/p>\n<ul>\n<li>Para processar e satisfazer as suas encomendas de forma segura.<\/li>\n<li>Prestar apoio ao cliente e responder a pedidos de informa\u00e7\u00e3o.<\/li>\n<li>Para melhorar o nosso s\u00edtio Web, produtos e servi\u00e7os.<\/li>\n<li>Para enviar actualiza\u00e7\u00f5es de encomendas, ofertas promocionais e avisos importantes (o utilizador pode optar por n\u00e3o receber comunica\u00e7\u00f5es promocionais em qualquer altura).<\/li>\n<li>Assegurar o cumprimento dos requisitos legais e regulamentares.<\/li>\n<\/ul>\n<h3><span class=\"ez-toc-section\" id=\"3_Sharing_Your_Information\"><\/span><strong>3. Partilhar as suas informa\u00e7\u00f5es<\/strong><span class=\"ez-toc-section-end\"><\/span><\/h3>\n<p>A Hexchemicals respeita a sua privacidade e n\u00e3o ir\u00e1 vender, alugar ou partilhar a sua informa\u00e7\u00e3o pessoal com terceiros, exceto quando necess\u00e1rio para<\/p>\n<ul>\n<li>Processar pagamentos de forma segura atrav\u00e9s de fornecedores de pagamentos fi\u00e1veis.<\/li>\n<li>Enviar e entregar as suas encomendas atrav\u00e9s de empresas de log\u00edstica de renome.<\/li>\n<li>Cumprir obriga\u00e7\u00f5es legais ou responder a pedidos legais.<\/li>\n<\/ul>\n<h3><span class=\"ez-toc-section\" id=\"4_How_We_Protect_Your_Information\"><\/span><strong>4. Como protegemos as suas informa\u00e7\u00f5es<\/strong><span class=\"ez-toc-section-end\"><\/span><\/h3>\n<p>Utilizamos medidas de seguran\u00e7a avan\u00e7adas para proteger as suas informa\u00e7\u00f5es pessoais, incluindo:<\/p>\n<ul>\n<li><strong>Encripta\u00e7\u00e3o SSL:<\/strong> A tecnologia Secure Socket Layer (SSL) garante a transmiss\u00e3o segura de dados sens\u00edveis.<\/li>\n<li><strong>Gateways de pagamento seguros:<\/strong> Todas as transac\u00e7\u00f5es s\u00e3o processadas atrav\u00e9s de fornecedores de pagamentos fi\u00e1veis e seguros.<\/li>\n<li><strong>Controlos de acesso aos dados:<\/strong> O acesso restrito aos dados pessoais garante que estes s\u00f3 est\u00e3o dispon\u00edveis para o pessoal autorizado.<\/li>\n<\/ul>\n<h3><span class=\"ez-toc-section\" id=\"5_Your_Rights\"><\/span><strong>5. Os seus direitos<\/strong><span class=\"ez-toc-section-end\"><\/span><\/h3>\n<p>O utilizador tem os seguintes direitos relativamente aos seus dados pessoais:<\/p>\n<ul>\n<li><strong>Acesso e corre\u00e7\u00e3o:<\/strong> Pedir uma c\u00f3pia das suas informa\u00e7\u00f5es ou atualizar as inexactid\u00f5es.<\/li>\n<li><strong>Supress\u00e3o:<\/strong> Solicitar a elimina\u00e7\u00e3o das suas informa\u00e7\u00f5es pessoais, sujeito a obriga\u00e7\u00f5es legais ou contratuais.<\/li>\n<li><strong>Retirar o consentimento:<\/strong> Optar por n\u00e3o receber comunica\u00e7\u00f5es de marketing em qualquer altura.<\/li>\n<\/ul>\n<p>Para exercer estes direitos, contacte-nos atrav\u00e9s de <strong>[Inserir e-mail de contacto].<\/strong>.<\/p>\n<h3><span class=\"ez-toc-section\" id=\"6_Cookies_and_Tracking\"><\/span><strong>6. Cookies e rastreio<\/strong><span class=\"ez-toc-section-end\"><\/span><\/h3>\n<p>A Hexchemicals utiliza cookies para melhorar o desempenho do s\u00edtio Web e melhorar a sua experi\u00eancia de navega\u00e7\u00e3o. Ao utilizar o nosso s\u00edtio Web, est\u00e1 a consentir a nossa utiliza\u00e7\u00e3o de cookies. Pode gerir ou desativar os cookies atrav\u00e9s das defini\u00e7\u00f5es do seu browser, mas algumas funcionalidades do nosso site podem ser afectadas.<\/p>\n<h3><span class=\"ez-toc-section\" id=\"7_Third-Party_Links\"><\/span><strong>7. Liga\u00e7\u00f5es de terceiros<\/strong><span class=\"ez-toc-section-end\"><\/span><\/h3>\n<p>Nosso site pode incluir links para sites de terceiros. A Hexchemicals n\u00e3o \u00e9 respons\u00e1vel pelas pr\u00e1ticas de privacidade desses sites externos, e recomendamos que voc\u00ea analise suas pol\u00edticas de privacidade antes de compartilhar qualquer informa\u00e7\u00e3o pessoal.<\/p>\n<h3><span class=\"ez-toc-section\" id=\"8_Updates_to_This_Privacy_Policy\"><\/span><strong>8. Actualiza\u00e7\u00f5es da presente pol\u00edtica de privacidade<\/strong><span class=\"ez-toc-section-end\"><\/span><\/h3>\n<p>Poderemos atualizar esta Pol\u00edtica de Privacidade periodicamente para refletir altera\u00e7\u00f5es nas nossas pr\u00e1ticas ou requisitos legais. A pol\u00edtica actualizada ser\u00e1 publicada nesta p\u00e1gina com a data de entrada em vigor revista.<\/p>\n<h3><span class=\"ez-toc-section\" id=\"9_Contact_Us\"><\/span><strong>9. Contactar-nos<\/strong><span class=\"ez-toc-section-end\"><\/span><\/h3>\n<p>Se tiver alguma d\u00favida sobre esta Pol\u00edtica de Privacidade ou sobre a forma como as suas informa\u00e7\u00f5es s\u00e3o tratadas, contacte-nos atrav\u00e9s de<\/p>\n<p><strong>Hexqu\u00edmicos<\/strong><br \/>Correio eletr\u00f3nico: <b>hexchemicals@zohomail.com<\/b><br \/>Endere\u00e7o: <strong>Frankfurt, Alemanha<\/strong><\/p>\n<p><strong>A sua privacidade \u00e9 a nossa prioridade. Obrigado por confiar na Hexchemicals.<\/strong><\/p>","protected":false},"excerpt":{"rendered":"<p>Pol\u00edtica de Privacidade Data de vig\u00eancia: 08\/12\/2024 A Hexchemicals est\u00e1 empenhada em proteger a sua privacidade e garantir a seguran\u00e7a das suas informa\u00e7\u00f5es pessoais.<\/p>","protected":false},"author":3,"featured_media":0,"parent":0,"menu_order":0,"comment_status":"closed","ping_status":"open","template":"","meta":{"footnotes":""},"class_list":["post-3","page","type-page","status-publish","hentry"],"yoast_head":"<!-- This site is optimized with the Yoast SEO plugin v27.3 - https:\/\/yoast.com\/product\/yoast-seo-wordpress\/ -->\n<title>Privacy Policy - Hexchemicals<\/title>\n<meta name=\"robots\" content=\"index, follow, max-snippet:-1, max-image-preview:large, max-video-preview:-1\" \/>\n<link rel=\"canonical\" href=\"https:\/\/hexchemicals.com\/pt\/politica-de-privacidade\/\" \/>\n<meta property=\"og:locale\" content=\"pt_PT\" \/>\n<meta property=\"og:type\" content=\"article\" \/>\n<meta property=\"og:title\" content=\"Privacy Policy - Hexchemicals\" \/>\n<meta property=\"og:description\" content=\"Privacy Policy Effective Date: 08\/12\/2024 Hexchemicals is committed to protecting your privacy and ensuring the security of your personal information.\" \/>\n<meta property=\"og:url\" content=\"https:\/\/hexchemicals.com\/pt\/politica-de-privacidade\/\" \/>\n<meta property=\"og:site_name\" content=\"Hexchemicals\" \/>\n<meta property=\"article:modified_time\" content=\"2024-12-08T16:25:52+00:00\" \/>\n<meta name=\"twitter:card\" content=\"summary_large_image\" \/>\n<meta name=\"twitter:label1\" content=\"Est. reading time\" \/>\n\t<meta name=\"twitter:data1\" content=\"3 minutos\" \/>\n<script type=\"application\/ld+json\" class=\"yoast-schema-graph\">{\"@context\":\"https:\\\/\\\/schema.org\",\"@graph\":[{\"@type\":\"WebPage\",\"@id\":\"https:\\\/\\\/hexchemicals.com\\\/privacy-policy\\\/\",\"url\":\"https:\\\/\\\/hexchemicals.com\\\/privacy-policy\\\/\",\"name\":\"Privacy Policy - Hexchemicals\",\"isPartOf\":{\"@id\":\"https:\\\/\\\/hexchemicals.com\\\/#website\"},\"datePublished\":\"2024-12-08T10:20:47+00:00\",\"dateModified\":\"2024-12-08T16:25:52+00:00\",\"breadcrumb\":{\"@id\":\"https:\\\/\\\/hexchemicals.com\\\/privacy-policy\\\/#breadcrumb\"},\"inLanguage\":\"pt-PT\",\"potentialAction\":[{\"@type\":\"ReadAction\",\"target\":[\"https:\\\/\\\/hexchemicals.com\\\/privacy-policy\\\/\"]}]},{\"@type\":\"BreadcrumbList\",\"@id\":\"https:\\\/\\\/hexchemicals.com\\\/privacy-policy\\\/#breadcrumb\",\"itemListElement\":[{\"@type\":\"ListItem\",\"position\":1,\"name\":\"Home\",\"item\":\"https:\\\/\\\/hexchemicals.com\\\/\"},{\"@type\":\"ListItem\",\"position\":2,\"name\":\"Privacy Policy\"}]},{\"@type\":\"WebSite\",\"@id\":\"https:\\\/\\\/hexchemicals.com\\\/#website\",\"url\":\"https:\\\/\\\/hexchemicals.com\\\/\",\"name\":\"Hexchemicals\",\"description\":\"Buy GBL, GHB, Amphetamine and Ketamine\",\"potentialAction\":[{\"@type\":\"SearchAction\",\"target\":{\"@type\":\"EntryPoint\",\"urlTemplate\":\"https:\\\/\\\/hexchemicals.com\\\/?s={search_term_string}\"},\"query-input\":{\"@type\":\"PropertyValueSpecification\",\"valueRequired\":true,\"valueName\":\"search_term_string\"}}],\"inLanguage\":\"pt-PT\"}]}<\/script>\n<!-- \/ Yoast SEO plugin. -->","yoast_head_json":{"title":"Pol\u00edtica de Privacidade - Hexchemicals","robots":{"index":"index","follow":"follow","max-snippet":"max-snippet:-1","max-image-preview":"max-image-preview:large","max-video-preview":"max-video-preview:-1"},"canonical":"https:\/\/hexchemicals.com\/pt\/politica-de-privacidade\/","og_locale":"pt_PT","og_type":"article","og_title":"Privacy Policy - Hexchemicals","og_description":"Privacy Policy Effective Date: 08\/12\/2024 Hexchemicals is committed to protecting your privacy and ensuring the security of your personal information.","og_url":"https:\/\/hexchemicals.com\/pt\/politica-de-privacidade\/","og_site_name":"Hexchemicals","article_modified_time":"2024-12-08T16:25:52+00:00","twitter_card":"summary_large_image","twitter_misc":{"Est. reading time":"3 minutos"},"schema":{"@context":"https:\/\/schema.org","@graph":[{"@type":"WebPage","@id":"https:\/\/hexchemicals.com\/privacy-policy\/","url":"https:\/\/hexchemicals.com\/privacy-policy\/","name":"Pol\u00edtica de Privacidade - Hexchemicals","isPartOf":{"@id":"https:\/\/hexchemicals.com\/#website"},"datePublished":"2024-12-08T10:20:47+00:00","dateModified":"2024-12-08T16:25:52+00:00","breadcrumb":{"@id":"https:\/\/hexchemicals.com\/privacy-policy\/#breadcrumb"},"inLanguage":"pt-PT","potentialAction":[{"@type":"ReadAction","target":["https:\/\/hexchemicals.com\/privacy-policy\/"]}]},{"@type":"BreadcrumbList","@id":"https:\/\/hexchemicals.com\/privacy-policy\/#breadcrumb","itemListElement":[{"@type":"ListItem","position":1,"name":"Home","item":"https:\/\/hexchemicals.com\/"},{"@type":"ListItem","position":2,"name":"Privacy Policy"}]},{"@type":"WebSite","@id":"https:\/\/hexchemicals.com\/#website","url":"https:\/\/hexchemicals.com\/","name":"Hexqu\u00edmicos","description":"Comprar GBL, GHB, anfetaminas e cetamina","potentialAction":[{"@type":"SearchAction","target":{"@type":"EntryPoint","urlTemplate":"https:\/\/hexchemicals.com\/?s={search_term_string}"},"query-input":{"@type":"PropertyValueSpecification","valueRequired":true,"valueName":"search_term_string"}}],"inLanguage":"pt-PT"}]}},"_links":{"self":[{"href":"https:\/\/hexchemicals.com\/pt\/wp-json\/wp\/v2\/pages\/3","targetHints":{"allow":["GET"]}}],"collection":[{"href":"https:\/\/hexchemicals.com\/pt\/wp-json\/wp\/v2\/pages"}],"about":[{"href":"https:\/\/hexchemicals.com\/pt\/wp-json\/wp\/v2\/types\/page"}],"author":[{"embeddable":true,"href":"https:\/\/hexchemicals.com\/pt\/wp-json\/wp\/v2\/users\/3"}],"replies":[{"embeddable":true,"href":"https:\/\/hexchemicals.com\/pt\/wp-json\/wp\/v2\/comments?post=3"}],"version-history":[{"count":2,"href":"https:\/\/hexchemicals.com\/pt\/wp-json\/wp\/v2\/pages\/3\/revisions"}],"predecessor-version":[{"id":9490,"href":"https:\/\/hexchemicals.com\/pt\/wp-json\/wp\/v2\/pages\/3\/revisions\/9490"}],"wp:attachment":[{"href":"https:\/\/hexchemicals.com\/pt\/wp-json\/wp\/v2\/media?parent=3"}],"curies":[{"name":"wp","href":"https:\/\/api.w.org\/{rel}","templated":true}]}}