{"id":5212,"date":"2021-08-25T07:26:28","date_gmt":"2021-08-25T07:26:28","guid":{"rendered":"http:\/\/dummy.xtemos.com\/woodmart2\/?page_id=5212"},"modified":"2024-12-08T15:52:37","modified_gmt":"2024-12-08T15:52:37","slug":"sobre","status":"publish","type":"page","link":"https:\/\/hexchemicals.com\/pt\/sobre\/","title":{"rendered":"Sobre"},"content":{"rendered":"<div class=\"wpb-content-wrapper\"><div data-vc-full-width=\"true\" data-vc-full-width-temp=\"true\" data-vc-full-width-init=\"false\" class=\"vc_row wpb_row vc_row-fluid vc_custom_1629876973406 vc_row-has-fill vc_row-o-content-middle vc_row-flex wd-rs-6125f2d9a9f9b\"><div class=\"wpb_column vc_column_container vc_col-sm-12 vc_col-lg-4 vc_col-md-4 vc_col-xs-12 wd-rs-6125f2fa74bd9\"><div class=\"vc_column-inner vc_custom_1629876989711\"><div class=\"wpb_wrapper\">\n\t\t<div id=\"wd-6755bd549611a\" class=\"title-wrapper wd-wpb wd-set-mb reset-last-child  wd-rs-6755bd549611a wd-title-color-primary wd-title-style-default text-left vc_custom_1733672286889 wd-width-enabled wd-underline-colored\" style=\"--wd-max-width: 90%;\">\n\t\t\t\t\t\t\t\n\t\t\t\t<div class=\"title-subtitle  subtitle-color-primary font-default subtitle-style-default wd-font-weight-600 wd-fontsize-xs\">SOBRE A HEXCHEMICALS<\/div>\n\t\t\t\n\t\t\t<div class=\"liner-continer\">\n\t\t\t\t<div id=\"ez-toc-container\" class=\"ez-toc-v2_0_82_2 counter-hierarchy ez-toc-counter ez-toc-grey ez-toc-container-direction\">\n<div class=\"ez-toc-title-container\">\n<p class=\"ez-toc-title\" style=\"cursor:inherit\">\u00cdndice<\/p>\n<span class=\"ez-toc-title-toggle\"><a href=\"#\" class=\"ez-toc-pull-right ez-toc-btn ez-toc-btn-xs ez-toc-btn-default ez-toc-toggle\" aria-label=\"Alternar o \u00edndice\"><span class=\"ez-toc-js-icon-con\"><span class=\"\"><span class=\"eztoc-hide\" style=\"display:none;\">Alternar<\/span><span class=\"ez-toc-icon-toggle-span\"><svg style=\"fill: #333333;color:#333333\" xmlns=\"http:\/\/www.w3.org\/2000\/svg\" class=\"list-377408\" width=\"20px\" height=\"20px\" viewbox=\"0 0 24 24\" fill=\"none\"><path d=\"M6 6H4v2h2V6zm14 0H8v2h12V6zM4 11h2v2H4v-2zm16 0H8v2h12v-2zM4 16h2v2H4v-2zm16 0H8v2h12v-2z\" fill=\"currentColor\"><\/path><\/svg><svg style=\"fill: #333333;color:#333333\" class=\"arrow-unsorted-368013\" xmlns=\"http:\/\/www.w3.org\/2000\/svg\" width=\"10px\" height=\"10px\" viewbox=\"0 0 24 24\" version=\"1.2\" baseprofile=\"tiny\"><path d=\"M18.2 9.3l-6.2-6.3-6.2 6.3c-.2.2-.3.4-.3.7s.1.5.3.7c.2.2.4.3.7.3h11c.3 0 .5-.1.7-.3.2-.2.3-.5.3-.7s-.1-.5-.3-.7zM5.8 14.7l6.2 6.3 6.2-6.3c.2-.2.3-.5.3-.7s-.1-.5-.3-.7c-.2-.2-.4-.3-.7-.3h-11c-.3 0-.5.1-.7.3-.2.2-.3.5-.3.7s.1.5.3.7z\"\/><\/svg><\/span><\/span><\/span><\/a><\/span><\/div>\n<nav><ul class='ez-toc-list ez-toc-list-level-1' ><li class='ez-toc-page-1 ez-toc-heading-level-4'><a class=\"ez-toc-link ez-toc-heading-1\" href=\"https:\/\/hexchemicals.com\/pt\/sobre\/#Buy_KO_Drops_and_other_chemicals_like_Amphetamine\" >Comprar KO Drops e outros produtos qu\u00edmicos como a anfetamina<\/a><\/li><li class='ez-toc-page-1 ez-toc-heading-level-4'><a class=\"ez-toc-link ez-toc-heading-2\" href=\"https:\/\/hexchemicals.com\/pt\/sobre\/#What_We_Stand_For\" >O que defendemos<\/a><\/li><li class='ez-toc-page-1 ez-toc-heading-level-4'><a class=\"ez-toc-link ez-toc-heading-3\" href=\"https:\/\/hexchemicals.com\/pt\/sobre\/#1_Unwavering_Quality\" >1. Qualidade inabal\u00e1vel<\/a><\/li><li class='ez-toc-page-1 ez-toc-heading-level-4'><a class=\"ez-toc-link ez-toc-heading-4\" href=\"https:\/\/hexchemicals.com\/pt\/sobre\/#2_Compliance_and_Certifications\" >2. Conformidade e certifica\u00e7\u00f5es<\/a><\/li><li class='ez-toc-page-1 ez-toc-heading-level-4'><a class=\"ez-toc-link ez-toc-heading-5\" href=\"https:\/\/hexchemicals.com\/pt\/sobre\/#3_Customer-Centric_Approach\" >3. Abordagem centrada no cliente<\/a><\/li><li class='ez-toc-page-1 ez-toc-heading-level-4'><a class=\"ez-toc-link ez-toc-heading-6\" href=\"https:\/\/hexchemicals.com\/pt\/sobre\/#Why_Choose_Hexchemicals\" >Por que escolher a Hexchemicals?<\/a><\/li><li class='ez-toc-page-1 ez-toc-heading-level-4'><a class=\"ez-toc-link ez-toc-heading-7\" href=\"https:\/\/hexchemicals.com\/pt\/sobre\/#Our_Commitment_to_You\" >O nosso compromisso para consigo<\/a><\/li><\/ul><\/nav><\/div>\n<h4 class=\"woodmart-title-container title  wd-font-weight- wd-fontsize-xxl\" ><span class=\"ez-toc-section\" id=\"Buy_KO_Drops_and_other_chemicals_like_Amphetamine\"><\/span>Comprar KO Drops e outros produtos qu\u00edmicos como a anfetamina <span class=\"ez-toc-section-end\"><\/span><\/h4>\n\t\t\t\t\t\t\t<\/div>\n\t\t\t\n\t\t\t\n\t\t\t\n\t\t<\/div>\n\t\t\n\t\t<\/div><\/div><\/div><div class=\"wpb_column vc_column_container vc_col-sm-6 vc_col-lg-offset-1 vc_col-lg-3 vc_col-md-4 wd-rs-6125f2f5a2779\"><div class=\"vc_column-inner vc_custom_1629876984854\"><div class=\"wpb_wrapper\">\t\t\t<div class=\"info-box-wrapper\">\n\t\t\t\t<div id=\"wd-6755bca41023d\" class=\"wd-rs-6755bca41023d wd-info-box wd-wpb text-left box-icon-align-left box-style- color-scheme- wd-bg-none wd-items-top vc_custom_1733672108864\">\n\t\t\t\t\t\t\t\t\t\t<div class=\"info-box-content\">\n\t\t\t\t\t\t\t\t\t\t\t\t<div class=\"info-box-inner reset-last-child\"><p>Bem-vindo \u00e0 Hexchemicals, o seu parceiro de confian\u00e7a para GBL, GHB e anfetaminas de qualidade superior. Com anos de experi\u00eancia e um compromisso inabal\u00e1vel com a excel\u00eancia, estabelecemo-nos como um fornecedor l\u00edder, servindo clientes nos EUA, Canad\u00e1, Europa e Austr\u00e1lia.<\/p>\n<\/div>\n\n\t\t\t\t\t\t\t\t\t\t\t<\/div>\n\n\t\t\t\t\t\t\t\t\t\t\t<a class=\"wd-info-box-link wd-fill\" aria-label=\"Liga\u00e7\u00e3o Infobox\" href=\"#\" title=\"\"><\/a>\n\t\t\t\t\t\n\t\t\t\t\t\t\t\t\t<\/div>\n\t\t\t<\/div>\n\t\t<\/div><\/div><\/div><div class=\"wpb_column vc_column_container vc_col-sm-6 vc_col-lg-offset-1 vc_col-lg-3 vc_col-md-4 wd-rs-6125f2efc6c08\"><div class=\"vc_column-inner vc_custom_1629876980184\"><div class=\"wpb_wrapper\">\t\t\t<div class=\"info-box-wrapper\">\n\t\t\t\t<div id=\"wd-6755bcb32f0e1\" class=\"wd-rs-6755bcb32f0e1 wd-info-box wd-wpb text-left box-icon-align-left box-style- color-scheme- wd-bg-none wd-items-top vc_custom_1733672169131\">\n\t\t\t\t\t\t\t\t\t\t<div class=\"info-box-content\">\n\t\t\t\t\t\t\t\t\t\t\t\t<div class=\"info-box-inner reset-last-child\"><p>Na Hexchemicals, a nossa miss\u00e3o \u00e9 simples: fornecer produtos de alta qualidade com uma fiabilidade inigual\u00e1vel, processos de encomenda seguros e um excelente apoio ao cliente.<\/p>\n<\/div>\n\n\t\t\t\t\t\t\t\t\t\t\t<\/div>\n\n\t\t\t\t\t\t\t\t\t\t\t<a class=\"wd-info-box-link wd-fill\" aria-label=\"Liga\u00e7\u00e3o Infobox\" href=\"#\" title=\"\"><\/a>\n\t\t\t\t\t\n\t\t\t\t\t\t\t\t\t<\/div>\n\t\t\t<\/div>\n\t\t<\/div><\/div><\/div><\/div><div class=\"vc_row-full-width vc_clearfix\"><\/div><div class=\"vc_row wpb_row vc_row-fluid vc_custom_1629877038080 row-reverse-mobile row-reverse-tablet wd-rs-6125f32826e3d\"><div class=\"wpb_column vc_column_container vc_col-sm-12 vc_col-lg-6 vc_col-md-6 wd-rs-6125f30edad72\"><div class=\"vc_column-inner vc_custom_1629877010833\"><div class=\"wpb_wrapper\">\t\t<div id=\"wd-6755c09792366\" class=\"wd-image wd-wpb wd-rs-6755c09792366 text-left vc_custom_1733673126034\">\n\t\t\t\n\t\t\t<img loading=\"lazy\" decoding=\"async\" width=\"1200\" height=\"1105\" src=\"https:\/\/hexchemicals.com\/wp-content\/uploads\/2024\/12\/hexchemicals-order-gbl-ghb-amphethamine.png\" class=\"attachment-full size-full\" alt=\"hexchemicals order gbl ghb anfetamina\" srcset=\"https:\/\/hexchemicals.com\/wp-content\/uploads\/2024\/12\/hexchemicals-order-gbl-ghb-amphethamine.png 1200w, https:\/\/hexchemicals.com\/wp-content\/uploads\/2024\/12\/hexchemicals-order-gbl-ghb-amphethamine-430x396.png 430w, https:\/\/hexchemicals.com\/wp-content\/uploads\/2024\/12\/hexchemicals-order-gbl-ghb-amphethamine-150x138.png 150w, https:\/\/hexchemicals.com\/wp-content\/uploads\/2024\/12\/hexchemicals-order-gbl-ghb-amphethamine-700x645.png 700w, https:\/\/hexchemicals.com\/wp-content\/uploads\/2024\/12\/hexchemicals-order-gbl-ghb-amphethamine-326x300.png 326w, https:\/\/hexchemicals.com\/wp-content\/uploads\/2024\/12\/hexchemicals-order-gbl-ghb-amphethamine-869x800.png 869w, https:\/\/hexchemicals.com\/wp-content\/uploads\/2024\/12\/hexchemicals-order-gbl-ghb-amphethamine-768x707.png 768w\" sizes=\"auto, (max-width: 1200px) 100vw, 1200px\" \/>\n\t\t\t\t\t<\/div>\n\t\t<\/div><\/div><\/div><div class=\"wpb_column vc_column_container vc_col-sm-12 vc_col-lg-offset-1 vc_col-lg-5 vc_col-md-6 vc_col-xs-12 wd-rs-6125f320eb687\"><div class=\"vc_column-inner vc_custom_1629877027060\"><div class=\"wpb_wrapper\">\n\t\t<div id=\"wd-6755bdd8e1c25\" class=\"title-wrapper wd-wpb wd-set-mb reset-last-child  wd-rs-6755bdd8e1c25 wd-title-color-primary wd-title-style-default text-left vc_custom_1733672448099 wd-underline-colored\">\n\t\t\t\t\t\t\t\n\t\t\t\t<div class=\"title-subtitle  subtitle-color-primary font-default subtitle-style-default wd-font-weight-600 wd-fontsize-xs\">FORNECEDOR FI\u00c1VEL DE PRODUTOS QU\u00cdMICOS<\/div>\n\t\t\t\n\t\t\t<div class=\"liner-continer\">\n\t\t\t\t<h4 class=\"woodmart-title-container title  wd-font-weight- wd-fontsize-xxl\" ><span class=\"ez-toc-section\" id=\"What_We_Stand_For\"><\/span>O que defendemos<span class=\"ez-toc-section-end\"><\/span><\/h4>\n\t\t\t\t\t\t\t<\/div>\n\t\t\t\n\t\t\t\n\t\t\t\n\t\t<\/div>\n\t\t\n\t\t\t\t<div id=\"wd-6755bd75740ab\" class=\"wd-text-block wd-wpb reset-last-child wd-rs-6755bd75740ab text-left wd-fontsize-custom vc_custom_1733672403244\">\n\t\t\t<h4><span class=\"ez-toc-section\" id=\"1_Unwavering_Quality\"><\/span><strong>1. Qualidade inabal\u00e1vel<\/strong><span class=\"ez-toc-section-end\"><\/span><\/h4>\n<p>Todos os produtos do nosso cat\u00e1logo passam por testes rigorosos para garantir os mais altos n\u00edveis de pureza e conformidade com os padr\u00f5es globais da ind\u00fastria. Quer seja para aplica\u00e7\u00f5es industriais, de investiga\u00e7\u00e3o ou especializadas, pode confiar na Hexchemicals para solu\u00e7\u00f5es consistentes e de qualidade superior.<\/p>\n<h4><span class=\"ez-toc-section\" id=\"2_Compliance_and_Certifications\"><\/span><strong>2. Conformidade e certifica\u00e7\u00f5es<\/strong><span class=\"ez-toc-section-end\"><\/span><\/h4>\n<p>As nossas opera\u00e7\u00f5es obedecem a regulamentos legais e industriais rigorosos, incluindo normas de conformidade da UE, dando-lhe confian\u00e7a em cada compra. As certifica\u00e7\u00f5es e as pr\u00e1ticas transparentes sustentam a nossa reputa\u00e7\u00e3o de fornecedor fi\u00e1vel.<\/p>\n<h4><span class=\"ez-toc-section\" id=\"3_Customer-Centric_Approach\"><\/span><strong>3. Abordagem centrada no cliente<\/strong><span class=\"ez-toc-section-end\"><\/span><\/h4>\n<p>Na Hexchemicals, a sua satisfa\u00e7\u00e3o \u00e9 a nossa prioridade. Desde a navega\u00e7\u00e3o no nosso s\u00edtio Web at\u00e9 \u00e0 rece\u00e7\u00e3o da sua encomenda, proporcionamos uma experi\u00eancia perfeita apoiada por um apoio ao cliente especializado. Seja respondendo a perguntas ou resolvendo problemas, estamos aqui para ajudar em cada etapa.<\/p>\n\t\t<\/div>\n\t\t<\/div><\/div><\/div><\/div><section data-vc-full-width=\"true\" data-vc-full-width-temp=\"true\" data-vc-full-width-init=\"false\" class=\"vc_section vc_custom_1733673076916 vc_section-has-fill wd-rs-6755c059c665c\"><div class=\"vc_row wpb_row vc_row-fluid vc_custom_1615814278162 vc_row-o-equal-height vc_row-o-content-middle vc_row-flex\"><div class=\"wpb_column vc_column_container vc_col-sm-6 color-scheme-light wd-rs-6125f35912e56\"><div class=\"vc_column-inner vc_custom_1629877084287\"><div class=\"wpb_wrapper\">\n\t\t<div id=\"wd-6755be52bd92f\" class=\"title-wrapper wd-wpb wd-set-mb reset-last-child  wd-rs-6755be52bd92f wd-title-color-primary wd-title-style-default text-left vc_custom_1733672858251 wd-width-enabled wd-underline-colored\" style=\"--wd-max-width: 90%;\">\n\t\t\t\t\t\t\t\n\t\t\t\t<div class=\"title-subtitle  subtitle-color-primary font-default subtitle-style-default wd-font-weight-600 wd-fontsize-xs\">ENCOMENDAR PRODUTOS QU\u00cdMICOS DE QUALIDADE E KO DROPS<\/div>\n\t\t\t\n\t\t\t<div class=\"liner-continer\">\n\t\t\t\t<h4 class=\"woodmart-title-container title  wd-font-weight- wd-fontsize-xxl\" ><span class=\"ez-toc-section\" id=\"Why_Choose_Hexchemicals\"><\/span>Por que escolher a Hexchemicals?<span class=\"ez-toc-section-end\"><\/span><\/h4>\n\t\t\t\t\t\t\t<\/div>\n\t\t\t\n\t\t\t\n\t\t\t\n\t\t<\/div>\n\t\t\n\t\t\n\t<div class=\"wpb_text_column wpb_content_element\" >\n\t\t<div class=\"wpb_wrapper\">\n\t\t\t<ul>\n<li>Alcance global: Envio r\u00e1pido e discreto para os EUA, Canad\u00e1, Europa e Austr\u00e1lia.<\/li>\n<li>Pre\u00e7os competitivos: Pre\u00e7os acess\u00edveis para GBL, GHB e anfetaminas sem comprometer a qualidade.<\/li>\n<li>Transac\u00e7\u00f5es seguras: Op\u00e7\u00f5es de pagamento seguras e um processo de encomenda simples para uma experi\u00eancia sem complica\u00e7\u00f5es.<\/li>\n<li>Fiabilidade comprovada: Milhares de clientes satisfeitos confiam em n\u00f3s pela qualidade consistente dos produtos e pela entrega atempada.<\/li>\n<\/ul>\n\n\t\t<\/div>\n\t<\/div>\n<\/div><\/div><\/div><div class=\"wpb_column vc_column_container vc_col-sm-6 wd-rs-6125f353ede07\"><div class=\"vc_column-inner vc_custom_1629877079783\"><div class=\"wpb_wrapper\">\n\t\t<div id=\"wd-6755bff0447e2\" class=\"title-wrapper wd-wpb wd-set-mb reset-last-child  wd-rs-6755bff0447e2 wd-title-color-primary wd-title-style-default text-left vc_custom_1733672994047 wd-width-enabled wd-underline-colored\" style=\"--wd-max-width: 90%;\">\n\t\t\t\n\t\t\t<div class=\"liner-continer\">\n\t\t\t\t<h4 class=\"woodmart-title-container title  wd-font-weight- wd-fontsize-xxl\" ><span class=\"ez-toc-section\" id=\"Our_Commitment_to_You\"><\/span>O nosso compromisso para consigo<span class=\"ez-toc-section-end\"><\/span><\/h4>\n\t\t\t\t\t\t\t<\/div>\n\t\t\t\n\t\t\t\n\t\t\t\n\t\t<\/div>\n\t\t\n\t\t\n\t<div class=\"wpb_text_column wpb_content_element color-scheme-light\" >\n\t\t<div class=\"wpb_wrapper\">\n\t\t\t<p>A Hexchemicals \u00e9 mais do que um fornecedor - somos o seu parceiro fi\u00e1vel em termos de qualidade, conformidade e servi\u00e7o excecional. Esfor\u00e7amo-nos continuamente para exceder as expectativas e estabelecer novos padr\u00f5es na ind\u00fastria. Quer pretenda encomendar GBL, comprar GBL online ou comprar GHB e anfetaminas, a Hexchemicals \u00e9 o nome em que pode confiar.<\/p>\n<p>Descubra a diferen\u00e7a da Hexchemicals hoje mesmo.<\/p>\n\n\t\t<\/div>\n\t<\/div>\n<\/div><\/div><\/div><\/div><\/section><div class=\"vc_row-full-width vc_clearfix\"><\/div>\n<\/div>","protected":false},"excerpt":{"rendered":"SOBRE A HEXCHEMICALS Compre KO Drops e outros produtos qu\u00edmicos como a Anfetamina Bem-vindo \u00e0 Hexchemicals, o seu parceiro de confian\u00e7a para GBL, GHB de qualidade superior,","protected":false},"author":3,"featured_media":0,"parent":0,"menu_order":0,"comment_status":"closed","ping_status":"closed","template":"","meta":{"footnotes":""},"class_list":["post-5212","page","type-page","status-publish","hentry"],"yoast_head":"<!-- This site is optimized with the Yoast SEO plugin v27.3 - https:\/\/yoast.com\/product\/yoast-seo-wordpress\/ -->\n<title>About - Hexchemicals<\/title>\n<meta name=\"robots\" content=\"index, follow, max-snippet:-1, max-image-preview:large, max-video-preview:-1\" \/>\n<link rel=\"canonical\" href=\"https:\/\/hexchemicals.com\/pt\/sobre\/\" \/>\n<meta property=\"og:locale\" content=\"pt_PT\" \/>\n<meta property=\"og:type\" content=\"article\" \/>\n<meta property=\"og:title\" content=\"About - Hexchemicals\" \/>\n<meta property=\"og:url\" content=\"https:\/\/hexchemicals.com\/pt\/sobre\/\" \/>\n<meta property=\"og:site_name\" content=\"Hexchemicals\" \/>\n<meta property=\"article:modified_time\" content=\"2024-12-08T15:52:37+00:00\" \/>\n<meta name=\"twitter:card\" content=\"summary_large_image\" \/>\n<meta name=\"twitter:label1\" content=\"Est. reading time\" \/>\n\t<meta name=\"twitter:data1\" content=\"10 minutos\" \/>\n<script type=\"application\/ld+json\" class=\"yoast-schema-graph\">{\"@context\":\"https:\\\/\\\/schema.org\",\"@graph\":[{\"@type\":\"WebPage\",\"@id\":\"https:\\\/\\\/hexchemicals.com\\\/about\\\/\",\"url\":\"https:\\\/\\\/hexchemicals.com\\\/about\\\/\",\"name\":\"About - Hexchemicals\",\"isPartOf\":{\"@id\":\"https:\\\/\\\/hexchemicals.com\\\/#website\"},\"datePublished\":\"2021-08-25T07:26:28+00:00\",\"dateModified\":\"2024-12-08T15:52:37+00:00\",\"breadcrumb\":{\"@id\":\"https:\\\/\\\/hexchemicals.com\\\/about\\\/#breadcrumb\"},\"inLanguage\":\"pt-PT\",\"potentialAction\":[{\"@type\":\"ReadAction\",\"target\":[\"https:\\\/\\\/hexchemicals.com\\\/about\\\/\"]}]},{\"@type\":\"BreadcrumbList\",\"@id\":\"https:\\\/\\\/hexchemicals.com\\\/about\\\/#breadcrumb\",\"itemListElement\":[{\"@type\":\"ListItem\",\"position\":1,\"name\":\"Home\",\"item\":\"https:\\\/\\\/hexchemicals.com\\\/\"},{\"@type\":\"ListItem\",\"position\":2,\"name\":\"About\"}]},{\"@type\":\"WebSite\",\"@id\":\"https:\\\/\\\/hexchemicals.com\\\/#website\",\"url\":\"https:\\\/\\\/hexchemicals.com\\\/\",\"name\":\"Hexchemicals\",\"description\":\"Buy GBL, GHB, Amphetamine and Ketamine\",\"potentialAction\":[{\"@type\":\"SearchAction\",\"target\":{\"@type\":\"EntryPoint\",\"urlTemplate\":\"https:\\\/\\\/hexchemicals.com\\\/?s={search_term_string}\"},\"query-input\":{\"@type\":\"PropertyValueSpecification\",\"valueRequired\":true,\"valueName\":\"search_term_string\"}}],\"inLanguage\":\"pt-PT\"}]}<\/script>\n<!-- \/ Yoast SEO plugin. -->","yoast_head_json":{"title":"Sobre - Hexchemicals","robots":{"index":"index","follow":"follow","max-snippet":"max-snippet:-1","max-image-preview":"max-image-preview:large","max-video-preview":"max-video-preview:-1"},"canonical":"https:\/\/hexchemicals.com\/pt\/sobre\/","og_locale":"pt_PT","og_type":"article","og_title":"About - Hexchemicals","og_url":"https:\/\/hexchemicals.com\/pt\/sobre\/","og_site_name":"Hexchemicals","article_modified_time":"2024-12-08T15:52:37+00:00","twitter_card":"summary_large_image","twitter_misc":{"Est. reading time":"10 minutos"},"schema":{"@context":"https:\/\/schema.org","@graph":[{"@type":"WebPage","@id":"https:\/\/hexchemicals.com\/about\/","url":"https:\/\/hexchemicals.com\/about\/","name":"Sobre - Hexchemicals","isPartOf":{"@id":"https:\/\/hexchemicals.com\/#website"},"datePublished":"2021-08-25T07:26:28+00:00","dateModified":"2024-12-08T15:52:37+00:00","breadcrumb":{"@id":"https:\/\/hexchemicals.com\/about\/#breadcrumb"},"inLanguage":"pt-PT","potentialAction":[{"@type":"ReadAction","target":["https:\/\/hexchemicals.com\/about\/"]}]},{"@type":"BreadcrumbList","@id":"https:\/\/hexchemicals.com\/about\/#breadcrumb","itemListElement":[{"@type":"ListItem","position":1,"name":"Home","item":"https:\/\/hexchemicals.com\/"},{"@type":"ListItem","position":2,"name":"About"}]},{"@type":"WebSite","@id":"https:\/\/hexchemicals.com\/#website","url":"https:\/\/hexchemicals.com\/","name":"Hexqu\u00edmicos","description":"Comprar GBL, GHB, anfetaminas e cetamina","potentialAction":[{"@type":"SearchAction","target":{"@type":"EntryPoint","urlTemplate":"https:\/\/hexchemicals.com\/?s={search_term_string}"},"query-input":{"@type":"PropertyValueSpecification","valueRequired":true,"valueName":"search_term_string"}}],"inLanguage":"pt-PT"}]}},"_links":{"self":[{"href":"https:\/\/hexchemicals.com\/pt\/wp-json\/wp\/v2\/pages\/5212","targetHints":{"allow":["GET"]}}],"collection":[{"href":"https:\/\/hexchemicals.com\/pt\/wp-json\/wp\/v2\/pages"}],"about":[{"href":"https:\/\/hexchemicals.com\/pt\/wp-json\/wp\/v2\/types\/page"}],"author":[{"embeddable":true,"href":"https:\/\/hexchemicals.com\/pt\/wp-json\/wp\/v2\/users\/3"}],"replies":[{"embeddable":true,"href":"https:\/\/hexchemicals.com\/pt\/wp-json\/wp\/v2\/comments?post=5212"}],"version-history":[{"count":3,"href":"https:\/\/hexchemicals.com\/pt\/wp-json\/wp\/v2\/pages\/5212\/revisions"}],"predecessor-version":[{"id":9480,"href":"https:\/\/hexchemicals.com\/pt\/wp-json\/wp\/v2\/pages\/5212\/revisions\/9480"}],"wp:attachment":[{"href":"https:\/\/hexchemicals.com\/pt\/wp-json\/wp\/v2\/media?parent=5212"}],"curies":[{"name":"wp","href":"https:\/\/api.w.org\/{rel}","templated":true}]}}