{"id":9543,"date":"2024-12-09T06:07:24","date_gmt":"2024-12-09T06:07:24","guid":{"rendered":"https:\/\/hexchemicals.com\/?post_type=product&#038;p=9543"},"modified":"2025-11-27T01:29:41","modified_gmt":"2025-11-27T01:29:41","slug":"buy-ketamine-pills-online","status":"publish","type":"product","link":"https:\/\/hexchemicals.com\/pt\/product\/buy-ketamine-pills-online\/","title":{"rendered":"Comprimidos de 500 mg de cetamina"},"content":{"rendered":"<div id=\"ez-toc-container\" class=\"ez-toc-v2_0_82_2 counter-hierarchy ez-toc-counter ez-toc-grey ez-toc-container-direction\">\n<div class=\"ez-toc-title-container\">\n<p class=\"ez-toc-title\" style=\"cursor:inherit\">\u00cdndice<\/p>\n<span class=\"ez-toc-title-toggle\"><a href=\"#\" class=\"ez-toc-pull-right ez-toc-btn ez-toc-btn-xs ez-toc-btn-default ez-toc-toggle\" aria-label=\"Alternar o \u00edndice\"><span class=\"ez-toc-js-icon-con\"><span class=\"\"><span class=\"eztoc-hide\" style=\"display:none;\">Alternar<\/span><span class=\"ez-toc-icon-toggle-span\"><svg style=\"fill: #333333;color:#333333\" xmlns=\"http:\/\/www.w3.org\/2000\/svg\" class=\"list-377408\" width=\"20px\" height=\"20px\" viewbox=\"0 0 24 24\" fill=\"none\"><path d=\"M6 6H4v2h2V6zm14 0H8v2h12V6zM4 11h2v2H4v-2zm16 0H8v2h12v-2zM4 16h2v2H4v-2zm16 0H8v2h12v-2z\" fill=\"currentColor\"><\/path><\/svg><svg style=\"fill: #333333;color:#333333\" class=\"arrow-unsorted-368013\" xmlns=\"http:\/\/www.w3.org\/2000\/svg\" width=\"10px\" height=\"10px\" viewbox=\"0 0 24 24\" version=\"1.2\" baseprofile=\"tiny\"><path d=\"M18.2 9.3l-6.2-6.3-6.2 6.3c-.2.2-.3.4-.3.7s.1.5.3.7c.2.2.4.3.7.3h11c.3 0 .5-.1.7-.3.2-.2.3-.5.3-.7s-.1-.5-.3-.7zM5.8 14.7l6.2 6.3 6.2-6.3c.2-.2.3-.5.3-.7s-.1-.5-.3-.7c-.2-.2-.4-.3-.7-.3h-11c-.3 0-.5.1-.7.3-.2.2-.3.5-.3.7s.1.5.3.7z\"\/><\/svg><\/span><\/span><\/span><\/a><\/span><\/div>\n<nav><ul class='ez-toc-list ez-toc-list-level-1' ><li class='ez-toc-page-1 ez-toc-heading-level-1'><a class=\"ez-toc-link ez-toc-heading-1\" href=\"https:\/\/hexchemicals.com\/pt\/product\/buy-ketamine-pills-online\/#Rediscover_Life_with_Ketamine_The_Solution_Youve_Been_Searching_For\" >Redescobrir a vida com cetamina: A solu\u00e7\u00e3o que tem estado \u00e0 procura<\/a><ul class='ez-toc-list-level-4' ><li class='ez-toc-heading-level-4'><ul class='ez-toc-list-level-4' ><li class='ez-toc-heading-level-4'><ul class='ez-toc-list-level-4' ><li class='ez-toc-heading-level-4'><a class=\"ez-toc-link ez-toc-heading-2\" href=\"https:\/\/hexchemicals.com\/pt\/product\/buy-ketamine-pills-online\/#Benefits_of_Ketamine_Pills\" >Benef\u00edcios dos comprimidos de cetamina<\/a><\/li><\/ul><\/li><li class='ez-toc-page-1 ez-toc-heading-level-3'><a class=\"ez-toc-link ez-toc-heading-3\" href=\"https:\/\/hexchemicals.com\/pt\/product\/buy-ketamine-pills-online\/#Why_Choose_Ketamine_Pills\" >Porqu\u00ea escolher Ketamine Pills?<\/a><ul class='ez-toc-list-level-4' ><li class='ez-toc-heading-level-4'><a class=\"ez-toc-link ez-toc-heading-4\" href=\"https:\/\/hexchemicals.com\/pt\/product\/buy-ketamine-pills-online\/#Common_Customer_Pain_Points_%E2%80%93_Solved\" >Problemas comuns dos clientes - Resolvidos<\/a><\/li><\/ul><\/li><li class='ez-toc-page-1 ez-toc-heading-level-3'><a class=\"ez-toc-link ez-toc-heading-5\" href=\"https:\/\/hexchemicals.com\/pt\/product\/buy-ketamine-pills-online\/#How_Ketamine_Pills_Work_A_Closer_Look\" >Como funcionam os comprimidos de cetamina: Um olhar mais atento<\/a><\/li><li class='ez-toc-page-1 ez-toc-heading-level-3'><a class=\"ez-toc-link ez-toc-heading-6\" href=\"https:\/\/hexchemicals.com\/pt\/product\/buy-ketamine-pills-online\/#How_to_Order_Ketamine_Pills_Online\" >Como encomendar comprimidos de cetamina online<\/a><\/li><li class='ez-toc-page-1 ez-toc-heading-level-3'><a class=\"ez-toc-link ez-toc-heading-7\" href=\"https:\/\/hexchemicals.com\/pt\/product\/buy-ketamine-pills-online\/#FAQs_About_Buying_Ketamine_Pills_Online\" >FAQs sobre a compra de comprimidos de cetamina online<\/a><\/li><li class='ez-toc-page-1 ez-toc-heading-level-3'><a class=\"ez-toc-link ez-toc-heading-8\" href=\"https:\/\/hexchemicals.com\/pt\/product\/buy-ketamine-pills-online\/#Call_to_Action\" >Apelo \u00e0 a\u00e7\u00e3o<\/a><\/li><\/ul><\/li><\/ul><\/li><\/ul><\/nav><\/div>\n<h1><span class=\"ez-toc-section\" id=\"Rediscover_Life_with_Ketamine_The_Solution_Youve_Been_Searching_For\"><\/span><strong>Redescobrir a vida com cetamina: A solu\u00e7\u00e3o que tem estado \u00e0 procura<\/strong><span class=\"ez-toc-section-end\"><\/span><\/h1>\n<p><span style=\"font-weight: 400;\">Comprar ketamine 500mg pills online - <\/span>Viver com doen\u00e7as como a dor neurop\u00e1tica, a S\u00edndrome de Dor Regional Complexa (SDRC), a depress\u00e3o resistente ao tratamento (DRT), a Perturba\u00e7\u00e3o de Stress P\u00f3s-Traum\u00e1tico (<a href=\"https:\/\/www.mayoclinic.org\/diseases-conditions\/post-traumatic-stress-disorder\/symptoms-causes\/syc-20355967#:~:text=Post%2Dtraumatic%20stress%20disorder%20(PTSD)%20is%20a%20mental%20health,uncontrollable%20thoughts%20about%20the%20event.\">TEPT<\/a>), ou a perturba\u00e7\u00e3o bipolar pode parecer uma batalha dif\u00edcil. Os tratamentos convencionais muitas vezes n\u00e3o conseguem proporcionar al\u00edvio, fazendo com que se sinta preso e sem esperan\u00e7a. Se est\u00e1 \u00e0 procura de uma solu\u00e7\u00e3o transformadora, os comprimidos de cetamina oferecem um farol de esperan\u00e7a.<\/p>\n<p><strong>O que \u00e9 a cetamina e porque \u00e9 que \u00e9 t\u00e3o eficaz?<\/strong><br \/>\nOriginalmente desenvolvida como anest\u00e9sico, a cetamina surgiu como uma terapia inovadora para indiv\u00edduos com problemas graves de sa\u00fade mental e dor cr\u00f3nica. Funciona atrav\u00e9s da modula\u00e7\u00e3o do glutamato, um neurotransmissor chave, para reparar as liga\u00e7\u00f5es neurais danificadas e reduzir a dor. Esta dupla a\u00e7\u00e3o n\u00e3o s\u00f3 alivia o desconforto f\u00edsico como tamb\u00e9m promove o bem-estar emocional.<\/p>\n<h4><span class=\"ez-toc-section\" id=\"Benefits_of_Ketamine_Pills\"><\/span><strong>Benef\u00edcios dos comprimidos de cetamina<\/strong><span class=\"ez-toc-section-end\"><\/span><\/h4>\n<ol>\n<li><strong>Al\u00edvio de a\u00e7\u00e3o r\u00e1pida<\/strong>: Muitos utilizadores relatam melhorias significativas poucas horas ap\u00f3s a primeira dose.<\/li>\n<li><strong>Efeitos duradouros<\/strong>: Ao contr\u00e1rio dos medicamentos tradicionais, os benef\u00edcios da cetamina podem durar semanas ap\u00f3s a administra\u00e7\u00e3o.<\/li>\n<li><strong>Versatilidade<\/strong>: Eficaz para uma s\u00e9rie de doen\u00e7as, desde dores cr\u00f3nicas a perturba\u00e7\u00f5es do humor.<\/li>\n<li><strong>N\u00e3o viciante<\/strong>: Quando tomada conforme prescrito, a cetamina n\u00e3o apresenta risco de depend\u00eancia.<\/li>\n<\/ol>\n<h3><span class=\"ez-toc-section\" id=\"Why_Choose_Ketamine_Pills\"><\/span><strong>Porqu\u00ea escolher Ketamine Pills?<\/strong><span class=\"ez-toc-section-end\"><\/span><\/h3>\n<p>Para os indiv\u00edduos que t\u00eam dificuldades com a terapia intravenosa (IV) ou que procuram uma op\u00e7\u00e3o mais conveniente, os comprimidos de cetamina s\u00e3o uma excelente alternativa. Cada dose \u00e9 cuidadosamente formulada para garantir a m\u00e1xima biodisponibilidade, permitindo-lhe gerir os sintomas de forma discreta e eficaz.<\/p>\n<h4><span class=\"ez-toc-section\" id=\"Common_Customer_Pain_Points_%E2%80%93_Solved\"><\/span><strong>Problemas comuns dos clientes - Resolvidos<\/strong><span class=\"ez-toc-section-end\"><\/span><\/h4>\n<ul>\n<li><strong>Frustra\u00e7\u00e3o com tratamentos ineficazes<\/strong>: Os antidepressivos e analg\u00e9sicos tradicionais s\u00e3o muitas vezes insuficientes para doen\u00e7as como a TRD e a SDRC. A cetamina actua de forma diferente, visando as causas profundas da dor e da depress\u00e3o.<\/li>\n<li><strong>Preocupa\u00e7\u00f5es com os efeitos secund\u00e1rios<\/strong>: Ao contr\u00e1rio dos opi\u00e1ceos, a cetamina n\u00e3o \u00e9 sedativa e \u00e9 geralmente bem tolerada quando utilizada de forma respons\u00e1vel.<\/li>\n<li><strong>Conveni\u00eancia<\/strong>: N\u00e3o h\u00e1 necessidade de visitas frequentes ao hospital - basta tomar um comprimido no conforto da sua casa.<\/li>\n<\/ul>\n<h3><span class=\"ez-toc-section\" id=\"How_Ketamine_Pills_Work_A_Closer_Look\"><\/span><strong>Como funcionam os comprimidos de cetamina: Um olhar mais atento<\/strong><span class=\"ez-toc-section-end\"><\/span><\/h3>\n<ul>\n<li><strong>Al\u00edvio da dor<\/strong>: A cetamina bloqueia os receptores NMDA no c\u00e9rebro, interrompendo os sinais de dor e reduzindo o desconforto cr\u00f3nico.<\/li>\n<li><strong>Melhoria do humor<\/strong>: Ao promover a regenera\u00e7\u00e3o neural, a cetamina ajuda a restaurar o equil\u00edbrio emocional e a melhorar a clareza mental.<\/li>\n<li><strong>Redu\u00e7\u00e3o dos sintomas de PTSD<\/strong>: Os utilizadores relatam menos flashbacks e pensamentos intrusivos, o que lhes permite recuperar o controlo sobre as suas vidas.<\/li>\n<\/ul>\n<h3><span class=\"ez-toc-section\" id=\"How_to_Order_Ketamine_Pills_Online\"><\/span><strong>Como encomendar comprimidos de cetamina online<\/strong><span class=\"ez-toc-section-end\"><\/span><\/h3>\n<p>Come\u00e7ar \u00e9 f\u00e1cil:<\/p>\n<ol>\n<li><strong>Ver a nossa sele\u00e7\u00e3o<\/strong>: Explore os nossos comprimidos de Ketamine de alta qualidade para venda, incluindo op\u00e7\u00f5es de 500mg adaptadas \u00e0s suas necessidades.<\/li>\n<li><strong>Checkout seguro<\/strong>: O nosso s\u00edtio Web foi concebido para proporcionar uma experi\u00eancia de encomenda segura e sem problemas.<\/li>\n<li><strong>Expedi\u00e7\u00e3o discreta<\/strong>: A sua encomenda \u00e9 entregue r\u00e1pida e discretamente \u00e0 sua porta.<\/li>\n<\/ol>\n<h3><span class=\"ez-toc-section\" id=\"FAQs_About_Buying_Ketamine_Pills_Online\"><\/span><strong>FAQs sobre a compra de comprimidos de cetamina online<\/strong><span class=\"ez-toc-section-end\"><\/span><\/h3>\n<p><strong>1. \u00c9 seguro comprar comprimidos de cetamina online?<\/strong><br \/>\nSem d\u00favida! Garantimos que todos os produtos cumprem rigorosos padr\u00f5es de qualidade e oferecemos op\u00e7\u00f5es de pagamento seguras.<\/p>\n<p><strong>2. Como \u00e9 que sei que a cetamina \u00e9 adequada para mim?<\/strong><br \/>\nConsulte o seu profissional de sa\u00fade para saber se a cetamina \u00e9 adequada para a sua condi\u00e7\u00e3o espec\u00edfica.<\/p>\n<p><strong>3. Existem efeitos secund\u00e1rios?<\/strong><br \/>\nEmbora raros, alguns utilizadores podem sentir ligeiras tonturas ou n\u00e1useas. Estes efeitos normalmente desaparecem rapidamente.<\/p>\n<h3><span class=\"ez-toc-section\" id=\"Call_to_Action\"><\/span><strong>Apelo \u00e0 a\u00e7\u00e3o<\/strong><span class=\"ez-toc-section-end\"><\/span><\/h3>\n<p>N\u00e3o deixe que a dor ou os problemas de sa\u00fade mental ditem a sua vida. Compre comprimidos de cetamina online hoje e d\u00ea o primeiro passo para um al\u00edvio duradouro e uma esperan\u00e7a renovada.<\/p>","protected":false},"excerpt":{"rendered":"<p><span style=\"font-weight: 400;\">Comprar ketamine 500mg pills online<\/span><\/p>","protected":false},"featured_media":9537,"comment_status":"open","ping_status":"closed","template":"","meta":[],"product_brand":[],"product_cat":[72],"product_tag":[],"class_list":{"0":"post-9543","1":"product","2":"type-product","3":"status-publish","4":"has-post-thumbnail","6":"product_cat-ketamine","8":"first","9":"instock","10":"shipping-taxable","11":"purchasable","12":"product-type-variable"},"yoast_head":"<!-- This site is optimized with the Yoast SEO plugin v27.3 - https:\/\/yoast.com\/product\/yoast-seo-wordpress\/ -->\n<title>Buy ketamine pills online - Hexchemicals<\/title>\n<meta name=\"description\" content=\"Discover relief from chronic pain, depression, and PTSD with Ketamine pills. Buy Ketamine 500mg pills online today for transformative treatment solutions.\" \/>\n<meta name=\"robots\" content=\"index, follow, max-snippet:-1, max-image-preview:large, max-video-preview:-1\" \/>\n<link rel=\"canonical\" href=\"https:\/\/hexchemicals.com\/pt\/product\/buy-ketamine-pills-online\/\" \/>\n<meta property=\"og:locale\" content=\"pt_PT\" \/>\n<meta property=\"og:type\" content=\"article\" \/>\n<meta property=\"og:title\" content=\"Buy ketamine pills online - Hexchemicals\" \/>\n<meta property=\"og:description\" content=\"Discover relief from chronic pain, depression, and PTSD with Ketamine pills. Buy Ketamine 500mg pills online today for transformative treatment solutions.\" \/>\n<meta property=\"og:url\" content=\"https:\/\/hexchemicals.com\/pt\/product\/buy-ketamine-pills-online\/\" \/>\n<meta property=\"og:site_name\" content=\"Hexchemicals\" \/>\n<meta property=\"article:modified_time\" content=\"2025-11-27T01:29:41+00:00\" \/>\n<meta property=\"og:image\" content=\"https:\/\/hexchemicals.com\/wp-content\/uploads\/2024\/12\/buy-ketamine-powder-online.jpg\" \/>\n\t<meta property=\"og:image:width\" content=\"1200\" \/>\n\t<meta property=\"og:image:height\" content=\"1105\" \/>\n\t<meta property=\"og:image:type\" content=\"image\/jpeg\" \/>\n<meta name=\"twitter:card\" content=\"summary_large_image\" \/>\n<meta name=\"twitter:label1\" content=\"Est. reading time\" \/>\n\t<meta name=\"twitter:data1\" content=\"3 minutos\" \/>\n<script type=\"application\/ld+json\" class=\"yoast-schema-graph\">{\"@context\":\"https:\\\/\\\/schema.org\",\"@graph\":[{\"@type\":\"WebPage\",\"@id\":\"https:\\\/\\\/hexchemicals.com\\\/product\\\/buy-ketamine-pills-online\\\/\",\"url\":\"https:\\\/\\\/hexchemicals.com\\\/product\\\/buy-ketamine-pills-online\\\/\",\"name\":\"Buy ketamine pills online - Hexchemicals\",\"isPartOf\":{\"@id\":\"https:\\\/\\\/hexchemicals.com\\\/#website\"},\"primaryImageOfPage\":{\"@id\":\"https:\\\/\\\/hexchemicals.com\\\/product\\\/buy-ketamine-pills-online\\\/#primaryimage\"},\"image\":{\"@id\":\"https:\\\/\\\/hexchemicals.com\\\/product\\\/buy-ketamine-pills-online\\\/#primaryimage\"},\"thumbnailUrl\":\"https:\\\/\\\/hexchemicals.com\\\/wp-content\\\/uploads\\\/2024\\\/12\\\/buy-ketamine-powder-online.jpg\",\"datePublished\":\"2024-12-09T06:07:24+00:00\",\"dateModified\":\"2025-11-27T01:29:41+00:00\",\"description\":\"Discover relief from chronic pain, depression, and PTSD with Ketamine pills. Buy Ketamine 500mg pills online today for transformative treatment solutions.\",\"breadcrumb\":{\"@id\":\"https:\\\/\\\/hexchemicals.com\\\/product\\\/buy-ketamine-pills-online\\\/#breadcrumb\"},\"inLanguage\":\"pt-PT\",\"potentialAction\":[{\"@type\":\"ReadAction\",\"target\":[\"https:\\\/\\\/hexchemicals.com\\\/product\\\/buy-ketamine-pills-online\\\/\"]}]},{\"@type\":\"ImageObject\",\"inLanguage\":\"pt-PT\",\"@id\":\"https:\\\/\\\/hexchemicals.com\\\/product\\\/buy-ketamine-pills-online\\\/#primaryimage\",\"url\":\"https:\\\/\\\/hexchemicals.com\\\/wp-content\\\/uploads\\\/2024\\\/12\\\/buy-ketamine-powder-online.jpg\",\"contentUrl\":\"https:\\\/\\\/hexchemicals.com\\\/wp-content\\\/uploads\\\/2024\\\/12\\\/buy-ketamine-powder-online.jpg\",\"width\":1200,\"height\":1105,\"caption\":\"Buy Ketamine powder online, buy ketamine hcl crystal powder online, buy ketamine powder\"},{\"@type\":\"BreadcrumbList\",\"@id\":\"https:\\\/\\\/hexchemicals.com\\\/product\\\/buy-ketamine-pills-online\\\/#breadcrumb\",\"itemListElement\":[{\"@type\":\"ListItem\",\"position\":1,\"name\":\"Home\",\"item\":\"https:\\\/\\\/hexchemicals.com\\\/\"},{\"@type\":\"ListItem\",\"position\":2,\"name\":\"Shop\",\"item\":\"https:\\\/\\\/hexchemicals.com\\\/shop\\\/\"},{\"@type\":\"ListItem\",\"position\":3,\"name\":\"500mg Ketamine Pills\"}]},{\"@type\":\"WebSite\",\"@id\":\"https:\\\/\\\/hexchemicals.com\\\/#website\",\"url\":\"https:\\\/\\\/hexchemicals.com\\\/\",\"name\":\"Hexchemicals\",\"description\":\"Buy GBL, GHB, Amphetamine and Ketamine\",\"potentialAction\":[{\"@type\":\"SearchAction\",\"target\":{\"@type\":\"EntryPoint\",\"urlTemplate\":\"https:\\\/\\\/hexchemicals.com\\\/?s={search_term_string}\"},\"query-input\":{\"@type\":\"PropertyValueSpecification\",\"valueRequired\":true,\"valueName\":\"search_term_string\"}}],\"inLanguage\":\"pt-PT\"}]}<\/script>\n<!-- \/ Yoast SEO plugin. -->","yoast_head_json":{"title":"Comprar comprimidos de cetamina online - Hexchemicals","description":"Descubra o al\u00edvio da dor cr\u00f3nica, depress\u00e3o e PTSD com os comprimidos de Ketamine. Compre comprimidos de Ketamine 500mg online hoje para solu\u00e7\u00f5es de tratamento transformadoras.","robots":{"index":"index","follow":"follow","max-snippet":"max-snippet:-1","max-image-preview":"max-image-preview:large","max-video-preview":"max-video-preview:-1"},"canonical":"https:\/\/hexchemicals.com\/pt\/product\/buy-ketamine-pills-online\/","og_locale":"pt_PT","og_type":"article","og_title":"Buy ketamine pills online - Hexchemicals","og_description":"Discover relief from chronic pain, depression, and PTSD with Ketamine pills. Buy Ketamine 500mg pills online today for transformative treatment solutions.","og_url":"https:\/\/hexchemicals.com\/pt\/product\/buy-ketamine-pills-online\/","og_site_name":"Hexchemicals","article_modified_time":"2025-11-27T01:29:41+00:00","og_image":[{"width":1200,"height":1105,"url":"https:\/\/hexchemicals.com\/wp-content\/uploads\/2024\/12\/buy-ketamine-powder-online.jpg","type":"image\/jpeg"}],"twitter_card":"summary_large_image","twitter_misc":{"Est. reading time":"3 minutos"},"schema":{"@context":"https:\/\/schema.org","@graph":[{"@type":"WebPage","@id":"https:\/\/hexchemicals.com\/product\/buy-ketamine-pills-online\/","url":"https:\/\/hexchemicals.com\/product\/buy-ketamine-pills-online\/","name":"Comprar comprimidos de cetamina online - Hexchemicals","isPartOf":{"@id":"https:\/\/hexchemicals.com\/#website"},"primaryImageOfPage":{"@id":"https:\/\/hexchemicals.com\/product\/buy-ketamine-pills-online\/#primaryimage"},"image":{"@id":"https:\/\/hexchemicals.com\/product\/buy-ketamine-pills-online\/#primaryimage"},"thumbnailUrl":"https:\/\/hexchemicals.com\/wp-content\/uploads\/2024\/12\/buy-ketamine-powder-online.jpg","datePublished":"2024-12-09T06:07:24+00:00","dateModified":"2025-11-27T01:29:41+00:00","description":"Descubra o al\u00edvio da dor cr\u00f3nica, depress\u00e3o e PTSD com os comprimidos de Ketamine. Compre comprimidos de Ketamine 500mg online hoje para solu\u00e7\u00f5es de tratamento transformadoras.","breadcrumb":{"@id":"https:\/\/hexchemicals.com\/product\/buy-ketamine-pills-online\/#breadcrumb"},"inLanguage":"pt-PT","potentialAction":[{"@type":"ReadAction","target":["https:\/\/hexchemicals.com\/product\/buy-ketamine-pills-online\/"]}]},{"@type":"ImageObject","inLanguage":"pt-PT","@id":"https:\/\/hexchemicals.com\/product\/buy-ketamine-pills-online\/#primaryimage","url":"https:\/\/hexchemicals.com\/wp-content\/uploads\/2024\/12\/buy-ketamine-powder-online.jpg","contentUrl":"https:\/\/hexchemicals.com\/wp-content\/uploads\/2024\/12\/buy-ketamine-powder-online.jpg","width":1200,"height":1105,"caption":"Buy Ketamine powder online, buy ketamine hcl crystal powder online, buy ketamine powder"},{"@type":"BreadcrumbList","@id":"https:\/\/hexchemicals.com\/product\/buy-ketamine-pills-online\/#breadcrumb","itemListElement":[{"@type":"ListItem","position":1,"name":"Home","item":"https:\/\/hexchemicals.com\/"},{"@type":"ListItem","position":2,"name":"Shop","item":"https:\/\/hexchemicals.com\/shop\/"},{"@type":"ListItem","position":3,"name":"500mg Ketamine Pills"}]},{"@type":"WebSite","@id":"https:\/\/hexchemicals.com\/#website","url":"https:\/\/hexchemicals.com\/","name":"Hexqu\u00edmicos","description":"Comprar GBL, GHB, anfetaminas e cetamina","potentialAction":[{"@type":"SearchAction","target":{"@type":"EntryPoint","urlTemplate":"https:\/\/hexchemicals.com\/?s={search_term_string}"},"query-input":{"@type":"PropertyValueSpecification","valueRequired":true,"valueName":"search_term_string"}}],"inLanguage":"pt-PT"}]}},"_links":{"self":[{"href":"https:\/\/hexchemicals.com\/pt\/wp-json\/wp\/v2\/product\/9543","targetHints":{"allow":["GET"]}}],"collection":[{"href":"https:\/\/hexchemicals.com\/pt\/wp-json\/wp\/v2\/product"}],"about":[{"href":"https:\/\/hexchemicals.com\/pt\/wp-json\/wp\/v2\/types\/product"}],"replies":[{"embeddable":true,"href":"https:\/\/hexchemicals.com\/pt\/wp-json\/wp\/v2\/comments?post=9543"}],"wp:featuredmedia":[{"embeddable":true,"href":"https:\/\/hexchemicals.com\/pt\/wp-json\/wp\/v2\/media\/9537"}],"wp:attachment":[{"href":"https:\/\/hexchemicals.com\/pt\/wp-json\/wp\/v2\/media?parent=9543"}],"wp:term":[{"taxonomy":"product_brand","embeddable":true,"href":"https:\/\/hexchemicals.com\/pt\/wp-json\/wp\/v2\/product_brand?post=9543"},{"taxonomy":"product_cat","embeddable":true,"href":"https:\/\/hexchemicals.com\/pt\/wp-json\/wp\/v2\/product_cat?post=9543"},{"taxonomy":"product_tag","embeddable":true,"href":"https:\/\/hexchemicals.com\/pt\/wp-json\/wp\/v2\/product_tag?post=9543"}],"curies":[{"name":"wp","href":"https:\/\/api.w.org\/{rel}","templated":true}]}}