{"id":9556,"date":"2024-12-09T09:35:37","date_gmt":"2024-12-09T09:35:37","guid":{"rendered":"https:\/\/hexchemicals.com\/?post_type=product&#038;p=9556"},"modified":"2026-04-11T06:20:54","modified_gmt":"2026-04-11T06:20:54","slug":"encomendar-gbl","status":"publish","type":"product","link":"https:\/\/hexchemicals.com\/pt\/product\/encomendar-gbl\/","title":{"rendered":"Gama-butirolactona (GBL)"},"content":{"rendered":"<div id=\"ez-toc-container\" class=\"ez-toc-v2_0_82_2 counter-hierarchy ez-toc-counter ez-toc-grey ez-toc-container-direction\">\n<div class=\"ez-toc-title-container\">\n<p class=\"ez-toc-title\" style=\"cursor:inherit\">\u00cdndice<\/p>\n<span class=\"ez-toc-title-toggle\"><a href=\"#\" class=\"ez-toc-pull-right ez-toc-btn ez-toc-btn-xs ez-toc-btn-default ez-toc-toggle\" aria-label=\"Alternar o \u00edndice\"><span class=\"ez-toc-js-icon-con\"><span class=\"\"><span class=\"eztoc-hide\" style=\"display:none;\">Alternar<\/span><span class=\"ez-toc-icon-toggle-span\"><svg style=\"fill: #333333;color:#333333\" xmlns=\"http:\/\/www.w3.org\/2000\/svg\" class=\"list-377408\" width=\"20px\" height=\"20px\" viewbox=\"0 0 24 24\" fill=\"none\"><path d=\"M6 6H4v2h2V6zm14 0H8v2h12V6zM4 11h2v2H4v-2zm16 0H8v2h12v-2zM4 16h2v2H4v-2zm16 0H8v2h12v-2z\" fill=\"currentColor\"><\/path><\/svg><svg style=\"fill: #333333;color:#333333\" class=\"arrow-unsorted-368013\" xmlns=\"http:\/\/www.w3.org\/2000\/svg\" width=\"10px\" height=\"10px\" viewbox=\"0 0 24 24\" version=\"1.2\" baseprofile=\"tiny\"><path d=\"M18.2 9.3l-6.2-6.3-6.2 6.3c-.2.2-.3.4-.3.7s.1.5.3.7c.2.2.4.3.7.3h11c.3 0 .5-.1.7-.3.2-.2.3-.5.3-.7s-.1-.5-.3-.7zM5.8 14.7l6.2 6.3 6.2-6.3c.2-.2.3-.5.3-.7s-.1-.5-.3-.7c-.2-.2-.4-.3-.7-.3h-11c-.3 0-.5.1-.7.3-.2.2-.3.5-.3.7s.1.5.3.7z\"\/><\/svg><\/span><\/span><\/span><\/a><\/span><\/div>\n<nav><ul class='ez-toc-list ez-toc-list-level-1' ><li class='ez-toc-page-1 ez-toc-heading-level-1'><a class=\"ez-toc-link ez-toc-heading-1\" href=\"https:\/\/hexchemicals.com\/pt\/product\/encomendar-gbl\/#Discover_the_Power_of_GBL_for_KO_Drops_%E2%80%93_Order_GBL\" >Descubra o poder da GBL para gotas KO - Encomendar GBL<\/a><ul class='ez-toc-list-level-4' ><li class='ez-toc-heading-level-4'><ul class='ez-toc-list-level-4' ><li class='ez-toc-heading-level-4'><ul class='ez-toc-list-level-4' ><li class='ez-toc-heading-level-4'><a class=\"ez-toc-link ez-toc-heading-2\" href=\"https:\/\/hexchemicals.com\/pt\/product\/encomendar-gbl\/#The_Problem_Frustration_with_Low-Quality_Alternatives\" >O problema: Frustra\u00e7\u00e3o com alternativas de baixa qualidade<\/a><\/li><li class='ez-toc-page-1 ez-toc-heading-level-4'><a class=\"ez-toc-link ez-toc-heading-3\" href=\"https:\/\/hexchemicals.com\/pt\/product\/encomendar-gbl\/#The_Solution_Premium_GBL_You_Can_Trust\" >A solu\u00e7\u00e3o: GBL Premium em que pode confiar<\/a><\/li><\/ul><\/li><li class='ez-toc-page-1 ez-toc-heading-level-3'><a class=\"ez-toc-link ez-toc-heading-4\" href=\"https:\/\/hexchemicals.com\/pt\/product\/encomendar-gbl\/#Why_Choose_Our_GBL\" >Porqu\u00ea escolher a nossa GBL?<\/a><\/li><li class='ez-toc-page-1 ez-toc-heading-level-3'><a class=\"ez-toc-link ez-toc-heading-5\" href=\"https:\/\/hexchemicals.com\/pt\/product\/encomendar-gbl\/#How_GBL_Meets_Your_Needs\" >Como a GBL atende \u00e0s suas necessidades<\/a><\/li><li class='ez-toc-page-1 ez-toc-heading-level-3'><a class=\"ez-toc-link ez-toc-heading-6\" href=\"https:\/\/hexchemicals.com\/pt\/product\/encomendar-gbl\/#FAQs_About_GBL\" >Perguntas frequentes sobre a GBL<\/a><\/li><li class='ez-toc-page-1 ez-toc-heading-level-3'><a class=\"ez-toc-link ez-toc-heading-7\" href=\"https:\/\/hexchemicals.com\/pt\/product\/encomendar-gbl\/#Why_Trust_Hexchemicals\" >Por que confiar na Hexchemicals?<\/a><\/li><li class='ez-toc-page-1 ez-toc-heading-level-3'><a class=\"ez-toc-link ez-toc-heading-8\" href=\"https:\/\/hexchemicals.com\/pt\/product\/encomendar-gbl\/#Take_Action_Now_%E2%80%93_Order_GBL_Today\" >Tome uma a\u00e7\u00e3o agora - Encomende GBL hoje!<\/a><ul class='ez-toc-list-level-4' ><li class='ez-toc-heading-level-4'><a class=\"ez-toc-link ez-toc-heading-9\" href=\"https:\/\/hexchemicals.com\/pt\/product\/encomendar-gbl\/#Ready_to_Get_Started\" >Pronto para come\u00e7ar?<\/a><\/li><\/ul><\/li><\/ul><\/li><\/ul><\/li><\/ul><\/nav><\/div>\n<h1><span class=\"ez-toc-section\" id=\"Discover_the_Power_of_GBL_for_KO_Drops_%E2%80%93_Order_GBL\"><\/span><strong>Descubra o poder da GBL para gotas KO - Encomendar GBL<\/strong><span class=\"ez-toc-section-end\"><\/span><\/h1>\n<p>Quando a vida se torna demasiado pesada, precisa de uma solu\u00e7\u00e3o que funcione sem esfor\u00e7o. A gama-butirolactona (GBL) \u00e9 a sua escolha de elei\u00e7\u00e3o para gotas KO, na qual confia pela sua pot\u00eancia, versatilidade e fiabilidade inigual\u00e1veis. Quer esteja \u00e0 procura de um produto de limpeza potente ou a explorar aplica\u00e7\u00f5es recreativas sob diretrizes seguras, a GBL \u00e9 sempre a solu\u00e7\u00e3o ideal.<\/p>\n<p>Eis a raz\u00e3o pela qual milhares de pessoas optam por nos encomendar GBL:<\/p>\n<h4><span class=\"ez-toc-section\" id=\"The_Problem_Frustration_with_Low-Quality_Alternatives\"><\/span><strong>O problema: Frustra\u00e7\u00e3o com alternativas de baixa qualidade<\/strong><span class=\"ez-toc-section-end\"><\/span><\/h4>\n<p>J\u00e1 alguma vez encomendou um produto que n\u00e3o correspondeu \u00e0s expectativas? Resultados fracos, embalagens suspeitas e prazos de entrega pouco fi\u00e1veis podem ser uma dor de cabe\u00e7a. Merece melhor.<\/p>\n<p>Imagine ter a certeza de que a sua compra \u00e9 genu\u00edna, eficaz e chega prontamente, sem complica\u00e7\u00f5es desnecess\u00e1rias. Parece ideal, certo?<\/p>\n<h4><span class=\"ez-toc-section\" id=\"The_Solution_Premium_GBL_You_Can_Trust\"><\/span><strong>A solu\u00e7\u00e3o: GBL Premium em que pode confiar<\/strong><span class=\"ez-toc-section-end\"><\/span><\/h4>\n<p>Na Hexchemicals, temos orgulho em fornecer GBL de primeira linha para atender a diversas necessidades. Quer seja um profissional ou um entusiasta, tornamos simples e segura a compra de GBL online.<\/p>\n<h3><span class=\"ez-toc-section\" id=\"Why_Choose_Our_GBL\"><\/span><strong>Porqu\u00ea escolher a nossa GBL?<\/strong><span class=\"ez-toc-section-end\"><\/span><\/h3>\n<p><strong>1. Pureza e pot\u00eancia inigual\u00e1veis<\/strong><br \/>\nA nossa GBL foi concebida para exceder os padr\u00f5es da ind\u00fastria, assegurando a m\u00e1xima efic\u00e1cia para aplica\u00e7\u00f5es de queda KO.<\/p>\n<ul>\n<li><strong>Garantia de pureza<\/strong>: Verificado por testes independentes.<\/li>\n<li><strong>Desempenho excecional<\/strong>: Um pouco vale muito.<\/li>\n<\/ul>\n<p><strong>2. Entrega segura, discreta e r\u00e1pida<\/strong><br \/>\nQuando nos escolhe, tem acesso a uma expedi\u00e7\u00e3o extremamente r\u00e1pida numa embalagem discreta e inviol\u00e1vel.<\/p>\n<ul>\n<li><strong>Alcance global<\/strong>: Entrega fi\u00e1vel em todo o mundo.<\/li>\n<li><strong>Transac\u00e7\u00f5es seguras<\/strong>: A sua privacidade \u00e9 a nossa prioridade.<\/li>\n<\/ul>\n<p><strong>3. Pre\u00e7os competitivos<\/strong><br \/>\nAcreditamos em oferecer valor sem comprometer a qualidade.<\/p>\n<ul>\n<li><strong>Op\u00e7\u00f5es acess\u00edveis<\/strong>: V\u00e1rios tamanhos de embalagens para se adaptarem a todos os or\u00e7amentos.<\/li>\n<li><strong>Ofertas exclusivas<\/strong>: Descontos para encomendas em grandes quantidades.<\/li>\n<\/ul>\n<h3><span class=\"ez-toc-section\" id=\"How_GBL_Meets_Your_Needs\"><\/span><strong>Como a GBL atende \u00e0s suas necessidades<\/strong><span class=\"ez-toc-section-end\"><\/span><\/h3>\n<p><strong>1. Solvente potente para profissionais<\/strong><br \/>\nA GBL \u00e9 conhecida pela sua capacidade de decompor res\u00edduos dif\u00edceis sem esfor\u00e7o, o que a torna um elemento b\u00e1sico em laborat\u00f3rios e ambientes industriais.<\/p>\n<p><strong>2. KO Drops: Versatilidade com que pode contar<\/strong><br \/>\nPara os utilizadores recreativos, as propriedades \u00fanicas da GBL tornaram-na uma escolha de destaque na categoria de gotas KO, proporcionando resultados consistentes e desej\u00e1veis.<\/p>\n<p><strong>3. Adaptado ao seu estilo de vida<\/strong><br \/>\nIndependentemente da sua aplica\u00e7\u00e3o, garantimos que cada encomenda excede as expectativas. \u00c9 por isso que milhares de pessoas optam por nos encomendar GBL vezes sem conta.<\/p>\n<h3><span class=\"ez-toc-section\" id=\"FAQs_About_GBL\"><\/span><strong>Perguntas frequentes sobre a GBL<\/strong><span class=\"ez-toc-section-end\"><\/span><\/h3>\n<p><strong>1. \u00c9 seguro comprar GBL online?<\/strong><br \/>\nSem d\u00favida. Damos prioridade \u00e0 sua seguran\u00e7a com transac\u00e7\u00f5es encriptadas, embalagens discretas e conformidade com os regulamentos de envio.<\/p>\n<p><strong>2. Como posso garantir uma utiliza\u00e7\u00e3o correta?<\/strong><br \/>\nInclu\u00edmos diretrizes detalhadas em cada compra. Al\u00e9m disso, a nossa equipa de apoio ao cliente est\u00e1 aqui para responder \u00e0s suas perguntas.<\/p>\n<p><strong>3. O que \u00e9 que torna a sua LBV melhor do que as outras?<\/strong><br \/>\nOs nossos rigorosos controlos de qualidade e a filosofia de colocar o cliente em primeiro lugar garantem que recebe apenas o melhor produto dispon\u00edvel.<\/p>\n<h3><span class=\"ez-toc-section\" id=\"Why_Trust_Hexchemicals\"><\/span><strong>Por que confiar na Hexchemicals?<\/strong><span class=\"ez-toc-section-end\"><\/span><\/h3>\n<ul>\n<li><strong>Experi\u00eancia com que pode contar<\/strong>: Anos de experi\u00eancia no fornecimento de produtos qu\u00edmicos de investiga\u00e7\u00e3o de alta qualidade.<\/li>\n<li><strong>Abordagem centrada no cliente<\/strong>: Desde a encomenda at\u00e9 ao apoio p\u00f3s-entrega, estamos aqui para ajudar.<\/li>\n<li><strong>Um legado de satisfa\u00e7\u00e3o<\/strong>: Milhares de clientes satisfeitos em todo o mundo.<\/li>\n<\/ul>\n<h3><span class=\"ez-toc-section\" id=\"Take_Action_Now_%E2%80%93_Order_GBL_Today\"><\/span><strong>Tome uma a\u00e7\u00e3o agora - Encomende GBL hoje!<\/strong><span class=\"ez-toc-section-end\"><\/span><\/h3>\n<p>N\u00e3o se contente com menos quando pode ter o melhor. Experimente a diferen\u00e7a que a GBL premium faz nas suas aplica\u00e7\u00f5es de gotas KO.<\/p>\n<p>Compre GBL com confian\u00e7a.<br \/>\nDesfrute de uma entrega r\u00e1pida e segura.<br \/>\nTransforme a sua experi\u00eancia hoje mesmo!<\/p>\n<h4><span class=\"ez-toc-section\" id=\"Ready_to_Get_Started\"><\/span><strong>Pronto para come\u00e7ar?<\/strong><span class=\"ez-toc-section-end\"><\/span><\/h4>\n<p><strong>Encomendar GBL agora<\/strong> e junte-se \u00e0 crescente comunidade de clientes satisfeitos!<\/p>\n<p><em>Exonera\u00e7\u00e3o de responsabilidade: Assegurar uma utiliza\u00e7\u00e3o respons\u00e1vel e o cumprimento de todos os regulamentos aplic\u00e1veis.<\/em><\/p>","protected":false},"excerpt":{"rendered":"<p>Descubra o poder da GBL para KO Drops - Encomendar GBL Quando a vida se torna esmagadora, precisa de uma solu\u00e7\u00e3o que<\/p>","protected":false},"featured_media":9558,"comment_status":"open","ping_status":"closed","template":"","meta":[],"product_brand":[],"product_cat":[70],"product_tag":[],"class_list":{"0":"post-9556","1":"product","2":"type-product","3":"status-publish","4":"has-post-thumbnail","6":"product_cat-ko-drops","8":"first","9":"instock","10":"shipping-taxable","11":"purchasable","12":"product-type-variable"},"yoast_head":"<!-- This site is optimized with the Yoast SEO plugin v27.3 - https:\/\/yoast.com\/product\/yoast-seo-wordpress\/ -->\n<title>Order GBL Online \u2013 Your Trusted Source for KO Drops<\/title>\n<meta name=\"description\" content=\"Order GBL today for premium quality KO drops trusted by professionals and enthusiasts alike. Fast shipping, secure packaging, and top-notch support!\" \/>\n<meta name=\"robots\" content=\"index, follow, max-snippet:-1, max-image-preview:large, max-video-preview:-1\" \/>\n<link rel=\"canonical\" href=\"https:\/\/hexchemicals.com\/pt\/product\/encomendar-gbl\/\" \/>\n<meta property=\"og:locale\" content=\"pt_PT\" \/>\n<meta property=\"og:type\" content=\"article\" \/>\n<meta property=\"og:title\" content=\"Order GBL Online \u2013 Your Trusted Source for KO Drops\" \/>\n<meta property=\"og:description\" content=\"Order GBL today for premium quality KO drops trusted by professionals and enthusiasts alike. Fast shipping, secure packaging, and top-notch support!\" \/>\n<meta property=\"og:url\" content=\"https:\/\/hexchemicals.com\/pt\/product\/encomendar-gbl\/\" \/>\n<meta property=\"og:site_name\" content=\"Hexchemicals\" \/>\n<meta property=\"article:modified_time\" content=\"2026-04-11T06:20:54+00:00\" \/>\n<meta property=\"og:image\" content=\"https:\/\/hexchemicals.com\/wp-content\/uploads\/2024\/12\/Order-GBL.jpg\" \/>\n\t<meta property=\"og:image:width\" content=\"1200\" \/>\n\t<meta property=\"og:image:height\" content=\"1105\" \/>\n\t<meta property=\"og:image:type\" content=\"image\/jpeg\" \/>\n<meta name=\"twitter:card\" content=\"summary_large_image\" \/>\n<meta name=\"twitter:label1\" content=\"Est. reading time\" \/>\n\t<meta name=\"twitter:data1\" content=\"3 minutos\" \/>\n<script type=\"application\/ld+json\" class=\"yoast-schema-graph\">{\"@context\":\"https:\\\/\\\/schema.org\",\"@graph\":[{\"@type\":\"WebPage\",\"@id\":\"https:\\\/\\\/hexchemicals.com\\\/product\\\/order-gbl\\\/\",\"url\":\"https:\\\/\\\/hexchemicals.com\\\/product\\\/order-gbl\\\/\",\"name\":\"Order GBL Online \u2013 Your Trusted Source for KO Drops\",\"isPartOf\":{\"@id\":\"https:\\\/\\\/hexchemicals.com\\\/#website\"},\"primaryImageOfPage\":{\"@id\":\"https:\\\/\\\/hexchemicals.com\\\/product\\\/order-gbl\\\/#primaryimage\"},\"image\":{\"@id\":\"https:\\\/\\\/hexchemicals.com\\\/product\\\/order-gbl\\\/#primaryimage\"},\"thumbnailUrl\":\"https:\\\/\\\/hexchemicals.com\\\/wp-content\\\/uploads\\\/2024\\\/12\\\/Order-GBL.jpg\",\"datePublished\":\"2024-12-09T09:35:37+00:00\",\"dateModified\":\"2026-04-11T06:20:54+00:00\",\"description\":\"Order GBL today for premium quality KO drops trusted by professionals and enthusiasts alike. Fast shipping, secure packaging, and top-notch support!\",\"breadcrumb\":{\"@id\":\"https:\\\/\\\/hexchemicals.com\\\/product\\\/order-gbl\\\/#breadcrumb\"},\"inLanguage\":\"pt-PT\",\"potentialAction\":[{\"@type\":\"ReadAction\",\"target\":[\"https:\\\/\\\/hexchemicals.com\\\/product\\\/order-gbl\\\/\"]}]},{\"@type\":\"ImageObject\",\"inLanguage\":\"pt-PT\",\"@id\":\"https:\\\/\\\/hexchemicals.com\\\/product\\\/order-gbl\\\/#primaryimage\",\"url\":\"https:\\\/\\\/hexchemicals.com\\\/wp-content\\\/uploads\\\/2024\\\/12\\\/Order-GBL.jpg\",\"contentUrl\":\"https:\\\/\\\/hexchemicals.com\\\/wp-content\\\/uploads\\\/2024\\\/12\\\/Order-GBL.jpg\",\"width\":1200,\"height\":1105,\"caption\":\"Order GBL, Buy GBL online\"},{\"@type\":\"BreadcrumbList\",\"@id\":\"https:\\\/\\\/hexchemicals.com\\\/product\\\/order-gbl\\\/#breadcrumb\",\"itemListElement\":[{\"@type\":\"ListItem\",\"position\":1,\"name\":\"Home\",\"item\":\"https:\\\/\\\/hexchemicals.com\\\/\"},{\"@type\":\"ListItem\",\"position\":2,\"name\":\"Shop\",\"item\":\"https:\\\/\\\/hexchemicals.com\\\/shop\\\/\"},{\"@type\":\"ListItem\",\"position\":3,\"name\":\"Gamma-Butyrolactone (GBL)\"}]},{\"@type\":\"WebSite\",\"@id\":\"https:\\\/\\\/hexchemicals.com\\\/#website\",\"url\":\"https:\\\/\\\/hexchemicals.com\\\/\",\"name\":\"Hexchemicals\",\"description\":\"Buy GBL, GHB, Amphetamine and Ketamine\",\"potentialAction\":[{\"@type\":\"SearchAction\",\"target\":{\"@type\":\"EntryPoint\",\"urlTemplate\":\"https:\\\/\\\/hexchemicals.com\\\/?s={search_term_string}\"},\"query-input\":{\"@type\":\"PropertyValueSpecification\",\"valueRequired\":true,\"valueName\":\"search_term_string\"}}],\"inLanguage\":\"pt-PT\"}]}<\/script>\n<!-- \/ Yoast SEO plugin. -->","yoast_head_json":{"title":"Encomendar GBL Online - A sua fonte de confian\u00e7a para KO Drops","description":"Encomende GBL hoje para obter gotas KO de qualidade premium em que profissionais e entusiastas confiam. Envio r\u00e1pido, embalagem segura e suporte de primeira linha!","robots":{"index":"index","follow":"follow","max-snippet":"max-snippet:-1","max-image-preview":"max-image-preview:large","max-video-preview":"max-video-preview:-1"},"canonical":"https:\/\/hexchemicals.com\/pt\/product\/encomendar-gbl\/","og_locale":"pt_PT","og_type":"article","og_title":"Order GBL Online \u2013 Your Trusted Source for KO Drops","og_description":"Order GBL today for premium quality KO drops trusted by professionals and enthusiasts alike. Fast shipping, secure packaging, and top-notch support!","og_url":"https:\/\/hexchemicals.com\/pt\/product\/encomendar-gbl\/","og_site_name":"Hexchemicals","article_modified_time":"2026-04-11T06:20:54+00:00","og_image":[{"width":1200,"height":1105,"url":"https:\/\/hexchemicals.com\/wp-content\/uploads\/2024\/12\/Order-GBL.jpg","type":"image\/jpeg"}],"twitter_card":"summary_large_image","twitter_misc":{"Est. reading time":"3 minutos"},"schema":{"@context":"https:\/\/schema.org","@graph":[{"@type":"WebPage","@id":"https:\/\/hexchemicals.com\/product\/order-gbl\/","url":"https:\/\/hexchemicals.com\/product\/order-gbl\/","name":"Encomendar GBL Online - A sua fonte de confian\u00e7a para KO Drops","isPartOf":{"@id":"https:\/\/hexchemicals.com\/#website"},"primaryImageOfPage":{"@id":"https:\/\/hexchemicals.com\/product\/order-gbl\/#primaryimage"},"image":{"@id":"https:\/\/hexchemicals.com\/product\/order-gbl\/#primaryimage"},"thumbnailUrl":"https:\/\/hexchemicals.com\/wp-content\/uploads\/2024\/12\/Order-GBL.jpg","datePublished":"2024-12-09T09:35:37+00:00","dateModified":"2026-04-11T06:20:54+00:00","description":"Encomende GBL hoje para obter gotas KO de qualidade premium em que profissionais e entusiastas confiam. Envio r\u00e1pido, embalagem segura e suporte de primeira linha!","breadcrumb":{"@id":"https:\/\/hexchemicals.com\/product\/order-gbl\/#breadcrumb"},"inLanguage":"pt-PT","potentialAction":[{"@type":"ReadAction","target":["https:\/\/hexchemicals.com\/product\/order-gbl\/"]}]},{"@type":"ImageObject","inLanguage":"pt-PT","@id":"https:\/\/hexchemicals.com\/product\/order-gbl\/#primaryimage","url":"https:\/\/hexchemicals.com\/wp-content\/uploads\/2024\/12\/Order-GBL.jpg","contentUrl":"https:\/\/hexchemicals.com\/wp-content\/uploads\/2024\/12\/Order-GBL.jpg","width":1200,"height":1105,"caption":"Order GBL, Buy GBL online"},{"@type":"BreadcrumbList","@id":"https:\/\/hexchemicals.com\/product\/order-gbl\/#breadcrumb","itemListElement":[{"@type":"ListItem","position":1,"name":"Home","item":"https:\/\/hexchemicals.com\/"},{"@type":"ListItem","position":2,"name":"Shop","item":"https:\/\/hexchemicals.com\/shop\/"},{"@type":"ListItem","position":3,"name":"Gamma-Butyrolactone (GBL)"}]},{"@type":"WebSite","@id":"https:\/\/hexchemicals.com\/#website","url":"https:\/\/hexchemicals.com\/","name":"Hexqu\u00edmicos","description":"Comprar GBL, GHB, anfetaminas e cetamina","potentialAction":[{"@type":"SearchAction","target":{"@type":"EntryPoint","urlTemplate":"https:\/\/hexchemicals.com\/?s={search_term_string}"},"query-input":{"@type":"PropertyValueSpecification","valueRequired":true,"valueName":"search_term_string"}}],"inLanguage":"pt-PT"}]}},"_links":{"self":[{"href":"https:\/\/hexchemicals.com\/pt\/wp-json\/wp\/v2\/product\/9556","targetHints":{"allow":["GET"]}}],"collection":[{"href":"https:\/\/hexchemicals.com\/pt\/wp-json\/wp\/v2\/product"}],"about":[{"href":"https:\/\/hexchemicals.com\/pt\/wp-json\/wp\/v2\/types\/product"}],"replies":[{"embeddable":true,"href":"https:\/\/hexchemicals.com\/pt\/wp-json\/wp\/v2\/comments?post=9556"}],"wp:featuredmedia":[{"embeddable":true,"href":"https:\/\/hexchemicals.com\/pt\/wp-json\/wp\/v2\/media\/9558"}],"wp:attachment":[{"href":"https:\/\/hexchemicals.com\/pt\/wp-json\/wp\/v2\/media?parent=9556"}],"wp:term":[{"taxonomy":"product_brand","embeddable":true,"href":"https:\/\/hexchemicals.com\/pt\/wp-json\/wp\/v2\/product_brand?post=9556"},{"taxonomy":"product_cat","embeddable":true,"href":"https:\/\/hexchemicals.com\/pt\/wp-json\/wp\/v2\/product_cat?post=9556"},{"taxonomy":"product_tag","embeddable":true,"href":"https:\/\/hexchemicals.com\/pt\/wp-json\/wp\/v2\/product_tag?post=9556"}],"curies":[{"name":"wp","href":"https:\/\/api.w.org\/{rel}","templated":true}]}}