{"id":5212,"date":"2021-08-25T07:26:28","date_gmt":"2021-08-25T07:26:28","guid":{"rendered":"http:\/\/dummy.xtemos.com\/woodmart2\/?page_id=5212"},"modified":"2024-12-08T15:52:37","modified_gmt":"2024-12-08T15:52:37","slug":"om","status":"publish","type":"page","link":"https:\/\/hexchemicals.com\/sv\/om\/","title":{"rendered":"Om"},"content":{"rendered":"<div class=\"wpb-content-wrapper\"><div data-vc-full-width=\"true\" data-vc-full-width-temp=\"true\" data-vc-full-width-init=\"false\" class=\"vc_row wpb_row vc_row-fluid vc_custom_1629876973406 vc_row-has-fill vc_row-o-content-middle vc_row-flex wd-rs-6125f2d9a9f9b\"><div class=\"wpb_column vc_column_container vc_col-sm-12 vc_col-lg-4 vc_col-md-4 vc_col-xs-12 wd-rs-6125f2fa74bd9\"><div class=\"vc_column-inner vc_custom_1629876989711\"><div class=\"wpb_wrapper\">\n\t\t<div id=\"wd-6755bd549611a\" class=\"title-wrapper wd-wpb wd-set-mb reset-last-child  wd-rs-6755bd549611a wd-title-color-primary wd-title-style-default text-left vc_custom_1733672286889 wd-width-enabled wd-underline-colored\" style=\"--wd-max-width: 90%;\">\n\t\t\t\t\t\t\t\n\t\t\t\t<div class=\"title-subtitle  subtitle-color-primary font-default subtitle-style-default wd-font-weight-600 wd-fontsize-xs\">OM HEXKEMIKALIER<\/div>\n\t\t\t\n\t\t\t<div class=\"liner-continer\">\n\t\t\t\t<div id=\"ez-toc-container\" class=\"ez-toc-v2_0_82_2 counter-hierarchy ez-toc-counter ez-toc-grey ez-toc-container-direction\">\n<div class=\"ez-toc-title-container\">\n<p class=\"ez-toc-title\" style=\"cursor:inherit\">Inneh\u00e5llsf\u00f6rteckning<\/p>\n<span class=\"ez-toc-title-toggle\"><a href=\"#\" class=\"ez-toc-pull-right ez-toc-btn ez-toc-btn-xs ez-toc-btn-default ez-toc-toggle\" aria-label=\"Toggle Inneh\u00e5llsf\u00f6rteckning\"><span class=\"ez-toc-js-icon-con\"><span class=\"\"><span class=\"eztoc-hide\" style=\"display:none;\">Toggle<\/span><span class=\"ez-toc-icon-toggle-span\"><svg style=\"fill: #333333;color:#333333\" xmlns=\"http:\/\/www.w3.org\/2000\/svg\" class=\"list-377408\" width=\"20px\" height=\"20px\" viewbox=\"0 0 24 24\" fill=\"none\"><path d=\"M6 6H4v2h2V6zm14 0H8v2h12V6zM4 11h2v2H4v-2zm16 0H8v2h12v-2zM4 16h2v2H4v-2zm16 0H8v2h12v-2z\" fill=\"currentColor\"><\/path><\/svg><svg style=\"fill: #333333;color:#333333\" class=\"arrow-unsorted-368013\" xmlns=\"http:\/\/www.w3.org\/2000\/svg\" width=\"10px\" height=\"10px\" viewbox=\"0 0 24 24\" version=\"1.2\" baseprofile=\"tiny\"><path d=\"M18.2 9.3l-6.2-6.3-6.2 6.3c-.2.2-.3.4-.3.7s.1.5.3.7c.2.2.4.3.7.3h11c.3 0 .5-.1.7-.3.2-.2.3-.5.3-.7s-.1-.5-.3-.7zM5.8 14.7l6.2 6.3 6.2-6.3c.2-.2.3-.5.3-.7s-.1-.5-.3-.7c-.2-.2-.4-.3-.7-.3h-11c-.3 0-.5.1-.7.3-.2.2-.3.5-.3.7s.1.5.3.7z\"\/><\/svg><\/span><\/span><\/span><\/a><\/span><\/div>\n<nav><ul class='ez-toc-list ez-toc-list-level-1' ><li class='ez-toc-page-1 ez-toc-heading-level-4'><a class=\"ez-toc-link ez-toc-heading-1\" href=\"https:\/\/hexchemicals.com\/sv\/om\/#Buy_KO_Drops_and_other_chemicals_like_Amphetamine\" >K\u00f6p KO Drops och andra kemikalier som amfetamin<\/a><\/li><li class='ez-toc-page-1 ez-toc-heading-level-4'><a class=\"ez-toc-link ez-toc-heading-2\" href=\"https:\/\/hexchemicals.com\/sv\/om\/#What_We_Stand_For\" >Vad vi st\u00e5r f\u00f6r<\/a><\/li><li class='ez-toc-page-1 ez-toc-heading-level-4'><a class=\"ez-toc-link ez-toc-heading-3\" href=\"https:\/\/hexchemicals.com\/sv\/om\/#1_Unwavering_Quality\" >1. Of\u00f6r\u00e4nderlig kvalitet<\/a><\/li><li class='ez-toc-page-1 ez-toc-heading-level-4'><a class=\"ez-toc-link ez-toc-heading-4\" href=\"https:\/\/hexchemicals.com\/sv\/om\/#2_Compliance_and_Certifications\" >2. Efterlevnad och certifieringar<\/a><\/li><li class='ez-toc-page-1 ez-toc-heading-level-4'><a class=\"ez-toc-link ez-toc-heading-5\" href=\"https:\/\/hexchemicals.com\/sv\/om\/#3_Customer-Centric_Approach\" >3. Kundcentrerat f\u00f6rh\u00e5llningss\u00e4tt<\/a><\/li><li class='ez-toc-page-1 ez-toc-heading-level-4'><a class=\"ez-toc-link ez-toc-heading-6\" href=\"https:\/\/hexchemicals.com\/sv\/om\/#Why_Choose_Hexchemicals\" >Varf\u00f6r v\u00e4lja Hexchemicals?<\/a><\/li><li class='ez-toc-page-1 ez-toc-heading-level-4'><a class=\"ez-toc-link ez-toc-heading-7\" href=\"https:\/\/hexchemicals.com\/sv\/om\/#Our_Commitment_to_You\" >V\u00e5rt \u00e5tagande gentemot dig<\/a><\/li><\/ul><\/nav><\/div>\n<h4 class=\"woodmart-title-container title  wd-font-weight- wd-fontsize-xxl\" ><span class=\"ez-toc-section\" id=\"Buy_KO_Drops_and_other_chemicals_like_Amphetamine\"><\/span>K\u00f6p KO Drops och andra kemikalier som amfetamin <span class=\"ez-toc-section-end\"><\/span><\/h4>\n\t\t\t\t\t\t\t<\/div>\n\t\t\t\n\t\t\t\n\t\t\t\n\t\t<\/div>\n\t\t\n\t\t<\/div><\/div><\/div><div class=\"wpb_column vc_column_container vc_col-sm-6 vc_col-lg-offset-1 vc_col-lg-3 vc_col-md-4 wd-rs-6125f2f5a2779\"><div class=\"vc_column-inner vc_custom_1629876984854\"><div class=\"wpb_wrapper\">\t\t\t<div class=\"info-box-wrapper\">\n\t\t\t\t<div id=\"wd-6755bca41023d\" class=\"wd-rs-6755bca41023d wd-info-box wd-wpb text-left box-icon-align-left box-style- color-scheme- wd-bg-none wd-items-top vc_custom_1733672108864\">\n\t\t\t\t\t\t\t\t\t\t<div class=\"info-box-content\">\n\t\t\t\t\t\t\t\t\t\t\t\t<div class=\"info-box-inner reset-last-child\"><p>V\u00e4lkommen till Hexchemicals, din p\u00e5litliga partner f\u00f6r GBL, GHB och amfetamin av h\u00f6gsta kvalitet. Med m\u00e5nga \u00e5rs erfarenhet och ett orubbligt engagemang f\u00f6r excellens har vi etablerat oss som en ledande leverant\u00f6r och betj\u00e4nar kunder i USA, Kanada, Europa och Australien.<\/p>\n<\/div>\n\n\t\t\t\t\t\t\t\t\t\t\t<\/div>\n\n\t\t\t\t\t\t\t\t\t\t\t<a class=\"wd-info-box-link wd-fill\" aria-label=\"L\u00e4nk till infobox\" href=\"#\" title=\"\"><\/a>\n\t\t\t\t\t\n\t\t\t\t\t\t\t\t\t<\/div>\n\t\t\t<\/div>\n\t\t<\/div><\/div><\/div><div class=\"wpb_column vc_column_container vc_col-sm-6 vc_col-lg-offset-1 vc_col-lg-3 vc_col-md-4 wd-rs-6125f2efc6c08\"><div class=\"vc_column-inner vc_custom_1629876980184\"><div class=\"wpb_wrapper\">\t\t\t<div class=\"info-box-wrapper\">\n\t\t\t\t<div id=\"wd-6755bcb32f0e1\" class=\"wd-rs-6755bcb32f0e1 wd-info-box wd-wpb text-left box-icon-align-left box-style- color-scheme- wd-bg-none wd-items-top vc_custom_1733672169131\">\n\t\t\t\t\t\t\t\t\t\t<div class=\"info-box-content\">\n\t\t\t\t\t\t\t\t\t\t\t\t<div class=\"info-box-inner reset-last-child\"><p>P\u00e5 Hexchemicals \u00e4r v\u00e5rt uppdrag enkelt: att tillhandah\u00e5lla h\u00f6gkvalitativa produkter med o\u00f6vertr\u00e4ffad tillf\u00f6rlitlighet, s\u00e4kra best\u00e4llningsprocesser och enast\u00e5ende kundsupport.<\/p>\n<\/div>\n\n\t\t\t\t\t\t\t\t\t\t\t<\/div>\n\n\t\t\t\t\t\t\t\t\t\t\t<a class=\"wd-info-box-link wd-fill\" aria-label=\"L\u00e4nk till infobox\" href=\"#\" title=\"\"><\/a>\n\t\t\t\t\t\n\t\t\t\t\t\t\t\t\t<\/div>\n\t\t\t<\/div>\n\t\t<\/div><\/div><\/div><\/div><div class=\"vc_row-full-width vc_clearfix\"><\/div><div class=\"vc_row wpb_row vc_row-fluid vc_custom_1629877038080 row-reverse-mobile row-reverse-tablet wd-rs-6125f32826e3d\"><div class=\"wpb_column vc_column_container vc_col-sm-12 vc_col-lg-6 vc_col-md-6 wd-rs-6125f30edad72\"><div class=\"vc_column-inner vc_custom_1629877010833\"><div class=\"wpb_wrapper\">\t\t<div id=\"wd-6755c09792366\" class=\"wd-image wd-wpb wd-rs-6755c09792366 text-left vc_custom_1733673126034\">\n\t\t\t\n\t\t\t<img loading=\"lazy\" decoding=\"async\" width=\"1200\" height=\"1105\" src=\"https:\/\/hexchemicals.com\/wp-content\/uploads\/2024\/12\/hexchemicals-order-gbl-ghb-amphethamine.png\" class=\"attachment-full size-full\" alt=\"hexkemikalier order gbl ghb amfetamin\" srcset=\"https:\/\/hexchemicals.com\/wp-content\/uploads\/2024\/12\/hexchemicals-order-gbl-ghb-amphethamine.png 1200w, https:\/\/hexchemicals.com\/wp-content\/uploads\/2024\/12\/hexchemicals-order-gbl-ghb-amphethamine-430x396.png 430w, https:\/\/hexchemicals.com\/wp-content\/uploads\/2024\/12\/hexchemicals-order-gbl-ghb-amphethamine-150x138.png 150w, https:\/\/hexchemicals.com\/wp-content\/uploads\/2024\/12\/hexchemicals-order-gbl-ghb-amphethamine-700x645.png 700w, https:\/\/hexchemicals.com\/wp-content\/uploads\/2024\/12\/hexchemicals-order-gbl-ghb-amphethamine-326x300.png 326w, https:\/\/hexchemicals.com\/wp-content\/uploads\/2024\/12\/hexchemicals-order-gbl-ghb-amphethamine-869x800.png 869w, https:\/\/hexchemicals.com\/wp-content\/uploads\/2024\/12\/hexchemicals-order-gbl-ghb-amphethamine-768x707.png 768w\" sizes=\"auto, (max-width: 1200px) 100vw, 1200px\" \/>\n\t\t\t\t\t<\/div>\n\t\t<\/div><\/div><\/div><div class=\"wpb_column vc_column_container vc_col-sm-12 vc_col-lg-offset-1 vc_col-lg-5 vc_col-md-6 vc_col-xs-12 wd-rs-6125f320eb687\"><div class=\"vc_column-inner vc_custom_1629877027060\"><div class=\"wpb_wrapper\">\n\t\t<div id=\"wd-6755bdd8e1c25\" class=\"title-wrapper wd-wpb wd-set-mb reset-last-child  wd-rs-6755bdd8e1c25 wd-title-color-primary wd-title-style-default text-left vc_custom_1733672448099 wd-underline-colored\">\n\t\t\t\t\t\t\t\n\t\t\t\t<div class=\"title-subtitle  subtitle-color-primary font-default subtitle-style-default wd-font-weight-600 wd-fontsize-xs\">P\u00c5LITLIG LEVERANT\u00d6R AV KEMIKALIER<\/div>\n\t\t\t\n\t\t\t<div class=\"liner-continer\">\n\t\t\t\t<h4 class=\"woodmart-title-container title  wd-font-weight- wd-fontsize-xxl\" ><span class=\"ez-toc-section\" id=\"What_We_Stand_For\"><\/span>Vad vi st\u00e5r f\u00f6r<span class=\"ez-toc-section-end\"><\/span><\/h4>\n\t\t\t\t\t\t\t<\/div>\n\t\t\t\n\t\t\t\n\t\t\t\n\t\t<\/div>\n\t\t\n\t\t\t\t<div id=\"wd-6755bd75740ab\" class=\"wd-text-block wd-wpb reset-last-child wd-rs-6755bd75740ab text-left wd-fontsize-custom vc_custom_1733672403244\">\n\t\t\t<h4><span class=\"ez-toc-section\" id=\"1_Unwavering_Quality\"><\/span><strong>1. Of\u00f6r\u00e4nderlig kvalitet<\/strong><span class=\"ez-toc-section-end\"><\/span><\/h4>\n<p>Varje produkt i v\u00e5r katalog genomg\u00e5r rigor\u00f6sa tester f\u00f6r att s\u00e4kerst\u00e4lla h\u00f6gsta renhetsgrad och \u00f6verensst\u00e4mmelse med globala branschstandarder. Oavsett om det g\u00e4ller industri-, forsknings- eller specialtill\u00e4mpningar kan du lita p\u00e5 Hexchemicals f\u00f6r konsekventa l\u00f6sningar av h\u00f6gsta kvalitet.<\/p>\n<h4><span class=\"ez-toc-section\" id=\"2_Compliance_and_Certifications\"><\/span><strong>2. Efterlevnad och certifieringar<\/strong><span class=\"ez-toc-section-end\"><\/span><\/h4>\n<p>V\u00e5r verksamhet f\u00f6ljer strikta lagar och branschregler, inklusive EU:s efterlevnadsstandarder, vilket g\u00f6r att du kan lita p\u00e5 varje ink\u00f6p. Certifieringar och transparenta rutiner underbygger v\u00e5rt rykte som en p\u00e5litlig leverant\u00f6r.<\/p>\n<h4><span class=\"ez-toc-section\" id=\"3_Customer-Centric_Approach\"><\/span><strong>3. Kundcentrerat f\u00f6rh\u00e5llningss\u00e4tt<\/strong><span class=\"ez-toc-section-end\"><\/span><\/h4>\n<p>P\u00e5 Hexchemicals \u00e4r din tillfredsst\u00e4llelse v\u00e5r prioritet. Fr\u00e5n att surfa p\u00e5 v\u00e5r webbplats till att ta emot din best\u00e4llning erbjuder vi en s\u00f6ml\u00f6s upplevelse som backas upp av expertkundsupport. Oavsett om det g\u00e4ller att svara p\u00e5 fr\u00e5gor eller l\u00f6sa problem finns vi h\u00e4r f\u00f6r att hj\u00e4lpa till i varje steg.<\/p>\n\t\t<\/div>\n\t\t<\/div><\/div><\/div><\/div><section data-vc-full-width=\"true\" data-vc-full-width-temp=\"true\" data-vc-full-width-init=\"false\" class=\"vc_section vc_custom_1733673076916 vc_section-has-fill wd-rs-6755c059c665c\"><div class=\"vc_row wpb_row vc_row-fluid vc_custom_1615814278162 vc_row-o-equal-height vc_row-o-content-middle vc_row-flex\"><div class=\"wpb_column vc_column_container vc_col-sm-6 color-scheme-light wd-rs-6125f35912e56\"><div class=\"vc_column-inner vc_custom_1629877084287\"><div class=\"wpb_wrapper\">\n\t\t<div id=\"wd-6755be52bd92f\" class=\"title-wrapper wd-wpb wd-set-mb reset-last-child  wd-rs-6755be52bd92f wd-title-color-primary wd-title-style-default text-left vc_custom_1733672858251 wd-width-enabled wd-underline-colored\" style=\"--wd-max-width: 90%;\">\n\t\t\t\t\t\t\t\n\t\t\t\t<div class=\"title-subtitle  subtitle-color-primary font-default subtitle-style-default wd-font-weight-600 wd-fontsize-xs\">BEST\u00c4LLA KVALITETSKEMIKALIER OCH KO-DROPPAR<\/div>\n\t\t\t\n\t\t\t<div class=\"liner-continer\">\n\t\t\t\t<h4 class=\"woodmart-title-container title  wd-font-weight- wd-fontsize-xxl\" ><span class=\"ez-toc-section\" id=\"Why_Choose_Hexchemicals\"><\/span>Varf\u00f6r v\u00e4lja Hexchemicals?<span class=\"ez-toc-section-end\"><\/span><\/h4>\n\t\t\t\t\t\t\t<\/div>\n\t\t\t\n\t\t\t\n\t\t\t\n\t\t<\/div>\n\t\t\n\t\t\n\t<div class=\"wpb_text_column wpb_content_element\" >\n\t\t<div class=\"wpb_wrapper\">\n\t\t\t<ul>\n<li>Global r\u00e4ckvidd: Snabb och diskret leverans till USA, Kanada, Europa och Australien.<\/li>\n<li>Konkurrenskraftig priss\u00e4ttning: \u00d6verkomliga priser f\u00f6r GBL, GHB och amfetamin utan att kompromissa med kvaliteten.<\/li>\n<li>S\u00e4kra transaktioner: S\u00e4kra betalningsalternativ och en enkel best\u00e4llningsprocess f\u00f6r en problemfri upplevelse.<\/li>\n<li>Bevisad tillf\u00f6rlitlighet: Tusentals n\u00f6jda kunder litar p\u00e5 oss f\u00f6r konsekvent produktkvalitet och snabb leverans.<\/li>\n<\/ul>\n\n\t\t<\/div>\n\t<\/div>\n<\/div><\/div><\/div><div class=\"wpb_column vc_column_container vc_col-sm-6 wd-rs-6125f353ede07\"><div class=\"vc_column-inner vc_custom_1629877079783\"><div class=\"wpb_wrapper\">\n\t\t<div id=\"wd-6755bff0447e2\" class=\"title-wrapper wd-wpb wd-set-mb reset-last-child  wd-rs-6755bff0447e2 wd-title-color-primary wd-title-style-default text-left vc_custom_1733672994047 wd-width-enabled wd-underline-colored\" style=\"--wd-max-width: 90%;\">\n\t\t\t\n\t\t\t<div class=\"liner-continer\">\n\t\t\t\t<h4 class=\"woodmart-title-container title  wd-font-weight- wd-fontsize-xxl\" ><span class=\"ez-toc-section\" id=\"Our_Commitment_to_You\"><\/span>V\u00e5rt \u00e5tagande gentemot dig<span class=\"ez-toc-section-end\"><\/span><\/h4>\n\t\t\t\t\t\t\t<\/div>\n\t\t\t\n\t\t\t\n\t\t\t\n\t\t<\/div>\n\t\t\n\t\t\n\t<div class=\"wpb_text_column wpb_content_element color-scheme-light\" >\n\t\t<div class=\"wpb_wrapper\">\n\t\t\t<p>Hexchemicals \u00e4r mer \u00e4n en leverant\u00f6r - vi \u00e4r din p\u00e5litliga partner n\u00e4r det g\u00e4ller kvalitet, efterlevnad och exceptionell service. Vi str\u00e4var st\u00e4ndigt efter att \u00f6vertr\u00e4ffa f\u00f6rv\u00e4ntningarna och s\u00e4tta nya standarder i branschen. Oavsett om du vill best\u00e4lla GBL, k\u00f6pa GBL online eller k\u00f6pa GHB och amfetamin, \u00e4r Hexchemicals namnet du kan lita p\u00e5.<\/p>\n<p>Uppt\u00e4ck skillnaden med Hexchemicals redan idag.<\/p>\n\n\t\t<\/div>\n\t<\/div>\n<\/div><\/div><\/div><\/div><\/section><div class=\"vc_row-full-width vc_clearfix\"><\/div>\n<\/div>","protected":false},"excerpt":{"rendered":"OM HEXCHEMICALS K\u00f6p KO Drops och andra kemikalier som Amfetamin V\u00e4lkommen till Hexchemicals, din p\u00e5litliga partner f\u00f6r GBL, GHB av h\u00f6gsta kvalitet,","protected":false},"author":3,"featured_media":0,"parent":0,"menu_order":0,"comment_status":"closed","ping_status":"closed","template":"","meta":{"footnotes":""},"class_list":["post-5212","page","type-page","status-publish","hentry"],"yoast_head":"<!-- This site is optimized with the Yoast SEO plugin v27.3 - https:\/\/yoast.com\/product\/yoast-seo-wordpress\/ -->\n<title>About - Hexchemicals<\/title>\n<meta name=\"robots\" content=\"index, follow, max-snippet:-1, max-image-preview:large, max-video-preview:-1\" \/>\n<link rel=\"canonical\" href=\"https:\/\/hexchemicals.com\/sv\/om\/\" \/>\n<meta property=\"og:locale\" content=\"sv_SE\" \/>\n<meta property=\"og:type\" content=\"article\" \/>\n<meta property=\"og:title\" content=\"About - Hexchemicals\" \/>\n<meta property=\"og:url\" content=\"https:\/\/hexchemicals.com\/sv\/om\/\" \/>\n<meta property=\"og:site_name\" content=\"Hexchemicals\" \/>\n<meta property=\"article:modified_time\" content=\"2024-12-08T15:52:37+00:00\" \/>\n<meta name=\"twitter:card\" content=\"summary_large_image\" \/>\n<meta name=\"twitter:label1\" content=\"Ber\u00e4knad l\u00e4stid\" \/>\n\t<meta name=\"twitter:data1\" content=\"10 minuter\" \/>\n<script type=\"application\/ld+json\" class=\"yoast-schema-graph\">{\"@context\":\"https:\\\/\\\/schema.org\",\"@graph\":[{\"@type\":\"WebPage\",\"@id\":\"https:\\\/\\\/hexchemicals.com\\\/about\\\/\",\"url\":\"https:\\\/\\\/hexchemicals.com\\\/about\\\/\",\"name\":\"About - Hexchemicals\",\"isPartOf\":{\"@id\":\"https:\\\/\\\/hexchemicals.com\\\/#website\"},\"datePublished\":\"2021-08-25T07:26:28+00:00\",\"dateModified\":\"2024-12-08T15:52:37+00:00\",\"breadcrumb\":{\"@id\":\"https:\\\/\\\/hexchemicals.com\\\/about\\\/#breadcrumb\"},\"inLanguage\":\"sv-SE\",\"potentialAction\":[{\"@type\":\"ReadAction\",\"target\":[\"https:\\\/\\\/hexchemicals.com\\\/about\\\/\"]}]},{\"@type\":\"BreadcrumbList\",\"@id\":\"https:\\\/\\\/hexchemicals.com\\\/about\\\/#breadcrumb\",\"itemListElement\":[{\"@type\":\"ListItem\",\"position\":1,\"name\":\"Home\",\"item\":\"https:\\\/\\\/hexchemicals.com\\\/\"},{\"@type\":\"ListItem\",\"position\":2,\"name\":\"About\"}]},{\"@type\":\"WebSite\",\"@id\":\"https:\\\/\\\/hexchemicals.com\\\/#website\",\"url\":\"https:\\\/\\\/hexchemicals.com\\\/\",\"name\":\"Hexchemicals\",\"description\":\"Buy GBL, GHB, Amphetamine and Ketamine\",\"potentialAction\":[{\"@type\":\"SearchAction\",\"target\":{\"@type\":\"EntryPoint\",\"urlTemplate\":\"https:\\\/\\\/hexchemicals.com\\\/?s={search_term_string}\"},\"query-input\":{\"@type\":\"PropertyValueSpecification\",\"valueRequired\":true,\"valueName\":\"search_term_string\"}}],\"inLanguage\":\"sv-SE\"}]}<\/script>\n<!-- \/ Yoast SEO plugin. -->","yoast_head_json":{"title":"Om - Hexchemicals","robots":{"index":"index","follow":"follow","max-snippet":"max-snippet:-1","max-image-preview":"max-image-preview:large","max-video-preview":"max-video-preview:-1"},"canonical":"https:\/\/hexchemicals.com\/sv\/om\/","og_locale":"sv_SE","og_type":"article","og_title":"About - Hexchemicals","og_url":"https:\/\/hexchemicals.com\/sv\/om\/","og_site_name":"Hexchemicals","article_modified_time":"2024-12-08T15:52:37+00:00","twitter_card":"summary_large_image","twitter_misc":{"Ber\u00e4knad l\u00e4stid":"10 minuter"},"schema":{"@context":"https:\/\/schema.org","@graph":[{"@type":"WebPage","@id":"https:\/\/hexchemicals.com\/about\/","url":"https:\/\/hexchemicals.com\/about\/","name":"Om - Hexchemicals","isPartOf":{"@id":"https:\/\/hexchemicals.com\/#website"},"datePublished":"2021-08-25T07:26:28+00:00","dateModified":"2024-12-08T15:52:37+00:00","breadcrumb":{"@id":"https:\/\/hexchemicals.com\/about\/#breadcrumb"},"inLanguage":"sv-SE","potentialAction":[{"@type":"ReadAction","target":["https:\/\/hexchemicals.com\/about\/"]}]},{"@type":"BreadcrumbList","@id":"https:\/\/hexchemicals.com\/about\/#breadcrumb","itemListElement":[{"@type":"ListItem","position":1,"name":"Home","item":"https:\/\/hexchemicals.com\/"},{"@type":"ListItem","position":2,"name":"About"}]},{"@type":"WebSite","@id":"https:\/\/hexchemicals.com\/#website","url":"https:\/\/hexchemicals.com\/","name":"Hexkemikalier","description":"K\u00f6p GBL, GHB, amfetamin och ketamin","potentialAction":[{"@type":"SearchAction","target":{"@type":"EntryPoint","urlTemplate":"https:\/\/hexchemicals.com\/?s={search_term_string}"},"query-input":{"@type":"PropertyValueSpecification","valueRequired":true,"valueName":"search_term_string"}}],"inLanguage":"sv-SE"}]}},"_links":{"self":[{"href":"https:\/\/hexchemicals.com\/sv\/wp-json\/wp\/v2\/pages\/5212","targetHints":{"allow":["GET"]}}],"collection":[{"href":"https:\/\/hexchemicals.com\/sv\/wp-json\/wp\/v2\/pages"}],"about":[{"href":"https:\/\/hexchemicals.com\/sv\/wp-json\/wp\/v2\/types\/page"}],"author":[{"embeddable":true,"href":"https:\/\/hexchemicals.com\/sv\/wp-json\/wp\/v2\/users\/3"}],"replies":[{"embeddable":true,"href":"https:\/\/hexchemicals.com\/sv\/wp-json\/wp\/v2\/comments?post=5212"}],"version-history":[{"count":3,"href":"https:\/\/hexchemicals.com\/sv\/wp-json\/wp\/v2\/pages\/5212\/revisions"}],"predecessor-version":[{"id":9480,"href":"https:\/\/hexchemicals.com\/sv\/wp-json\/wp\/v2\/pages\/5212\/revisions\/9480"}],"wp:attachment":[{"href":"https:\/\/hexchemicals.com\/sv\/wp-json\/wp\/v2\/media?parent=5212"}],"curies":[{"name":"wp","href":"https:\/\/api.w.org\/{rel}","templated":true}]}}