{"id":9543,"date":"2024-12-09T06:07:24","date_gmt":"2024-12-09T06:07:24","guid":{"rendered":"https:\/\/hexchemicals.com\/?post_type=product&#038;p=9543"},"modified":"2025-11-27T01:29:41","modified_gmt":"2025-11-27T01:29:41","slug":"kopa-ketaminpiller-online","status":"publish","type":"product","link":"https:\/\/hexchemicals.com\/sv\/product\/kopa-ketaminpiller-online\/","title":{"rendered":"500 mg ketaminpiller"},"content":{"rendered":"<div id=\"ez-toc-container\" class=\"ez-toc-v2_0_82_2 counter-hierarchy ez-toc-counter ez-toc-grey ez-toc-container-direction\">\n<div class=\"ez-toc-title-container\">\n<p class=\"ez-toc-title\" style=\"cursor:inherit\">Inneh\u00e5llsf\u00f6rteckning<\/p>\n<span class=\"ez-toc-title-toggle\"><a href=\"#\" class=\"ez-toc-pull-right ez-toc-btn ez-toc-btn-xs ez-toc-btn-default ez-toc-toggle\" aria-label=\"Toggle Inneh\u00e5llsf\u00f6rteckning\"><span class=\"ez-toc-js-icon-con\"><span class=\"\"><span class=\"eztoc-hide\" style=\"display:none;\">Toggle<\/span><span class=\"ez-toc-icon-toggle-span\"><svg style=\"fill: #333333;color:#333333\" xmlns=\"http:\/\/www.w3.org\/2000\/svg\" class=\"list-377408\" width=\"20px\" height=\"20px\" viewbox=\"0 0 24 24\" fill=\"none\"><path d=\"M6 6H4v2h2V6zm14 0H8v2h12V6zM4 11h2v2H4v-2zm16 0H8v2h12v-2zM4 16h2v2H4v-2zm16 0H8v2h12v-2z\" fill=\"currentColor\"><\/path><\/svg><svg style=\"fill: #333333;color:#333333\" class=\"arrow-unsorted-368013\" xmlns=\"http:\/\/www.w3.org\/2000\/svg\" width=\"10px\" height=\"10px\" viewbox=\"0 0 24 24\" version=\"1.2\" baseprofile=\"tiny\"><path d=\"M18.2 9.3l-6.2-6.3-6.2 6.3c-.2.2-.3.4-.3.7s.1.5.3.7c.2.2.4.3.7.3h11c.3 0 .5-.1.7-.3.2-.2.3-.5.3-.7s-.1-.5-.3-.7zM5.8 14.7l6.2 6.3 6.2-6.3c.2-.2.3-.5.3-.7s-.1-.5-.3-.7c-.2-.2-.4-.3-.7-.3h-11c-.3 0-.5.1-.7.3-.2.2-.3.5-.3.7s.1.5.3.7z\"\/><\/svg><\/span><\/span><\/span><\/a><\/span><\/div>\n<nav><ul class='ez-toc-list ez-toc-list-level-1' ><li class='ez-toc-page-1 ez-toc-heading-level-1'><a class=\"ez-toc-link ez-toc-heading-1\" href=\"https:\/\/hexchemicals.com\/sv\/product\/kopa-ketaminpiller-online\/#Rediscover_Life_with_Ketamine_The_Solution_Youve_Been_Searching_For\" >\u00c5teruppt\u00e4ck livet med ketamin: L\u00f6sningen du har letat efter<\/a><ul class='ez-toc-list-level-4' ><li class='ez-toc-heading-level-4'><ul class='ez-toc-list-level-4' ><li class='ez-toc-heading-level-4'><ul class='ez-toc-list-level-4' ><li class='ez-toc-heading-level-4'><a class=\"ez-toc-link ez-toc-heading-2\" href=\"https:\/\/hexchemicals.com\/sv\/product\/kopa-ketaminpiller-online\/#Benefits_of_Ketamine_Pills\" >F\u00f6rdelar med ketaminpiller<\/a><\/li><\/ul><\/li><li class='ez-toc-page-1 ez-toc-heading-level-3'><a class=\"ez-toc-link ez-toc-heading-3\" href=\"https:\/\/hexchemicals.com\/sv\/product\/kopa-ketaminpiller-online\/#Why_Choose_Ketamine_Pills\" >Varf\u00f6r v\u00e4lja Ketamine Pills?<\/a><ul class='ez-toc-list-level-4' ><li class='ez-toc-heading-level-4'><a class=\"ez-toc-link ez-toc-heading-4\" href=\"https:\/\/hexchemicals.com\/sv\/product\/kopa-ketaminpiller-online\/#Common_Customer_Pain_Points_%E2%80%93_Solved\" >Vanliga sm\u00e4rtpunkter hos kunder - l\u00f6sta<\/a><\/li><\/ul><\/li><li class='ez-toc-page-1 ez-toc-heading-level-3'><a class=\"ez-toc-link ez-toc-heading-5\" href=\"https:\/\/hexchemicals.com\/sv\/product\/kopa-ketaminpiller-online\/#How_Ketamine_Pills_Work_A_Closer_Look\" >Hur ketaminpiller fungerar: En n\u00e4rmare titt<\/a><\/li><li class='ez-toc-page-1 ez-toc-heading-level-3'><a class=\"ez-toc-link ez-toc-heading-6\" href=\"https:\/\/hexchemicals.com\/sv\/product\/kopa-ketaminpiller-online\/#How_to_Order_Ketamine_Pills_Online\" >Hur man best\u00e4ller ketaminpiller online<\/a><\/li><li class='ez-toc-page-1 ez-toc-heading-level-3'><a class=\"ez-toc-link ez-toc-heading-7\" href=\"https:\/\/hexchemicals.com\/sv\/product\/kopa-ketaminpiller-online\/#FAQs_About_Buying_Ketamine_Pills_Online\" >Vanliga fr\u00e5gor om att k\u00f6pa ketaminpiller online<\/a><\/li><li class='ez-toc-page-1 ez-toc-heading-level-3'><a class=\"ez-toc-link ez-toc-heading-8\" href=\"https:\/\/hexchemicals.com\/sv\/product\/kopa-ketaminpiller-online\/#Call_to_Action\" >Uppmaning till handling<\/a><\/li><\/ul><\/li><\/ul><\/li><\/ul><\/nav><\/div>\n<h1><span class=\"ez-toc-section\" id=\"Rediscover_Life_with_Ketamine_The_Solution_Youve_Been_Searching_For\"><\/span><strong>\u00c5teruppt\u00e4ck livet med ketamin: L\u00f6sningen du har letat efter<\/strong><span class=\"ez-toc-section-end\"><\/span><\/h1>\n<p><span style=\"font-weight: 400;\">K\u00f6p ketamin 500 mg piller online - <\/span>Att leva med tillst\u00e5nd som neuropatisk sm\u00e4rta, CRPS (Complex Regional Pain Syndrome), behandlingsresistent depression (TRD), posttraumatiskt stressyndrom (<a href=\"https:\/\/www.mayoclinic.org\/diseases-conditions\/post-traumatic-stress-disorder\/symptoms-causes\/syc-20355967#:~:text=Post%2Dtraumatic%20stress%20disorder%20(PTSD)%20is%20a%20mental%20health,uncontrollable%20thoughts%20about%20the%20event.\">PTSD<\/a>), eller bipol\u00e4r sjukdom kan k\u00e4nnas som en kamp i uppf\u00f6rsbacke. Konventionella behandlingar misslyckas ofta med att ge l\u00e4ttnad, vilket g\u00f6r att du k\u00e4nner dig fast och hoppl\u00f6s. Om du letar efter en transformativ l\u00f6sning erbjuder Ketamin-piller en fyr av hopp.<\/p>\n<p><strong>Vad \u00e4r ketamin, och varf\u00f6r \u00e4r det s\u00e5 effektivt?<\/strong><br \/>\nKetamin utvecklades ursprungligen som ett bed\u00f6vningsmedel och har utvecklats till en banbrytande terapi f\u00f6r personer med sv\u00e5r psykisk oh\u00e4lsa och kroniska sm\u00e4rttillst\u00e5nd. Det fungerar genom att modulera glutamat, en viktig neurotransmittor, f\u00f6r att reparera skadade neurala f\u00f6rbindelser och minska sm\u00e4rta. Denna dubbla verkan lindrar inte bara fysiskt obehag utan fr\u00e4mjar ocks\u00e5 k\u00e4nslom\u00e4ssigt v\u00e4lbefinnande.<\/p>\n<h4><span class=\"ez-toc-section\" id=\"Benefits_of_Ketamine_Pills\"><\/span><strong>F\u00f6rdelar med ketaminpiller<\/strong><span class=\"ez-toc-section-end\"><\/span><\/h4>\n<ol>\n<li><strong>Snabbverkande lindring<\/strong>: M\u00e5nga anv\u00e4ndare rapporterar betydande f\u00f6rb\u00e4ttringar inom n\u00e5gra timmar efter sin f\u00f6rsta dos.<\/li>\n<li><strong>L\u00e5ngvariga effekter<\/strong>: Till skillnad fr\u00e5n traditionella mediciner kan Ketamins f\u00f6rdelar p\u00e5g\u00e5 veckor efter administrering.<\/li>\n<li><strong>M\u00e5ngsidighet<\/strong>: Effektivt vid en rad olika tillst\u00e5nd, fr\u00e5n kronisk sm\u00e4rta till hum\u00f6rst\u00f6rningar.<\/li>\n<li><strong>Icke beroendeframkallande<\/strong>: N\u00e4r det tas enligt ordination utg\u00f6r Ketamin inte n\u00e5gon risk f\u00f6r beroende.<\/li>\n<\/ol>\n<h3><span class=\"ez-toc-section\" id=\"Why_Choose_Ketamine_Pills\"><\/span><strong>Varf\u00f6r v\u00e4lja Ketamine Pills?<\/strong><span class=\"ez-toc-section-end\"><\/span><\/h3>\n<p>F\u00f6r personer som k\u00e4mpar med intraven\u00f6s (IV) terapi eller s\u00f6ker ett mer bekv\u00e4mt alternativ \u00e4r Ketamin-tabletter ett utm\u00e4rkt alternativ. Varje dos \u00e4r noggrant formulerad f\u00f6r att s\u00e4kerst\u00e4lla maximal biotillg\u00e4nglighet, s\u00e5 att du kan hantera symtom diskret och effektivt.<\/p>\n<h4><span class=\"ez-toc-section\" id=\"Common_Customer_Pain_Points_%E2%80%93_Solved\"><\/span><strong>Vanliga sm\u00e4rtpunkter hos kunder - l\u00f6sta<\/strong><span class=\"ez-toc-section-end\"><\/span><\/h4>\n<ul>\n<li><strong>Frustration \u00f6ver ineffektiva behandlingar<\/strong>: Traditionella antidepressiva medel och sm\u00e4rtstillande medel \u00e4r ofta otillr\u00e4ckliga f\u00f6r tillst\u00e5nd som TRD och CRPS. Ketamin fungerar annorlunda och riktar in sig p\u00e5 de grundl\u00e4ggande orsakerna till sm\u00e4rta och depression.<\/li>\n<li><strong>Oro f\u00f6r biverkningar<\/strong>: Till skillnad fr\u00e5n opioider \u00e4r ketamin icke-sedativ och tolereras i allm\u00e4nhet v\u00e4l n\u00e4r den anv\u00e4nds ansvarsfullt.<\/li>\n<li><strong>Bekv\u00e4mlighet<\/strong>: Inget behov av frekventa sjukhusbes\u00f6k - ta bara ett piller hemma i lugn och ro.<\/li>\n<\/ul>\n<h3><span class=\"ez-toc-section\" id=\"How_Ketamine_Pills_Work_A_Closer_Look\"><\/span><strong>Hur ketaminpiller fungerar: En n\u00e4rmare titt<\/strong><span class=\"ez-toc-section-end\"><\/span><\/h3>\n<ul>\n<li><strong>Sm\u00e4rtlindring<\/strong>: Ketamin blockerar NMDA-receptorer i hj\u00e4rnan, st\u00f6r sm\u00e4rtsignaler och minskar kroniskt obehag.<\/li>\n<li><strong>F\u00f6rb\u00e4ttring av hum\u00f6ret<\/strong>: Genom att fr\u00e4mja neural regenerering hj\u00e4lper Ketamin till att \u00e5terst\u00e4lla k\u00e4nslom\u00e4ssig balans och f\u00f6rb\u00e4ttra mental klarhet.<\/li>\n<li><strong>Minskning av PTSD-symtom<\/strong>: Anv\u00e4ndarna rapporterar f\u00e4rre flashbacks och p\u00e5tr\u00e4ngande tankar, vilket g\u00f6r att de kan \u00e5terf\u00e5 kontrollen \u00f6ver sina liv.<\/li>\n<\/ul>\n<h3><span class=\"ez-toc-section\" id=\"How_to_Order_Ketamine_Pills_Online\"><\/span><strong>Hur man best\u00e4ller ketaminpiller online<\/strong><span class=\"ez-toc-section-end\"><\/span><\/h3>\n<p>Det \u00e4r enkelt att komma ig\u00e5ng:<\/p>\n<ol>\n<li><strong>Bl\u00e4ddra i v\u00e5rt urval<\/strong>: Utforska v\u00e5ra h\u00f6gkvalitativa ketaminpiller till salu, inklusive 500 mg-alternativ som \u00e4r skr\u00e4ddarsydda f\u00f6r dina behov.<\/li>\n<li><strong>S\u00e4ker utcheckning<\/strong>: V\u00e5r webbplats \u00e4r utformad f\u00f6r en s\u00f6ml\u00f6s och s\u00e4ker best\u00e4llningsupplevelse.<\/li>\n<li><strong>Diskret frakt<\/strong>: Din best\u00e4llning levereras snabbt och diskret till din d\u00f6rr.<\/li>\n<\/ol>\n<h3><span class=\"ez-toc-section\" id=\"FAQs_About_Buying_Ketamine_Pills_Online\"><\/span><strong>Vanliga fr\u00e5gor om att k\u00f6pa ketaminpiller online<\/strong><span class=\"ez-toc-section-end\"><\/span><\/h3>\n<p><strong>1. \u00c4r det s\u00e4kert att k\u00f6pa Ketaminpiller online?<\/strong><br \/>\nAbsolut! Vi s\u00e4kerst\u00e4ller att alla produkter uppfyller rigor\u00f6sa kvalitetsstandarder och erbjuder s\u00e4kra betalningsalternativ.<\/p>\n<p><strong>2. Hur vet jag att Ketamin \u00e4r r\u00e4tt f\u00f6r mig?<\/strong><br \/>\nR\u00e5dg\u00f6r med din v\u00e5rdgivare f\u00f6r att diskutera om Ketamin \u00e4r l\u00e4mpligt f\u00f6r ditt specifika tillst\u00e5nd.<\/p>\n<p><strong>3. Finns det n\u00e5gra biverkningar?<\/strong><br \/>\n\u00c4ven om det \u00e4r s\u00e4llsynt kan vissa anv\u00e4ndare uppleva mild yrsel eller illam\u00e5ende. Dessa effekter avtar vanligtvis snabbt.<\/p>\n<h3><span class=\"ez-toc-section\" id=\"Call_to_Action\"><\/span><strong>Uppmaning till handling<\/strong><span class=\"ez-toc-section-end\"><\/span><\/h3>\n<p>L\u00e5t inte sm\u00e4rta eller psykiska h\u00e4lsoutmaningar diktera ditt liv. K\u00f6p ketaminpiller online idag och ta det f\u00f6rsta steget mot varaktig l\u00e4ttnad och f\u00f6rnyat hopp.<\/p>","protected":false},"excerpt":{"rendered":"<p><span style=\"font-weight: 400;\">K\u00f6p ketamin 500 mg piller online<\/span><\/p>","protected":false},"featured_media":9537,"comment_status":"open","ping_status":"closed","template":"","meta":[],"product_brand":[],"product_cat":[72],"product_tag":[],"class_list":{"0":"post-9543","1":"product","2":"type-product","3":"status-publish","4":"has-post-thumbnail","6":"product_cat-ketamine","8":"first","9":"instock","10":"shipping-taxable","11":"purchasable","12":"product-type-variable"},"yoast_head":"<!-- This site is optimized with the Yoast SEO plugin v27.3 - https:\/\/yoast.com\/product\/yoast-seo-wordpress\/ -->\n<title>Buy ketamine pills online - Hexchemicals<\/title>\n<meta name=\"description\" content=\"Discover relief from chronic pain, depression, and PTSD with Ketamine pills. Buy Ketamine 500mg pills online today for transformative treatment solutions.\" \/>\n<meta name=\"robots\" content=\"index, follow, max-snippet:-1, max-image-preview:large, max-video-preview:-1\" \/>\n<link rel=\"canonical\" href=\"https:\/\/hexchemicals.com\/sv\/product\/kopa-ketaminpiller-online\/\" \/>\n<meta property=\"og:locale\" content=\"sv_SE\" \/>\n<meta property=\"og:type\" content=\"article\" \/>\n<meta property=\"og:title\" content=\"Buy ketamine pills online - Hexchemicals\" \/>\n<meta property=\"og:description\" content=\"Discover relief from chronic pain, depression, and PTSD with Ketamine pills. Buy Ketamine 500mg pills online today for transformative treatment solutions.\" \/>\n<meta property=\"og:url\" content=\"https:\/\/hexchemicals.com\/sv\/product\/kopa-ketaminpiller-online\/\" \/>\n<meta property=\"og:site_name\" content=\"Hexchemicals\" \/>\n<meta property=\"article:modified_time\" content=\"2025-11-27T01:29:41+00:00\" \/>\n<meta property=\"og:image\" content=\"https:\/\/hexchemicals.com\/wp-content\/uploads\/2024\/12\/buy-ketamine-powder-online.jpg\" \/>\n\t<meta property=\"og:image:width\" content=\"1200\" \/>\n\t<meta property=\"og:image:height\" content=\"1105\" \/>\n\t<meta property=\"og:image:type\" content=\"image\/jpeg\" \/>\n<meta name=\"twitter:card\" content=\"summary_large_image\" \/>\n<meta name=\"twitter:label1\" content=\"Ber\u00e4knad l\u00e4stid\" \/>\n\t<meta name=\"twitter:data1\" content=\"3 minuter\" \/>\n<script type=\"application\/ld+json\" class=\"yoast-schema-graph\">{\"@context\":\"https:\\\/\\\/schema.org\",\"@graph\":[{\"@type\":\"WebPage\",\"@id\":\"https:\\\/\\\/hexchemicals.com\\\/product\\\/buy-ketamine-pills-online\\\/\",\"url\":\"https:\\\/\\\/hexchemicals.com\\\/product\\\/buy-ketamine-pills-online\\\/\",\"name\":\"Buy ketamine pills online - Hexchemicals\",\"isPartOf\":{\"@id\":\"https:\\\/\\\/hexchemicals.com\\\/#website\"},\"primaryImageOfPage\":{\"@id\":\"https:\\\/\\\/hexchemicals.com\\\/product\\\/buy-ketamine-pills-online\\\/#primaryimage\"},\"image\":{\"@id\":\"https:\\\/\\\/hexchemicals.com\\\/product\\\/buy-ketamine-pills-online\\\/#primaryimage\"},\"thumbnailUrl\":\"https:\\\/\\\/hexchemicals.com\\\/wp-content\\\/uploads\\\/2024\\\/12\\\/buy-ketamine-powder-online.jpg\",\"datePublished\":\"2024-12-09T06:07:24+00:00\",\"dateModified\":\"2025-11-27T01:29:41+00:00\",\"description\":\"Discover relief from chronic pain, depression, and PTSD with Ketamine pills. Buy Ketamine 500mg pills online today for transformative treatment solutions.\",\"breadcrumb\":{\"@id\":\"https:\\\/\\\/hexchemicals.com\\\/product\\\/buy-ketamine-pills-online\\\/#breadcrumb\"},\"inLanguage\":\"sv-SE\",\"potentialAction\":[{\"@type\":\"ReadAction\",\"target\":[\"https:\\\/\\\/hexchemicals.com\\\/product\\\/buy-ketamine-pills-online\\\/\"]}]},{\"@type\":\"ImageObject\",\"inLanguage\":\"sv-SE\",\"@id\":\"https:\\\/\\\/hexchemicals.com\\\/product\\\/buy-ketamine-pills-online\\\/#primaryimage\",\"url\":\"https:\\\/\\\/hexchemicals.com\\\/wp-content\\\/uploads\\\/2024\\\/12\\\/buy-ketamine-powder-online.jpg\",\"contentUrl\":\"https:\\\/\\\/hexchemicals.com\\\/wp-content\\\/uploads\\\/2024\\\/12\\\/buy-ketamine-powder-online.jpg\",\"width\":1200,\"height\":1105,\"caption\":\"Buy Ketamine powder online, buy ketamine hcl crystal powder online, buy ketamine powder\"},{\"@type\":\"BreadcrumbList\",\"@id\":\"https:\\\/\\\/hexchemicals.com\\\/product\\\/buy-ketamine-pills-online\\\/#breadcrumb\",\"itemListElement\":[{\"@type\":\"ListItem\",\"position\":1,\"name\":\"Home\",\"item\":\"https:\\\/\\\/hexchemicals.com\\\/\"},{\"@type\":\"ListItem\",\"position\":2,\"name\":\"Shop\",\"item\":\"https:\\\/\\\/hexchemicals.com\\\/shop\\\/\"},{\"@type\":\"ListItem\",\"position\":3,\"name\":\"500mg Ketamine Pills\"}]},{\"@type\":\"WebSite\",\"@id\":\"https:\\\/\\\/hexchemicals.com\\\/#website\",\"url\":\"https:\\\/\\\/hexchemicals.com\\\/\",\"name\":\"Hexchemicals\",\"description\":\"Buy GBL, GHB, Amphetamine and Ketamine\",\"potentialAction\":[{\"@type\":\"SearchAction\",\"target\":{\"@type\":\"EntryPoint\",\"urlTemplate\":\"https:\\\/\\\/hexchemicals.com\\\/?s={search_term_string}\"},\"query-input\":{\"@type\":\"PropertyValueSpecification\",\"valueRequired\":true,\"valueName\":\"search_term_string\"}}],\"inLanguage\":\"sv-SE\"}]}<\/script>\n<!-- \/ Yoast SEO plugin. -->","yoast_head_json":{"title":"K\u00f6p ketaminpiller online - Hexchemicals","description":"Uppt\u00e4ck lindring fr\u00e5n kronisk sm\u00e4rta, depression och PTSD med Ketamin-tabletter. K\u00f6p Ketamin 500mg piller online idag f\u00f6r transformativa behandlingsl\u00f6sningar.","robots":{"index":"index","follow":"follow","max-snippet":"max-snippet:-1","max-image-preview":"max-image-preview:large","max-video-preview":"max-video-preview:-1"},"canonical":"https:\/\/hexchemicals.com\/sv\/product\/kopa-ketaminpiller-online\/","og_locale":"sv_SE","og_type":"article","og_title":"Buy ketamine pills online - Hexchemicals","og_description":"Discover relief from chronic pain, depression, and PTSD with Ketamine pills. Buy Ketamine 500mg pills online today for transformative treatment solutions.","og_url":"https:\/\/hexchemicals.com\/sv\/product\/kopa-ketaminpiller-online\/","og_site_name":"Hexchemicals","article_modified_time":"2025-11-27T01:29:41+00:00","og_image":[{"width":1200,"height":1105,"url":"https:\/\/hexchemicals.com\/wp-content\/uploads\/2024\/12\/buy-ketamine-powder-online.jpg","type":"image\/jpeg"}],"twitter_card":"summary_large_image","twitter_misc":{"Ber\u00e4knad l\u00e4stid":"3 minuter"},"schema":{"@context":"https:\/\/schema.org","@graph":[{"@type":"WebPage","@id":"https:\/\/hexchemicals.com\/product\/buy-ketamine-pills-online\/","url":"https:\/\/hexchemicals.com\/product\/buy-ketamine-pills-online\/","name":"K\u00f6p ketaminpiller online - Hexchemicals","isPartOf":{"@id":"https:\/\/hexchemicals.com\/#website"},"primaryImageOfPage":{"@id":"https:\/\/hexchemicals.com\/product\/buy-ketamine-pills-online\/#primaryimage"},"image":{"@id":"https:\/\/hexchemicals.com\/product\/buy-ketamine-pills-online\/#primaryimage"},"thumbnailUrl":"https:\/\/hexchemicals.com\/wp-content\/uploads\/2024\/12\/buy-ketamine-powder-online.jpg","datePublished":"2024-12-09T06:07:24+00:00","dateModified":"2025-11-27T01:29:41+00:00","description":"Uppt\u00e4ck lindring fr\u00e5n kronisk sm\u00e4rta, depression och PTSD med Ketamin-tabletter. K\u00f6p Ketamin 500mg piller online idag f\u00f6r transformativa behandlingsl\u00f6sningar.","breadcrumb":{"@id":"https:\/\/hexchemicals.com\/product\/buy-ketamine-pills-online\/#breadcrumb"},"inLanguage":"sv-SE","potentialAction":[{"@type":"ReadAction","target":["https:\/\/hexchemicals.com\/product\/buy-ketamine-pills-online\/"]}]},{"@type":"ImageObject","inLanguage":"sv-SE","@id":"https:\/\/hexchemicals.com\/product\/buy-ketamine-pills-online\/#primaryimage","url":"https:\/\/hexchemicals.com\/wp-content\/uploads\/2024\/12\/buy-ketamine-powder-online.jpg","contentUrl":"https:\/\/hexchemicals.com\/wp-content\/uploads\/2024\/12\/buy-ketamine-powder-online.jpg","width":1200,"height":1105,"caption":"Buy Ketamine powder online, buy ketamine hcl crystal powder online, buy ketamine powder"},{"@type":"BreadcrumbList","@id":"https:\/\/hexchemicals.com\/product\/buy-ketamine-pills-online\/#breadcrumb","itemListElement":[{"@type":"ListItem","position":1,"name":"Home","item":"https:\/\/hexchemicals.com\/"},{"@type":"ListItem","position":2,"name":"Shop","item":"https:\/\/hexchemicals.com\/shop\/"},{"@type":"ListItem","position":3,"name":"500mg Ketamine Pills"}]},{"@type":"WebSite","@id":"https:\/\/hexchemicals.com\/#website","url":"https:\/\/hexchemicals.com\/","name":"Hexkemikalier","description":"K\u00f6p GBL, GHB, amfetamin och ketamin","potentialAction":[{"@type":"SearchAction","target":{"@type":"EntryPoint","urlTemplate":"https:\/\/hexchemicals.com\/?s={search_term_string}"},"query-input":{"@type":"PropertyValueSpecification","valueRequired":true,"valueName":"search_term_string"}}],"inLanguage":"sv-SE"}]}},"_links":{"self":[{"href":"https:\/\/hexchemicals.com\/sv\/wp-json\/wp\/v2\/product\/9543","targetHints":{"allow":["GET"]}}],"collection":[{"href":"https:\/\/hexchemicals.com\/sv\/wp-json\/wp\/v2\/product"}],"about":[{"href":"https:\/\/hexchemicals.com\/sv\/wp-json\/wp\/v2\/types\/product"}],"replies":[{"embeddable":true,"href":"https:\/\/hexchemicals.com\/sv\/wp-json\/wp\/v2\/comments?post=9543"}],"wp:featuredmedia":[{"embeddable":true,"href":"https:\/\/hexchemicals.com\/sv\/wp-json\/wp\/v2\/media\/9537"}],"wp:attachment":[{"href":"https:\/\/hexchemicals.com\/sv\/wp-json\/wp\/v2\/media?parent=9543"}],"wp:term":[{"taxonomy":"product_brand","embeddable":true,"href":"https:\/\/hexchemicals.com\/sv\/wp-json\/wp\/v2\/product_brand?post=9543"},{"taxonomy":"product_cat","embeddable":true,"href":"https:\/\/hexchemicals.com\/sv\/wp-json\/wp\/v2\/product_cat?post=9543"},{"taxonomy":"product_tag","embeddable":true,"href":"https:\/\/hexchemicals.com\/sv\/wp-json\/wp\/v2\/product_tag?post=9543"}],"curies":[{"name":"wp","href":"https:\/\/api.w.org\/{rel}","templated":true}]}}