{"id":9563,"date":"2024-12-09T10:27:25","date_gmt":"2024-12-09T10:27:25","guid":{"rendered":"https:\/\/hexchemicals.com\/?post_type=product&#038;p=9563"},"modified":"2025-11-02T04:28:30","modified_gmt":"2025-11-02T04:28:30","slug":"order-ghb","status":"publish","type":"product","link":"https:\/\/hexchemicals.com\/sv\/product\/order-ghb\/","title":{"rendered":"Gamma-hydroxibutyrat (GHB)"},"content":{"rendered":"<div id=\"ez-toc-container\" class=\"ez-toc-v2_0_82_2 counter-hierarchy ez-toc-counter ez-toc-grey ez-toc-container-direction\">\n<div class=\"ez-toc-title-container\">\n<p class=\"ez-toc-title\" style=\"cursor:inherit\">Inneh\u00e5llsf\u00f6rteckning<\/p>\n<span class=\"ez-toc-title-toggle\"><a href=\"#\" class=\"ez-toc-pull-right ez-toc-btn ez-toc-btn-xs ez-toc-btn-default ez-toc-toggle\" aria-label=\"Toggle Inneh\u00e5llsf\u00f6rteckning\"><span class=\"ez-toc-js-icon-con\"><span class=\"\"><span class=\"eztoc-hide\" style=\"display:none;\">Toggle<\/span><span class=\"ez-toc-icon-toggle-span\"><svg style=\"fill: #333333;color:#333333\" xmlns=\"http:\/\/www.w3.org\/2000\/svg\" class=\"list-377408\" width=\"20px\" height=\"20px\" viewbox=\"0 0 24 24\" fill=\"none\"><path d=\"M6 6H4v2h2V6zm14 0H8v2h12V6zM4 11h2v2H4v-2zm16 0H8v2h12v-2zM4 16h2v2H4v-2zm16 0H8v2h12v-2z\" fill=\"currentColor\"><\/path><\/svg><svg style=\"fill: #333333;color:#333333\" class=\"arrow-unsorted-368013\" xmlns=\"http:\/\/www.w3.org\/2000\/svg\" width=\"10px\" height=\"10px\" viewbox=\"0 0 24 24\" version=\"1.2\" baseprofile=\"tiny\"><path d=\"M18.2 9.3l-6.2-6.3-6.2 6.3c-.2.2-.3.4-.3.7s.1.5.3.7c.2.2.4.3.7.3h11c.3 0 .5-.1.7-.3.2-.2.3-.5.3-.7s-.1-.5-.3-.7zM5.8 14.7l6.2 6.3 6.2-6.3c.2-.2.3-.5.3-.7s-.1-.5-.3-.7c-.2-.2-.4-.3-.7-.3h-11c-.3 0-.5.1-.7.3-.2.2-.3.5-.3.7s.1.5.3.7z\"\/><\/svg><\/span><\/span><\/span><\/a><\/span><\/div>\n<nav><ul class='ez-toc-list ez-toc-list-level-1' ><li class='ez-toc-page-1 ez-toc-heading-level-3'><a class=\"ez-toc-link ez-toc-heading-1\" href=\"https:\/\/hexchemicals.com\/sv\/product\/order-ghb\/#The_Ultimate_Solution_for_Relaxation_and_Social_Ease_%E2%80%93_Order_GHB\" >Den ultimata l\u00f6sningen f\u00f6r avslappning och social l\u00e4tthet - Best\u00e4ll GHB<\/a><\/li><li class='ez-toc-page-1 ez-toc-heading-level-3'><a class=\"ez-toc-link ez-toc-heading-2\" href=\"https:\/\/hexchemicals.com\/sv\/product\/order-ghb\/#The_Problem_Stress_Social_Anxiety_and_Disconnection\" >Problemet: Stress, social \u00e5ngest och fr\u00e5nkoppling<\/a><\/li><li class='ez-toc-page-1 ez-toc-heading-level-3'><a class=\"ez-toc-link ez-toc-heading-3\" href=\"https:\/\/hexchemicals.com\/sv\/product\/order-ghb\/#What_is_GHB_and_Why_Choose_It\" >Vad \u00e4r GHB och varf\u00f6r v\u00e4lja det?<\/a><\/li><li class='ez-toc-page-1 ez-toc-heading-level-3'><a class=\"ez-toc-link ez-toc-heading-4\" href=\"https:\/\/hexchemicals.com\/sv\/product\/order-ghb\/#Why_Choose_Our_GHB\" >Varf\u00f6r v\u00e4lja v\u00e5r GHB?<\/a><\/li><li class='ez-toc-page-1 ez-toc-heading-level-3'><a class=\"ez-toc-link ez-toc-heading-5\" href=\"https:\/\/hexchemicals.com\/sv\/product\/order-ghb\/#How_Does_GHB_Work\" >Hur fungerar GHB?<\/a><\/li><li class='ez-toc-page-1 ez-toc-heading-level-3'><a class=\"ez-toc-link ez-toc-heading-6\" href=\"https:\/\/hexchemicals.com\/sv\/product\/order-ghb\/#Customer_Testimonials_Social_Proof_You_Can_Trust\" >Vittnesm\u00e5l fr\u00e5n kunder: Sociala bevis du kan lita p\u00e5<\/a><\/li><li class='ez-toc-page-1 ez-toc-heading-level-3'><a class=\"ez-toc-link ez-toc-heading-7\" href=\"https:\/\/hexchemicals.com\/sv\/product\/order-ghb\/#Safe_Usage_Our_Commitment_to_Responsible_Enjoyment\" >S\u00e4ker anv\u00e4ndning: V\u00e5rt \u00e5tagande f\u00f6r ansvarsfull njutning<\/a><\/li><li class='ez-toc-page-1 ez-toc-heading-level-3'><a class=\"ez-toc-link ez-toc-heading-8\" href=\"https:\/\/hexchemicals.com\/sv\/product\/order-ghb\/#How_to_Order_GHB_Online_%E2%80%93_Simple_and_Secure\" >Hur man best\u00e4ller GHB online - enkelt och s\u00e4kert<\/a><\/li><li class='ez-toc-page-1 ez-toc-heading-level-3'><a class=\"ez-toc-link ez-toc-heading-9\" href=\"https:\/\/hexchemicals.com\/sv\/product\/order-ghb\/#Why_Wait_Experience_the_Benefits_Today\" >Varf\u00f6r v\u00e4nta? Upplev f\u00f6rdelarna redan idag!<\/a><\/li><li class='ez-toc-page-1 ez-toc-heading-level-3'><a class=\"ez-toc-link ez-toc-heading-10\" href=\"https:\/\/hexchemicals.com\/sv\/product\/order-ghb\/#Ready_to_Relax_Order_GHB_Now\" >Redo att slappna av? Best\u00e4ll GHB nu!<\/a><\/li><\/ul><\/nav><\/div>\n<h3><span class=\"ez-toc-section\" id=\"The_Ultimate_Solution_for_Relaxation_and_Social_Ease_%E2%80%93_Order_GHB\"><\/span><strong>Den ultimata l\u00f6sningen f\u00f6r avslappning och social l\u00e4tthet - Best\u00e4ll GHB<\/strong><span class=\"ez-toc-section-end\"><\/span><\/h3>\n<p>Livet kan vara hektiskt, stressigt och \u00f6verv\u00e4ldigande. Oavsett om du vill varva ner efter en l\u00e5ng dag eller s\u00f6ker det perfekta tillskottet till din sociala rutin, \u00e4r det viktigt att hitta r\u00e4tt balans. F\u00f6r dem som v\u00e4rdes\u00e4tter avkoppling, kontakt och f\u00f6rh\u00f6jda upplevelser erbjuder GHB (gamma-hydroxibutyrat) en p\u00e5litlig v\u00e4g.<\/p>\n<h3><span class=\"ez-toc-section\" id=\"The_Problem_Stress_Social_Anxiety_and_Disconnection\"><\/span><strong>Problemet: Stress, social \u00e5ngest och fr\u00e5nkoppling<\/strong><span class=\"ez-toc-section-end\"><\/span><\/h3>\n<p>Det moderna livet inneb\u00e4r m\u00e5nga utmaningar - stressiga arbetsdagar, sv\u00e5righeter att sl\u00e4ppa loss eller att helt enkelt k\u00e4nna sig fr\u00e5nkopplad i sociala situationer. Du kanske undrar:<\/p>\n<ul>\n<li><em>\"Hur kan jag slappna av utan att \u00e4ventyra min s\u00e4kerhet?\"<\/em><\/li>\n<li><em>\"Finns det ett s\u00e4tt att f\u00f6rb\u00e4ttra sociala interaktioner p\u00e5 ett naturligt s\u00e4tt?\"<\/em><\/li>\n<li><em>\"Var kan jag hitta GHB av h\u00f6g kvalitet till salu med diskret leverans?\"<\/em><\/li>\n<\/ul>\n<p>GHB \u00e4r en v\u00e4lk\u00e4nd l\u00f6sning f\u00f6r personer som s\u00f6ker ett kontrollerat och njutbart s\u00e4tt att varva ner eller f\u00f6rb\u00e4ttra sociala upplevelser.<\/p>\n<h3><span class=\"ez-toc-section\" id=\"What_is_GHB_and_Why_Choose_It\"><\/span><strong>Vad \u00e4r GHB och varf\u00f6r v\u00e4lja det?<\/strong><span class=\"ez-toc-section-end\"><\/span><\/h3>\n<p>GHB (gamma-hydroxibutyrat) \u00e4r ett \u00e4mne som f\u00f6rekommer naturligt i m\u00e4nniskokroppen och som \u00e4r k\u00e4nt f\u00f6r sina lugnande effekter p\u00e5 det centrala nervsystemet. N\u00e4r det anv\u00e4nds p\u00e5 ett ansvarsfullt s\u00e4tt kan det:<\/p>\n<ul>\n<li><strong>Fr\u00e4mja avslappning<\/strong>: Sm\u00e4lt bort stress och sp\u00e4nningar efter en hektisk dag.<\/li>\n<li><strong>F\u00f6rb\u00e4ttra sociala interaktioner<\/strong>: K\u00e4nn dig mer bekv\u00e4m i gruppsammanhang eller under intima stunder.<\/li>\n<li><strong>St\u00f6djer djup s\u00f6mn<\/strong>: Vakna upp och k\u00e4nna dig utvilad och laddad.<\/li>\n<\/ul>\n<p>Med r\u00e4tt k\u00e4lla kan GHB h\u00f6ja din livsstil p\u00e5 ett s\u00e4kert och effektivt s\u00e4tt.<\/p>\n<h3><span class=\"ez-toc-section\" id=\"Why_Choose_Our_GHB\"><\/span><strong>Varf\u00f6r v\u00e4lja v\u00e5r GHB?<\/strong><span class=\"ez-toc-section-end\"><\/span><\/h3>\n<p>Vi f\u00f6rst\u00e5r att kvalitet och f\u00f6rtroende \u00e4r dina h\u00f6gsta prioriteringar n\u00e4r du k\u00f6per produkter som GHB. Det \u00e4r d\u00e4rf\u00f6r v\u00e5ra KO Drops sticker ut:<\/p>\n<ul>\n<li><strong>Renhet av farmaceutisk klass<\/strong>: Varje parti testas noggrant f\u00f6r s\u00e4kerhet och styrka.<\/li>\n<li><strong>Diskret paketering och leverans<\/strong>: Din integritet \u00e4r v\u00e5r prioritet, vilket s\u00e4kerst\u00e4ller en s\u00f6ml\u00f6s och konfidentiell k\u00f6pupplevelse.<\/li>\n<li><strong>Konkurrenskraftig priss\u00e4ttning<\/strong>: Premiumkvalitet beh\u00f6ver inte kosta skjortan.<\/li>\n<li><strong>Snabb leverans<\/strong>: F\u00e5 din best\u00e4llning levererad snabbt, oavsett var du befinner dig.<\/li>\n<\/ul>\n<h3><span class=\"ez-toc-section\" id=\"How_Does_GHB_Work\"><\/span><strong>Hur fungerar GHB?<\/strong><span class=\"ez-toc-section-end\"><\/span><\/h3>\n<p>GHB interagerar med specifika receptorer i hj\u00e4rnan, vilket skapar en k\u00e4nsla av lugn och eufori samtidigt som det fr\u00e4mjar naturliga k\u00e4nslor av v\u00e4lbefinnande. Denna unika mekanism g\u00f6r det till ett idealiskt val f\u00f6r:<\/p>\n<ul>\n<li>Varva ner efter en stressig dag.<\/li>\n<li>F\u00f6rb\u00e4ttra kontakterna vid sociala sammankomster.<\/li>\n<li>\u00d6kar intimiteten och sj\u00e4lvf\u00f6rtroendet.<\/li>\n<\/ul>\n<h3><span class=\"ez-toc-section\" id=\"Customer_Testimonials_Social_Proof_You_Can_Trust\"><\/span><strong>Vittnesm\u00e5l fr\u00e5n kunder: Sociala bevis du kan lita p\u00e5<\/strong><span class=\"ez-toc-section-end\"><\/span><\/h3>\n<p><strong>Sophia R.<\/strong> - <em>\"Jag var skeptisk f\u00f6rst, men att best\u00e4lla GHB via den h\u00e4r webbplatsen var det b\u00e4sta beslutet. Allt anl\u00e4nde diskret och kvaliteten \u00f6vertr\u00e4ffade mina f\u00f6rv\u00e4ntningar!\"<\/em><\/p>\n<p><strong>Mark D.<\/strong> - <em>\"Perfekt f\u00f6r att koppla av efter en l\u00e5ng vecka. Dessa KO Drops \u00e4r nu en stapelvara f\u00f6r mina helger!\"<\/em><\/p>\n<p><strong>Anna K.<\/strong> - <em>\"Snabb leverans, utm\u00e4rkt kvalitet och inget kr\u00e5ngel. Rekommenderar starkt!\"<\/em><\/p>\n<h3><span class=\"ez-toc-section\" id=\"Safe_Usage_Our_Commitment_to_Responsible_Enjoyment\"><\/span><strong>S\u00e4ker anv\u00e4ndning: V\u00e5rt \u00e5tagande f\u00f6r ansvarsfull njutning<\/strong><span class=\"ez-toc-section-end\"><\/span><\/h3>\n<p>Din s\u00e4kerhet \u00e4r v\u00e5r prioritet. F\u00f6lj dessa enkla riktlinjer f\u00f6r att s\u00e4kerst\u00e4lla en positiv upplevelse:<\/p>\n<ul>\n<li>Anv\u00e4nd alltid GHB p\u00e5 ett ansvarsfullt s\u00e4tt och med m\u00e5tta.<\/li>\n<li>Undvik att blanda med alkohol eller andra substanser.<\/li>\n<li>F\u00f6rvara p\u00e5 en sval och s\u00e4ker plats utom r\u00e4ckh\u00e5ll f\u00f6r barn.<\/li>\n<\/ul>\n<p>Genom att f\u00f6lja dessa b\u00e4sta metoder kan du njuta av alla f\u00f6rdelar utan att beh\u00f6va oroa dig.<\/p>\n<h3><span class=\"ez-toc-section\" id=\"How_to_Order_GHB_Online_%E2%80%93_Simple_and_Secure\"><\/span><strong>Hur man best\u00e4ller GHB online - enkelt och s\u00e4kert<\/strong><span class=\"ez-toc-section-end\"><\/span><\/h3>\n<p>Att best\u00e4lla din GHB har aldrig varit enklare. F\u00f6lj dessa steg f\u00f6r att komma ig\u00e5ng:<\/p>\n<ol>\n<li><strong>Bl\u00e4ddra igenom v\u00e5rt urval<\/strong>: Utforska premium KO Drops skr\u00e4ddarsydda efter dina behov.<\/li>\n<li><strong>L\u00e4gg till i varukorgen<\/strong>: Med bara ett klick \u00e4r din valda produkt redo f\u00f6r utcheckning.<\/li>\n<li><strong>Diskret leverans<\/strong>: Njut av snabb, s\u00e4ker frakt till din tr\u00f6skel.<\/li>\n<\/ol>\n<p>V\u00e5rt kundtj\u00e4nstteam finns alltid h\u00e4r f\u00f6r att hj\u00e4lpa till om du har n\u00e5gra fr\u00e5gor eller funderingar.<\/p>\n<h3><span class=\"ez-toc-section\" id=\"Why_Wait_Experience_the_Benefits_Today\"><\/span><strong>Varf\u00f6r v\u00e4nta? Upplev f\u00f6rdelarna redan idag!<\/strong><span class=\"ez-toc-section-end\"><\/span><\/h3>\n<p>L\u00e5t inte stress eller social \u00e5ngest h\u00e5lla dig tillbaka. Med v\u00e5r h\u00f6gkvalitativa GHB kan du:<\/p>\n<ul>\n<li>F\u00f6r\u00e4ndra din avslappningsrutin.<\/li>\n<li>K\u00e4nn dig trygg i alla sociala sammanhang.<\/li>\n<li>F\u00f6rb\u00e4ttra din livsstil med en p\u00e5litlig l\u00f6sning.<\/li>\n<\/ul>\n<h3><span class=\"ez-toc-section\" id=\"Ready_to_Relax_Order_GHB_Now\"><\/span><strong>Redo att slappna av? Best\u00e4ll GHB nu!<\/strong><span class=\"ez-toc-section-end\"><\/span><\/h3>\n<p>Klicka nedan f\u00f6r att p\u00e5b\u00f6rja din resa mot avkoppling och njutning. Med v\u00e5r s\u00e4kra och diskreta service finns det ingen b\u00e4ttre tid att uppleva de transformativa f\u00f6rdelarna med GHB.<\/p>\n<p><strong>Best\u00e4ll GHB nu<\/strong> och \u00e5teruppt\u00e4ck konsten att slappna av!<\/p>","protected":false},"excerpt":{"rendered":"<p>Den ultimata l\u00f6sningen f\u00f6r avkoppling och social l\u00e4tthet - Best\u00e4ll GHB Livet kan vara hektiskt, stressigt och \u00f6verv\u00e4ldigande. Oavsett om du \u00e4r<\/p>","protected":false},"featured_media":9565,"comment_status":"open","ping_status":"closed","template":"","meta":[],"product_brand":[],"product_cat":[70],"product_tag":[],"class_list":{"0":"post-9563","1":"product","2":"type-product","3":"status-publish","4":"has-post-thumbnail","6":"product_cat-ko-drops","8":"first","9":"instock","10":"shipping-taxable","11":"purchasable","12":"product-type-variable"},"yoast_head":"<!-- This site is optimized with the Yoast SEO plugin v27.3 - https:\/\/yoast.com\/product\/yoast-seo-wordpress\/ -->\n<title>Order GHB Online - Your Premium KO Drops<\/title>\n<meta name=\"description\" content=\"Order GHB online from trusted suppliers. Discover premium-quality KO Drops for a safe, relaxing, and enjoyable experience. Discreet shipping available!\" \/>\n<meta name=\"robots\" content=\"index, follow, max-snippet:-1, max-image-preview:large, max-video-preview:-1\" \/>\n<link rel=\"canonical\" href=\"https:\/\/hexchemicals.com\/sv\/product\/order-ghb\/\" \/>\n<meta property=\"og:locale\" content=\"sv_SE\" \/>\n<meta property=\"og:type\" content=\"article\" \/>\n<meta property=\"og:title\" content=\"Order GHB Online - Your Premium KO Drops\" \/>\n<meta property=\"og:description\" content=\"Order GHB online from trusted suppliers. Discover premium-quality KO Drops for a safe, relaxing, and enjoyable experience. Discreet shipping available!\" \/>\n<meta property=\"og:url\" content=\"https:\/\/hexchemicals.com\/sv\/product\/order-ghb\/\" \/>\n<meta property=\"og:site_name\" content=\"Hexchemicals\" \/>\n<meta property=\"article:modified_time\" content=\"2025-11-02T04:28:30+00:00\" \/>\n<meta property=\"og:image\" content=\"https:\/\/hexchemicals.com\/wp-content\/uploads\/2024\/12\/Order-GHB.jpg\" \/>\n\t<meta property=\"og:image:width\" content=\"1200\" \/>\n\t<meta property=\"og:image:height\" content=\"1105\" \/>\n\t<meta property=\"og:image:type\" content=\"image\/jpeg\" \/>\n<meta name=\"twitter:card\" content=\"summary_large_image\" \/>\n<meta name=\"twitter:label1\" content=\"Ber\u00e4knad l\u00e4stid\" \/>\n\t<meta name=\"twitter:data1\" content=\"3 minuter\" \/>\n<script type=\"application\/ld+json\" class=\"yoast-schema-graph\">{\"@context\":\"https:\\\/\\\/schema.org\",\"@graph\":[{\"@type\":\"WebPage\",\"@id\":\"https:\\\/\\\/hexchemicals.com\\\/product\\\/order-ghb\\\/\",\"url\":\"https:\\\/\\\/hexchemicals.com\\\/product\\\/order-ghb\\\/\",\"name\":\"Order GHB Online - Your Premium KO Drops\",\"isPartOf\":{\"@id\":\"https:\\\/\\\/hexchemicals.com\\\/#website\"},\"primaryImageOfPage\":{\"@id\":\"https:\\\/\\\/hexchemicals.com\\\/product\\\/order-ghb\\\/#primaryimage\"},\"image\":{\"@id\":\"https:\\\/\\\/hexchemicals.com\\\/product\\\/order-ghb\\\/#primaryimage\"},\"thumbnailUrl\":\"https:\\\/\\\/hexchemicals.com\\\/wp-content\\\/uploads\\\/2024\\\/12\\\/Order-GHB.jpg\",\"datePublished\":\"2024-12-09T10:27:25+00:00\",\"dateModified\":\"2025-11-02T04:28:30+00:00\",\"description\":\"Order GHB online from trusted suppliers. Discover premium-quality KO Drops for a safe, relaxing, and enjoyable experience. Discreet shipping available!\",\"breadcrumb\":{\"@id\":\"https:\\\/\\\/hexchemicals.com\\\/product\\\/order-ghb\\\/#breadcrumb\"},\"inLanguage\":\"sv-SE\",\"potentialAction\":[{\"@type\":\"ReadAction\",\"target\":[\"https:\\\/\\\/hexchemicals.com\\\/product\\\/order-ghb\\\/\"]}]},{\"@type\":\"ImageObject\",\"inLanguage\":\"sv-SE\",\"@id\":\"https:\\\/\\\/hexchemicals.com\\\/product\\\/order-ghb\\\/#primaryimage\",\"url\":\"https:\\\/\\\/hexchemicals.com\\\/wp-content\\\/uploads\\\/2024\\\/12\\\/Order-GHB.jpg\",\"contentUrl\":\"https:\\\/\\\/hexchemicals.com\\\/wp-content\\\/uploads\\\/2024\\\/12\\\/Order-GHB.jpg\",\"width\":1200,\"height\":1105,\"caption\":\"Order GHB, Buy GHB online\"},{\"@type\":\"BreadcrumbList\",\"@id\":\"https:\\\/\\\/hexchemicals.com\\\/product\\\/order-ghb\\\/#breadcrumb\",\"itemListElement\":[{\"@type\":\"ListItem\",\"position\":1,\"name\":\"Home\",\"item\":\"https:\\\/\\\/hexchemicals.com\\\/\"},{\"@type\":\"ListItem\",\"position\":2,\"name\":\"Shop\",\"item\":\"https:\\\/\\\/hexchemicals.com\\\/shop\\\/\"},{\"@type\":\"ListItem\",\"position\":3,\"name\":\"Gamma-Hydroxybutyrate (GHB)\"}]},{\"@type\":\"WebSite\",\"@id\":\"https:\\\/\\\/hexchemicals.com\\\/#website\",\"url\":\"https:\\\/\\\/hexchemicals.com\\\/\",\"name\":\"Hexchemicals\",\"description\":\"Buy GBL, GHB, Amphetamine and Ketamine\",\"potentialAction\":[{\"@type\":\"SearchAction\",\"target\":{\"@type\":\"EntryPoint\",\"urlTemplate\":\"https:\\\/\\\/hexchemicals.com\\\/?s={search_term_string}\"},\"query-input\":{\"@type\":\"PropertyValueSpecification\",\"valueRequired\":true,\"valueName\":\"search_term_string\"}}],\"inLanguage\":\"sv-SE\"}]}<\/script>\n<!-- \/ Yoast SEO plugin. -->","yoast_head_json":{"title":"Best\u00e4ll GHB online - dina premium KO-droppar","description":"Best\u00e4ll GHB online fr\u00e5n p\u00e5litliga leverant\u00f6rer. Uppt\u00e4ck KO Drops av h\u00f6gsta kvalitet f\u00f6r en s\u00e4ker, avkopplande och trevlig upplevelse. Diskret frakt tillg\u00e4nglig!","robots":{"index":"index","follow":"follow","max-snippet":"max-snippet:-1","max-image-preview":"max-image-preview:large","max-video-preview":"max-video-preview:-1"},"canonical":"https:\/\/hexchemicals.com\/sv\/product\/order-ghb\/","og_locale":"sv_SE","og_type":"article","og_title":"Order GHB Online - Your Premium KO Drops","og_description":"Order GHB online from trusted suppliers. Discover premium-quality KO Drops for a safe, relaxing, and enjoyable experience. Discreet shipping available!","og_url":"https:\/\/hexchemicals.com\/sv\/product\/order-ghb\/","og_site_name":"Hexchemicals","article_modified_time":"2025-11-02T04:28:30+00:00","og_image":[{"width":1200,"height":1105,"url":"https:\/\/hexchemicals.com\/wp-content\/uploads\/2024\/12\/Order-GHB.jpg","type":"image\/jpeg"}],"twitter_card":"summary_large_image","twitter_misc":{"Ber\u00e4knad l\u00e4stid":"3 minuter"},"schema":{"@context":"https:\/\/schema.org","@graph":[{"@type":"WebPage","@id":"https:\/\/hexchemicals.com\/product\/order-ghb\/","url":"https:\/\/hexchemicals.com\/product\/order-ghb\/","name":"Best\u00e4ll GHB online - dina premium KO-droppar","isPartOf":{"@id":"https:\/\/hexchemicals.com\/#website"},"primaryImageOfPage":{"@id":"https:\/\/hexchemicals.com\/product\/order-ghb\/#primaryimage"},"image":{"@id":"https:\/\/hexchemicals.com\/product\/order-ghb\/#primaryimage"},"thumbnailUrl":"https:\/\/hexchemicals.com\/wp-content\/uploads\/2024\/12\/Order-GHB.jpg","datePublished":"2024-12-09T10:27:25+00:00","dateModified":"2025-11-02T04:28:30+00:00","description":"Best\u00e4ll GHB online fr\u00e5n p\u00e5litliga leverant\u00f6rer. Uppt\u00e4ck KO Drops av h\u00f6gsta kvalitet f\u00f6r en s\u00e4ker, avkopplande och trevlig upplevelse. Diskret frakt tillg\u00e4nglig!","breadcrumb":{"@id":"https:\/\/hexchemicals.com\/product\/order-ghb\/#breadcrumb"},"inLanguage":"sv-SE","potentialAction":[{"@type":"ReadAction","target":["https:\/\/hexchemicals.com\/product\/order-ghb\/"]}]},{"@type":"ImageObject","inLanguage":"sv-SE","@id":"https:\/\/hexchemicals.com\/product\/order-ghb\/#primaryimage","url":"https:\/\/hexchemicals.com\/wp-content\/uploads\/2024\/12\/Order-GHB.jpg","contentUrl":"https:\/\/hexchemicals.com\/wp-content\/uploads\/2024\/12\/Order-GHB.jpg","width":1200,"height":1105,"caption":"Order GHB, Buy GHB online"},{"@type":"BreadcrumbList","@id":"https:\/\/hexchemicals.com\/product\/order-ghb\/#breadcrumb","itemListElement":[{"@type":"ListItem","position":1,"name":"Home","item":"https:\/\/hexchemicals.com\/"},{"@type":"ListItem","position":2,"name":"Shop","item":"https:\/\/hexchemicals.com\/shop\/"},{"@type":"ListItem","position":3,"name":"Gamma-Hydroxybutyrate (GHB)"}]},{"@type":"WebSite","@id":"https:\/\/hexchemicals.com\/#website","url":"https:\/\/hexchemicals.com\/","name":"Hexkemikalier","description":"K\u00f6p GBL, GHB, amfetamin och ketamin","potentialAction":[{"@type":"SearchAction","target":{"@type":"EntryPoint","urlTemplate":"https:\/\/hexchemicals.com\/?s={search_term_string}"},"query-input":{"@type":"PropertyValueSpecification","valueRequired":true,"valueName":"search_term_string"}}],"inLanguage":"sv-SE"}]}},"_links":{"self":[{"href":"https:\/\/hexchemicals.com\/sv\/wp-json\/wp\/v2\/product\/9563","targetHints":{"allow":["GET"]}}],"collection":[{"href":"https:\/\/hexchemicals.com\/sv\/wp-json\/wp\/v2\/product"}],"about":[{"href":"https:\/\/hexchemicals.com\/sv\/wp-json\/wp\/v2\/types\/product"}],"replies":[{"embeddable":true,"href":"https:\/\/hexchemicals.com\/sv\/wp-json\/wp\/v2\/comments?post=9563"}],"wp:featuredmedia":[{"embeddable":true,"href":"https:\/\/hexchemicals.com\/sv\/wp-json\/wp\/v2\/media\/9565"}],"wp:attachment":[{"href":"https:\/\/hexchemicals.com\/sv\/wp-json\/wp\/v2\/media?parent=9563"}],"wp:term":[{"taxonomy":"product_brand","embeddable":true,"href":"https:\/\/hexchemicals.com\/sv\/wp-json\/wp\/v2\/product_brand?post=9563"},{"taxonomy":"product_cat","embeddable":true,"href":"https:\/\/hexchemicals.com\/sv\/wp-json\/wp\/v2\/product_cat?post=9563"},{"taxonomy":"product_tag","embeddable":true,"href":"https:\/\/hexchemicals.com\/sv\/wp-json\/wp\/v2\/product_tag?post=9563"}],"curies":[{"name":"wp","href":"https:\/\/api.w.org\/{rel}","templated":true}]}}